{"id":237,"date":"2017-06-23T14:30:57","date_gmt":"2017-06-23T12:30:57","guid":{"rendered":"http:\/\/www.hubert-haas.de\/?page_id=237"},"modified":"2022-03-16T09:10:59","modified_gmt":"2022-03-16T08:10:59","slug":"betaeubungsgeraete","status":"publish","type":"page","link":"https:\/\/www.hubert-haas.de\/it\/produkte\/betaeubungsgeraete\/","title":{"rendered":"Apparecchi di stordimento"},"content":{"rendered":"<p>[fullwidth_text alt_background=&#8221;none&#8221; width=&#8221;1\/2&#8243; el_position=&#8221;first&#8221;]\n<p><img loading=\"lazy\" class=\"alignleft wp-image-1212 \" src=\"\/wp-content\/uploads\/2018\/01\/TBG-200.jpg\" alt=\"\" width=\"319\" height=\"339\" srcset=\"https:\/\/www.hubert-haas.de\/wp-content\/uploads\/2018\/01\/TBG-200.jpg 470w, https:\/\/www.hubert-haas.de\/wp-content\/uploads\/2018\/01\/TBG-200-283x300.jpg 283w\" sizes=\"(max-width: 319px) 100vw, 319px\" \/><\/p>\n[\/fullwidth_text] [fullwidth_text alt_background=&#8221;none&#8221; width=&#8221;1\/2&#8243; el_position=&#8221;last&#8221;]\n<h2>Apparecchio di stordimento TBG 200<\/h2>\n<p>L&#8217;apparecchio di stordimento TBG 200 rispetta le norme sulla prevenzione della crudelt\u00e0 sugli animali e soddisfa il Regolamento CE n. 1099\/2009 del 24\/09\/2009, il regolamento nazionale che attua il Regolamento sulla prevenzione della crudelt\u00e0 sugli animali all&#8217;atto della macellazione del 01\/01\/2013 e le attuali norme VDE. Il TBG 200 \u00e8 sinonimo di qualit\u00e0 &#8220;Made in Germany&#8221; e si caratterizza per l&#8217;impiego facile e sicuro. I componenti di qualit\u00e0 e la tecnica innovativa assicurano una lunga durata e un&#8217;elevata qualit\u00e0 della carne. L\u2019apparecchio pu\u00f2 essere utilizzato anche per l\u2019abbattimento di emergenza in caso di epidemia<\/p>\n<h3>Stordimento nel rispetto della prevenzione della crudelt\u00e0 sugli animali<\/h3>\n<ul>\n<li>Rapido aumento della corrente fino a 2,0 A nel 1\u00ba secondo<\/li>\n<li>Segnale ottico e acustico di mancato raggiungimento del tempo di stordimento minimo<\/li>\n<li>Segnale ottico e acustico di raggiungimento del tempo di stordimento minimo<\/li>\n<li>Segnale ottico e acustico di mancato raggiungimento dell&#8217;intensit\u00e0 minima della corrente di 1,3 A (per i maiali) o 1,0 A ( per le pecore) entro il 1\u00ba secondo o durante il tempo di stordimento<br \/>\nIndicatori di tensione e intensit\u00e0 di corrente integrati (volt\/ampere)<\/li>\n<li>Indicazione del numero di capi<\/li>\n<li>Possibilit\u00e0 di stordimento combinato cervello-cuore<\/li>\n<li>3 programmi di stordimento per diverse specie animali\/dimensioni di animali e modalit\u00e0 di funzionamento<\/li>\n<\/ul>\n<p style=\"text-align: right;\"><a class=\"sf-button standard accent standard \" href=\"\/it\/produkte\/betaeubungsgeraete\/betaeubungsgeraet-tbg-200\/\" target=\"_self\"><span class=\"text\"><span id=\"result_box\" class=\"short_text\" lang=\"it\">maggiori informazioni<\/span><\/span><\/a>\n[\/fullwidth_text] [divider type=&#8221;thin&#8221; text=&#8221;Go to top&#8221; full_width=&#8221;no&#8221; width=&#8221;1\/1&#8243; el_position=&#8221;first last&#8221;] [fullwidth_text alt_background=&#8221;none&#8221; width=&#8221;1\/2&#8243; el_position=&#8221;first&#8221;]\n<p><img loading=\"lazy\" class=\"alignleft wp-image-1251 \" src=\"\/wp-content\/uploads\/2018\/01\/TBG-100.jpg\" alt=\"\" width=\"345\" height=\"366\" srcset=\"https:\/\/www.hubert-haas.de\/wp-content\/uploads\/2018\/01\/TBG-100.jpg 470w, https:\/\/www.hubert-haas.de\/wp-content\/uploads\/2018\/01\/TBG-100-283x300.jpg 283w\" sizes=\"(max-width: 345px) 100vw, 345px\" \/><\/p>\n[\/fullwidth_text] [fullwidth_text alt_background=&#8221;none&#8221; width=&#8221;1\/2&#8243; el_position=&#8221;last&#8221;]\n<h2>Apparecchio di stordimento TBG 100<\/h2>\n<p>L&#8217;alternativa al TBG 200 quando non sono richieste la documentazione o l&#8217;analisi.<\/p>\n<h3>Stordimento nel rispetto della prevenzione della crudelt\u00e0 sugli animali<\/h3>\n<ul>\n<li>Rapido aumento della corrente fino a 2,0 A nel 1\u00ba secondo<\/li>\n<li>Segnale ottico e acustico di mancato raggiungimento del tempo di stordimento minimo<\/li>\n<li>Segnale ottico e acustico di raggiungimento del tempo di stordimento minimo<\/li>\n<li>Segnale ottico e acustico di mancato raggiungimento dell&#8217;intensit\u00e0 minima della corrente di 1,3 A (per i maiali) o 1,0 A ( per le pecore ) entro il 1\u00ba secondo o durante il tempo di stordimento<\/li>\n<li>Indicatori di tensione e intensit\u00e0 di corrente integrati (volt\/ampere)<\/li>\n<li>Possibilit\u00e0 di stordimento combinato cervello-cuore<\/li>\n<li>3 programmi di stordimento per diverse specie animali\/dimensioni di animali e modalit\u00e0 di funzionamento<\/li>\n<\/ul>\n<p style=\"text-align: right;\"><a class=\"sf-button standard accent standard \" href=\"\/it\/produkte\/betaeubungsgeraete\/betaeubungsgeraet-tbg-100\/\" target=\"_self\"><span class=\"text\"><span id=\"result_box\" class=\"short_text\" lang=\"it\">maggiori informazioni<\/span><\/span><\/a>\n[\/fullwidth_text] [divider type=&#8221;thin&#8221; text=&#8221;Go to top&#8221; full_width=&#8221;no&#8221; width=&#8221;1\/1&#8243; el_position=&#8221;first last&#8221;] [fullwidth_text alt_background=&#8221;none&#8221; width=&#8221;1\/2&#8243; el_position=&#8221;first&#8221;]\n<p><img loading=\"lazy\" class=\"alignleft wp-image-1220 \" src=\"\/wp-content\/uploads\/2018\/01\/TBG-96N.jpg\" alt=\"\" width=\"351\" height=\"373\" srcset=\"https:\/\/www.hubert-haas.de\/wp-content\/uploads\/2018\/01\/TBG-96N.jpg 470w, https:\/\/www.hubert-haas.de\/wp-content\/uploads\/2018\/01\/TBG-96N-283x300.jpg 283w\" sizes=\"(max-width: 351px) 100vw, 351px\" \/><\/p>\n[\/fullwidth_text] [fullwidth_text alt_background=&#8221;none&#8221; width=&#8221;1\/2&#8243; el_position=&#8221;last&#8221;]\n<h2>Apparecchio di stordimento TBG 96<\/h2>\n<ul>\n<li>Rapido aumento della corrente nel 1\u00ba secondo<\/li>\n<li>Potente trasformatore<\/li>\n<li>Segnale ottico e acustico di raggiungimento del tempo di stordimento minimo<\/li>\n<li>Spia di controllo del mancato raggiungimento dell\u2019intensit\u00e0 minima della corrente di 1,3 A<\/li>\n<li>Indicatori di tensione e intensit\u00e0 di corrente integrati (volt\/ampere)<\/li>\n<li>Pinza di stordimento in acciaio inox con cavo a spirale, impugnature speciali ed<br \/>\nelettrodi di rame con spina centrale per un contatto sicuro<\/li>\n<li>Supporto a parete in acciaio inox per trasformatore e pinza<\/li>\n<\/ul>\n<p style=\"text-align: right;\"><a class=\"sf-button standard accent standard \" href=\"\/it\/produkte\/betaeubungsgeraete\/betaeubungsgeraet-tbg-96\/\" target=\"_self\"><span class=\"text\"><span id=\"result_box\" class=\"short_text\" lang=\"it\">maggiori informazioni<\/span><\/span><\/a>\n[\/fullwidth_text] [divider type=&#8221;thin&#8221; text=&#8221;Go to top&#8221; full_width=&#8221;no&#8221; width=&#8221;1\/1&#8243; el_position=&#8221;first last&#8221;] [fullwidth_text alt_background=&#8221;none&#8221; width=&#8221;1\/2&#8243; el_position=&#8221;first&#8221;]\n<p><img loading=\"lazy\" class=\"alignleft wp-image-1220 \" src=\"\/wp-content\/uploads\/2018\/01\/TBG-96N.jpg\" alt=\"\" width=\"351\" height=\"373\" srcset=\"https:\/\/www.hubert-haas.de\/wp-content\/uploads\/2018\/01\/TBG-96N.jpg 470w, https:\/\/www.hubert-haas.de\/wp-content\/uploads\/2018\/01\/TBG-96N-283x300.jpg 283w\" sizes=\"(max-width: 351px) 100vw, 351px\" \/><\/p>\n[\/fullwidth_text] [fullwidth_text alt_background=&#8221;none&#8221; width=&#8221;1\/2&#8243; el_position=&#8221;last&#8221;]\n<h2>Apparecchio di stordimento TBG 96<\/h2>\n<p>Apparecchio di stordimento TBG 96\/N per abbattimento di emergenza<\/p>\n<p>Nelle aziende agricole, l\u2019abbattimento di emergenza di maiali da parte di allevatori pu\u00f2 avvenire ogni volta che sia evidente che non esistono altre possibilit\u00e0 di alleviare forti dolori o sofferenze degli animali causati da lesione o malattia.<\/p>\n<p>Per tale motivo abbiamo concepito la TBG 96N attenendoci alle vigenti prescrizioni VDE e foglio di istruzioni n. 84 \u201cAbbattimento di gruppi numerosi di animali in caso di epidemia\u201d delle associazioni veterinarie tedesche per la protezione degli animali.<\/p>\n<p style=\"text-align: right;\"><a class=\"sf-button standard accent standard \" href=\"\/it\/produkte\/betaeubungsgeraete\/nottoetung\/\" target=\"_self\"><span class=\"text\"><span id=\"result_box\" class=\"short_text\" lang=\"it\">maggiori informazioni<\/span><\/span><\/a>\n[\/fullwidth_text]<\/p>","protected":false},"excerpt":{"rendered":"<p>[fullwidth_text alt_background=&#8221;none&#8221; width=&#8221;1\/2&#8243; el_position=&#8221;first&#8221;] [\/fullwidth_text] [fullwidth_text alt_background=&#8221;none&#8221; width=&#8221;1\/2&#8243; el_position=&#8221;last&#8221;] Apparecchio di stordimento TBG 200 L&#8217;apparecchio di stordimento TBG 200 rispetta le norme sulla prevenzione della crudelt\u00e0 sugli animali e soddisfa il Regolamento CE n. 1099\/2009 del 24\/09\/2009, il regolamento nazionale che attua il Regolamento sulla prevenzione della crudelt\u00e0 sugli animali all&#8217;atto della macellazione del 01\/01\/2013 e le attuali norme VDE. [&hellip;]<\/p>\n","protected":false},"author":1,"featured_media":0,"parent":43,"menu_order":21,"comment_status":"closed","ping_status":"closed","template":"","meta":[],"yoast_head":"<!-- This site is optimized with the Yoast SEO plugin v18.3 - https:\/\/yoast.com\/wordpress\/plugins\/seo\/ -->\n<title>Apparecchi di stordimento | Hubert Haas<\/title>\n<meta name=\"robots\" content=\"index, follow, max-snippet:-1, max-image-preview:large, max-video-preview:-1\" \/>\n<link rel=\"canonical\" href=\"https:\/\/www.hubert-haas.de\/produkte\/betaeubungsgeraete\/\" \/>\n<meta property=\"og:locale\" content=\"it_IT\" \/>\n<meta property=\"og:type\" content=\"article\" \/>\n<meta property=\"og:title\" content=\"Apparecchi di stordimento | Hubert Haas\" \/>\n<meta property=\"og:description\" content=\"[fullwidth_text alt_background=&#8221;none&#8221; width=&#8221;1\/2&#8243; el_position=&#8221;first&#8221;] [\/fullwidth_text] [fullwidth_text alt_background=&#8221;none&#8221; width=&#8221;1\/2&#8243; el_position=&#8221;last&#8221;] Apparecchio di stordimento TBG 200 L&#8217;apparecchio di stordimento TBG 200 rispetta le norme sulla prevenzione della crudelt\u00e0 sugli animali e soddisfa il Regolamento CE n. 1099\/2009 del 24\/09\/2009, il regolamento nazionale che attua il Regolamento sulla prevenzione della crudelt\u00e0 sugli animali all&#8217;atto della macellazione del 01\/01\/2013 e le attuali norme VDE. [&hellip;]\" \/>\n<meta property=\"og:url\" content=\"https:\/\/www.hubert-haas.de\/produkte\/betaeubungsgeraete\/\" \/>\n<meta property=\"og:site_name\" content=\"Hubert Haas\" \/>\n<meta property=\"article:modified_time\" content=\"2022-03-16T08:10:59+00:00\" \/>\n<meta property=\"og:image\" content=\"https:\/\/www.hubert-haas.de\/wp-content\/uploads\/2022\/03\/TBG-300-1-257x300.jpg\" \/>\n<meta name=\"twitter:card\" content=\"summary_large_image\" \/>\n<meta name=\"twitter:label1\" content=\"Tempo di lettura stimato\" \/>\n\t<meta name=\"twitter:data1\" content=\"6 minuti\" \/>\n<script type=\"application\/ld+json\" class=\"yoast-schema-graph\">{\"@context\":\"https:\/\/schema.org\",\"@graph\":[{\"@type\":\"Organization\",\"@id\":\"https:\/\/www.hubert-haas.de\/#organization\",\"name\":\"Hubert Haas\",\"url\":\"https:\/\/www.hubert-haas.de\/\",\"sameAs\":[],\"logo\":{\"@type\":\"ImageObject\",\"@id\":\"https:\/\/www.hubert-haas.de\/#logo\",\"inLanguage\":\"it-IT\",\"url\":\"https:\/\/www.hubert-haas.de\/wp-content\/uploads\/2017\/06\/hubert-haas-neuler.png\",\"contentUrl\":\"https:\/\/www.hubert-haas.de\/wp-content\/uploads\/2017\/06\/hubert-haas-neuler.png\",\"width\":236,\"height\":80,\"caption\":\"Hubert Haas\"},\"image\":{\"@id\":\"https:\/\/www.hubert-haas.de\/#logo\"}},{\"@type\":\"WebSite\",\"@id\":\"https:\/\/www.hubert-haas.de\/#website\",\"url\":\"https:\/\/www.hubert-haas.de\/\",\"name\":\"Hubert Haas\",\"description\":\"\",\"publisher\":{\"@id\":\"https:\/\/www.hubert-haas.de\/#organization\"},\"potentialAction\":[{\"@type\":\"SearchAction\",\"target\":{\"@type\":\"EntryPoint\",\"urlTemplate\":\"https:\/\/www.hubert-haas.de\/?s={search_term_string}\"},\"query-input\":\"required name=search_term_string\"}],\"inLanguage\":\"it-IT\"},{\"@type\":\"ImageObject\",\"@id\":\"https:\/\/www.hubert-haas.de\/produkte\/betaeubungsgeraete\/#primaryimage\",\"inLanguage\":\"it-IT\",\"url\":\"https:\/\/www.hubert-haas.de\/wp-content\/uploads\/2022\/03\/TBG-300-1.jpg\",\"contentUrl\":\"https:\/\/www.hubert-haas.de\/wp-content\/uploads\/2022\/03\/TBG-300-1.jpg\",\"width\":1000,\"height\":1169},{\"@type\":\"WebPage\",\"@id\":\"https:\/\/www.hubert-haas.de\/produkte\/betaeubungsgeraete\/#webpage\",\"url\":\"https:\/\/www.hubert-haas.de\/produkte\/betaeubungsgeraete\/\",\"name\":\"Apparecchi di stordimento | Hubert Haas\",\"isPartOf\":{\"@id\":\"https:\/\/www.hubert-haas.de\/#website\"},\"primaryImageOfPage\":{\"@id\":\"https:\/\/www.hubert-haas.de\/produkte\/betaeubungsgeraete\/#primaryimage\"},\"datePublished\":\"2017-06-23T12:30:57+00:00\",\"dateModified\":\"2022-03-16T08:10:59+00:00\",\"breadcrumb\":{\"@id\":\"https:\/\/www.hubert-haas.de\/produkte\/betaeubungsgeraete\/#breadcrumb\"},\"inLanguage\":\"it-IT\",\"potentialAction\":[{\"@type\":\"ReadAction\",\"target\":[\"https:\/\/www.hubert-haas.de\/produkte\/betaeubungsgeraete\/\"]}]},{\"@type\":\"BreadcrumbList\",\"@id\":\"https:\/\/www.hubert-haas.de\/produkte\/betaeubungsgeraete\/#breadcrumb\",\"itemListElement\":[{\"@type\":\"ListItem\",\"position\":1,\"name\":\"Startseite\",\"item\":\"https:\/\/www.hubert-haas.de\/\"},{\"@type\":\"ListItem\",\"position\":2,\"name\":\"Products\",\"item\":\"https:\/\/www.hubert-haas.de\/en\/produkte\/\"},{\"@type\":\"ListItem\",\"position\":3,\"name\":\"Bet\u00e4ubungsger\u00e4te\"}]}]}<\/script>\n<!-- \/ Yoast SEO plugin. -->","yoast_head_json":{"title":"Apparecchi di stordimento | Hubert Haas","robots":{"index":"index","follow":"follow","max-snippet":"max-snippet:-1","max-image-preview":"max-image-preview:large","max-video-preview":"max-video-preview:-1"},"canonical":"https:\/\/www.hubert-haas.de\/produkte\/betaeubungsgeraete\/","og_locale":"it_IT","og_type":"article","og_title":"Apparecchi di stordimento | Hubert Haas","og_description":"[fullwidth_text alt_background=&#8221;none&#8221; width=&#8221;1\/2&#8243; el_position=&#8221;first&#8221;] [\/fullwidth_text] [fullwidth_text alt_background=&#8221;none&#8221; width=&#8221;1\/2&#8243; el_position=&#8221;last&#8221;] Apparecchio di stordimento TBG 200 L&#8217;apparecchio di stordimento TBG 200 rispetta le norme sulla prevenzione della crudelt\u00e0 sugli animali e soddisfa il Regolamento CE n. 1099\/2009 del 24\/09\/2009, il regolamento nazionale che attua il Regolamento sulla prevenzione della crudelt\u00e0 sugli animali all&#8217;atto della macellazione del 01\/01\/2013 e le attuali norme VDE. [&hellip;]","og_url":"https:\/\/www.hubert-haas.de\/produkte\/betaeubungsgeraete\/","og_site_name":"Hubert Haas","article_modified_time":"2022-03-16T08:10:59+00:00","og_image":[{"url":"https:\/\/www.hubert-haas.de\/wp-content\/uploads\/2022\/03\/TBG-300-1-257x300.jpg"}],"twitter_card":"summary_large_image","twitter_misc":{"Tempo di lettura stimato":"6 minuti"},"schema":{"@context":"https:\/\/schema.org","@graph":[{"@type":"Organization","@id":"https:\/\/www.hubert-haas.de\/#organization","name":"Hubert Haas","url":"https:\/\/www.hubert-haas.de\/","sameAs":[],"logo":{"@type":"ImageObject","@id":"https:\/\/www.hubert-haas.de\/#logo","inLanguage":"it-IT","url":"https:\/\/www.hubert-haas.de\/wp-content\/uploads\/2017\/06\/hubert-haas-neuler.png","contentUrl":"https:\/\/www.hubert-haas.de\/wp-content\/uploads\/2017\/06\/hubert-haas-neuler.png","width":236,"height":80,"caption":"Hubert Haas"},"image":{"@id":"https:\/\/www.hubert-haas.de\/#logo"}},{"@type":"WebSite","@id":"https:\/\/www.hubert-haas.de\/#website","url":"https:\/\/www.hubert-haas.de\/","name":"Hubert Haas","description":"","publisher":{"@id":"https:\/\/www.hubert-haas.de\/#organization"},"potentialAction":[{"@type":"SearchAction","target":{"@type":"EntryPoint","urlTemplate":"https:\/\/www.hubert-haas.de\/?s={search_term_string}"},"query-input":"required name=search_term_string"}],"inLanguage":"it-IT"},{"@type":"ImageObject","@id":"https:\/\/www.hubert-haas.de\/produkte\/betaeubungsgeraete\/#primaryimage","inLanguage":"it-IT","url":"https:\/\/www.hubert-haas.de\/wp-content\/uploads\/2022\/03\/TBG-300-1.jpg","contentUrl":"https:\/\/www.hubert-haas.de\/wp-content\/uploads\/2022\/03\/TBG-300-1.jpg","width":1000,"height":1169},{"@type":"WebPage","@id":"https:\/\/www.hubert-haas.de\/produkte\/betaeubungsgeraete\/#webpage","url":"https:\/\/www.hubert-haas.de\/produkte\/betaeubungsgeraete\/","name":"Apparecchi di stordimento | Hubert Haas","isPartOf":{"@id":"https:\/\/www.hubert-haas.de\/#website"},"primaryImageOfPage":{"@id":"https:\/\/www.hubert-haas.de\/produkte\/betaeubungsgeraete\/#primaryimage"},"datePublished":"2017-06-23T12:30:57+00:00","dateModified":"2022-03-16T08:10:59+00:00","breadcrumb":{"@id":"https:\/\/www.hubert-haas.de\/produkte\/betaeubungsgeraete\/#breadcrumb"},"inLanguage":"it-IT","potentialAction":[{"@type":"ReadAction","target":["https:\/\/www.hubert-haas.de\/produkte\/betaeubungsgeraete\/"]}]},{"@type":"BreadcrumbList","@id":"https:\/\/www.hubert-haas.de\/produkte\/betaeubungsgeraete\/#breadcrumb","itemListElement":[{"@type":"ListItem","position":1,"name":"Startseite","item":"https:\/\/www.hubert-haas.de\/"},{"@type":"ListItem","position":2,"name":"Products","item":"https:\/\/www.hubert-haas.de\/en\/produkte\/"},{"@type":"ListItem","position":3,"name":"Bet\u00e4ubungsger\u00e4te"}]}]}},"_links":{"self":[{"href":"https:\/\/www.hubert-haas.de\/it\/wp-json\/wp\/v2\/pages\/237"}],"collection":[{"href":"https:\/\/www.hubert-haas.de\/it\/wp-json\/wp\/v2\/pages"}],"about":[{"href":"https:\/\/www.hubert-haas.de\/it\/wp-json\/wp\/v2\/types\/page"}],"author":[{"embeddable":true,"href":"https:\/\/www.hubert-haas.de\/it\/wp-json\/wp\/v2\/users\/1"}],"replies":[{"embeddable":true,"href":"https:\/\/www.hubert-haas.de\/it\/wp-json\/wp\/v2\/comments?post=237"}],"version-history":[{"count":78,"href":"https:\/\/www.hubert-haas.de\/it\/wp-json\/wp\/v2\/pages\/237\/revisions"}],"predecessor-version":[{"id":2114,"href":"https:\/\/www.hubert-haas.de\/it\/wp-json\/wp\/v2\/pages\/237\/revisions\/2114"}],"up":[{"embeddable":true,"href":"https:\/\/www.hubert-haas.de\/it\/wp-json\/wp\/v2\/pages\/43"}],"wp:attachment":[{"href":"https:\/\/www.hubert-haas.de\/it\/wp-json\/wp\/v2\/media?parent=237"}],"curies":[{"name":"wp","href":"https:\/\/api.w.org\/{rel}","templated":true}]}}