{"id":1737,"date":"2018-05-08T17:00:14","date_gmt":"2018-05-08T15:00:14","guid":{"rendered":"https:\/\/www.hubert-haas.de\/?page_id=1737"},"modified":"2018-05-18T16:29:47","modified_gmt":"2018-05-18T14:29:47","slug":"datenschutz","status":"publish","type":"page","link":"https:\/\/www.hubert-haas.de\/it\/datenschutz\/","title":{"rendered":"Datenschutz"},"content":{"rendered":"<p><strong>Informativa sulla privacy<\/strong><\/p>\n<p>Per noi la protezione e la sicurezza dei dati personali hanno un\u2019elevata priorit\u00e0. Perci\u00f2 ci atteniamo rigidamente alle regole della Legge federale tedesca sulla protezione dei dati (LPD). Di seguito verrete informativi in merito al tipo di dati raccolti e allo scopo della raccolta:<\/p>\n<ol>\n<li>Trasferimento dei dati \/registrazione dei dati<br \/>\nQuando si visita questa pagina, il server web registra automaticamente i file di log che non possono essere assegnati a una persona specifica. Questi dati includono, ad esempio, il tipo e la versione del browser, il sistema operativo utilizzato, l&#8217;URL del referrer (la pagina precedentemente visitata), l&#8217;indirizzo IP del computer richiedente, la data e l&#8217;ora di accesso della richiesta al server e la richiesta del file client (nome file e URL). Questi dati vengono raccolti solo allo scopo di valutazione statistica. Non avviene un trasmissione a terzi per scopi commerciali o non commerciali.<\/li>\n<li>Utilizzo dei dati personali<br \/>\nI dati personali vengono raccolti o elaborati solo, se fornirete tali informazioni volontariamente, ad esempio in ambito di una richiesta. A meno che non ci siano ragioni necessarie in relazione a uno sviluppo commerciale, \u00e8 possibile in qualsiasi momento revocare con effetto immediato e per iscritto (come ad esempio via e-mail o fax) il consenso, precedentemente concesso, relativo alla memorizzazione dei dati. I vostri dati non verranno trasmessi a terzi, a meno che sia necessaria una trasmissione in base alle disposizioni legali.<\/li>\n<li>Informazione, modifica e cancellazione dei vostri dati<br \/>\nIn conformit\u00e0 alla legge applicabile potete sempre chiederci per iscritto se e quali dati personali abbiamo conservato. Riceverete immediatamente un messaggio corrispondente.<\/li>\n<li>Sicurezza dei vostri dati<br \/>\nI vostri dati personali messi a nostra disposizione saranno protetti adottando tutte le misure di sicurezza tecniche e organizzative in modo da essere inaccessibili a terzi non autorizzati. Quando si inviano dati o informazioni molto sensibili, si consiglia di utilizzare l&#8217;ufficio postale, poich\u00e9 non \u00e8 possibile garantire la completa sicurezza dei dati via e-mail.<\/li>\n<li>Avviso relativo a Google Analytics<br \/>\nQuesto sito web utilizza Google Analytics, un servizio di analisi web di Google Inc. (\u201cGoogle\u201d). Google Analytics utilizza i cosiddetti \u201ccookie\u201d, cio\u00e8 file di testo che vengono salvati sul vostro computer e che permettono un\u2019analisi dell\u2019utilizzo del sito web. Le informazioni generate dal cookie sull&#8217;utilizzo di questo sito web (incluso il vostro indirizzo IP) sono trasmesse da Google su di un server negli Stati Uniti e l\u00ec memorizzate. Google utilizzer\u00e0 queste informazioni per valutare l&#8217;utilizzo del sito web, compilare report sulle attivit\u00e0 del sito web per gli operatori del sito e fornire altri servizi correlati all\u2019utilizzo del sito web e all&#8217;utilizzo di Internet. Google pu\u00f2 anche trasferire queste informazioni a terzi, se richiesto dalla legge o per quanto riguarda le terze parti che elaborano questi dati per conto di Google. In nessun caso Google unir\u00e0 il vostro indirizzo IP con altri dati di Google. \u00c8 possibile impedire l&#8217;installazione dei cookie mediante l\u2019impostazione corrispondente del vostro software del browser, tuttavia, tenete presente che, in questo caso potreste non essere in grado di utilizzare pienamente tutte le funzioni di questo sito web. Utilizzando questo sito web acconsentite al trattamento dei vostri dati da parte di Google nei modi e per le finalit\u00e0 sopra indicate.<\/li>\n<li>Cookie<br \/>\nSu alcune delle nostre pagine utilizziamo i cosiddetti \u201ccookie di sessione\u201d per facilitarvi l\u2019utilizzo del nostro sito web. Si tratta di piccoli file di testo che vengono memorizzati sul vostro disco rigido solo per la durata della vostra visita sul nostro sito web e vengono cancellati alla chiusura del browser, a seconda dell&#8217;impostazione del vostro programma del browser. Questi cookie non recuperano le informazioni memorizzate sul vostro disco rigido e non influiscono sul vostro PC o sui vostri file. La maggior parte dei browser \u00e8 impostata in modo tale da accettare automaticamente i cookie. Tuttavia, \u00e8 possibile disabilitare la memorizzazione dei cookie o impostare il vostro browser in modo che vi avvisi in merito all\u2019invio di cookie.<\/li>\n<li>Modifiche di tali disposizioni sulla protezione dei dati<br \/>\nOgni tanto attualizzeremo queste linee guida per proteggere i vostri dati personali. Occasionalmente dovreste leggere queste linee guida per rimanere aggiornati in merito a come proteggiamo i vostri dati e miglioriamo continuamente i contenuti del nostro sito. Se apportiamo modifiche sostanziali alla raccolta, all&#8217;uso e\/o alla divulgazione dei dati personali che ci fornite, vi informeremo mediante un avviso chiaro e visibile sul nostro sito. Utilizzando il sito web l&#8217;utente accetta i termini di queste politiche sulla privacy.<\/li>\n<li>Sul nostro sito web viene inserito il servizio di analisi web Matomo. Matomo \u00e8 un software open source che valuta l\u2019accesso dei visitatori di un sito. L\u2019analisi \u00e8 realizzata per mezzo dei cookie che sono file di testo. I cookie raccolgono informazioni in merito al vostro utilizzo del nostro sito web. Queste vengono salvate sul server di Mamoto in Germania. Il vostro indirizzo IP verr\u00e0 ancor prima anonimizzato. Tuttavia, avete la possibilit\u00e0 di impedire che i cookie di Mamoto vengano salvati sul vostro computer. In questo caso dovete modificare di conseguenza le impostazioni del vostro browser di Internet. Ci\u00f2 potrebbe comportare un utilizzo limitato del nostro sito web.<\/li>\n<\/ol>\n<p>Per ulteriori informazioni in merito alle disposizioni sulla protezione dei dati, siete pregati di contattarci sulla nostra pagina di contatto.<\/p>","protected":false},"excerpt":{"rendered":"<p>Informativa sulla privacy Per noi la protezione e la sicurezza dei dati personali hanno un\u2019elevata priorit\u00e0. Perci\u00f2 ci atteniamo rigidamente alle regole della Legge federale tedesca sulla protezione dei dati (LPD). Di seguito verrete informativi in merito al tipo di dati raccolti e allo scopo della raccolta: Trasferimento dei dati \/registrazione dei dati Quando si visita questa pagina, il server [&hellip;]<\/p>\n","protected":false},"author":1,"featured_media":0,"parent":0,"menu_order":11,"comment_status":"closed","ping_status":"closed","template":"","meta":[],"yoast_head":"<!-- This site is optimized with the Yoast SEO plugin v18.3 - https:\/\/yoast.com\/wordpress\/plugins\/seo\/ -->\n<title>Datenschutz | Hubert Haas<\/title>\n<meta name=\"robots\" content=\"index, follow, max-snippet:-1, max-image-preview:large, max-video-preview:-1\" \/>\n<link rel=\"canonical\" href=\"https:\/\/www.hubert-haas.de\/datenschutz\/\" \/>\n<meta property=\"og:locale\" content=\"it_IT\" \/>\n<meta property=\"og:type\" content=\"article\" \/>\n<meta property=\"og:title\" content=\"Datenschutz | Hubert Haas\" \/>\n<meta property=\"og:description\" content=\"Informativa sulla privacy Per noi la protezione e la sicurezza dei dati personali hanno un\u2019elevata priorit\u00e0. Perci\u00f2 ci atteniamo rigidamente alle regole della Legge federale tedesca sulla protezione dei dati (LPD). Di seguito verrete informativi in merito al tipo di dati raccolti e allo scopo della raccolta: Trasferimento dei dati \/registrazione dei dati Quando si visita questa pagina, il server [&hellip;]\" \/>\n<meta property=\"og:url\" content=\"https:\/\/www.hubert-haas.de\/datenschutz\/\" \/>\n<meta property=\"og:site_name\" content=\"Hubert Haas\" \/>\n<meta property=\"article:modified_time\" content=\"2018-05-18T14:29:47+00:00\" \/>\n<meta name=\"twitter:card\" content=\"summary_large_image\" \/>\n<meta name=\"twitter:label1\" content=\"Tempo di lettura stimato\" \/>\n\t<meta name=\"twitter:data1\" content=\"18 minuti\" \/>\n<script type=\"application\/ld+json\" class=\"yoast-schema-graph\">{\"@context\":\"https:\/\/schema.org\",\"@graph\":[{\"@type\":\"Organization\",\"@id\":\"https:\/\/www.hubert-haas.de\/#organization\",\"name\":\"Hubert Haas\",\"url\":\"https:\/\/www.hubert-haas.de\/\",\"sameAs\":[],\"logo\":{\"@type\":\"ImageObject\",\"@id\":\"https:\/\/www.hubert-haas.de\/#logo\",\"inLanguage\":\"it-IT\",\"url\":\"https:\/\/www.hubert-haas.de\/wp-content\/uploads\/2017\/06\/hubert-haas-neuler.png\",\"contentUrl\":\"https:\/\/www.hubert-haas.de\/wp-content\/uploads\/2017\/06\/hubert-haas-neuler.png\",\"width\":236,\"height\":80,\"caption\":\"Hubert Haas\"},\"image\":{\"@id\":\"https:\/\/www.hubert-haas.de\/#logo\"}},{\"@type\":\"WebSite\",\"@id\":\"https:\/\/www.hubert-haas.de\/#website\",\"url\":\"https:\/\/www.hubert-haas.de\/\",\"name\":\"Hubert Haas\",\"description\":\"\",\"publisher\":{\"@id\":\"https:\/\/www.hubert-haas.de\/#organization\"},\"potentialAction\":[{\"@type\":\"SearchAction\",\"target\":{\"@type\":\"EntryPoint\",\"urlTemplate\":\"https:\/\/www.hubert-haas.de\/?s={search_term_string}\"},\"query-input\":\"required name=search_term_string\"}],\"inLanguage\":\"it-IT\"},{\"@type\":\"WebPage\",\"@id\":\"https:\/\/www.hubert-haas.de\/datenschutz\/#webpage\",\"url\":\"https:\/\/www.hubert-haas.de\/datenschutz\/\",\"name\":\"Datenschutz | Hubert Haas\",\"isPartOf\":{\"@id\":\"https:\/\/www.hubert-haas.de\/#website\"},\"datePublished\":\"2018-05-08T15:00:14+00:00\",\"dateModified\":\"2018-05-18T14:29:47+00:00\",\"breadcrumb\":{\"@id\":\"https:\/\/www.hubert-haas.de\/datenschutz\/#breadcrumb\"},\"inLanguage\":\"it-IT\",\"potentialAction\":[{\"@type\":\"ReadAction\",\"target\":[\"https:\/\/www.hubert-haas.de\/datenschutz\/\"]}]},{\"@type\":\"BreadcrumbList\",\"@id\":\"https:\/\/www.hubert-haas.de\/datenschutz\/#breadcrumb\",\"itemListElement\":[{\"@type\":\"ListItem\",\"position\":1,\"name\":\"Startseite\",\"item\":\"https:\/\/www.hubert-haas.de\/\"},{\"@type\":\"ListItem\",\"position\":2,\"name\":\"Datenschutz\"}]}]}<\/script>\n<!-- \/ Yoast SEO plugin. -->","yoast_head_json":{"title":"Datenschutz | Hubert Haas","robots":{"index":"index","follow":"follow","max-snippet":"max-snippet:-1","max-image-preview":"max-image-preview:large","max-video-preview":"max-video-preview:-1"},"canonical":"https:\/\/www.hubert-haas.de\/datenschutz\/","og_locale":"it_IT","og_type":"article","og_title":"Datenschutz | Hubert Haas","og_description":"Informativa sulla privacy Per noi la protezione e la sicurezza dei dati personali hanno un\u2019elevata priorit\u00e0. Perci\u00f2 ci atteniamo rigidamente alle regole della Legge federale tedesca sulla protezione dei dati (LPD). Di seguito verrete informativi in merito al tipo di dati raccolti e allo scopo della raccolta: Trasferimento dei dati \/registrazione dei dati Quando si visita questa pagina, il server [&hellip;]","og_url":"https:\/\/www.hubert-haas.de\/datenschutz\/","og_site_name":"Hubert Haas","article_modified_time":"2018-05-18T14:29:47+00:00","twitter_card":"summary_large_image","twitter_misc":{"Tempo di lettura stimato":"18 minuti"},"schema":{"@context":"https:\/\/schema.org","@graph":[{"@type":"Organization","@id":"https:\/\/www.hubert-haas.de\/#organization","name":"Hubert Haas","url":"https:\/\/www.hubert-haas.de\/","sameAs":[],"logo":{"@type":"ImageObject","@id":"https:\/\/www.hubert-haas.de\/#logo","inLanguage":"it-IT","url":"https:\/\/www.hubert-haas.de\/wp-content\/uploads\/2017\/06\/hubert-haas-neuler.png","contentUrl":"https:\/\/www.hubert-haas.de\/wp-content\/uploads\/2017\/06\/hubert-haas-neuler.png","width":236,"height":80,"caption":"Hubert Haas"},"image":{"@id":"https:\/\/www.hubert-haas.de\/#logo"}},{"@type":"WebSite","@id":"https:\/\/www.hubert-haas.de\/#website","url":"https:\/\/www.hubert-haas.de\/","name":"Hubert Haas","description":"","publisher":{"@id":"https:\/\/www.hubert-haas.de\/#organization"},"potentialAction":[{"@type":"SearchAction","target":{"@type":"EntryPoint","urlTemplate":"https:\/\/www.hubert-haas.de\/?s={search_term_string}"},"query-input":"required name=search_term_string"}],"inLanguage":"it-IT"},{"@type":"WebPage","@id":"https:\/\/www.hubert-haas.de\/datenschutz\/#webpage","url":"https:\/\/www.hubert-haas.de\/datenschutz\/","name":"Datenschutz | Hubert Haas","isPartOf":{"@id":"https:\/\/www.hubert-haas.de\/#website"},"datePublished":"2018-05-08T15:00:14+00:00","dateModified":"2018-05-18T14:29:47+00:00","breadcrumb":{"@id":"https:\/\/www.hubert-haas.de\/datenschutz\/#breadcrumb"},"inLanguage":"it-IT","potentialAction":[{"@type":"ReadAction","target":["https:\/\/www.hubert-haas.de\/datenschutz\/"]}]},{"@type":"BreadcrumbList","@id":"https:\/\/www.hubert-haas.de\/datenschutz\/#breadcrumb","itemListElement":[{"@type":"ListItem","position":1,"name":"Startseite","item":"https:\/\/www.hubert-haas.de\/"},{"@type":"ListItem","position":2,"name":"Datenschutz"}]}]}},"_links":{"self":[{"href":"https:\/\/www.hubert-haas.de\/it\/wp-json\/wp\/v2\/pages\/1737"}],"collection":[{"href":"https:\/\/www.hubert-haas.de\/it\/wp-json\/wp\/v2\/pages"}],"about":[{"href":"https:\/\/www.hubert-haas.de\/it\/wp-json\/wp\/v2\/types\/page"}],"author":[{"embeddable":true,"href":"https:\/\/www.hubert-haas.de\/it\/wp-json\/wp\/v2\/users\/1"}],"replies":[{"embeddable":true,"href":"https:\/\/www.hubert-haas.de\/it\/wp-json\/wp\/v2\/comments?post=1737"}],"version-history":[{"count":3,"href":"https:\/\/www.hubert-haas.de\/it\/wp-json\/wp\/v2\/pages\/1737\/revisions"}],"predecessor-version":[{"id":1835,"href":"https:\/\/www.hubert-haas.de\/it\/wp-json\/wp\/v2\/pages\/1737\/revisions\/1835"}],"wp:attachment":[{"href":"https:\/\/www.hubert-haas.de\/it\/wp-json\/wp\/v2\/media?parent=1737"}],"curies":[{"name":"wp","href":"https:\/\/api.w.org\/{rel}","templated":true}]}}