{"id":1697,"date":"2018-04-11T11:45:15","date_gmt":"2018-04-11T09:45:15","guid":{"rendered":"http:\/\/www.hubert-haas.de\/?page_id=1697"},"modified":"2024-06-01T16:27:47","modified_gmt":"2024-06-01T14:27:47","slug":"betaeubungsgeraet-tbg-200-n-nottoetung","status":"publish","type":"page","link":"https:\/\/www.hubert-haas.de\/it\/produkte\/betaeubungsgeraete\/betaeubungsgeraet-tbg-200-n-nottoetung\/","title":{"rendered":"Apparecchio di stordimento TBG 200\/N per abbattimento di emergenza"},"content":{"rendered":"<p>[fullwidth_text alt_background=&#8221;none&#8221; width=&#8221;1\/1&#8243; el_position=&#8221;first last&#8221;]\n<h3>L&#8217;apparecchio di stordimento mobile TBG 200\/N per i casi di epidemia \/ abbattimento di emergenza<\/h3>\n<p><img loading=\"lazy\" class=\"wp-image-1220 alignright\" src=\"http:\/\/www.hubert-haas.de\/wp-content\/uploads\/2018\/01\/TBG-96N.jpg\" alt=\"\" width=\"345\" height=\"367\" srcset=\"https:\/\/www.hubert-haas.de\/wp-content\/uploads\/2018\/01\/TBG-96N.jpg 470w, https:\/\/www.hubert-haas.de\/wp-content\/uploads\/2018\/01\/TBG-96N-283x300.jpg 283w\" sizes=\"(max-width: 345px) 100vw, 345px\" \/><\/p>\n<p>L\u2019apparecchio di stordimento TBG 200 rispetta le norme sulla prevenzione della crudelt\u00e0 sugli animali e soddisfa il Regolamento CE n. 1099\/2009 del 24\/09\/2009, il regolamento nazionale che attua il Regolamento sulla prevenzione della crudelt\u00e0 sugli animali all\u2019atto della macellazione del 01\/01\/2013 e le attuali norme VDE.<\/p>\n<p>L\u2019apparecchio di stordimento TBG 200\/N della ditta Hubert Haas \u00e8 stato appositamente concepito per l\u2019abbattimento di emergenza di scrofe, maiali e maialini attenendoci al foglio di istruzioni n. 84 \u201cAbbattimento di gruppi numerosi di animali in caso di epidemia\u201d dell\u2019associazione veterinaria tedesca per la protezione degli animali (tier\u00e4rztliche Vereinigung f\u00fcr Tierschutz e.V.).<\/p>\n<h3>Dotazione TBG 200\/N<\/h3>\n<ul>\n<li>Segnale ottico e acustico di mancato raggiungimento del tempo di stordimento minimo<\/li>\n<li>Segnale ottico e acustico di raggiungimento del tempo di stordimento minimo<\/li>\n<li>Segnale ottico e acustico di mancato raggiungimento dell\u2019intensit\u00e0 minima della corrente di 1,3 A per I suinetti e maiali e , 1,8 A per altri suini<\/li>\n<li>Indicatori di tensione e intensit\u00e0 di corrente integrati (volt\/ampere)<\/li>\n<li>Indicazione del numero di capi<\/li>\n<li>Transformatori speciale2,5A \/ 380V<\/li>\n<li>Selettore 3 diverse intensit\u00e0 di corrente\n<ul>\n<li>1 = sorveglianza corrente 2,5 A \/ 1,8 A<\/li>\n<li>2 = sorveglianza corrente 2,1 A \/ 1,3 A<\/li>\n<li>3 = sorveglianza corrente 1,6 A \/ 1,3 A<\/li>\n<\/ul>\n<\/li>\n<li>Rapido aumento della corrente nel 1\u00ba secondo a max. 2,5 A<\/li>\n<li>Frequenza 50 HZ<\/li>\n<li>Supporto a parete in acciaio inox per trasformatore e pinza<\/li>\n<li>Pinza di stordimento in acciaio inox con cavo a spirale per un contatto sicuro<\/li>\n<li>Registratore dati integrato per il controllo dei parametri di stordimento rilevanti per la prevenzione della crudelt\u00e0 sugli animali; intensit\u00e0 di corrente (A); tensione (V); frequenza (Hz) e tempo di stordimento minimo (sec.)<\/li>\n<li>Chiavetta USB per la registrazione o la trasmissione dei dati<\/li>\n<\/ul>\n<h3>Software per l\u2019analisi dei dati<\/h3>\n<p>I parametri di stordimento vengono analizzati sotto forma di statistica giornaliera o mensile con data, ora e diversi errori Rappresentazione del singolo animale come grafico o scala di valori<\/p>\n<h3>Download PDF<\/h3>\n<p><a href=\"https:\/\/www.hubert-haas.de\/wp-content\/uploads\/2017\/10\/TBG-200_N_IT_2018_05.pdf\">PDF TBG 200\/N<\/a><\/p>\n[\/fullwidth_text] [fullwidth_text alt_background=&#8221;none&#8221; width=&#8221;1\/1&#8243; el_position=&#8221;first last&#8221;]\n<h2>Dati tecnici<\/h2>\n<table class=\"sf-table striped_bordered\"><tbody> <tr> <th>Misure<\/th> <th><\/th> <\/tr> <tr> <td>Dimensioni<\/td> <td>400 x 225 x 300 mm<\/td> <\/tr> <tr> <td>Pesot<\/td> <td>circa 21 KG con piastra di fissaggio a parete<\/td> <\/tr> <tr> <td>Classe di protezione<\/td> <td>I <\/td> <\/tr> <tr> <td>Tipo di protezione IP<\/td> <td>65<\/td> <\/tr> <tr> <td>Collegamento alla rete<\/td> <td>230 V 50 HZ<\/td> <\/tr> <tr> <td>Rendimento<\/td> <td>circa 120 maiali\/ora<\/td> <\/tr> <tr> <td>Intensit\u00e0 di corrente<\/td> <td>2,0 A<\/td> <\/tr> <tr> <td>Tensione<\/td> <td>250 V &#8211; 300 V<\/td> <\/tr> <\/tbody><\/table>\n[\/fullwidth_text]<\/p>","protected":false},"excerpt":{"rendered":"<p>[fullwidth_text alt_background=&#8221;none&#8221; width=&#8221;1\/1&#8243; el_position=&#8221;first last&#8221;] L&#8217;apparecchio di stordimento mobile TBG 200\/N per i casi di epidemia \/ abbattimento di emergenza L\u2019apparecchio di stordimento TBG 200 rispetta le norme sulla prevenzione della crudelt\u00e0 sugli animali e soddisfa il Regolamento CE n. 1099\/2009 del 24\/09\/2009, il regolamento nazionale che attua il Regolamento sulla prevenzione della crudelt\u00e0 sugli animali all\u2019atto della macellazione del [&hellip;]<\/p>\n","protected":false},"author":1,"featured_media":0,"parent":237,"menu_order":23,"comment_status":"closed","ping_status":"closed","template":"","meta":[],"yoast_head":"<!-- This site is optimized with the Yoast SEO plugin v18.3 - https:\/\/yoast.com\/wordpress\/plugins\/seo\/ -->\n<title>Mobiles Tierschutzbet\u00e4ubungsger\u00e4t f\u00fcr den Seuchenfall \/ Nott\u00f6tung von Sauen, Schweinen und Ferkel<\/title>\n<meta name=\"robots\" content=\"index, follow, max-snippet:-1, max-image-preview:large, max-video-preview:-1\" \/>\n<link rel=\"canonical\" href=\"https:\/\/www.hubert-haas.de\/produkte\/betaeubungsgeraete\/betaeubungsgeraet-tbg-200-n-nottoetung\/\" \/>\n<meta property=\"og:locale\" content=\"it_IT\" \/>\n<meta property=\"og:type\" content=\"article\" \/>\n<meta property=\"og:title\" content=\"[:de]Mobiles Tierschutzbet\u00e4ubungsger\u00e4t f\u00fcr den Seuchenfall \/ Nott\u00f6tung von Sauen, Schweinen und Ferkel[:]\" \/>\n<meta property=\"og:description\" content=\"[fullwidth_text alt_background=&#8221;none&#8221; width=&#8221;1\/1&#8243; el_position=&#8221;first last&#8221;] L&#8217;apparecchio di stordimento mobile TBG 200\/N per i casi di epidemia \/ abbattimento di emergenza L\u2019apparecchio di stordimento TBG 200 rispetta le norme sulla prevenzione della crudelt\u00e0 sugli animali e soddisfa il Regolamento CE n. 1099\/2009 del 24\/09\/2009, il regolamento nazionale che attua il Regolamento sulla prevenzione della crudelt\u00e0 sugli animali all\u2019atto della macellazione del [&hellip;]\" \/>\n<meta property=\"og:url\" content=\"https:\/\/www.hubert-haas.de\/produkte\/betaeubungsgeraete\/betaeubungsgeraet-tbg-200-n-nottoetung\/\" \/>\n<meta property=\"og:site_name\" content=\"Hubert Haas\" \/>\n<meta property=\"article:modified_time\" content=\"2024-06-01T14:27:47+00:00\" \/>\n<meta property=\"og:image\" content=\"http:\/\/www.hubert-haas.de\/wp-content\/uploads\/2018\/01\/TBG-200.jpg\" \/>\n<meta name=\"twitter:card\" content=\"summary_large_image\" \/>\n<meta name=\"twitter:label1\" content=\"Tempo di lettura stimato\" \/>\n\t<meta name=\"twitter:data1\" content=\"2 minuti\" \/>\n<script type=\"application\/ld+json\" class=\"yoast-schema-graph\">{\"@context\":\"https:\/\/schema.org\",\"@graph\":[{\"@type\":\"Organization\",\"@id\":\"https:\/\/www.hubert-haas.de\/#organization\",\"name\":\"Hubert Haas\",\"url\":\"https:\/\/www.hubert-haas.de\/\",\"sameAs\":[],\"logo\":{\"@type\":\"ImageObject\",\"@id\":\"https:\/\/www.hubert-haas.de\/#logo\",\"inLanguage\":\"it-IT\",\"url\":\"https:\/\/www.hubert-haas.de\/wp-content\/uploads\/2017\/06\/hubert-haas-neuler.png\",\"contentUrl\":\"https:\/\/www.hubert-haas.de\/wp-content\/uploads\/2017\/06\/hubert-haas-neuler.png\",\"width\":236,\"height\":80,\"caption\":\"Hubert Haas\"},\"image\":{\"@id\":\"https:\/\/www.hubert-haas.de\/#logo\"}},{\"@type\":\"WebSite\",\"@id\":\"https:\/\/www.hubert-haas.de\/#website\",\"url\":\"https:\/\/www.hubert-haas.de\/\",\"name\":\"Hubert Haas\",\"description\":\"\",\"publisher\":{\"@id\":\"https:\/\/www.hubert-haas.de\/#organization\"},\"potentialAction\":[{\"@type\":\"SearchAction\",\"target\":{\"@type\":\"EntryPoint\",\"urlTemplate\":\"https:\/\/www.hubert-haas.de\/?s={search_term_string}\"},\"query-input\":\"required name=search_term_string\"}],\"inLanguage\":\"it-IT\"},{\"@type\":\"ImageObject\",\"@id\":\"https:\/\/www.hubert-haas.de\/produkte\/betaeubungsgeraete\/betaeubungsgeraet-tbg-200-n-nottoetung\/#primaryimage\",\"inLanguage\":\"it-IT\",\"url\":\"http:\/\/www.hubert-haas.de\/wp-content\/uploads\/2018\/01\/TBG-200.jpg\",\"contentUrl\":\"http:\/\/www.hubert-haas.de\/wp-content\/uploads\/2018\/01\/TBG-200.jpg\"},{\"@type\":\"WebPage\",\"@id\":\"https:\/\/www.hubert-haas.de\/produkte\/betaeubungsgeraete\/betaeubungsgeraet-tbg-200-n-nottoetung\/#webpage\",\"url\":\"https:\/\/www.hubert-haas.de\/produkte\/betaeubungsgeraete\/betaeubungsgeraet-tbg-200-n-nottoetung\/\",\"name\":\"[:de]Mobiles Tierschutzbet\u00e4ubungsger\u00e4t f\u00fcr den Seuchenfall \/ Nott\u00f6tung von Sauen, Schweinen und Ferkel[:]\",\"isPartOf\":{\"@id\":\"https:\/\/www.hubert-haas.de\/#website\"},\"primaryImageOfPage\":{\"@id\":\"https:\/\/www.hubert-haas.de\/produkte\/betaeubungsgeraete\/betaeubungsgeraet-tbg-200-n-nottoetung\/#primaryimage\"},\"datePublished\":\"2018-04-11T09:45:15+00:00\",\"dateModified\":\"2024-06-01T14:27:47+00:00\",\"breadcrumb\":{\"@id\":\"https:\/\/www.hubert-haas.de\/produkte\/betaeubungsgeraete\/betaeubungsgeraet-tbg-200-n-nottoetung\/#breadcrumb\"},\"inLanguage\":\"it-IT\",\"potentialAction\":[{\"@type\":\"ReadAction\",\"target\":[\"https:\/\/www.hubert-haas.de\/produkte\/betaeubungsgeraete\/betaeubungsgeraet-tbg-200-n-nottoetung\/\"]}]},{\"@type\":\"BreadcrumbList\",\"@id\":\"https:\/\/www.hubert-haas.de\/produkte\/betaeubungsgeraete\/betaeubungsgeraet-tbg-200-n-nottoetung\/#breadcrumb\",\"itemListElement\":[{\"@type\":\"ListItem\",\"position\":1,\"name\":\"Startseite\",\"item\":\"https:\/\/www.hubert-haas.de\/\"},{\"@type\":\"ListItem\",\"position\":2,\"name\":\"Products\",\"item\":\"https:\/\/www.hubert-haas.de\/en\/produkte\/\"},{\"@type\":\"ListItem\",\"position\":3,\"name\":\"Bet\u00e4ubungsger\u00e4te\",\"item\":\"https:\/\/www.hubert-haas.de\/produkte\/betaeubungsgeraete\/\"},{\"@type\":\"ListItem\",\"position\":4,\"name\":\"Bet\u00e4ubungsger\u00e4t TBG 200\/N Nott\u00f6tung\"}]}]}<\/script>\n<!-- \/ Yoast SEO plugin. -->","yoast_head_json":{"title":"Mobiles Tierschutzbet\u00e4ubungsger\u00e4t f\u00fcr den Seuchenfall \/ Nott\u00f6tung von Sauen, Schweinen und Ferkel","robots":{"index":"index","follow":"follow","max-snippet":"max-snippet:-1","max-image-preview":"max-image-preview:large","max-video-preview":"max-video-preview:-1"},"canonical":"https:\/\/www.hubert-haas.de\/produkte\/betaeubungsgeraete\/betaeubungsgeraet-tbg-200-n-nottoetung\/","og_locale":"it_IT","og_type":"article","og_title":"[:de]Mobiles Tierschutzbet\u00e4ubungsger\u00e4t f\u00fcr den Seuchenfall \/ Nott\u00f6tung von Sauen, Schweinen und Ferkel[:]","og_description":"[fullwidth_text alt_background=&#8221;none&#8221; width=&#8221;1\/1&#8243; el_position=&#8221;first last&#8221;] L&#8217;apparecchio di stordimento mobile TBG 200\/N per i casi di epidemia \/ abbattimento di emergenza L\u2019apparecchio di stordimento TBG 200 rispetta le norme sulla prevenzione della crudelt\u00e0 sugli animali e soddisfa il Regolamento CE n. 1099\/2009 del 24\/09\/2009, il regolamento nazionale che attua il Regolamento sulla prevenzione della crudelt\u00e0 sugli animali all\u2019atto della macellazione del [&hellip;]","og_url":"https:\/\/www.hubert-haas.de\/produkte\/betaeubungsgeraete\/betaeubungsgeraet-tbg-200-n-nottoetung\/","og_site_name":"Hubert Haas","article_modified_time":"2024-06-01T14:27:47+00:00","og_image":[{"url":"http:\/\/www.hubert-haas.de\/wp-content\/uploads\/2018\/01\/TBG-200.jpg"}],"twitter_card":"summary_large_image","twitter_misc":{"Tempo di lettura stimato":"2 minuti"},"schema":{"@context":"https:\/\/schema.org","@graph":[{"@type":"Organization","@id":"https:\/\/www.hubert-haas.de\/#organization","name":"Hubert Haas","url":"https:\/\/www.hubert-haas.de\/","sameAs":[],"logo":{"@type":"ImageObject","@id":"https:\/\/www.hubert-haas.de\/#logo","inLanguage":"it-IT","url":"https:\/\/www.hubert-haas.de\/wp-content\/uploads\/2017\/06\/hubert-haas-neuler.png","contentUrl":"https:\/\/www.hubert-haas.de\/wp-content\/uploads\/2017\/06\/hubert-haas-neuler.png","width":236,"height":80,"caption":"Hubert Haas"},"image":{"@id":"https:\/\/www.hubert-haas.de\/#logo"}},{"@type":"WebSite","@id":"https:\/\/www.hubert-haas.de\/#website","url":"https:\/\/www.hubert-haas.de\/","name":"Hubert Haas","description":"","publisher":{"@id":"https:\/\/www.hubert-haas.de\/#organization"},"potentialAction":[{"@type":"SearchAction","target":{"@type":"EntryPoint","urlTemplate":"https:\/\/www.hubert-haas.de\/?s={search_term_string}"},"query-input":"required name=search_term_string"}],"inLanguage":"it-IT"},{"@type":"ImageObject","@id":"https:\/\/www.hubert-haas.de\/produkte\/betaeubungsgeraete\/betaeubungsgeraet-tbg-200-n-nottoetung\/#primaryimage","inLanguage":"it-IT","url":"http:\/\/www.hubert-haas.de\/wp-content\/uploads\/2018\/01\/TBG-200.jpg","contentUrl":"http:\/\/www.hubert-haas.de\/wp-content\/uploads\/2018\/01\/TBG-200.jpg"},{"@type":"WebPage","@id":"https:\/\/www.hubert-haas.de\/produkte\/betaeubungsgeraete\/betaeubungsgeraet-tbg-200-n-nottoetung\/#webpage","url":"https:\/\/www.hubert-haas.de\/produkte\/betaeubungsgeraete\/betaeubungsgeraet-tbg-200-n-nottoetung\/","name":"[:de]Mobiles Tierschutzbet\u00e4ubungsger\u00e4t f\u00fcr den Seuchenfall \/ Nott\u00f6tung von Sauen, Schweinen und Ferkel[:]","isPartOf":{"@id":"https:\/\/www.hubert-haas.de\/#website"},"primaryImageOfPage":{"@id":"https:\/\/www.hubert-haas.de\/produkte\/betaeubungsgeraete\/betaeubungsgeraet-tbg-200-n-nottoetung\/#primaryimage"},"datePublished":"2018-04-11T09:45:15+00:00","dateModified":"2024-06-01T14:27:47+00:00","breadcrumb":{"@id":"https:\/\/www.hubert-haas.de\/produkte\/betaeubungsgeraete\/betaeubungsgeraet-tbg-200-n-nottoetung\/#breadcrumb"},"inLanguage":"it-IT","potentialAction":[{"@type":"ReadAction","target":["https:\/\/www.hubert-haas.de\/produkte\/betaeubungsgeraete\/betaeubungsgeraet-tbg-200-n-nottoetung\/"]}]},{"@type":"BreadcrumbList","@id":"https:\/\/www.hubert-haas.de\/produkte\/betaeubungsgeraete\/betaeubungsgeraet-tbg-200-n-nottoetung\/#breadcrumb","itemListElement":[{"@type":"ListItem","position":1,"name":"Startseite","item":"https:\/\/www.hubert-haas.de\/"},{"@type":"ListItem","position":2,"name":"Products","item":"https:\/\/www.hubert-haas.de\/en\/produkte\/"},{"@type":"ListItem","position":3,"name":"Bet\u00e4ubungsger\u00e4te","item":"https:\/\/www.hubert-haas.de\/produkte\/betaeubungsgeraete\/"},{"@type":"ListItem","position":4,"name":"Bet\u00e4ubungsger\u00e4t TBG 200\/N Nott\u00f6tung"}]}]}},"_links":{"self":[{"href":"https:\/\/www.hubert-haas.de\/it\/wp-json\/wp\/v2\/pages\/1697"}],"collection":[{"href":"https:\/\/www.hubert-haas.de\/it\/wp-json\/wp\/v2\/pages"}],"about":[{"href":"https:\/\/www.hubert-haas.de\/it\/wp-json\/wp\/v2\/types\/page"}],"author":[{"embeddable":true,"href":"https:\/\/www.hubert-haas.de\/it\/wp-json\/wp\/v2\/users\/1"}],"replies":[{"embeddable":true,"href":"https:\/\/www.hubert-haas.de\/it\/wp-json\/wp\/v2\/comments?post=1697"}],"version-history":[{"count":16,"href":"https:\/\/www.hubert-haas.de\/it\/wp-json\/wp\/v2\/pages\/1697\/revisions"}],"predecessor-version":[{"id":2162,"href":"https:\/\/www.hubert-haas.de\/it\/wp-json\/wp\/v2\/pages\/1697\/revisions\/2162"}],"up":[{"embeddable":true,"href":"https:\/\/www.hubert-haas.de\/it\/wp-json\/wp\/v2\/pages\/237"}],"wp:attachment":[{"href":"https:\/\/www.hubert-haas.de\/it\/wp-json\/wp\/v2\/media?parent=1697"}],"curies":[{"name":"wp","href":"https:\/\/api.w.org\/{rel}","templated":true}]}}