{"id":1361,"date":"2018-02-07T21:45:03","date_gmt":"2018-02-07T20:45:03","guid":{"rendered":"http:\/\/www.hubert-haas.de\/impressum\/"},"modified":"2018-04-18T09:49:29","modified_gmt":"2018-04-18T07:49:29","slug":"impressum","status":"publish","type":"page","link":"https:\/\/www.hubert-haas.de\/it\/impressum\/","title":{"rendered":"Impressum"},"content":{"rendered":"<p><strong>Responsabile per questa pagina<\/strong><\/p>\n<p>Dati ai sensi del \u00a7 5 TMG (Telemediengesetz, &#8220;Legge sui Media Telematici&#8221;):<br \/>\nHubert Haas &#8211; Fleischereimaschinen &#8211; e.K. \u00b7 Benzstra\u00dfe 8 \u00b7 73491 Neuler (Germany)<\/p>\n<p><strong>Rappresentato da:<\/strong><br \/>\nDietmar Haas<\/p>\n<p><strong>Contatti:<\/strong><br \/>\nTelefon: +49 (7961) 969097-0<br \/>\nTelefax: +49 (7961) 969097-20<br \/>\nE-Mail: info@hubert-haas.de<\/p>\n<p><strong>Iscrizione al registro:<\/strong><br \/>\nIscrizione nel Registro del commercio tedesco<br \/>\nRegistro delle imprese del tribunale: Amtsgericht Ulm<br \/>\nNumero di iscrizione nel Registro delle Imprese: HRA 723229<\/p>\n<p><strong>Numero P.IVA:<\/strong><br \/>\nNumero identificativo dell\u2019imposta di valore aggiunto ai sensi dell\u2019art. 27a della Legge sull\u2019imposta di valore aggiunto: DE 286032644<br \/>\nDisclaimer<\/p>\n<p><strong>Responsabilit\u00e0 per i contenuti<\/strong><br \/>\nI contenuti delle nostre pagine sono stati creati con grande cura. Non ci assumiamo tuttavia alcuna responsabilit\u00e0 relativamente all\u2019accuratezza, la completezza e l\u2019aggiornamento dei contenuti. Ai sensi di \u00a7 7, comma 1 della TMG (legge sui media telematici) in qualit\u00e0 di fornitori di servizi siamo responsabili dei contenuti presenti su queste pagine come previsto dalle legislazione generale. Ai sensi dei \u00a7\u00a7 8 &#8211; 10 della TMG, in qualit\u00e0 di fornitori di servizi non siamo per\u00f2 obbligati a monitorare informazioni di terzi trasmesse o memorizzate o a indagare le circostanze che indicano la presenza di attivit\u00e0 illecite. Sono fatti salvi gli obblighi di rimozione o blocco dell\u2019utilizzo delle informazioni come previsto dalla legislazione generale. Tale responsabilit\u00e0 tuttavia \u00e8 riscontrabile solo a partire dal momento di presa conoscenza di una concreta violazione della legge. Una volta presa conoscenza di tali violazioni, provvederemo a rimuovere immediatamente i contenuti.<\/p>\n<p><strong>Responsabilit\u00e0 per i link<\/strong><br \/>\nIl nostro sito contiene collegamenti a siti esterni appartenenti a terze parti, sui quali non esercitiamo alcun controllo. Pertanto, non ci assumiamo alcuna responsabilit\u00e0 per i contenuti di questi siti appartenenti a terzi. Per i contenuti dei siti collegati, la responsabilit\u00e0 ricade sui rispettivi fornitori o gestori. La legalit\u00e0 delle pagine collegate \u00e8 stata verificata al momento della creazione del collegamento; non era riscontrabile alcun contenuto illegale. Tuttavia non \u00e8 possibile garantire una verifica costante dei contenuti dei siti collegati in assenza di prove concrete di violazione. In caso di segnalazione di violazioni, provvederemo a rimuovere immediatamente i relativi collegamenti.<\/p>\n<p><strong>Diritto d&#8217;autore<\/strong><br \/>\nI contenuti e le opere creati dai gestori di queste pagine sono soggetti alla normativa tedesca sul diritto d\u2019autore. Non \u00e8 consentita la riproduzione, la modifica, la distribuzione e qualsiasi altra forma di sfruttamento al di fuori dei limiti del diritto d\u2019autore senza previo consenso scritto dell\u2019autore o del creatore. Sono consentiti il download e la copia di queste pagine solo per uso privato e non commerciale. Per i contenuti presenti sulle nostre pagine che non sono stati prodotti da noi, sono rispettati i diritti d\u2019autore appartenenti a terzi. In particolare, i contenuti appartenenti a terzi sono opportunamente contrassegnati come tali. Qualora si ravvisi una violazione dei diritti d\u2019autore, chiediamo di esserne informati. In caso di segnalazione di violazioni, provvederemo immediatamente a rimuovere tali contenuti.<\/p>","protected":false},"excerpt":{"rendered":"<p>Responsabile per questa pagina Dati ai sensi del \u00a7 5 TMG (Telemediengesetz, &#8220;Legge sui Media Telematici&#8221;): Hubert Haas &#8211; Fleischereimaschinen &#8211; e.K. \u00b7 Benzstra\u00dfe 8 \u00b7 73491 Neuler (Germany) Rappresentato da: Dietmar Haas Contatti: Telefon: +49 (7961) 969097-0 Telefax: +49 (7961) 969097-20 E-Mail: info@hubert-haas.de Iscrizione al registro: Iscrizione nel Registro del commercio tedesco Registro delle imprese del tribunale: Amtsgericht Ulm [&hellip;]<\/p>\n","protected":false},"author":1,"featured_media":0,"parent":0,"menu_order":10,"comment_status":"closed","ping_status":"closed","template":"","meta":[],"yoast_head":"<!-- This site is optimized with the Yoast SEO plugin v18.3 - https:\/\/yoast.com\/wordpress\/plugins\/seo\/ -->\n<title>Impressum | Hubert Haas<\/title>\n<meta name=\"robots\" content=\"index, follow, max-snippet:-1, max-image-preview:large, max-video-preview:-1\" \/>\n<link rel=\"canonical\" href=\"https:\/\/www.hubert-haas.de\/impressum\/\" \/>\n<meta property=\"og:locale\" content=\"it_IT\" \/>\n<meta property=\"og:type\" content=\"article\" \/>\n<meta property=\"og:title\" content=\"Impressum | Hubert Haas\" \/>\n<meta property=\"og:description\" content=\"Responsabile per questa pagina Dati ai sensi del \u00a7 5 TMG (Telemediengesetz, &#8220;Legge sui Media Telematici&#8221;): Hubert Haas &#8211; Fleischereimaschinen &#8211; e.K. \u00b7 Benzstra\u00dfe 8 \u00b7 73491 Neuler (Germany) Rappresentato da: Dietmar Haas Contatti: Telefon: +49 (7961) 969097-0 Telefax: +49 (7961) 969097-20 E-Mail: info@hubert-haas.de Iscrizione al registro: Iscrizione nel Registro del commercio tedesco Registro delle imprese del tribunale: Amtsgericht Ulm [&hellip;]\" \/>\n<meta property=\"og:url\" content=\"https:\/\/www.hubert-haas.de\/impressum\/\" \/>\n<meta property=\"og:site_name\" content=\"Hubert Haas\" \/>\n<meta property=\"article:modified_time\" content=\"2018-04-18T07:49:29+00:00\" \/>\n<meta name=\"twitter:card\" content=\"summary_large_image\" \/>\n<meta name=\"twitter:label1\" content=\"Tempo di lettura stimato\" \/>\n\t<meta name=\"twitter:data1\" content=\"9 minuti\" \/>\n<script type=\"application\/ld+json\" class=\"yoast-schema-graph\">{\"@context\":\"https:\/\/schema.org\",\"@graph\":[{\"@type\":\"Organization\",\"@id\":\"https:\/\/www.hubert-haas.de\/#organization\",\"name\":\"Hubert Haas\",\"url\":\"https:\/\/www.hubert-haas.de\/\",\"sameAs\":[],\"logo\":{\"@type\":\"ImageObject\",\"@id\":\"https:\/\/www.hubert-haas.de\/#logo\",\"inLanguage\":\"it-IT\",\"url\":\"https:\/\/www.hubert-haas.de\/wp-content\/uploads\/2017\/06\/hubert-haas-neuler.png\",\"contentUrl\":\"https:\/\/www.hubert-haas.de\/wp-content\/uploads\/2017\/06\/hubert-haas-neuler.png\",\"width\":236,\"height\":80,\"caption\":\"Hubert Haas\"},\"image\":{\"@id\":\"https:\/\/www.hubert-haas.de\/#logo\"}},{\"@type\":\"WebSite\",\"@id\":\"https:\/\/www.hubert-haas.de\/#website\",\"url\":\"https:\/\/www.hubert-haas.de\/\",\"name\":\"Hubert Haas\",\"description\":\"\",\"publisher\":{\"@id\":\"https:\/\/www.hubert-haas.de\/#organization\"},\"potentialAction\":[{\"@type\":\"SearchAction\",\"target\":{\"@type\":\"EntryPoint\",\"urlTemplate\":\"https:\/\/www.hubert-haas.de\/?s={search_term_string}\"},\"query-input\":\"required name=search_term_string\"}],\"inLanguage\":\"it-IT\"},{\"@type\":\"WebPage\",\"@id\":\"https:\/\/www.hubert-haas.de\/impressum\/#webpage\",\"url\":\"https:\/\/www.hubert-haas.de\/impressum\/\",\"name\":\"Impressum | Hubert Haas\",\"isPartOf\":{\"@id\":\"https:\/\/www.hubert-haas.de\/#website\"},\"datePublished\":\"2018-02-07T20:45:03+00:00\",\"dateModified\":\"2018-04-18T07:49:29+00:00\",\"breadcrumb\":{\"@id\":\"https:\/\/www.hubert-haas.de\/impressum\/#breadcrumb\"},\"inLanguage\":\"it-IT\",\"potentialAction\":[{\"@type\":\"ReadAction\",\"target\":[\"https:\/\/www.hubert-haas.de\/impressum\/\"]}]},{\"@type\":\"BreadcrumbList\",\"@id\":\"https:\/\/www.hubert-haas.de\/impressum\/#breadcrumb\",\"itemListElement\":[{\"@type\":\"ListItem\",\"position\":1,\"name\":\"Startseite\",\"item\":\"https:\/\/www.hubert-haas.de\/\"},{\"@type\":\"ListItem\",\"position\":2,\"name\":\"Impressum\"}]}]}<\/script>\n<!-- \/ Yoast SEO plugin. -->","yoast_head_json":{"title":"Impressum | Hubert Haas","robots":{"index":"index","follow":"follow","max-snippet":"max-snippet:-1","max-image-preview":"max-image-preview:large","max-video-preview":"max-video-preview:-1"},"canonical":"https:\/\/www.hubert-haas.de\/impressum\/","og_locale":"it_IT","og_type":"article","og_title":"Impressum | Hubert Haas","og_description":"Responsabile per questa pagina Dati ai sensi del \u00a7 5 TMG (Telemediengesetz, &#8220;Legge sui Media Telematici&#8221;): Hubert Haas &#8211; Fleischereimaschinen &#8211; e.K. \u00b7 Benzstra\u00dfe 8 \u00b7 73491 Neuler (Germany) Rappresentato da: Dietmar Haas Contatti: Telefon: +49 (7961) 969097-0 Telefax: +49 (7961) 969097-20 E-Mail: info@hubert-haas.de Iscrizione al registro: Iscrizione nel Registro del commercio tedesco Registro delle imprese del tribunale: Amtsgericht Ulm [&hellip;]","og_url":"https:\/\/www.hubert-haas.de\/impressum\/","og_site_name":"Hubert Haas","article_modified_time":"2018-04-18T07:49:29+00:00","twitter_card":"summary_large_image","twitter_misc":{"Tempo di lettura stimato":"9 minuti"},"schema":{"@context":"https:\/\/schema.org","@graph":[{"@type":"Organization","@id":"https:\/\/www.hubert-haas.de\/#organization","name":"Hubert Haas","url":"https:\/\/www.hubert-haas.de\/","sameAs":[],"logo":{"@type":"ImageObject","@id":"https:\/\/www.hubert-haas.de\/#logo","inLanguage":"it-IT","url":"https:\/\/www.hubert-haas.de\/wp-content\/uploads\/2017\/06\/hubert-haas-neuler.png","contentUrl":"https:\/\/www.hubert-haas.de\/wp-content\/uploads\/2017\/06\/hubert-haas-neuler.png","width":236,"height":80,"caption":"Hubert Haas"},"image":{"@id":"https:\/\/www.hubert-haas.de\/#logo"}},{"@type":"WebSite","@id":"https:\/\/www.hubert-haas.de\/#website","url":"https:\/\/www.hubert-haas.de\/","name":"Hubert Haas","description":"","publisher":{"@id":"https:\/\/www.hubert-haas.de\/#organization"},"potentialAction":[{"@type":"SearchAction","target":{"@type":"EntryPoint","urlTemplate":"https:\/\/www.hubert-haas.de\/?s={search_term_string}"},"query-input":"required name=search_term_string"}],"inLanguage":"it-IT"},{"@type":"WebPage","@id":"https:\/\/www.hubert-haas.de\/impressum\/#webpage","url":"https:\/\/www.hubert-haas.de\/impressum\/","name":"Impressum | Hubert Haas","isPartOf":{"@id":"https:\/\/www.hubert-haas.de\/#website"},"datePublished":"2018-02-07T20:45:03+00:00","dateModified":"2018-04-18T07:49:29+00:00","breadcrumb":{"@id":"https:\/\/www.hubert-haas.de\/impressum\/#breadcrumb"},"inLanguage":"it-IT","potentialAction":[{"@type":"ReadAction","target":["https:\/\/www.hubert-haas.de\/impressum\/"]}]},{"@type":"BreadcrumbList","@id":"https:\/\/www.hubert-haas.de\/impressum\/#breadcrumb","itemListElement":[{"@type":"ListItem","position":1,"name":"Startseite","item":"https:\/\/www.hubert-haas.de\/"},{"@type":"ListItem","position":2,"name":"Impressum"}]}]}},"_links":{"self":[{"href":"https:\/\/www.hubert-haas.de\/it\/wp-json\/wp\/v2\/pages\/1361"}],"collection":[{"href":"https:\/\/www.hubert-haas.de\/it\/wp-json\/wp\/v2\/pages"}],"about":[{"href":"https:\/\/www.hubert-haas.de\/it\/wp-json\/wp\/v2\/types\/page"}],"author":[{"embeddable":true,"href":"https:\/\/www.hubert-haas.de\/it\/wp-json\/wp\/v2\/users\/1"}],"replies":[{"embeddable":true,"href":"https:\/\/www.hubert-haas.de\/it\/wp-json\/wp\/v2\/comments?post=1361"}],"version-history":[{"count":6,"href":"https:\/\/www.hubert-haas.de\/it\/wp-json\/wp\/v2\/pages\/1361\/revisions"}],"predecessor-version":[{"id":1720,"href":"https:\/\/www.hubert-haas.de\/it\/wp-json\/wp\/v2\/pages\/1361\/revisions\/1720"}],"wp:attachment":[{"href":"https:\/\/www.hubert-haas.de\/it\/wp-json\/wp\/v2\/media?parent=1361"}],"curies":[{"name":"wp","href":"https:\/\/api.w.org\/{rel}","templated":true}]}}