{"id":1189,"date":"2018-01-30T11:32:26","date_gmt":"2018-01-30T10:32:26","guid":{"rendered":"http:\/\/www.hubert-haas.de\/?page_id=1189"},"modified":"2024-06-01T16:02:43","modified_gmt":"2024-06-01T14:02:43","slug":"betaeubungsgeraet-tbg-200","status":"publish","type":"page","link":"https:\/\/www.hubert-haas.de\/it\/produkte\/betaeubungsgeraete\/betaeubungsgeraet-tbg-200\/","title":{"rendered":"Apparecchio di stordimento TBG 200"},"content":{"rendered":"<p>[fullwidth_text alt_background=&#8221;none&#8221; width=&#8221;1\/1&#8243; el_position=&#8221;first last&#8221;]\n<p><img loading=\"lazy\" class=\"wp-image-1212 alignright\" src=\"http:\/\/www.hubert-haas.de\/wp-content\/uploads\/2018\/01\/TBG-200.jpg\" alt=\"\" width=\"398\" height=\"423\" srcset=\"https:\/\/www.hubert-haas.de\/wp-content\/uploads\/2018\/01\/TBG-200.jpg 470w, https:\/\/www.hubert-haas.de\/wp-content\/uploads\/2018\/01\/TBG-200-283x300.jpg 283w\" sizes=\"(max-width: 398px) 100vw, 398px\" \/>L&#8217;apparecchio di stordimento TBG 200 rispetta le norme sulla prevenzione della crudelt\u00e0 sugli animali e soddisfa il Regolamento CE n. 1099\/2009 del 24\/09\/2009, il regolamento nazionale che attua il Regolamento sulla prevenzione della crudelt\u00e0 sugli animali all&#8217;atto della macellazione del 01\/01\/2013 e le attuali norme VDE.<br \/>\nIl TBG 200 \u00e8 sinonimo di qualit\u00e0 &#8220;Made in Germany&#8221; e si caratterizza per l&#8217;impiego facile e sicuro. I componenti di qualit\u00e0 e la tecnica innovativa assicurano una lunga durata e un&#8217;elevata qualit\u00e0 della carne. L\u2019apparecchio pu\u00f2 essere utilizzato anche per l\u2019abbattimento di emergenza in caso di epidemia.<\/p>\n<h3>Stordimento nel rispetto della prevenzione della crudelt\u00e0 sugli animali<\/h3>\n<ul>\n<li>Rapido aumento della corrente fino a 2,0 A nel 1\u00ba secondo<\/li>\n<li>Segnale ottico e acustico di mancato raggiungimento del tempo di stordimento minimo<\/li>\n<li>Segnale ottico e acustico di raggiungimento del tempo di stordimento minimo<\/li>\n<li>Segnale ottico e acustico di mancato raggiungimento dell&#8217;intensit\u00e0 minima della corrente di 1,3 A (per i maiali) o 1,0 A ( per le pecore) entro il 1\u00ba secondo o durante il tempo di stordimento<\/li>\n<li>Indicatori di tensione e intensit\u00e0 di corrente integrati (volt\/ampere)<\/li>\n<li>Indicazione del numero di capi<\/li>\n<li>Possibilit\u00e0 di stordimento combinato cervello-cuore<\/li>\n<li>3 programmi di stordimento per diverse specie animali\/dimensioni di animali e modalit\u00e0 di funzionamento<\/li>\n<\/ul>\n<h3>Dotazione<\/h3>\n<ul>\n<li>Alloggiamento in plastica, a scelta in acciaio inox<\/li>\n<li>Alta frequenza elettronica con parametri di stordimento ottimizzati per un&#8217;elevata qualit\u00e0 della carne<\/li>\n<li>Potente trasformatore da 2,0 A<\/li>\n<li>Supporto a parete in acciaio inox per trasformatore e pinza<\/li>\n<li>Pinza di stordimento in acciaio inox con cavo a spirale per un contatto sicuro<\/li>\n<li>Registratore dati integrato per il controllo dei parametri di stordimento rilevanti per la prevenzione della crudelt\u00e0 sugli animali; intensit\u00e0 di corrente (A); tensione (V); frequenza (Hz) e tempo di stordimento minimo (sec.)<\/li>\n<li>Chiavetta USB per la registrazione o la trasmissione dei dati<\/li>\n<\/ul>\n<h3>Software per l&#8217;analisi dei dati<\/h3>\n<ul>\n<li>I parametri di stordimento vengono analizzati sotto forma di statistica giornaliera o mensile con data, ora e diversi errori<\/li>\n<li>Rappresentazione del singolo animale come grafico o scala di valori<\/li>\n<\/ul>\n<h2>Dati tecnici<\/h2>\n<table class=\"sf-table striped_bordered\"><tbody> <tr> <th>Misure<\/th> <th><\/th> <\/tr> <tr> <td>Dimensioni<\/td> <td>400 x 225 x 300 mm<\/td> <\/tr> <tr> <td>Pesot<\/td> <td>circa 21 KG con piastra di fissaggio a parete<\/td> <\/tr> <tr> <td>Classe di protezione<\/td> <td>I <\/td> <\/tr> <tr> <td>Tipo di protezione IP<\/td> <td>65<\/td> <\/tr> <tr> <td>Collegamento alla rete<\/td> <td>230 V 50 HZ<\/td> <\/tr> <tr> <td>Rendimento<\/td> <td>circa 120 maiali\/ora<\/td> <\/tr> <tr> <td>Intensit\u00e0 di corrente<\/td> <td>2,0 A<\/td> <\/tr> <tr> <td>Tensione<\/td> <td>250 V &#8211; 300 V<\/td> <\/tr> <\/tbody><\/table>\n<p>&nbsp;<\/p>\n<h3>Pinza pneumatica<\/h3>\n<ul>\n<li><a href=\"http:\/\/www.hubert-haas.de\/wp-content\/uploads\/2018\/01\/Pneumatische-Zange-1.jpg\" target=\"_blank\" rel=\"noopener\"><img loading=\"lazy\" class=\"alignleft wp-image-1134\" src=\"http:\/\/www.hubert-haas.de\/wp-content\/uploads\/2018\/01\/Pneumatische-Zange-1-225x300.jpg\" alt=\"\" width=\"143\" height=\"190\" srcset=\"https:\/\/www.hubert-haas.de\/wp-content\/uploads\/2018\/01\/Pneumatische-Zange-1-225x300.jpg 225w, https:\/\/www.hubert-haas.de\/wp-content\/uploads\/2018\/01\/Pneumatische-Zange-1.jpg 480w\" sizes=\"(max-width: 143px) 100vw, 143px\" \/><\/a>Adatta a stordimento in trappola o stordimento in gabbia per maiali e pecore<\/li>\n<li>Netta agevolazione del lavoro dell\u2019operatore grazie al processo di chiusura automatico<\/li>\n<li>Contatto sicuro degli elettrodi<\/li>\n<li>Possibilit\u00e0 di impostare il tempo di chiusura o il tempo di stordimento<\/li>\n<li>Disponibile in 2 misure (maiali \/ scrofe)<\/li>\n<li>Impiego facile e sicuro<\/li>\n<li>Possibilit\u00e0 di utilizzo combinato con elettrodo per il cuore manuale o automatico<\/li>\n<li>Con unit\u00e0 di comando compatibile con tutti gli apparecchi per lo stordimento di animali<\/li>\n<li>Rendimento circa 180 animali \/ ora.<\/li>\n<\/ul>\n<h3>Forca di stordimento<\/h3>\n<ul>\n<li>Adatta a stordimento in trappola o stordimento in gabbia per maiali e pecore<\/li>\n<li>Impiego facile e sicuro<\/li>\n<li>Uso senza interruttore<\/li>\n<\/ul>\n<h3>Download\/Video<\/h3>\n<p><a href=\"https:\/\/www.hubert-haas.de\/wp-content\/uploads\/2017\/10\/2018_04_Bet\u00e4ubungsger\u00e4te_IT-1.pdf\" target=\"_blank\" rel=\"noopener\">PDF Apparecchio di stordimento<\/a><br \/>\n<a href=\"https:\/\/www.youtube.com\/watch?v=x-g8gKu3nSs\" target=\"_blank\" rel=\"noopener\">Youtube Video<\/a><\/p>\n[\/fullwidth_text]<\/p>","protected":false},"excerpt":{"rendered":"<p>[fullwidth_text alt_background=&#8221;none&#8221; width=&#8221;1\/1&#8243; el_position=&#8221;first last&#8221;] L&#8217;apparecchio di stordimento TBG 200 rispetta le norme sulla prevenzione della crudelt\u00e0 sugli animali e soddisfa il Regolamento CE n. 1099\/2009 del 24\/09\/2009, il regolamento nazionale che attua il Regolamento sulla prevenzione della crudelt\u00e0 sugli animali all&#8217;atto della macellazione del 01\/01\/2013 e le attuali norme VDE. Il TBG 200 \u00e8 sinonimo di qualit\u00e0 &#8220;Made in [&hellip;]<\/p>\n","protected":false},"author":1,"featured_media":0,"parent":237,"menu_order":27,"comment_status":"closed","ping_status":"closed","template":"","meta":[],"yoast_head":"<!-- This site is optimized with the Yoast SEO plugin v18.3 - https:\/\/yoast.com\/wordpress\/plugins\/seo\/ -->\n<title>Tierschutzbet\u00e4ubungsger\u00e4t nach Tierschutzschlachtverordnung<\/title>\n<meta name=\"robots\" content=\"index, follow, max-snippet:-1, max-image-preview:large, max-video-preview:-1\" \/>\n<link rel=\"canonical\" href=\"https:\/\/www.hubert-haas.de\/produkte\/betaeubungsgeraete\/betaeubungsgeraet-tbg-200\/\" \/>\n<meta property=\"og:locale\" content=\"it_IT\" \/>\n<meta property=\"og:type\" content=\"article\" \/>\n<meta property=\"og:title\" content=\"[:de]Tierschutzbet\u00e4ubungsger\u00e4t nach Tierschutzschlachtverordnung[:]\" \/>\n<meta property=\"og:description\" content=\"[fullwidth_text alt_background=&#8221;none&#8221; width=&#8221;1\/1&#8243; el_position=&#8221;first last&#8221;] L&#8217;apparecchio di stordimento TBG 200 rispetta le norme sulla prevenzione della crudelt\u00e0 sugli animali e soddisfa il Regolamento CE n. 1099\/2009 del 24\/09\/2009, il regolamento nazionale che attua il Regolamento sulla prevenzione della crudelt\u00e0 sugli animali all&#8217;atto della macellazione del 01\/01\/2013 e le attuali norme VDE. Il TBG 200 \u00e8 sinonimo di qualit\u00e0 &#8220;Made in [&hellip;]\" \/>\n<meta property=\"og:url\" content=\"https:\/\/www.hubert-haas.de\/produkte\/betaeubungsgeraete\/betaeubungsgeraet-tbg-200\/\" \/>\n<meta property=\"og:site_name\" content=\"Hubert Haas\" \/>\n<meta property=\"article:modified_time\" content=\"2024-06-01T14:02:43+00:00\" \/>\n<meta property=\"og:image\" content=\"http:\/\/www.hubert-haas.de\/wp-content\/uploads\/2018\/01\/TBG-200.jpg\" \/>\n<meta name=\"twitter:card\" content=\"summary_large_image\" \/>\n<meta name=\"twitter:label1\" content=\"Tempo di lettura stimato\" \/>\n\t<meta name=\"twitter:data1\" content=\"10 minuti\" \/>\n<script type=\"application\/ld+json\" class=\"yoast-schema-graph\">{\"@context\":\"https:\/\/schema.org\",\"@graph\":[{\"@type\":\"Organization\",\"@id\":\"https:\/\/www.hubert-haas.de\/#organization\",\"name\":\"Hubert Haas\",\"url\":\"https:\/\/www.hubert-haas.de\/\",\"sameAs\":[],\"logo\":{\"@type\":\"ImageObject\",\"@id\":\"https:\/\/www.hubert-haas.de\/#logo\",\"inLanguage\":\"it-IT\",\"url\":\"https:\/\/www.hubert-haas.de\/wp-content\/uploads\/2017\/06\/hubert-haas-neuler.png\",\"contentUrl\":\"https:\/\/www.hubert-haas.de\/wp-content\/uploads\/2017\/06\/hubert-haas-neuler.png\",\"width\":236,\"height\":80,\"caption\":\"Hubert Haas\"},\"image\":{\"@id\":\"https:\/\/www.hubert-haas.de\/#logo\"}},{\"@type\":\"WebSite\",\"@id\":\"https:\/\/www.hubert-haas.de\/#website\",\"url\":\"https:\/\/www.hubert-haas.de\/\",\"name\":\"Hubert Haas\",\"description\":\"\",\"publisher\":{\"@id\":\"https:\/\/www.hubert-haas.de\/#organization\"},\"potentialAction\":[{\"@type\":\"SearchAction\",\"target\":{\"@type\":\"EntryPoint\",\"urlTemplate\":\"https:\/\/www.hubert-haas.de\/?s={search_term_string}\"},\"query-input\":\"required name=search_term_string\"}],\"inLanguage\":\"it-IT\"},{\"@type\":\"ImageObject\",\"@id\":\"https:\/\/www.hubert-haas.de\/produkte\/betaeubungsgeraete\/betaeubungsgeraet-tbg-200\/#primaryimage\",\"inLanguage\":\"it-IT\",\"url\":\"http:\/\/www.hubert-haas.de\/wp-content\/uploads\/2018\/01\/TBG-200.jpg\",\"contentUrl\":\"http:\/\/www.hubert-haas.de\/wp-content\/uploads\/2018\/01\/TBG-200.jpg\"},{\"@type\":\"WebPage\",\"@id\":\"https:\/\/www.hubert-haas.de\/produkte\/betaeubungsgeraete\/betaeubungsgeraet-tbg-200\/#webpage\",\"url\":\"https:\/\/www.hubert-haas.de\/produkte\/betaeubungsgeraete\/betaeubungsgeraet-tbg-200\/\",\"name\":\"[:de]Tierschutzbet\u00e4ubungsger\u00e4t nach Tierschutzschlachtverordnung[:]\",\"isPartOf\":{\"@id\":\"https:\/\/www.hubert-haas.de\/#website\"},\"primaryImageOfPage\":{\"@id\":\"https:\/\/www.hubert-haas.de\/produkte\/betaeubungsgeraete\/betaeubungsgeraet-tbg-200\/#primaryimage\"},\"datePublished\":\"2018-01-30T10:32:26+00:00\",\"dateModified\":\"2024-06-01T14:02:43+00:00\",\"breadcrumb\":{\"@id\":\"https:\/\/www.hubert-haas.de\/produkte\/betaeubungsgeraete\/betaeubungsgeraet-tbg-200\/#breadcrumb\"},\"inLanguage\":\"it-IT\",\"potentialAction\":[{\"@type\":\"ReadAction\",\"target\":[\"https:\/\/www.hubert-haas.de\/produkte\/betaeubungsgeraete\/betaeubungsgeraet-tbg-200\/\"]}]},{\"@type\":\"BreadcrumbList\",\"@id\":\"https:\/\/www.hubert-haas.de\/produkte\/betaeubungsgeraete\/betaeubungsgeraet-tbg-200\/#breadcrumb\",\"itemListElement\":[{\"@type\":\"ListItem\",\"position\":1,\"name\":\"Startseite\",\"item\":\"https:\/\/www.hubert-haas.de\/\"},{\"@type\":\"ListItem\",\"position\":2,\"name\":\"Products\",\"item\":\"https:\/\/www.hubert-haas.de\/en\/produkte\/\"},{\"@type\":\"ListItem\",\"position\":3,\"name\":\"Bet\u00e4ubungsger\u00e4te\",\"item\":\"https:\/\/www.hubert-haas.de\/produkte\/betaeubungsgeraete\/\"},{\"@type\":\"ListItem\",\"position\":4,\"name\":\"Bet\u00e4ubungsger\u00e4t TBG 200\"}]}]}<\/script>\n<!-- \/ Yoast SEO plugin. -->","yoast_head_json":{"title":"Tierschutzbet\u00e4ubungsger\u00e4t nach Tierschutzschlachtverordnung","robots":{"index":"index","follow":"follow","max-snippet":"max-snippet:-1","max-image-preview":"max-image-preview:large","max-video-preview":"max-video-preview:-1"},"canonical":"https:\/\/www.hubert-haas.de\/produkte\/betaeubungsgeraete\/betaeubungsgeraet-tbg-200\/","og_locale":"it_IT","og_type":"article","og_title":"[:de]Tierschutzbet\u00e4ubungsger\u00e4t nach Tierschutzschlachtverordnung[:]","og_description":"[fullwidth_text alt_background=&#8221;none&#8221; width=&#8221;1\/1&#8243; el_position=&#8221;first last&#8221;] L&#8217;apparecchio di stordimento TBG 200 rispetta le norme sulla prevenzione della crudelt\u00e0 sugli animali e soddisfa il Regolamento CE n. 1099\/2009 del 24\/09\/2009, il regolamento nazionale che attua il Regolamento sulla prevenzione della crudelt\u00e0 sugli animali all&#8217;atto della macellazione del 01\/01\/2013 e le attuali norme VDE. Il TBG 200 \u00e8 sinonimo di qualit\u00e0 &#8220;Made in [&hellip;]","og_url":"https:\/\/www.hubert-haas.de\/produkte\/betaeubungsgeraete\/betaeubungsgeraet-tbg-200\/","og_site_name":"Hubert Haas","article_modified_time":"2024-06-01T14:02:43+00:00","og_image":[{"url":"http:\/\/www.hubert-haas.de\/wp-content\/uploads\/2018\/01\/TBG-200.jpg"}],"twitter_card":"summary_large_image","twitter_misc":{"Tempo di lettura stimato":"10 minuti"},"schema":{"@context":"https:\/\/schema.org","@graph":[{"@type":"Organization","@id":"https:\/\/www.hubert-haas.de\/#organization","name":"Hubert Haas","url":"https:\/\/www.hubert-haas.de\/","sameAs":[],"logo":{"@type":"ImageObject","@id":"https:\/\/www.hubert-haas.de\/#logo","inLanguage":"it-IT","url":"https:\/\/www.hubert-haas.de\/wp-content\/uploads\/2017\/06\/hubert-haas-neuler.png","contentUrl":"https:\/\/www.hubert-haas.de\/wp-content\/uploads\/2017\/06\/hubert-haas-neuler.png","width":236,"height":80,"caption":"Hubert Haas"},"image":{"@id":"https:\/\/www.hubert-haas.de\/#logo"}},{"@type":"WebSite","@id":"https:\/\/www.hubert-haas.de\/#website","url":"https:\/\/www.hubert-haas.de\/","name":"Hubert Haas","description":"","publisher":{"@id":"https:\/\/www.hubert-haas.de\/#organization"},"potentialAction":[{"@type":"SearchAction","target":{"@type":"EntryPoint","urlTemplate":"https:\/\/www.hubert-haas.de\/?s={search_term_string}"},"query-input":"required name=search_term_string"}],"inLanguage":"it-IT"},{"@type":"ImageObject","@id":"https:\/\/www.hubert-haas.de\/produkte\/betaeubungsgeraete\/betaeubungsgeraet-tbg-200\/#primaryimage","inLanguage":"it-IT","url":"http:\/\/www.hubert-haas.de\/wp-content\/uploads\/2018\/01\/TBG-200.jpg","contentUrl":"http:\/\/www.hubert-haas.de\/wp-content\/uploads\/2018\/01\/TBG-200.jpg"},{"@type":"WebPage","@id":"https:\/\/www.hubert-haas.de\/produkte\/betaeubungsgeraete\/betaeubungsgeraet-tbg-200\/#webpage","url":"https:\/\/www.hubert-haas.de\/produkte\/betaeubungsgeraete\/betaeubungsgeraet-tbg-200\/","name":"[:de]Tierschutzbet\u00e4ubungsger\u00e4t nach Tierschutzschlachtverordnung[:]","isPartOf":{"@id":"https:\/\/www.hubert-haas.de\/#website"},"primaryImageOfPage":{"@id":"https:\/\/www.hubert-haas.de\/produkte\/betaeubungsgeraete\/betaeubungsgeraet-tbg-200\/#primaryimage"},"datePublished":"2018-01-30T10:32:26+00:00","dateModified":"2024-06-01T14:02:43+00:00","breadcrumb":{"@id":"https:\/\/www.hubert-haas.de\/produkte\/betaeubungsgeraete\/betaeubungsgeraet-tbg-200\/#breadcrumb"},"inLanguage":"it-IT","potentialAction":[{"@type":"ReadAction","target":["https:\/\/www.hubert-haas.de\/produkte\/betaeubungsgeraete\/betaeubungsgeraet-tbg-200\/"]}]},{"@type":"BreadcrumbList","@id":"https:\/\/www.hubert-haas.de\/produkte\/betaeubungsgeraete\/betaeubungsgeraet-tbg-200\/#breadcrumb","itemListElement":[{"@type":"ListItem","position":1,"name":"Startseite","item":"https:\/\/www.hubert-haas.de\/"},{"@type":"ListItem","position":2,"name":"Products","item":"https:\/\/www.hubert-haas.de\/en\/produkte\/"},{"@type":"ListItem","position":3,"name":"Bet\u00e4ubungsger\u00e4te","item":"https:\/\/www.hubert-haas.de\/produkte\/betaeubungsgeraete\/"},{"@type":"ListItem","position":4,"name":"Bet\u00e4ubungsger\u00e4t TBG 200"}]}]}},"_links":{"self":[{"href":"https:\/\/www.hubert-haas.de\/it\/wp-json\/wp\/v2\/pages\/1189"}],"collection":[{"href":"https:\/\/www.hubert-haas.de\/it\/wp-json\/wp\/v2\/pages"}],"about":[{"href":"https:\/\/www.hubert-haas.de\/it\/wp-json\/wp\/v2\/types\/page"}],"author":[{"embeddable":true,"href":"https:\/\/www.hubert-haas.de\/it\/wp-json\/wp\/v2\/users\/1"}],"replies":[{"embeddable":true,"href":"https:\/\/www.hubert-haas.de\/it\/wp-json\/wp\/v2\/comments?post=1189"}],"version-history":[{"count":29,"href":"https:\/\/www.hubert-haas.de\/it\/wp-json\/wp\/v2\/pages\/1189\/revisions"}],"predecessor-version":[{"id":2011,"href":"https:\/\/www.hubert-haas.de\/it\/wp-json\/wp\/v2\/pages\/1189\/revisions\/2011"}],"up":[{"embeddable":true,"href":"https:\/\/www.hubert-haas.de\/it\/wp-json\/wp\/v2\/pages\/237"}],"wp:attachment":[{"href":"https:\/\/www.hubert-haas.de\/it\/wp-json\/wp\/v2\/media?parent=1189"}],"curies":[{"name":"wp","href":"https:\/\/api.w.org\/{rel}","templated":true}]}}