{"id":671,"date":"2017-09-02T16:32:37","date_gmt":"2017-09-02T14:32:37","guid":{"rendered":"http:\/\/www.hubert-haas.de\/?page_id=671"},"modified":"2020-08-17T13:16:58","modified_gmt":"2020-08-17T11:16:58","slug":"gebrauchte-maschinen","status":"publish","type":"page","link":"https:\/\/www.hubert-haas.de\/es\/produkte\/gebrauchte-maschinen\/","title":{"rendered":"M\u00e1quinas usadas"},"content":{"rendered":"<p>[fullwidth_text alt_background=\u00bbnone\u00bb width=\u00bb1\/1&#8243; el_position=\u00bbfirst last\u00bb]\n<p><span id=\"result_box\" lang=\"es\">Hemos utilizado constantemente m\u00e1quinas en existencia. Para obtener m\u00e1s informaci\u00f3n \/ oferta, cont\u00e1ctenos.<\/span><\/p>\n<h3>HNSKL-B <span id=\"result_box\" class=\"short_text\" lang=\"es\">acero inoxidable<\/span><\/h3>\n<p>&nbsp;<\/p>\n[\/fullwidth_text] [spb_single_image image=\u00bb1515&#8243; image_size=\u00bbthumbnail\u00bb frame=\u00bbglowframe\u00bb intro_animation=\u00bbfade-in\u00bb full_width=\u00bbno\u00bb lightbox=\u00bbyes\u00bb link_target=\u00bb_self\u00bb width=\u00bb1\/4&#8243; el_position=\u00bbfirst\u00bb] [spb_single_image image=\u00bb1516&#8243; image_size=\u00bbthumbnail\u00bb frame=\u00bbglowframe\u00bb intro_animation=\u00bbfade-in\u00bb full_width=\u00bbno\u00bb lightbox=\u00bbyes\u00bb link_target=\u00bb_self\u00bb width=\u00bb1\/4&#8243;] [spb_single_image image=\u00bb1517&#8243; image_size=\u00bbthumbnail\u00bb frame=\u00bbglowframe\u00bb intro_animation=\u00bbfade-in\u00bb full_width=\u00bbno\u00bb lightbox=\u00bbyes\u00bb link_target=\u00bb_self\u00bb width=\u00bb1\/4&#8243;] [spb_single_image image=\u00bb1518&#8243; image_size=\u00bbthumbnail\u00bb frame=\u00bbglowframe\u00bb intro_animation=\u00bbfade-in\u00bb full_width=\u00bbno\u00bb lightbox=\u00bbyes\u00bb link_target=\u00bb_self\u00bb width=\u00bb1\/4&#8243; el_position=\u00bblast\u00bb] [spb_single_image image=\u00bb1519&#8243; image_size=\u00bbthumbnail\u00bb frame=\u00bbglowframe\u00bb intro_animation=\u00bbfade-in\u00bb full_width=\u00bbno\u00bb lightbox=\u00bbyes\u00bb link_target=\u00bb_self\u00bb width=\u00bb1\/4&#8243; el_position=\u00bbfirst last\u00bb] [fullwidth_text alt_background=\u00bbnone\u00bb width=\u00bb1\/1&#8243; el_position=\u00bbfirst last\u00bb]\n<h3>HNSKR-S Edelstahl &#8211; <span id=\"result_box\" class=\"short_text\" lang=\"es\">calienta gas<\/span><span id=\"t-served-community-button\" class=\"trans-verified-button goog-toolbar-button\" role=\"button\" aria-hidden=\"true\"><\/span><\/h3>\n<p>&nbsp;<\/p>\n[\/fullwidth_text] [spb_single_image image=\u00bb1523&#8243; image_size=\u00bbthumbnail\u00bb frame=\u00bbglowframe\u00bb intro_animation=\u00bbfade-in\u00bb full_width=\u00bbno\u00bb lightbox=\u00bbyes\u00bb link_target=\u00bb_self\u00bb width=\u00bb1\/4&#8243; el_position=\u00bbfirst\u00bb] [spb_single_image image=\u00bb1522&#8243; image_size=\u00bbthumbnail\u00bb frame=\u00bbglowframe\u00bb intro_animation=\u00bbfade-in\u00bb full_width=\u00bbno\u00bb lightbox=\u00bbyes\u00bb link_target=\u00bb_self\u00bb width=\u00bb1\/4&#8243;] [spb_single_image image=\u00bb1520&#8243; image_size=\u00bbthumbnail\u00bb frame=\u00bbglowframe\u00bb intro_animation=\u00bbfade-in\u00bb full_width=\u00bbno\u00bb lightbox=\u00bbyes\u00bb link_target=\u00bb_self\u00bb width=\u00bb1\/4&#8243;] [spb_single_image image=\u00bb1521&#8243; image_size=\u00bbthumbnail\u00bb frame=\u00bbglowframe\u00bb intro_animation=\u00bbfade-in\u00bb full_width=\u00bbno\u00bb lightbox=\u00bbyes\u00bb link_target=\u00bb_self\u00bb width=\u00bb1\/4&#8243; el_position=\u00bblast\u00bb] [spb_single_image image=\u00bb1524&#8243; image_size=\u00bbthumbnail\u00bb frame=\u00bbglowframe\u00bb intro_animation=\u00bbfade-in\u00bb full_width=\u00bbno\u00bb lightbox=\u00bbyes\u00bb link_target=\u00bb_self\u00bb width=\u00bb1\/4&#8243; el_position=\u00bbfirst\u00bb] [spb_single_image image=\u00bb1525&#8243; image_size=\u00bbthumbnail\u00bb frame=\u00bbglowframe\u00bb intro_animation=\u00bbfade-in\u00bb full_width=\u00bbno\u00bb lightbox=\u00bbyes\u00bb link_target=\u00bb_self\u00bb width=\u00bb1\/4&#8243; el_position=\u00bblast\u00bb] [fullwidth_text alt_background=\u00bbnone\u00bb width=\u00bb1\/1&#8243; el_position=\u00bbfirst last\u00bb]\n<h3>HSKR-B <span id=\"result_box\" class=\"short_text\" lang=\"es\">galvanizado<\/span><\/h3>\n<p>&nbsp;<\/p>\n[\/fullwidth_text] [spb_single_image image=\u00bb1531&#8243; image_size=\u00bbthumbnail\u00bb frame=\u00bbglowframe\u00bb intro_animation=\u00bbfade-in\u00bb full_width=\u00bbno\u00bb lightbox=\u00bbyes\u00bb link_target=\u00bb_self\u00bb width=\u00bb1\/4&#8243; el_position=\u00bbfirst\u00bb] [spb_single_image image=\u00bb1530&#8243; image_size=\u00bbthumbnail\u00bb frame=\u00bbglowframe\u00bb intro_animation=\u00bbfade-in\u00bb full_width=\u00bbno\u00bb lightbox=\u00bbyes\u00bb link_target=\u00bb_self\u00bb width=\u00bb1\/4&#8243;] [spb_single_image image=\u00bb1529&#8243; image_size=\u00bbthumbnail\u00bb frame=\u00bbglowframe\u00bb intro_animation=\u00bbfade-in\u00bb full_width=\u00bbno\u00bb lightbox=\u00bbyes\u00bb link_target=\u00bb_self\u00bb width=\u00bb1\/4&#8243;] [spb_single_image image=\u00bb1526&#8243; image_size=\u00bbthumbnail\u00bb frame=\u00bbglowframe\u00bb intro_animation=\u00bbfade-in\u00bb full_width=\u00bbno\u00bb lightbox=\u00bbyes\u00bb link_target=\u00bb_self\u00bb width=\u00bb1\/4&#8243; el_position=\u00bblast\u00bb] [spb_single_image image=\u00bb1528&#8243; image_size=\u00bbthumbnail\u00bb frame=\u00bbglowframe\u00bb intro_animation=\u00bbfade-in\u00bb full_width=\u00bbno\u00bb lightbox=\u00bbyes\u00bb link_target=\u00bb_self\u00bb width=\u00bb1\/4&#8243; el_position=\u00bbfirst last\u00bb]<\/p>","protected":false},"excerpt":{"rendered":"<p>[fullwidth_text alt_background=\u00bbnone\u00bb width=\u00bb1\/1&#8243; el_position=\u00bbfirst last\u00bb] Hemos utilizado constantemente m\u00e1quinas en existencia. Para obtener m\u00e1s informaci\u00f3n \/ oferta, cont\u00e1ctenos. HNSKL-B acero inoxidable &nbsp; [\/fullwidth_text] [spb_single_image image=\u00bb1515&#8243; image_size=\u00bbthumbnail\u00bb frame=\u00bbglowframe\u00bb intro_animation=\u00bbfade-in\u00bb full_width=\u00bbno\u00bb lightbox=\u00bbyes\u00bb link_target=\u00bb_self\u00bb width=\u00bb1\/4&#8243; el_position=\u00bbfirst\u00bb] [spb_single_image image=\u00bb1516&#8243; image_size=\u00bbthumbnail\u00bb frame=\u00bbglowframe\u00bb intro_animation=\u00bbfade-in\u00bb full_width=\u00bbno\u00bb lightbox=\u00bbyes\u00bb link_target=\u00bb_self\u00bb width=\u00bb1\/4&#8243;] [spb_single_image image=\u00bb1517&#8243; image_size=\u00bbthumbnail\u00bb frame=\u00bbglowframe\u00bb intro_animation=\u00bbfade-in\u00bb full_width=\u00bbno\u00bb lightbox=\u00bbyes\u00bb link_target=\u00bb_self\u00bb width=\u00bb1\/4&#8243;] [spb_single_image image=\u00bb1518&#8243; image_size=\u00bbthumbnail\u00bb frame=\u00bbglowframe\u00bb intro_animation=\u00bbfade-in\u00bb full_width=\u00bbno\u00bb lightbox=\u00bbyes\u00bb link_target=\u00bb_self\u00bb width=\u00bb1\/4&#8243; [&hellip;]<\/p>\n","protected":false},"author":1,"featured_media":0,"parent":43,"menu_order":17,"comment_status":"closed","ping_status":"closed","template":"","meta":[],"yoast_head":"<!-- This site is optimized with the Yoast SEO plugin v18.3 - https:\/\/yoast.com\/wordpress\/plugins\/seo\/ -->\n<title>Gebrauchte Maschinen Br\u00fch-, Schlacht- und Bet\u00e4ubungsanlagen<\/title>\n<meta name=\"robots\" content=\"index, follow, max-snippet:-1, max-image-preview:large, max-video-preview:-1\" \/>\n<link rel=\"canonical\" href=\"https:\/\/www.hubert-haas.de\/produkte\/gebrauchte-maschinen\/\" \/>\n<meta property=\"og:locale\" content=\"es_ES\" \/>\n<meta property=\"og:type\" content=\"article\" \/>\n<meta property=\"og:title\" content=\"Gebrauchte Maschinen Br\u00fch-, Schlacht- und Bet\u00e4ubungsanlagen\" \/>\n<meta property=\"og:description\" content=\"[fullwidth_text alt_background=\u00bbnone\u00bb width=\u00bb1\/1&#8243; el_position=\u00bbfirst last\u00bb] Hemos utilizado constantemente m\u00e1quinas en existencia. Para obtener m\u00e1s informaci\u00f3n \/ oferta, cont\u00e1ctenos. HNSKL-B acero inoxidable &nbsp; [\/fullwidth_text] [spb_single_image image=\u00bb1515&#8243; image_size=\u00bbthumbnail\u00bb frame=\u00bbglowframe\u00bb intro_animation=\u00bbfade-in\u00bb full_width=\u00bbno\u00bb lightbox=\u00bbyes\u00bb link_target=\u00bb_self\u00bb width=\u00bb1\/4&#8243; el_position=\u00bbfirst\u00bb] [spb_single_image image=\u00bb1516&#8243; image_size=\u00bbthumbnail\u00bb frame=\u00bbglowframe\u00bb intro_animation=\u00bbfade-in\u00bb full_width=\u00bbno\u00bb lightbox=\u00bbyes\u00bb link_target=\u00bb_self\u00bb width=\u00bb1\/4&#8243;] [spb_single_image image=\u00bb1517&#8243; image_size=\u00bbthumbnail\u00bb frame=\u00bbglowframe\u00bb intro_animation=\u00bbfade-in\u00bb full_width=\u00bbno\u00bb lightbox=\u00bbyes\u00bb link_target=\u00bb_self\u00bb width=\u00bb1\/4&#8243;] [spb_single_image image=\u00bb1518&#8243; image_size=\u00bbthumbnail\u00bb frame=\u00bbglowframe\u00bb intro_animation=\u00bbfade-in\u00bb full_width=\u00bbno\u00bb lightbox=\u00bbyes\u00bb link_target=\u00bb_self\u00bb width=\u00bb1\/4&#8243; [&hellip;]\" \/>\n<meta property=\"og:url\" content=\"https:\/\/www.hubert-haas.de\/produkte\/gebrauchte-maschinen\/\" \/>\n<meta property=\"og:site_name\" content=\"Hubert Haas\" \/>\n<meta property=\"article:modified_time\" content=\"2020-08-17T11:16:58+00:00\" \/>\n<meta name=\"twitter:card\" content=\"summary_large_image\" \/>\n<meta name=\"twitter:label1\" content=\"Tiempo de lectura\" \/>\n\t<meta name=\"twitter:data1\" content=\"9 minutos\" \/>\n<script type=\"application\/ld+json\" class=\"yoast-schema-graph\">{\"@context\":\"https:\/\/schema.org\",\"@graph\":[{\"@type\":\"Organization\",\"@id\":\"https:\/\/www.hubert-haas.de\/#organization\",\"name\":\"Hubert Haas\",\"url\":\"https:\/\/www.hubert-haas.de\/\",\"sameAs\":[],\"logo\":{\"@type\":\"ImageObject\",\"@id\":\"https:\/\/www.hubert-haas.de\/#logo\",\"inLanguage\":\"es\",\"url\":\"https:\/\/www.hubert-haas.de\/wp-content\/uploads\/2017\/06\/hubert-haas-neuler.png\",\"contentUrl\":\"https:\/\/www.hubert-haas.de\/wp-content\/uploads\/2017\/06\/hubert-haas-neuler.png\",\"width\":236,\"height\":80,\"caption\":\"Hubert Haas\"},\"image\":{\"@id\":\"https:\/\/www.hubert-haas.de\/#logo\"}},{\"@type\":\"WebSite\",\"@id\":\"https:\/\/www.hubert-haas.de\/#website\",\"url\":\"https:\/\/www.hubert-haas.de\/\",\"name\":\"Hubert Haas\",\"description\":\"\",\"publisher\":{\"@id\":\"https:\/\/www.hubert-haas.de\/#organization\"},\"potentialAction\":[{\"@type\":\"SearchAction\",\"target\":{\"@type\":\"EntryPoint\",\"urlTemplate\":\"https:\/\/www.hubert-haas.de\/?s={search_term_string}\"},\"query-input\":\"required name=search_term_string\"}],\"inLanguage\":\"es\"},{\"@type\":\"WebPage\",\"@id\":\"https:\/\/www.hubert-haas.de\/produkte\/gebrauchte-maschinen\/#webpage\",\"url\":\"https:\/\/www.hubert-haas.de\/produkte\/gebrauchte-maschinen\/\",\"name\":\"Gebrauchte Maschinen Br\u00fch-, Schlacht- und Bet\u00e4ubungsanlagen\",\"isPartOf\":{\"@id\":\"https:\/\/www.hubert-haas.de\/#website\"},\"datePublished\":\"2017-09-02T14:32:37+00:00\",\"dateModified\":\"2020-08-17T11:16:58+00:00\",\"breadcrumb\":{\"@id\":\"https:\/\/www.hubert-haas.de\/produkte\/gebrauchte-maschinen\/#breadcrumb\"},\"inLanguage\":\"es\",\"potentialAction\":[{\"@type\":\"ReadAction\",\"target\":[\"https:\/\/www.hubert-haas.de\/produkte\/gebrauchte-maschinen\/\"]}]},{\"@type\":\"BreadcrumbList\",\"@id\":\"https:\/\/www.hubert-haas.de\/produkte\/gebrauchte-maschinen\/#breadcrumb\",\"itemListElement\":[{\"@type\":\"ListItem\",\"position\":1,\"name\":\"Startseite\",\"item\":\"https:\/\/www.hubert-haas.de\/\"},{\"@type\":\"ListItem\",\"position\":2,\"name\":\"Products\",\"item\":\"https:\/\/www.hubert-haas.de\/en\/produkte\/\"},{\"@type\":\"ListItem\",\"position\":3,\"name\":\"Gebrauchte Maschinen\"}]}]}<\/script>\n<!-- \/ Yoast SEO plugin. -->","yoast_head_json":{"title":"Gebrauchte Maschinen Br\u00fch-, Schlacht- und Bet\u00e4ubungsanlagen","robots":{"index":"index","follow":"follow","max-snippet":"max-snippet:-1","max-image-preview":"max-image-preview:large","max-video-preview":"max-video-preview:-1"},"canonical":"https:\/\/www.hubert-haas.de\/produkte\/gebrauchte-maschinen\/","og_locale":"es_ES","og_type":"article","og_title":"Gebrauchte Maschinen Br\u00fch-, Schlacht- und Bet\u00e4ubungsanlagen","og_description":"[fullwidth_text alt_background=\u00bbnone\u00bb width=\u00bb1\/1&#8243; el_position=\u00bbfirst last\u00bb] Hemos utilizado constantemente m\u00e1quinas en existencia. Para obtener m\u00e1s informaci\u00f3n \/ oferta, cont\u00e1ctenos. HNSKL-B acero inoxidable &nbsp; [\/fullwidth_text] [spb_single_image image=\u00bb1515&#8243; image_size=\u00bbthumbnail\u00bb frame=\u00bbglowframe\u00bb intro_animation=\u00bbfade-in\u00bb full_width=\u00bbno\u00bb lightbox=\u00bbyes\u00bb link_target=\u00bb_self\u00bb width=\u00bb1\/4&#8243; el_position=\u00bbfirst\u00bb] [spb_single_image image=\u00bb1516&#8243; image_size=\u00bbthumbnail\u00bb frame=\u00bbglowframe\u00bb intro_animation=\u00bbfade-in\u00bb full_width=\u00bbno\u00bb lightbox=\u00bbyes\u00bb link_target=\u00bb_self\u00bb width=\u00bb1\/4&#8243;] [spb_single_image image=\u00bb1517&#8243; image_size=\u00bbthumbnail\u00bb frame=\u00bbglowframe\u00bb intro_animation=\u00bbfade-in\u00bb full_width=\u00bbno\u00bb lightbox=\u00bbyes\u00bb link_target=\u00bb_self\u00bb width=\u00bb1\/4&#8243;] [spb_single_image image=\u00bb1518&#8243; image_size=\u00bbthumbnail\u00bb frame=\u00bbglowframe\u00bb intro_animation=\u00bbfade-in\u00bb full_width=\u00bbno\u00bb lightbox=\u00bbyes\u00bb link_target=\u00bb_self\u00bb width=\u00bb1\/4&#8243; [&hellip;]","og_url":"https:\/\/www.hubert-haas.de\/produkte\/gebrauchte-maschinen\/","og_site_name":"Hubert Haas","article_modified_time":"2020-08-17T11:16:58+00:00","twitter_card":"summary_large_image","twitter_misc":{"Tiempo de lectura":"9 minutos"},"schema":{"@context":"https:\/\/schema.org","@graph":[{"@type":"Organization","@id":"https:\/\/www.hubert-haas.de\/#organization","name":"Hubert Haas","url":"https:\/\/www.hubert-haas.de\/","sameAs":[],"logo":{"@type":"ImageObject","@id":"https:\/\/www.hubert-haas.de\/#logo","inLanguage":"es","url":"https:\/\/www.hubert-haas.de\/wp-content\/uploads\/2017\/06\/hubert-haas-neuler.png","contentUrl":"https:\/\/www.hubert-haas.de\/wp-content\/uploads\/2017\/06\/hubert-haas-neuler.png","width":236,"height":80,"caption":"Hubert Haas"},"image":{"@id":"https:\/\/www.hubert-haas.de\/#logo"}},{"@type":"WebSite","@id":"https:\/\/www.hubert-haas.de\/#website","url":"https:\/\/www.hubert-haas.de\/","name":"Hubert Haas","description":"","publisher":{"@id":"https:\/\/www.hubert-haas.de\/#organization"},"potentialAction":[{"@type":"SearchAction","target":{"@type":"EntryPoint","urlTemplate":"https:\/\/www.hubert-haas.de\/?s={search_term_string}"},"query-input":"required name=search_term_string"}],"inLanguage":"es"},{"@type":"WebPage","@id":"https:\/\/www.hubert-haas.de\/produkte\/gebrauchte-maschinen\/#webpage","url":"https:\/\/www.hubert-haas.de\/produkte\/gebrauchte-maschinen\/","name":"Gebrauchte Maschinen Br\u00fch-, Schlacht- und Bet\u00e4ubungsanlagen","isPartOf":{"@id":"https:\/\/www.hubert-haas.de\/#website"},"datePublished":"2017-09-02T14:32:37+00:00","dateModified":"2020-08-17T11:16:58+00:00","breadcrumb":{"@id":"https:\/\/www.hubert-haas.de\/produkte\/gebrauchte-maschinen\/#breadcrumb"},"inLanguage":"es","potentialAction":[{"@type":"ReadAction","target":["https:\/\/www.hubert-haas.de\/produkte\/gebrauchte-maschinen\/"]}]},{"@type":"BreadcrumbList","@id":"https:\/\/www.hubert-haas.de\/produkte\/gebrauchte-maschinen\/#breadcrumb","itemListElement":[{"@type":"ListItem","position":1,"name":"Startseite","item":"https:\/\/www.hubert-haas.de\/"},{"@type":"ListItem","position":2,"name":"Products","item":"https:\/\/www.hubert-haas.de\/en\/produkte\/"},{"@type":"ListItem","position":3,"name":"Gebrauchte Maschinen"}]}]}},"_links":{"self":[{"href":"https:\/\/www.hubert-haas.de\/es\/wp-json\/wp\/v2\/pages\/671"}],"collection":[{"href":"https:\/\/www.hubert-haas.de\/es\/wp-json\/wp\/v2\/pages"}],"about":[{"href":"https:\/\/www.hubert-haas.de\/es\/wp-json\/wp\/v2\/types\/page"}],"author":[{"embeddable":true,"href":"https:\/\/www.hubert-haas.de\/es\/wp-json\/wp\/v2\/users\/1"}],"replies":[{"embeddable":true,"href":"https:\/\/www.hubert-haas.de\/es\/wp-json\/wp\/v2\/comments?post=671"}],"version-history":[{"count":24,"href":"https:\/\/www.hubert-haas.de\/es\/wp-json\/wp\/v2\/pages\/671\/revisions"}],"predecessor-version":[{"id":1994,"href":"https:\/\/www.hubert-haas.de\/es\/wp-json\/wp\/v2\/pages\/671\/revisions\/1994"}],"up":[{"embeddable":true,"href":"https:\/\/www.hubert-haas.de\/es\/wp-json\/wp\/v2\/pages\/43"}],"wp:attachment":[{"href":"https:\/\/www.hubert-haas.de\/es\/wp-json\/wp\/v2\/media?parent=671"}],"curies":[{"name":"wp","href":"https:\/\/api.w.org\/{rel}","templated":true}]}}