{"id":669,"date":"2017-09-02T16:36:01","date_gmt":"2017-09-02T14:36:01","guid":{"rendered":"http:\/\/www.hubert-haas.de\/?page_id=669"},"modified":"2019-03-12T15:22:38","modified_gmt":"2019-03-12T14:22:38","slug":"hnmr-ml","status":"publish","type":"page","link":"https:\/\/www.hubert-haas.de\/es\/produkte\/automatische-brueh-enthaarungsmaschine\/hnmr-ml\/","title":{"rendered":"Modelo H(N)MR o H(N)ML"},"content":{"rendered":"<p>[blank_spacer height=\u00bb30px\u00bb width=\u00bb1\/1&#8243; el_position=\u00bbfirst last\u00bb] [fullwidth_text alt_background=\u00bbnone\u00bb width=\u00bb1\/1&#8243; el_position=\u00bbfirst last\u00bb]\n<h2><\/h2>\n<h3><img loading=\"lazy\" class=\"wp-image-1164 alignright\" src=\"http:\/\/www.hubert-haas.de\/wp-content\/uploads\/2018\/01\/Typ-HNMR-oder-HNML.jpg\" alt=\"\" width=\"407\" height=\"345\" srcset=\"https:\/\/www.hubert-haas.de\/wp-content\/uploads\/2018\/01\/Typ-HNMR-oder-HNML.jpg 567w, https:\/\/www.hubert-haas.de\/wp-content\/uploads\/2018\/01\/Typ-HNMR-oder-HNML-300x254.jpg 300w\" sizes=\"(max-width: 407px) 100vw, 407px\" \/>Equipamiento<\/h3>\n<ul>\n<li>Sistema de 2 rodillos para el pelado a fondo<\/li>\n<li>Rejilla de expulsi\u00f3n<\/li>\n<li>Se puede mover con el carro de transporte<\/li>\n<li>Batidores especiales de goma<\/li>\n<li>Calefacci\u00f3n el\u00e9ctrica en el ba\u00f1o de aceite<\/li>\n<li>Carcasa de la m\u00e1quina con unidad de control y manejo integrada<\/li>\n<li>Los rodillos no se pueden ladear<\/li>\n<\/ul>\n<h3>Opciones<\/h3>\n<ul>\n<li>Galvanizado en caliente o todo en acero inoxidable<\/li>\n<li>Modelo especial para cochinillos (aprox. 10 &#8211; 150 kg)<\/li>\n<li>Diferentes largos internos a elegir<\/li>\n<li>Recogedor de cerdas<\/li>\n<\/ul>\n<h3>Download\/Video<\/h3>\n<p><a href=\"http:\/\/www.hubert-haas.de\/wp-content\/uploads\/2017\/10\/Typ-HNMR-oder-HNML_DE.pdf\" target=\"_blank\" rel=\"noopener\">PDF\u00a0Modelo H(N)MR o H(N)ML<\/a><br \/>\n<a href=\"https:\/\/www.youtube.com\/watch?v=XOYmv6H2FEg\" target=\"_blank\" rel=\"noopener\">Youtube Video<\/a><\/p>\n[\/fullwidth_text] [spb_single_image image=\u00bb1165&#8243; image_size=\u00bbthumbnail\u00bb frame=\u00bbglowframe\u00bb intro_animation=\u00bbfade-in\u00bb full_width=\u00bbno\u00bb lightbox=\u00bbyes\u00bb link_target=\u00bb_self\u00bb width=\u00bb1\/4&#8243; el_position=\u00bbfirst\u00bb] [spb_single_image image=\u00bb1454&#8243; image_size=\u00bbthumbnail\u00bb frame=\u00bbglowframe\u00bb intro_animation=\u00bbfade-in\u00bb full_width=\u00bbno\u00bb lightbox=\u00bbyes\u00bb link_target=\u00bb_self\u00bb caption=\u00bbHNML-S- Spanferkel\u00bb width=\u00bb1\/4&#8243;] [spb_single_image image=\u00bb1448&#8243; image_size=\u00bbthumbnail\u00bb frame=\u00bbglowframe\u00bb intro_animation=\u00bbfade-in\u00bb full_width=\u00bbno\u00bb lightbox=\u00bbyes\u00bb link_target=\u00bb_self\u00bb caption=\u00bbHNML-S- Spanferkel\u00bb width=\u00bb1\/4&#8243;] [spb_single_image image=\u00bb1447&#8243; image_size=\u00bbthumbnail\u00bb frame=\u00bbglowframe\u00bb intro_animation=\u00bbfade-in\u00bb full_width=\u00bbno\u00bb lightbox=\u00bbyes\u00bb link_target=\u00bb_self\u00bb caption=\u00bbHNML-S- Spanferkel\u00bb width=\u00bb1\/4&#8243; el_position=\u00bblast\u00bb] [spb_single_image image=\u00bb1446&#8243; image_size=\u00bbthumbnail\u00bb frame=\u00bbglowframe\u00bb intro_animation=\u00bbnone\u00bb full_width=\u00bbno\u00bb lightbox=\u00bbyes\u00bb link_target=\u00bb_self\u00bb caption=\u00bbHNML-S- Spanferkel\u00bb width=\u00bb1\/4&#8243; el_position=\u00bbfirst last\u00bb] [fullwidth_text alt_background=\u00bbnone\u00bb width=\u00bb1\/1&#8243; el_position=\u00bbfirst last\u00bb]\n<h2>Datos t\u00e9cnicos<\/h2>\n<table class=\"sf-table striped_bordered\"><tbody> <tr> <th>Medidas<\/th> <th><\/th> <\/tr> <tr> <td>Longitud interior<\/td> <td>1.800 mm<\/td> <\/tr> <tr> <td>Exterior<\/td> <td>2.150 x 1.000 mm<\/td> <\/tr> <tr> <td>Longitud interior especial<\/td> <td>1.240 mm<\/td> <\/tr> <tr> <td>Exterior<\/td> <td>1.590 x 1.000 mm<\/td> <\/tr> <tr> <td>Longitud interior especial<\/td> <td>1.990mm<\/td> <\/tr> <tr> <td>External<\/td> <td>2.340 x 1.000 mm<\/td> <\/tr> <tr> <td>Masa total<\/td> <td>aprox. 420 &#8211; 500 kg<\/td> <\/tr> <tr> <td>Potencia calor\u00edfica el\u00e9ctrica<\/td> <td>10, 12 o 16 kW<\/td> <\/tr> <tr> <td>Opcional<\/td> <td>Calefacci\u00f3n de vapor<\/td> <\/tr> <tr> <td>Potencia motriz<\/td> <td>2,2 kW<\/td> <\/tr> <tr> <td>Volumen de llenado de agua<\/td> <td>aprox. 130 litros<\/td> <\/tr> <tr> <td>Tiempo de escaldado y pelado<\/td> <td>aprox. 3 minutos<\/td> <\/tr> <tr> <td>Para cerdos hasta<\/td> <td>unos 200 kg<\/td> <\/tr> <tr><\/tr> <\/tbody><\/table>\n[\/fullwidth_text]<\/p>","protected":false},"excerpt":{"rendered":"<p>[blank_spacer height=\u00bb30px\u00bb width=\u00bb1\/1&#8243; el_position=\u00bbfirst last\u00bb] [fullwidth_text alt_background=\u00bbnone\u00bb width=\u00bb1\/1&#8243; el_position=\u00bbfirst last\u00bb] Equipamiento Sistema de 2 rodillos para el pelado a fondo Rejilla de expulsi\u00f3n Se puede mover con el carro de transporte Batidores especiales de goma Calefacci\u00f3n el\u00e9ctrica en el ba\u00f1o de aceite Carcasa de la m\u00e1quina con unidad de control y manejo integrada Los rodillos no se pueden ladear Opciones [&hellip;]<\/p>\n","protected":false},"author":1,"featured_media":0,"parent":17,"menu_order":14,"comment_status":"closed","ping_status":"closed","template":"","meta":[],"yoast_head":"<!-- This site is optimized with the Yoast SEO plugin v18.3 - https:\/\/yoast.com\/wordpress\/plugins\/seo\/ -->\n<title>Br\u00fch-und Enthaarungsmaschine Schweine automatisch - Typ HNMR-ML<\/title>\n<meta name=\"robots\" content=\"index, follow, max-snippet:-1, max-image-preview:large, max-video-preview:-1\" \/>\n<link rel=\"canonical\" href=\"https:\/\/www.hubert-haas.de\/produkte\/automatische-brueh-enthaarungsmaschine\/hnmr-ml\/\" \/>\n<meta property=\"og:locale\" content=\"es_ES\" \/>\n<meta property=\"og:type\" content=\"article\" \/>\n<meta property=\"og:title\" content=\"Br\u00fch-und Enthaarungsmaschine Schweine automatisch - Typ HNMR-ML\" \/>\n<meta property=\"og:description\" content=\"[blank_spacer height=\u00bb30px\u00bb width=\u00bb1\/1&#8243; el_position=\u00bbfirst last\u00bb] [fullwidth_text alt_background=\u00bbnone\u00bb width=\u00bb1\/1&#8243; el_position=\u00bbfirst last\u00bb] Equipamiento Sistema de 2 rodillos para el pelado a fondo Rejilla de expulsi\u00f3n Se puede mover con el carro de transporte Batidores especiales de goma Calefacci\u00f3n el\u00e9ctrica en el ba\u00f1o de aceite Carcasa de la m\u00e1quina con unidad de control y manejo integrada Los rodillos no se pueden ladear Opciones [&hellip;]\" \/>\n<meta property=\"og:url\" content=\"https:\/\/www.hubert-haas.de\/produkte\/automatische-brueh-enthaarungsmaschine\/hnmr-ml\/\" \/>\n<meta property=\"og:site_name\" content=\"Hubert Haas\" \/>\n<meta property=\"article:modified_time\" content=\"2019-03-12T14:22:38+00:00\" \/>\n<meta property=\"og:image\" content=\"http:\/\/www.hubert-haas.de\/wp-content\/uploads\/2018\/01\/Typ-HNMR-oder-HNML.jpg\" \/>\n<meta name=\"twitter:card\" content=\"summary_large_image\" \/>\n<meta name=\"twitter:label1\" content=\"Tiempo de lectura\" \/>\n\t<meta name=\"twitter:data1\" content=\"8 minutos\" \/>\n<script type=\"application\/ld+json\" class=\"yoast-schema-graph\">{\"@context\":\"https:\/\/schema.org\",\"@graph\":[{\"@type\":\"Organization\",\"@id\":\"https:\/\/www.hubert-haas.de\/#organization\",\"name\":\"Hubert Haas\",\"url\":\"https:\/\/www.hubert-haas.de\/\",\"sameAs\":[],\"logo\":{\"@type\":\"ImageObject\",\"@id\":\"https:\/\/www.hubert-haas.de\/#logo\",\"inLanguage\":\"es\",\"url\":\"https:\/\/www.hubert-haas.de\/wp-content\/uploads\/2017\/06\/hubert-haas-neuler.png\",\"contentUrl\":\"https:\/\/www.hubert-haas.de\/wp-content\/uploads\/2017\/06\/hubert-haas-neuler.png\",\"width\":236,\"height\":80,\"caption\":\"Hubert Haas\"},\"image\":{\"@id\":\"https:\/\/www.hubert-haas.de\/#logo\"}},{\"@type\":\"WebSite\",\"@id\":\"https:\/\/www.hubert-haas.de\/#website\",\"url\":\"https:\/\/www.hubert-haas.de\/\",\"name\":\"Hubert Haas\",\"description\":\"\",\"publisher\":{\"@id\":\"https:\/\/www.hubert-haas.de\/#organization\"},\"potentialAction\":[{\"@type\":\"SearchAction\",\"target\":{\"@type\":\"EntryPoint\",\"urlTemplate\":\"https:\/\/www.hubert-haas.de\/?s={search_term_string}\"},\"query-input\":\"required name=search_term_string\"}],\"inLanguage\":\"es\"},{\"@type\":\"ImageObject\",\"@id\":\"https:\/\/www.hubert-haas.de\/produkte\/automatische-brueh-enthaarungsmaschine\/hnmr-ml\/#primaryimage\",\"inLanguage\":\"es\",\"url\":\"http:\/\/www.hubert-haas.de\/wp-content\/uploads\/2018\/01\/Typ-HNMR-oder-HNML.jpg\",\"contentUrl\":\"http:\/\/www.hubert-haas.de\/wp-content\/uploads\/2018\/01\/Typ-HNMR-oder-HNML.jpg\"},{\"@type\":\"WebPage\",\"@id\":\"https:\/\/www.hubert-haas.de\/produkte\/automatische-brueh-enthaarungsmaschine\/hnmr-ml\/#webpage\",\"url\":\"https:\/\/www.hubert-haas.de\/produkte\/automatische-brueh-enthaarungsmaschine\/hnmr-ml\/\",\"name\":\"Br\u00fch-und Enthaarungsmaschine Schweine automatisch - Typ HNMR-ML\",\"isPartOf\":{\"@id\":\"https:\/\/www.hubert-haas.de\/#website\"},\"primaryImageOfPage\":{\"@id\":\"https:\/\/www.hubert-haas.de\/produkte\/automatische-brueh-enthaarungsmaschine\/hnmr-ml\/#primaryimage\"},\"datePublished\":\"2017-09-02T14:36:01+00:00\",\"dateModified\":\"2019-03-12T14:22:38+00:00\",\"breadcrumb\":{\"@id\":\"https:\/\/www.hubert-haas.de\/produkte\/automatische-brueh-enthaarungsmaschine\/hnmr-ml\/#breadcrumb\"},\"inLanguage\":\"es\",\"potentialAction\":[{\"@type\":\"ReadAction\",\"target\":[\"https:\/\/www.hubert-haas.de\/produkte\/automatische-brueh-enthaarungsmaschine\/hnmr-ml\/\"]}]},{\"@type\":\"BreadcrumbList\",\"@id\":\"https:\/\/www.hubert-haas.de\/produkte\/automatische-brueh-enthaarungsmaschine\/hnmr-ml\/#breadcrumb\",\"itemListElement\":[{\"@type\":\"ListItem\",\"position\":1,\"name\":\"Startseite\",\"item\":\"https:\/\/www.hubert-haas.de\/\"},{\"@type\":\"ListItem\",\"position\":2,\"name\":\"Products\",\"item\":\"https:\/\/www.hubert-haas.de\/en\/produkte\/\"},{\"@type\":\"ListItem\",\"position\":3,\"name\":\"Automatische Br\u00fch- und Enthaarungsmaschinen\",\"item\":\"https:\/\/www.hubert-haas.de\/produkte\/automatische-brueh-enthaarungsmaschine\/\"},{\"@type\":\"ListItem\",\"position\":4,\"name\":\"Automatische Br\u00fch- &#038; Enthaarungsmaschine Typ H(N)MR oder H(N)ML\"}]}]}<\/script>\n<!-- \/ Yoast SEO plugin. -->","yoast_head_json":{"title":"Br\u00fch-und Enthaarungsmaschine Schweine automatisch - Typ HNMR-ML","robots":{"index":"index","follow":"follow","max-snippet":"max-snippet:-1","max-image-preview":"max-image-preview:large","max-video-preview":"max-video-preview:-1"},"canonical":"https:\/\/www.hubert-haas.de\/produkte\/automatische-brueh-enthaarungsmaschine\/hnmr-ml\/","og_locale":"es_ES","og_type":"article","og_title":"Br\u00fch-und Enthaarungsmaschine Schweine automatisch - Typ HNMR-ML","og_description":"[blank_spacer height=\u00bb30px\u00bb width=\u00bb1\/1&#8243; el_position=\u00bbfirst last\u00bb] [fullwidth_text alt_background=\u00bbnone\u00bb width=\u00bb1\/1&#8243; el_position=\u00bbfirst last\u00bb] Equipamiento Sistema de 2 rodillos para el pelado a fondo Rejilla de expulsi\u00f3n Se puede mover con el carro de transporte Batidores especiales de goma Calefacci\u00f3n el\u00e9ctrica en el ba\u00f1o de aceite Carcasa de la m\u00e1quina con unidad de control y manejo integrada Los rodillos no se pueden ladear Opciones [&hellip;]","og_url":"https:\/\/www.hubert-haas.de\/produkte\/automatische-brueh-enthaarungsmaschine\/hnmr-ml\/","og_site_name":"Hubert Haas","article_modified_time":"2019-03-12T14:22:38+00:00","og_image":[{"url":"http:\/\/www.hubert-haas.de\/wp-content\/uploads\/2018\/01\/Typ-HNMR-oder-HNML.jpg"}],"twitter_card":"summary_large_image","twitter_misc":{"Tiempo de lectura":"8 minutos"},"schema":{"@context":"https:\/\/schema.org","@graph":[{"@type":"Organization","@id":"https:\/\/www.hubert-haas.de\/#organization","name":"Hubert Haas","url":"https:\/\/www.hubert-haas.de\/","sameAs":[],"logo":{"@type":"ImageObject","@id":"https:\/\/www.hubert-haas.de\/#logo","inLanguage":"es","url":"https:\/\/www.hubert-haas.de\/wp-content\/uploads\/2017\/06\/hubert-haas-neuler.png","contentUrl":"https:\/\/www.hubert-haas.de\/wp-content\/uploads\/2017\/06\/hubert-haas-neuler.png","width":236,"height":80,"caption":"Hubert Haas"},"image":{"@id":"https:\/\/www.hubert-haas.de\/#logo"}},{"@type":"WebSite","@id":"https:\/\/www.hubert-haas.de\/#website","url":"https:\/\/www.hubert-haas.de\/","name":"Hubert Haas","description":"","publisher":{"@id":"https:\/\/www.hubert-haas.de\/#organization"},"potentialAction":[{"@type":"SearchAction","target":{"@type":"EntryPoint","urlTemplate":"https:\/\/www.hubert-haas.de\/?s={search_term_string}"},"query-input":"required name=search_term_string"}],"inLanguage":"es"},{"@type":"ImageObject","@id":"https:\/\/www.hubert-haas.de\/produkte\/automatische-brueh-enthaarungsmaschine\/hnmr-ml\/#primaryimage","inLanguage":"es","url":"http:\/\/www.hubert-haas.de\/wp-content\/uploads\/2018\/01\/Typ-HNMR-oder-HNML.jpg","contentUrl":"http:\/\/www.hubert-haas.de\/wp-content\/uploads\/2018\/01\/Typ-HNMR-oder-HNML.jpg"},{"@type":"WebPage","@id":"https:\/\/www.hubert-haas.de\/produkte\/automatische-brueh-enthaarungsmaschine\/hnmr-ml\/#webpage","url":"https:\/\/www.hubert-haas.de\/produkte\/automatische-brueh-enthaarungsmaschine\/hnmr-ml\/","name":"Br\u00fch-und Enthaarungsmaschine Schweine automatisch - Typ HNMR-ML","isPartOf":{"@id":"https:\/\/www.hubert-haas.de\/#website"},"primaryImageOfPage":{"@id":"https:\/\/www.hubert-haas.de\/produkte\/automatische-brueh-enthaarungsmaschine\/hnmr-ml\/#primaryimage"},"datePublished":"2017-09-02T14:36:01+00:00","dateModified":"2019-03-12T14:22:38+00:00","breadcrumb":{"@id":"https:\/\/www.hubert-haas.de\/produkte\/automatische-brueh-enthaarungsmaschine\/hnmr-ml\/#breadcrumb"},"inLanguage":"es","potentialAction":[{"@type":"ReadAction","target":["https:\/\/www.hubert-haas.de\/produkte\/automatische-brueh-enthaarungsmaschine\/hnmr-ml\/"]}]},{"@type":"BreadcrumbList","@id":"https:\/\/www.hubert-haas.de\/produkte\/automatische-brueh-enthaarungsmaschine\/hnmr-ml\/#breadcrumb","itemListElement":[{"@type":"ListItem","position":1,"name":"Startseite","item":"https:\/\/www.hubert-haas.de\/"},{"@type":"ListItem","position":2,"name":"Products","item":"https:\/\/www.hubert-haas.de\/en\/produkte\/"},{"@type":"ListItem","position":3,"name":"Automatische Br\u00fch- und Enthaarungsmaschinen","item":"https:\/\/www.hubert-haas.de\/produkte\/automatische-brueh-enthaarungsmaschine\/"},{"@type":"ListItem","position":4,"name":"Automatische Br\u00fch- &#038; Enthaarungsmaschine Typ H(N)MR oder H(N)ML"}]}]}},"_links":{"self":[{"href":"https:\/\/www.hubert-haas.de\/es\/wp-json\/wp\/v2\/pages\/669"}],"collection":[{"href":"https:\/\/www.hubert-haas.de\/es\/wp-json\/wp\/v2\/pages"}],"about":[{"href":"https:\/\/www.hubert-haas.de\/es\/wp-json\/wp\/v2\/types\/page"}],"author":[{"embeddable":true,"href":"https:\/\/www.hubert-haas.de\/es\/wp-json\/wp\/v2\/users\/1"}],"replies":[{"embeddable":true,"href":"https:\/\/www.hubert-haas.de\/es\/wp-json\/wp\/v2\/comments?post=669"}],"version-history":[{"count":31,"href":"https:\/\/www.hubert-haas.de\/es\/wp-json\/wp\/v2\/pages\/669\/revisions"}],"predecessor-version":[{"id":1904,"href":"https:\/\/www.hubert-haas.de\/es\/wp-json\/wp\/v2\/pages\/669\/revisions\/1904"}],"up":[{"embeddable":true,"href":"https:\/\/www.hubert-haas.de\/es\/wp-json\/wp\/v2\/pages\/17"}],"wp:attachment":[{"href":"https:\/\/www.hubert-haas.de\/es\/wp-json\/wp\/v2\/media?parent=669"}],"curies":[{"name":"wp","href":"https:\/\/api.w.org\/{rel}","templated":true}]}}