{"id":668,"date":"2017-09-02T16:35:33","date_gmt":"2017-09-02T14:35:33","guid":{"rendered":"http:\/\/www.hubert-haas.de\/?page_id=668"},"modified":"2019-05-31T07:51:00","modified_gmt":"2019-05-31T05:51:00","slug":"hnskr-oder-hnskl","status":"publish","type":"page","link":"https:\/\/www.hubert-haas.de\/es\/produkte\/automatische-brueh-enthaarungsmaschine\/hnskr-oder-hnskl\/","title":{"rendered":"Modelo H(N)SKR o H(N)SKL"},"content":{"rendered":"<p>[fullwidth_text alt_background=\u00bbnone\u00bb width=\u00bb1\/1&#8243; el_position=\u00bbfirst last\u00bb]\n<p><img loading=\"lazy\" class=\"wp-image-1156 alignright\" src=\"http:\/\/www.hubert-haas.de\/wp-content\/uploads\/2018\/01\/Typ-HNSKR-oder-HNSKL.jpg\" alt=\"\" width=\"525\" height=\"343\" srcset=\"https:\/\/www.hubert-haas.de\/wp-content\/uploads\/2018\/01\/Typ-HNSKR-oder-HNSKL.jpg 737w, https:\/\/www.hubert-haas.de\/wp-content\/uploads\/2018\/01\/Typ-HNSKR-oder-HNSKL-300x196.jpg 300w\" sizes=\"(max-width: 525px) 100vw, 525px\" \/><\/p>\n<h3>Equipamiento<\/h3>\n<ul>\n<li>Sistema de 2 rodillos para el pelado a fondo<\/li>\n<li>Pisadores para rascado de cabezas, tambi\u00e9n para zonas de dif\u00edcil acceso<\/li>\n<li>Con 4 ruedas para su desplazamiento<\/li>\n<li>Engranaje novedoso y reforzado<\/li>\n<li>Batidores especiales de goma (tambi\u00e9n en la pared trasera)<\/li>\n<li>Calefacci\u00f3n el\u00e9ctrica en el ba\u00f1o de aceite<\/li>\n<li>Carcasa de la m\u00e1quina con unidad de control y manejo integrada<\/li>\n<li>Rodillos que se pueden ladear para limpiar la m\u00e1quina<\/li>\n<\/ul>\n<h3>Opciones<\/h3>\n<ul>\n<li>Galvanizado en caliente o todo en acero inoxidable<\/li>\n<li>Diferentes largos internos a elegir<\/li>\n<li>Cerdas helicoidales<\/li>\n<li>Recogedor de cerdas integrado para captar las cerdas en la m\u00e1quina<\/li>\n<li>Expulsi\u00f3n con accionamiento neum\u00e1tico<\/li>\n<li>Tapa con accionamiento neum\u00e1tico (diferentes tipos de tapa)<\/li>\n<li>Elementos de mando electr\u00f3nicos en la pared con carcasa de acero<\/li>\n<\/ul>\n<h3>Modelo con cerdas helicoidales integradas<\/h3>\n<p>Durante todo el proceso de escaldado y pelado, se encarga de sacar fuera de la m\u00e1quina las cerdas y la suciedad.<\/p>\n<ul>\n<li>Con ello, sigue manteni\u00e9ndose la calidad del agua, lo que permite tener unos resultados de escalado y pelado constantes<\/li>\n<li>y una mayor capacidad de sacrificar por cada llenado de agua.<\/li>\n<\/ul>\n<h3>Procedimiento en una m\u00e1quina de escaldado y pelado autom\u00e1tica<\/h3>\n<ul>\n<li>Llenar la m\u00e1quina con agua hasta el eje inferior<\/li>\n<li>Calentar el agua mediante el regulador de termostato<\/li>\n<li>Introducir el animal de sacrificio en la m\u00e1quina<\/li>\n<li>Iniciar proceso de escaldado (terminaci\u00f3n autom\u00e1tica pasados unos 3 minutos)<\/li>\n<li>Expulsi\u00f3n del animal de sacrificio pelado con la palanca de expulsi\u00f3n de manera manual o autom\u00e1tica (cilindro neum\u00e1tico)<\/li>\n<\/ul>\n<h3>Diferentes modelos de tapa<\/h3>\n<ul>\n<li>Tapa corredera o rebatible<\/li>\n<li>Tapa rebatible (tapa completa)<\/li>\n<li>Tapa con altura especial (para cerdos de mayor tama\u00f1o)<\/li>\n<li>apertura autom\u00e1tica de la tapa<\/li>\n<\/ul>\n<h3>Apertura autom\u00e1tica de la tapa<\/h3>\n<ul>\n<li>Tras introducir los cerdos, la tapa se cierra presionando un bot\u00f3n y se inicia el proceso de escaldado y pelado.<\/li>\n<li>La m\u00e1quina se para autom\u00e1ticamente cuando finaliza el tiempo ajustado (aprox. 3 minutos) y se abre la tapa,<\/li>\n<li>el cerdo se expulsa presionando un bot\u00f3n<\/li>\n<\/ul>\n<h3>Descargar\/Video<\/h3>\n<p><a href=\"http:\/\/www.hubert-haas.de\/wp-content\/uploads\/2017\/10\/Typ-HNSKR-oder-HNSKL.pdf\" target=\"_blank\" rel=\"noopener\">PDF Brosch\u00fcre Typ H(N)SKR oder H(N)SKL<\/a><br \/>\n<a href=\"https:\/\/www.youtube.com\/watch?v=x-g8gKu3nSs\" target=\"_blank\" rel=\"noopener\">Youtube Video<\/a><\/p>\n[\/fullwidth_text] [spb_single_image image=\u00bb1159&#8243; image_size=\u00bbthumbnail\u00bb frame=\u00bbglowframe\u00bb intro_animation=\u00bbfade-in\u00bb full_width=\u00bbno\u00bb lightbox=\u00bbyes\u00bb link_target=\u00bb_self\u00bb caption=\u00bbModelo con cerdas helicoidales integradas\u00bb width=\u00bb1\/4&#8243; el_position=\u00bbfirst\u00bb] [spb_single_image image=\u00bb1160&#8243; image_size=\u00bbthumbnail\u00bb frame=\u00bbglowframe\u00bb intro_animation=\u00bbfade-in\u00bb full_width=\u00bbno\u00bb lightbox=\u00bbyes\u00bb link_target=\u00bb_self\u00bb caption=\u00bbCerdas helicoidales integradas\u00bb width=\u00bb1\/4&#8243;] [spb_single_image image=\u00bb1161&#8243; image_size=\u00bbthumbnail\u00bb frame=\u00bbglowframe\u00bb intro_animation=\u00bbfade-in\u00bb full_width=\u00bbno\u00bb lightbox=\u00bbyes\u00bb link_target=\u00bb_self\u00bb caption=\u00bbExpulsi\u00f3n neum\u00e1tica\u00bb width=\u00bb1\/4&#8243;] [spb_single_image image=\u00bb1461&#8243; image_size=\u00bbthumbnail\u00bb frame=\u00bbglowframe\u00bb intro_animation=\u00bbfade-in\u00bb full_width=\u00bbno\u00bb lightbox=\u00bbyes\u00bb link_target=\u00bb_self\u00bb caption=\u00bbHNSKL-S-S con tapa neum\u00e1tica, cerdas helicoidales y expulsi\u00f3n neum\u00e1tica\u00bb width=\u00bb1\/4&#8243; el_position=\u00bblast\u00bb] [spb_single_image image=\u00bb1460&#8243; image_size=\u00bbthumbnail\u00bb frame=\u00bbglowframe\u00bb intro_animation=\u00bbfade-in\u00bb full_width=\u00bbno\u00bb lightbox=\u00bbyes\u00bb link_target=\u00bb_self\u00bb width=\u00bb1\/4&#8243; el_position=\u00bbfirst\u00bb] [spb_single_image image=\u00bb1459&#8243; image_size=\u00bbthumbnail\u00bb frame=\u00bbglowframe\u00bb intro_animation=\u00bbfade-in\u00bb full_width=\u00bbno\u00bb lightbox=\u00bbyes\u00bb link_target=\u00bb_self\u00bb width=\u00bb1\/4&#8243;] [spb_single_image image=\u00bb1458&#8243; image_size=\u00bbthumbnail\u00bb frame=\u00bbglowframe\u00bb intro_animation=\u00bbfade-in\u00bb full_width=\u00bbno\u00bb lightbox=\u00bbyes\u00bb link_target=\u00bb_self\u00bb width=\u00bb1\/4&#8243;] [spb_single_image image=\u00bb1469&#8243; image_size=\u00bbthumbnail\u00bb frame=\u00bbglowframe\u00bb intro_animation=\u00bbfade-in\u00bb full_width=\u00bbno\u00bb lightbox=\u00bbyes\u00bb link_target=\u00bb_self\u00bb width=\u00bb1\/4&#8243; el_position=\u00bblast\u00bb] [spb_single_image image=\u00bb1466&#8243; image_size=\u00bbthumbnail\u00bb frame=\u00bbglowframe\u00bb intro_animation=\u00bbfade-in\u00bb full_width=\u00bbno\u00bb lightbox=\u00bbyes\u00bb link_target=\u00bb_self\u00bb width=\u00bb1\/4&#8243; el_position=\u00bbfirst\u00bb] [spb_single_image image=\u00bb1467&#8243; image_size=\u00bbthumbnail\u00bb frame=\u00bbglowframe\u00bb intro_animation=\u00bbfade-in\u00bb full_width=\u00bbno\u00bb lightbox=\u00bbyes\u00bb link_target=\u00bb_self\u00bb width=\u00bb1\/4&#8243;] [spb_single_image image=\u00bb1464&#8243; image_size=\u00bbthumbnail\u00bb frame=\u00bbglowframe\u00bb intro_animation=\u00bbfade-in\u00bb full_width=\u00bbno\u00bb lightbox=\u00bbyes\u00bb link_target=\u00bb_self\u00bb width=\u00bb1\/4&#8243;] [spb_single_image image=\u00bb1468&#8243; image_size=\u00bbthumbnail\u00bb frame=\u00bbglowframe\u00bb intro_animation=\u00bbfade-in\u00bb full_width=\u00bbno\u00bb lightbox=\u00bbyes\u00bb link_target=\u00bb_self\u00bb width=\u00bb1\/4&#8243; el_position=\u00bblast\u00bb] [fullwidth_text alt_background=\u00bbnone\u00bb width=\u00bb1\/1&#8243; el_position=\u00bbfirst last\u00bb]\n<h2>Datos t\u00e9cnicos<\/h2>\n<table class=\"sf-table striped_bordered\"><tbody> <tr> <th>Medidas<\/th> <th><\/th> <\/tr> <tr> <td>Longitud interior<\/td> <td>1.900 mm<\/td> <\/tr> <tr> <td>Exterior<\/td> <td>2.500 x 1.000 mm<\/td> <\/tr> <tr> <td>Longitud interior<\/td> <td>2.200 <\/td> <\/tr> <tr> <td>Exterior<\/td> <td>2.500 x 1.000 mm<\/td> <\/tr> <tr> <td>Longitud interior<\/td> <td>2.500 mm<\/td> <\/tr> <tr> <td>Exterior<\/td> <td>2.800 x 1.000 mm<\/td> <\/tr> <tr> <td>Masa total<\/td> <td>aprox. 570 kg<\/td> <\/tr> <tr> <td>Potencia calor\u00edfica el\u00e9ctrica<\/td> <td>A elegir de 13,5 kW hasta 24 kW<\/td> <\/tr> <tr> <td>Opcional<\/td> <td>Calefacci\u00f3n por vapor, gas o aceite<\/td> <\/tr> <tr> <td>Potencia motriz<\/td> <td>2,2 kW 380\/400 V 50 HZ, 3 fases (disponible tambi\u00e9n con tensi\u00f3n especial)<\/td> <\/tr> <tr> <td>Volumen de llenado de agua<\/td> <td>aprox. 200 litros<\/td> <\/tr> <tr> <td>Tiempo de escaldado y pelado<\/td> <td>aprox. 3 minutos<\/td> <\/tr> <tr> <td>Para cerdos hasta<\/td> <td>aprox. 350 kg<\/td> <\/tr> <tr> <td>Potencia<\/td> <td><span lang=\"es-ES\">15 &#8211; 20 cerdos\/hora<\/span><\/td> <\/tr> <\/tbody><\/table>\n[\/fullwidth_text]<\/p>","protected":false},"excerpt":{"rendered":"<p>[fullwidth_text alt_background=\u00bbnone\u00bb width=\u00bb1\/1&#8243; el_position=\u00bbfirst last\u00bb] Equipamiento Sistema de 2 rodillos para el pelado a fondo Pisadores para rascado de cabezas, tambi\u00e9n para zonas de dif\u00edcil acceso Con 4 ruedas para su desplazamiento Engranaje novedoso y reforzado Batidores especiales de goma (tambi\u00e9n en la pared trasera) Calefacci\u00f3n el\u00e9ctrica en el ba\u00f1o de aceite Carcasa de la m\u00e1quina con unidad de control [&hellip;]<\/p>\n","protected":false},"author":1,"featured_media":0,"parent":17,"menu_order":12,"comment_status":"closed","ping_status":"closed","template":"","meta":[],"yoast_head":"<!-- This site is optimized with the Yoast SEO plugin v18.3 - https:\/\/yoast.com\/wordpress\/plugins\/seo\/ -->\n<title>Br\u00fch-und Enthaarungsmaschine Schweine automatisch - 2-Walzen System<\/title>\n<meta name=\"robots\" content=\"index, follow, max-snippet:-1, max-image-preview:large, max-video-preview:-1\" \/>\n<link rel=\"canonical\" href=\"https:\/\/www.hubert-haas.de\/produkte\/automatische-brueh-enthaarungsmaschine\/hnskr-oder-hnskl\/\" \/>\n<meta property=\"og:locale\" content=\"es_ES\" \/>\n<meta property=\"og:type\" content=\"article\" \/>\n<meta property=\"og:title\" content=\"Br\u00fch-und Enthaarungsmaschine Schweine automatisch - 2-Walzen System\" \/>\n<meta property=\"og:description\" content=\"[fullwidth_text alt_background=\u00bbnone\u00bb width=\u00bb1\/1&#8243; el_position=\u00bbfirst last\u00bb] Equipamiento Sistema de 2 rodillos para el pelado a fondo Pisadores para rascado de cabezas, tambi\u00e9n para zonas de dif\u00edcil acceso Con 4 ruedas para su desplazamiento Engranaje novedoso y reforzado Batidores especiales de goma (tambi\u00e9n en la pared trasera) Calefacci\u00f3n el\u00e9ctrica en el ba\u00f1o de aceite Carcasa de la m\u00e1quina con unidad de control [&hellip;]\" \/>\n<meta property=\"og:url\" content=\"https:\/\/www.hubert-haas.de\/produkte\/automatische-brueh-enthaarungsmaschine\/hnskr-oder-hnskl\/\" \/>\n<meta property=\"og:site_name\" content=\"Hubert Haas\" \/>\n<meta property=\"article:modified_time\" content=\"2019-05-31T05:51:00+00:00\" \/>\n<meta property=\"og:image\" content=\"http:\/\/www.hubert-haas.de\/wp-content\/uploads\/2018\/01\/Typ-HNSKR-oder-HNSKL.jpg\" \/>\n<meta name=\"twitter:card\" content=\"summary_large_image\" \/>\n<meta name=\"twitter:label1\" content=\"Tiempo de lectura\" \/>\n\t<meta name=\"twitter:data1\" content=\"16 minutos\" \/>\n<script type=\"application\/ld+json\" class=\"yoast-schema-graph\">{\"@context\":\"https:\/\/schema.org\",\"@graph\":[{\"@type\":\"Organization\",\"@id\":\"https:\/\/www.hubert-haas.de\/#organization\",\"name\":\"Hubert Haas\",\"url\":\"https:\/\/www.hubert-haas.de\/\",\"sameAs\":[],\"logo\":{\"@type\":\"ImageObject\",\"@id\":\"https:\/\/www.hubert-haas.de\/#logo\",\"inLanguage\":\"es\",\"url\":\"https:\/\/www.hubert-haas.de\/wp-content\/uploads\/2017\/06\/hubert-haas-neuler.png\",\"contentUrl\":\"https:\/\/www.hubert-haas.de\/wp-content\/uploads\/2017\/06\/hubert-haas-neuler.png\",\"width\":236,\"height\":80,\"caption\":\"Hubert Haas\"},\"image\":{\"@id\":\"https:\/\/www.hubert-haas.de\/#logo\"}},{\"@type\":\"WebSite\",\"@id\":\"https:\/\/www.hubert-haas.de\/#website\",\"url\":\"https:\/\/www.hubert-haas.de\/\",\"name\":\"Hubert Haas\",\"description\":\"\",\"publisher\":{\"@id\":\"https:\/\/www.hubert-haas.de\/#organization\"},\"potentialAction\":[{\"@type\":\"SearchAction\",\"target\":{\"@type\":\"EntryPoint\",\"urlTemplate\":\"https:\/\/www.hubert-haas.de\/?s={search_term_string}\"},\"query-input\":\"required name=search_term_string\"}],\"inLanguage\":\"es\"},{\"@type\":\"ImageObject\",\"@id\":\"https:\/\/www.hubert-haas.de\/produkte\/automatische-brueh-enthaarungsmaschine\/hnskr-oder-hnskl\/#primaryimage\",\"inLanguage\":\"es\",\"url\":\"http:\/\/www.hubert-haas.de\/wp-content\/uploads\/2018\/01\/Typ-HNSKR-oder-HNSKL.jpg\",\"contentUrl\":\"http:\/\/www.hubert-haas.de\/wp-content\/uploads\/2018\/01\/Typ-HNSKR-oder-HNSKL.jpg\"},{\"@type\":\"WebPage\",\"@id\":\"https:\/\/www.hubert-haas.de\/produkte\/automatische-brueh-enthaarungsmaschine\/hnskr-oder-hnskl\/#webpage\",\"url\":\"https:\/\/www.hubert-haas.de\/produkte\/automatische-brueh-enthaarungsmaschine\/hnskr-oder-hnskl\/\",\"name\":\"Br\u00fch-und Enthaarungsmaschine Schweine automatisch - 2-Walzen System\",\"isPartOf\":{\"@id\":\"https:\/\/www.hubert-haas.de\/#website\"},\"primaryImageOfPage\":{\"@id\":\"https:\/\/www.hubert-haas.de\/produkte\/automatische-brueh-enthaarungsmaschine\/hnskr-oder-hnskl\/#primaryimage\"},\"datePublished\":\"2017-09-02T14:35:33+00:00\",\"dateModified\":\"2019-05-31T05:51:00+00:00\",\"breadcrumb\":{\"@id\":\"https:\/\/www.hubert-haas.de\/produkte\/automatische-brueh-enthaarungsmaschine\/hnskr-oder-hnskl\/#breadcrumb\"},\"inLanguage\":\"es\",\"potentialAction\":[{\"@type\":\"ReadAction\",\"target\":[\"https:\/\/www.hubert-haas.de\/produkte\/automatische-brueh-enthaarungsmaschine\/hnskr-oder-hnskl\/\"]}]},{\"@type\":\"BreadcrumbList\",\"@id\":\"https:\/\/www.hubert-haas.de\/produkte\/automatische-brueh-enthaarungsmaschine\/hnskr-oder-hnskl\/#breadcrumb\",\"itemListElement\":[{\"@type\":\"ListItem\",\"position\":1,\"name\":\"Startseite\",\"item\":\"https:\/\/www.hubert-haas.de\/\"},{\"@type\":\"ListItem\",\"position\":2,\"name\":\"Products\",\"item\":\"https:\/\/www.hubert-haas.de\/en\/produkte\/\"},{\"@type\":\"ListItem\",\"position\":3,\"name\":\"Automatische Br\u00fch- und Enthaarungsmaschinen\",\"item\":\"https:\/\/www.hubert-haas.de\/produkte\/automatische-brueh-enthaarungsmaschine\/\"},{\"@type\":\"ListItem\",\"position\":4,\"name\":\"Type H(N)SKR or H(N)SKL\"}]}]}<\/script>\n<!-- \/ Yoast SEO plugin. -->","yoast_head_json":{"title":"Br\u00fch-und Enthaarungsmaschine Schweine automatisch - 2-Walzen System","robots":{"index":"index","follow":"follow","max-snippet":"max-snippet:-1","max-image-preview":"max-image-preview:large","max-video-preview":"max-video-preview:-1"},"canonical":"https:\/\/www.hubert-haas.de\/produkte\/automatische-brueh-enthaarungsmaschine\/hnskr-oder-hnskl\/","og_locale":"es_ES","og_type":"article","og_title":"Br\u00fch-und Enthaarungsmaschine Schweine automatisch - 2-Walzen System","og_description":"[fullwidth_text alt_background=\u00bbnone\u00bb width=\u00bb1\/1&#8243; el_position=\u00bbfirst last\u00bb] Equipamiento Sistema de 2 rodillos para el pelado a fondo Pisadores para rascado de cabezas, tambi\u00e9n para zonas de dif\u00edcil acceso Con 4 ruedas para su desplazamiento Engranaje novedoso y reforzado Batidores especiales de goma (tambi\u00e9n en la pared trasera) Calefacci\u00f3n el\u00e9ctrica en el ba\u00f1o de aceite Carcasa de la m\u00e1quina con unidad de control [&hellip;]","og_url":"https:\/\/www.hubert-haas.de\/produkte\/automatische-brueh-enthaarungsmaschine\/hnskr-oder-hnskl\/","og_site_name":"Hubert Haas","article_modified_time":"2019-05-31T05:51:00+00:00","og_image":[{"url":"http:\/\/www.hubert-haas.de\/wp-content\/uploads\/2018\/01\/Typ-HNSKR-oder-HNSKL.jpg"}],"twitter_card":"summary_large_image","twitter_misc":{"Tiempo de lectura":"16 minutos"},"schema":{"@context":"https:\/\/schema.org","@graph":[{"@type":"Organization","@id":"https:\/\/www.hubert-haas.de\/#organization","name":"Hubert Haas","url":"https:\/\/www.hubert-haas.de\/","sameAs":[],"logo":{"@type":"ImageObject","@id":"https:\/\/www.hubert-haas.de\/#logo","inLanguage":"es","url":"https:\/\/www.hubert-haas.de\/wp-content\/uploads\/2017\/06\/hubert-haas-neuler.png","contentUrl":"https:\/\/www.hubert-haas.de\/wp-content\/uploads\/2017\/06\/hubert-haas-neuler.png","width":236,"height":80,"caption":"Hubert Haas"},"image":{"@id":"https:\/\/www.hubert-haas.de\/#logo"}},{"@type":"WebSite","@id":"https:\/\/www.hubert-haas.de\/#website","url":"https:\/\/www.hubert-haas.de\/","name":"Hubert Haas","description":"","publisher":{"@id":"https:\/\/www.hubert-haas.de\/#organization"},"potentialAction":[{"@type":"SearchAction","target":{"@type":"EntryPoint","urlTemplate":"https:\/\/www.hubert-haas.de\/?s={search_term_string}"},"query-input":"required name=search_term_string"}],"inLanguage":"es"},{"@type":"ImageObject","@id":"https:\/\/www.hubert-haas.de\/produkte\/automatische-brueh-enthaarungsmaschine\/hnskr-oder-hnskl\/#primaryimage","inLanguage":"es","url":"http:\/\/www.hubert-haas.de\/wp-content\/uploads\/2018\/01\/Typ-HNSKR-oder-HNSKL.jpg","contentUrl":"http:\/\/www.hubert-haas.de\/wp-content\/uploads\/2018\/01\/Typ-HNSKR-oder-HNSKL.jpg"},{"@type":"WebPage","@id":"https:\/\/www.hubert-haas.de\/produkte\/automatische-brueh-enthaarungsmaschine\/hnskr-oder-hnskl\/#webpage","url":"https:\/\/www.hubert-haas.de\/produkte\/automatische-brueh-enthaarungsmaschine\/hnskr-oder-hnskl\/","name":"Br\u00fch-und Enthaarungsmaschine Schweine automatisch - 2-Walzen System","isPartOf":{"@id":"https:\/\/www.hubert-haas.de\/#website"},"primaryImageOfPage":{"@id":"https:\/\/www.hubert-haas.de\/produkte\/automatische-brueh-enthaarungsmaschine\/hnskr-oder-hnskl\/#primaryimage"},"datePublished":"2017-09-02T14:35:33+00:00","dateModified":"2019-05-31T05:51:00+00:00","breadcrumb":{"@id":"https:\/\/www.hubert-haas.de\/produkte\/automatische-brueh-enthaarungsmaschine\/hnskr-oder-hnskl\/#breadcrumb"},"inLanguage":"es","potentialAction":[{"@type":"ReadAction","target":["https:\/\/www.hubert-haas.de\/produkte\/automatische-brueh-enthaarungsmaschine\/hnskr-oder-hnskl\/"]}]},{"@type":"BreadcrumbList","@id":"https:\/\/www.hubert-haas.de\/produkte\/automatische-brueh-enthaarungsmaschine\/hnskr-oder-hnskl\/#breadcrumb","itemListElement":[{"@type":"ListItem","position":1,"name":"Startseite","item":"https:\/\/www.hubert-haas.de\/"},{"@type":"ListItem","position":2,"name":"Products","item":"https:\/\/www.hubert-haas.de\/en\/produkte\/"},{"@type":"ListItem","position":3,"name":"Automatische Br\u00fch- und Enthaarungsmaschinen","item":"https:\/\/www.hubert-haas.de\/produkte\/automatische-brueh-enthaarungsmaschine\/"},{"@type":"ListItem","position":4,"name":"Type H(N)SKR or H(N)SKL"}]}]}},"_links":{"self":[{"href":"https:\/\/www.hubert-haas.de\/es\/wp-json\/wp\/v2\/pages\/668"}],"collection":[{"href":"https:\/\/www.hubert-haas.de\/es\/wp-json\/wp\/v2\/pages"}],"about":[{"href":"https:\/\/www.hubert-haas.de\/es\/wp-json\/wp\/v2\/types\/page"}],"author":[{"embeddable":true,"href":"https:\/\/www.hubert-haas.de\/es\/wp-json\/wp\/v2\/users\/1"}],"replies":[{"embeddable":true,"href":"https:\/\/www.hubert-haas.de\/es\/wp-json\/wp\/v2\/comments?post=668"}],"version-history":[{"count":80,"href":"https:\/\/www.hubert-haas.de\/es\/wp-json\/wp\/v2\/pages\/668\/revisions"}],"predecessor-version":[{"id":1637,"href":"https:\/\/www.hubert-haas.de\/es\/wp-json\/wp\/v2\/pages\/668\/revisions\/1637"}],"up":[{"embeddable":true,"href":"https:\/\/www.hubert-haas.de\/es\/wp-json\/wp\/v2\/pages\/17"}],"wp:attachment":[{"href":"https:\/\/www.hubert-haas.de\/es\/wp-json\/wp\/v2\/media?parent=668"}],"curies":[{"name":"wp","href":"https:\/\/api.w.org\/{rel}","templated":true}]}}