{"id":42,"date":"2017-03-23T09:01:50","date_gmt":"2017-03-23T08:01:50","guid":{"rendered":"http:\/\/www.hubert-haas.de\/startseite\/"},"modified":"2019-05-31T08:17:04","modified_gmt":"2019-05-31T06:17:04","slug":"startseite","status":"publish","type":"page","link":"https:\/\/www.hubert-haas.de\/es\/","title":{"rendered":"Startseite"},"content":{"rendered":"<p>[spb_slider layerslider_shortcode=\u00bb1&#8243; width=\u00bb1\/1&#8243; el_position=\u00bbfirst last\u00bb] [fullwidth_text alt_background=\u00bbalt-two\u00bb el_class=\u00bbnotopmargin\u00bb width=\u00bb1\/1&#8243; el_position=\u00bbfirst last\u00bb]\n<h2><\/h2>\n<h2><\/h2>\n<h2 style=\"text-align: center;\">HAAS &#8211; la uni\u00f3n de la calidad y el rendimiento!<\/h2>\n<p>&nbsp;<\/p>\n[\/fullwidth_text] [fullwidth_text alt_background=\u00bbalt-four\u00bb el_class=\u00bbno-arrow\u00bb width=\u00bb1\/1&#8243; el_position=\u00bbfirst last\u00bb]\n<p>&nbsp;<\/p>\n<div class=\"one_third\"><img loading=\"lazy\" class=\"aligncenter wp-image-1220 size-medium\" src=\"http:\/\/www.hubert-haas.de\/wp-content\/uploads\/2018\/01\/TBG-96N-283x300.jpg\" alt=\"\" width=\"283\" height=\"300\" srcset=\"https:\/\/www.hubert-haas.de\/wp-content\/uploads\/2018\/01\/TBG-96N-283x300.jpg 283w, https:\/\/www.hubert-haas.de\/wp-content\/uploads\/2018\/01\/TBG-96N.jpg 470w\" sizes=\"(max-width: 283px) 100vw, 283px\" \/><\/div>\n<div class=\"two_third last\">\n<div class=\"heading-wrap\">\n<h3>TBG 96\/N &#8211; El aparato de aturdimiento m\u00f3vil para casos de epidemias \/ sacrificio de urgencia<\/h3>\n<\/div>\n<p>Los ganaderos solo pueden sacrificar los cerdos en su actividad ganadera cuando se dan sacrificios de urgencia, siempre que sea evidente que no existe otra posibilidad, o para aliviar graves dolores o el sufrimiento a los animales provocados por una lesi\u00f3n o enfermedad.<\/p>\n<p>Por este motivo hemos fabricado el TBG 96N conforme a las actuales disposiciones de la VDE y la hoja de instrucciones n\u00ba 84 \u00abSacrificio de grupos de animales en caso de epidemia\u00bb de la asociaci\u00f3n veterinaria para la protecci\u00f3n animal (Vereinigungen f\u00fcr Tierschutz e.V.)<\/p>\n<p><a href=\"http:\/\/www.hubert-haas.de\/produkte\/betaeubungsgeraete\/nottoetung\/\">[mas informacion]<\/a><\/p>\n<\/div><div class=\"clearboth\"><\/div>\n[\/fullwidth_text] [fullwidth_text alt_background=\u00bbnone\u00bb width=\u00bb1\/1&#8243; el_position=\u00bbfirst last\u00bb]\n<h2 style=\"text-align: center;\">Productos<\/h2>\n[\/fullwidth_text] [team item_columns=\u00bb4&#8243; item_count=\u00bb9&#8243; category=\u00bbprodukte\u00bb pagination=\u00bbno\u00bb width=\u00bb1\/1&#8243; el_position=\u00bbfirst last\u00bb]<\/p>","protected":false},"excerpt":{"rendered":"<p>[spb_slider layerslider_shortcode=\u00bb1&#8243; width=\u00bb1\/1&#8243; el_position=\u00bbfirst last\u00bb] [fullwidth_text alt_background=\u00bbalt-two\u00bb el_class=\u00bbnotopmargin\u00bb width=\u00bb1\/1&#8243; el_position=\u00bbfirst last\u00bb] HAAS &#8211; la uni\u00f3n de la calidad y el rendimiento! &nbsp; [\/fullwidth_text] [fullwidth_text alt_background=\u00bbalt-four\u00bb el_class=\u00bbno-arrow\u00bb width=\u00bb1\/1&#8243; el_position=\u00bbfirst last\u00bb] &nbsp; [\/fullwidth_text] [fullwidth_text alt_background=\u00bbnone\u00bb width=\u00bb1\/1&#8243; el_position=\u00bbfirst last\u00bb] Productos [\/fullwidth_text] [team item_columns=\u00bb4&#8243; item_count=\u00bb9&#8243; category=\u00bbprodukte\u00bb pagination=\u00bbno\u00bb width=\u00bb1\/1&#8243; el_position=\u00bbfirst last\u00bb]<\/p>\n","protected":false},"author":1,"featured_media":0,"parent":0,"menu_order":13,"comment_status":"closed","ping_status":"closed","template":"template-fw.php","meta":[],"yoast_head":"<!-- This site is optimized with the Yoast SEO plugin v18.3 - https:\/\/yoast.com\/wordpress\/plugins\/seo\/ -->\n<title>Startseite | Hubert Haas<\/title>\n<meta name=\"robots\" content=\"index, follow, max-snippet:-1, max-image-preview:large, max-video-preview:-1\" \/>\n<link rel=\"canonical\" href=\"https:\/\/www.hubert-haas.de\/\" \/>\n<meta property=\"og:locale\" content=\"es_ES\" \/>\n<meta property=\"og:type\" content=\"article\" \/>\n<meta property=\"og:title\" content=\"Startseite | Hubert Haas\" \/>\n<meta property=\"og:description\" content=\"[spb_slider layerslider_shortcode=\u00bb1&#8243; width=\u00bb1\/1&#8243; el_position=\u00bbfirst last\u00bb] [fullwidth_text alt_background=\u00bbalt-two\u00bb el_class=\u00bbnotopmargin\u00bb width=\u00bb1\/1&#8243; el_position=\u00bbfirst last\u00bb] HAAS &#8211; la uni\u00f3n de la calidad y el rendimiento! &nbsp; [\/fullwidth_text] [fullwidth_text alt_background=\u00bbalt-four\u00bb el_class=\u00bbno-arrow\u00bb width=\u00bb1\/1&#8243; el_position=\u00bbfirst last\u00bb] &nbsp; [\/fullwidth_text] [fullwidth_text alt_background=\u00bbnone\u00bb width=\u00bb1\/1&#8243; el_position=\u00bbfirst last\u00bb] Productos [\/fullwidth_text] [team item_columns=\u00bb4&#8243; item_count=\u00bb9&#8243; category=\u00bbprodukte\u00bb pagination=\u00bbno\u00bb width=\u00bb1\/1&#8243; el_position=\u00bbfirst last\u00bb]\" \/>\n<meta property=\"og:url\" content=\"https:\/\/www.hubert-haas.de\/\" \/>\n<meta property=\"og:site_name\" content=\"Hubert Haas\" \/>\n<meta property=\"article:modified_time\" content=\"2019-05-31T06:17:04+00:00\" \/>\n<meta property=\"og:image\" content=\"http:\/\/www.hubert-haas.de\/wp-content\/uploads\/2018\/01\/TBG-96N-283x300.jpg\" \/>\n<meta name=\"twitter:card\" content=\"summary_large_image\" \/>\n<meta name=\"twitter:label1\" content=\"Tiempo de lectura\" \/>\n\t<meta name=\"twitter:data1\" content=\"3 minutos\" \/>\n<script type=\"application\/ld+json\" class=\"yoast-schema-graph\">{\"@context\":\"https:\/\/schema.org\",\"@graph\":[{\"@type\":\"Organization\",\"@id\":\"https:\/\/www.hubert-haas.de\/#organization\",\"name\":\"Hubert Haas\",\"url\":\"https:\/\/www.hubert-haas.de\/\",\"sameAs\":[],\"logo\":{\"@type\":\"ImageObject\",\"@id\":\"https:\/\/www.hubert-haas.de\/#logo\",\"inLanguage\":\"es\",\"url\":\"https:\/\/www.hubert-haas.de\/wp-content\/uploads\/2017\/06\/hubert-haas-neuler.png\",\"contentUrl\":\"https:\/\/www.hubert-haas.de\/wp-content\/uploads\/2017\/06\/hubert-haas-neuler.png\",\"width\":236,\"height\":80,\"caption\":\"Hubert Haas\"},\"image\":{\"@id\":\"https:\/\/www.hubert-haas.de\/#logo\"}},{\"@type\":\"WebSite\",\"@id\":\"https:\/\/www.hubert-haas.de\/#website\",\"url\":\"https:\/\/www.hubert-haas.de\/\",\"name\":\"Hubert Haas\",\"description\":\"\",\"publisher\":{\"@id\":\"https:\/\/www.hubert-haas.de\/#organization\"},\"potentialAction\":[{\"@type\":\"SearchAction\",\"target\":{\"@type\":\"EntryPoint\",\"urlTemplate\":\"https:\/\/www.hubert-haas.de\/?s={search_term_string}\"},\"query-input\":\"required name=search_term_string\"}],\"inLanguage\":\"es\"},{\"@type\":\"ImageObject\",\"@id\":\"https:\/\/www.hubert-haas.de\/#primaryimage\",\"inLanguage\":\"es\",\"url\":\"http:\/\/www.hubert-haas.de\/wp-content\/uploads\/2018\/01\/TBG-96N-283x300.jpg\",\"contentUrl\":\"http:\/\/www.hubert-haas.de\/wp-content\/uploads\/2018\/01\/TBG-96N-283x300.jpg\"},{\"@type\":\"WebPage\",\"@id\":\"https:\/\/www.hubert-haas.de\/#webpage\",\"url\":\"https:\/\/www.hubert-haas.de\/\",\"name\":\"Startseite | Hubert Haas\",\"isPartOf\":{\"@id\":\"https:\/\/www.hubert-haas.de\/#website\"},\"primaryImageOfPage\":{\"@id\":\"https:\/\/www.hubert-haas.de\/#primaryimage\"},\"datePublished\":\"2017-03-23T08:01:50+00:00\",\"dateModified\":\"2019-05-31T06:17:04+00:00\",\"breadcrumb\":{\"@id\":\"https:\/\/www.hubert-haas.de\/#breadcrumb\"},\"inLanguage\":\"es\",\"potentialAction\":[{\"@type\":\"ReadAction\",\"target\":[\"https:\/\/www.hubert-haas.de\/\"]}]},{\"@type\":\"BreadcrumbList\",\"@id\":\"https:\/\/www.hubert-haas.de\/#breadcrumb\",\"itemListElement\":[{\"@type\":\"ListItem\",\"position\":1,\"name\":\"Startseite\",\"item\":\"https:\/\/www.hubert-haas.de\/\"},{\"@type\":\"ListItem\",\"position\":2,\"name\":\"Startseite\"}]}]}<\/script>\n<!-- \/ Yoast SEO plugin. -->","yoast_head_json":{"title":"Startseite | Hubert Haas","robots":{"index":"index","follow":"follow","max-snippet":"max-snippet:-1","max-image-preview":"max-image-preview:large","max-video-preview":"max-video-preview:-1"},"canonical":"https:\/\/www.hubert-haas.de\/","og_locale":"es_ES","og_type":"article","og_title":"Startseite | Hubert Haas","og_description":"[spb_slider layerslider_shortcode=\u00bb1&#8243; width=\u00bb1\/1&#8243; el_position=\u00bbfirst last\u00bb] [fullwidth_text alt_background=\u00bbalt-two\u00bb el_class=\u00bbnotopmargin\u00bb width=\u00bb1\/1&#8243; el_position=\u00bbfirst last\u00bb] HAAS &#8211; la uni\u00f3n de la calidad y el rendimiento! &nbsp; [\/fullwidth_text] [fullwidth_text alt_background=\u00bbalt-four\u00bb el_class=\u00bbno-arrow\u00bb width=\u00bb1\/1&#8243; el_position=\u00bbfirst last\u00bb] &nbsp; [\/fullwidth_text] [fullwidth_text alt_background=\u00bbnone\u00bb width=\u00bb1\/1&#8243; el_position=\u00bbfirst last\u00bb] Productos [\/fullwidth_text] [team item_columns=\u00bb4&#8243; item_count=\u00bb9&#8243; category=\u00bbprodukte\u00bb pagination=\u00bbno\u00bb width=\u00bb1\/1&#8243; el_position=\u00bbfirst last\u00bb]","og_url":"https:\/\/www.hubert-haas.de\/","og_site_name":"Hubert Haas","article_modified_time":"2019-05-31T06:17:04+00:00","og_image":[{"url":"http:\/\/www.hubert-haas.de\/wp-content\/uploads\/2018\/01\/TBG-96N-283x300.jpg"}],"twitter_card":"summary_large_image","twitter_misc":{"Tiempo de lectura":"3 minutos"},"schema":{"@context":"https:\/\/schema.org","@graph":[{"@type":"Organization","@id":"https:\/\/www.hubert-haas.de\/#organization","name":"Hubert Haas","url":"https:\/\/www.hubert-haas.de\/","sameAs":[],"logo":{"@type":"ImageObject","@id":"https:\/\/www.hubert-haas.de\/#logo","inLanguage":"es","url":"https:\/\/www.hubert-haas.de\/wp-content\/uploads\/2017\/06\/hubert-haas-neuler.png","contentUrl":"https:\/\/www.hubert-haas.de\/wp-content\/uploads\/2017\/06\/hubert-haas-neuler.png","width":236,"height":80,"caption":"Hubert Haas"},"image":{"@id":"https:\/\/www.hubert-haas.de\/#logo"}},{"@type":"WebSite","@id":"https:\/\/www.hubert-haas.de\/#website","url":"https:\/\/www.hubert-haas.de\/","name":"Hubert Haas","description":"","publisher":{"@id":"https:\/\/www.hubert-haas.de\/#organization"},"potentialAction":[{"@type":"SearchAction","target":{"@type":"EntryPoint","urlTemplate":"https:\/\/www.hubert-haas.de\/?s={search_term_string}"},"query-input":"required name=search_term_string"}],"inLanguage":"es"},{"@type":"ImageObject","@id":"https:\/\/www.hubert-haas.de\/#primaryimage","inLanguage":"es","url":"http:\/\/www.hubert-haas.de\/wp-content\/uploads\/2018\/01\/TBG-96N-283x300.jpg","contentUrl":"http:\/\/www.hubert-haas.de\/wp-content\/uploads\/2018\/01\/TBG-96N-283x300.jpg"},{"@type":"WebPage","@id":"https:\/\/www.hubert-haas.de\/#webpage","url":"https:\/\/www.hubert-haas.de\/","name":"Startseite | Hubert Haas","isPartOf":{"@id":"https:\/\/www.hubert-haas.de\/#website"},"primaryImageOfPage":{"@id":"https:\/\/www.hubert-haas.de\/#primaryimage"},"datePublished":"2017-03-23T08:01:50+00:00","dateModified":"2019-05-31T06:17:04+00:00","breadcrumb":{"@id":"https:\/\/www.hubert-haas.de\/#breadcrumb"},"inLanguage":"es","potentialAction":[{"@type":"ReadAction","target":["https:\/\/www.hubert-haas.de\/"]}]},{"@type":"BreadcrumbList","@id":"https:\/\/www.hubert-haas.de\/#breadcrumb","itemListElement":[{"@type":"ListItem","position":1,"name":"Startseite","item":"https:\/\/www.hubert-haas.de\/"},{"@type":"ListItem","position":2,"name":"Startseite"}]}]}},"_links":{"self":[{"href":"https:\/\/www.hubert-haas.de\/es\/wp-json\/wp\/v2\/pages\/42"}],"collection":[{"href":"https:\/\/www.hubert-haas.de\/es\/wp-json\/wp\/v2\/pages"}],"about":[{"href":"https:\/\/www.hubert-haas.de\/es\/wp-json\/wp\/v2\/types\/page"}],"author":[{"embeddable":true,"href":"https:\/\/www.hubert-haas.de\/es\/wp-json\/wp\/v2\/users\/1"}],"replies":[{"embeddable":true,"href":"https:\/\/www.hubert-haas.de\/es\/wp-json\/wp\/v2\/comments?post=42"}],"version-history":[{"count":233,"href":"https:\/\/www.hubert-haas.de\/es\/wp-json\/wp\/v2\/pages\/42\/revisions"}],"predecessor-version":[{"id":1977,"href":"https:\/\/www.hubert-haas.de\/es\/wp-json\/wp\/v2\/pages\/42\/revisions\/1977"}],"wp:attachment":[{"href":"https:\/\/www.hubert-haas.de\/es\/wp-json\/wp\/v2\/media?parent=42"}],"curies":[{"name":"wp","href":"https:\/\/api.w.org\/{rel}","templated":true}]}}