{"id":403,"date":"2017-07-12T21:15:02","date_gmt":"2017-07-12T19:15:02","guid":{"rendered":"http:\/\/www.hubert-haas.de\/?page_id=403"},"modified":"2019-07-31T08:44:04","modified_gmt":"2019-07-31T06:44:04","slug":"ueber-die-firma-haas","status":"publish","type":"page","link":"https:\/\/www.hubert-haas.de\/es\/ueber-die-firma-haas\/","title":{"rendered":"Empresa"},"content":{"rendered":"<p>[blank_spacer height=\u00bb30px\u00bb width=\u00bb1\/1&#8243; el_position=\u00bbfirst last\u00bb] [spb_icon_box title=\u00bbMano a mano con el cliente\u00bb box_type=\u00bbstandard\u00bb image=\u00bbss-usergroup\u00bb color=\u00bbaccent\u00bb target=\u00bb_self\u00bb animation=\u00bbfade-in\u00bb animation_delay=\u00bb400&#8243; width=\u00bb1\/4&#8243; el_position=\u00bbfirst\u00bb]\n<p>Valoramos mucho nuestra buena reputaci\u00f3n como socio fiable y competente.<\/p>\n[\/spb_icon_box] [spb_icon_box title=\u00bbCalidad\u00bb box_type=\u00bbstandard\u00bb image=\u00bbfa-star-o\u00bb color=\u00bbaccent\u00bb target=\u00bb_self\u00bb animation=\u00bbfade-in\u00bb animation_delay=\u00bb800&#8243; width=\u00bb1\/4&#8243;]\n<p>Debemos nuestro \u00e9xito a que somos muy exigentes en cuanto a la calidad de los productos y la atenci\u00f3n.<br \/>\n\u00abMade in Germany\u00bb &#8211; nuestras m\u00e1quinas se fabrican completamente en nuestras instalaciones de Neuler<\/p>\n[\/spb_icon_box] [spb_icon_box title=\u00bbAtenci\u00f3n al cliente\u00bb box_type=\u00bbstandard\u00bb image=\u00bbss-sync\u00bb color=\u00bbaccent\u00bb target=\u00bb_self\u00bb animation=\u00bbfade-in\u00bb animation_delay=\u00bb1200&#8243; width=\u00bb1\/4&#8243;]\n<p>Nuestro tel\u00e9fono de atenci\u00f3n al cliente est\u00e1 disponible 365 d\u00edas al a\u00f1o y le atender\u00e1n t\u00e9cnicos posventa cualificados.<\/p>\n[\/spb_icon_box] [spb_icon_box title=\u00bbInnovaci\u00f3n\u00bb box_type=\u00bbstandard\u00bb image=\u00bbss-lightbulb\u00bb color=\u00bbaccent\u00bb target=\u00bb_self\u00bb animation=\u00bbfade-in\u00bb animation_delay=\u00bb1600&#8243; width=\u00bb1\/4&#8243; el_position=\u00bblast\u00bb]\n<p>Combinamos los valores cl\u00e1sicos de los oficios artesanales con la tecnolog\u00eda m\u00e1s moderna y reaccionamos con flexibilidad a las nuevas necesidades.<\/p>\n[\/spb_icon_box] [blank_spacer height=\u00bb30px\u00bb width=\u00bb1\/1&#8243; el_position=\u00bbfirst last\u00bb] [fullwidth_text alt_background=\u00bbnone\u00bb width=\u00bb1\/1&#8243; el_position=\u00bbfirst last\u00bb]\n<p><img loading=\"lazy\" class=\"alignleft wp-image-1180 \" src=\"http:\/\/www.hubert-haas.de\/wp-content\/uploads\/2018\/01\/Firmengeb\u00e4ude.jpg\" alt=\"\" width=\"496\" height=\"291\" srcset=\"https:\/\/www.hubert-haas.de\/wp-content\/uploads\/2018\/01\/Firmengeb\u00e4ude.jpg 1035w, https:\/\/www.hubert-haas.de\/wp-content\/uploads\/2018\/01\/Firmengeb\u00e4ude-300x176.jpg 300w, https:\/\/www.hubert-haas.de\/wp-content\/uploads\/2018\/01\/Firmengeb\u00e4ude-768x450.jpg 768w, https:\/\/www.hubert-haas.de\/wp-content\/uploads\/2018\/01\/Firmengeb\u00e4ude-1024x601.jpg 1024w\" sizes=\"(max-width: 496px) 100vw, 496px\" \/>La familia Haas fund\u00f3 en 1996 la empresa Hubert Haas. La empresa se dedica a la producci\u00f3n de equipos de escaldado, de sacrificio y de aturdimiento para mataderos medianos y peque\u00f1os. En 1997, Hubert Haas compr\u00f3 un terreno en la zona industrial de Neuler y construy\u00f3 una nave para el montaje y un edificio de oficinas, durante los siguientes a\u00f1os la nave para el montaje se fue ampliando paulatinamente. En 2015 terminaron las obras del nuevo edificio de oficinas.<\/p>\n<p>Las m\u00e1quinas se construyen, por regla general, en acero inoxidable seg\u00fan las necesidades concretas del cliente. Al disponer de maquinaria muy bien equipada, todo el proceso de fabricaci\u00f3n se produce en la propia empresa. La empresa participa regularmente en ferias especializadas, tanto nacionales como extranjeras, y esto ha ayudado a que sea conocida internacionalmente.<\/p>\n[\/fullwidth_text]<\/p>","protected":false},"excerpt":{"rendered":"<p>[blank_spacer height=\u00bb30px\u00bb width=\u00bb1\/1&#8243; el_position=\u00bbfirst last\u00bb] [spb_icon_box title=\u00bbMano a mano con el cliente\u00bb box_type=\u00bbstandard\u00bb image=\u00bbss-usergroup\u00bb color=\u00bbaccent\u00bb target=\u00bb_self\u00bb animation=\u00bbfade-in\u00bb animation_delay=\u00bb400&#8243; width=\u00bb1\/4&#8243; el_position=\u00bbfirst\u00bb] Valoramos mucho nuestra buena reputaci\u00f3n como socio fiable y competente. [\/spb_icon_box] [spb_icon_box title=\u00bbCalidad\u00bb box_type=\u00bbstandard\u00bb image=\u00bbfa-star-o\u00bb color=\u00bbaccent\u00bb target=\u00bb_self\u00bb animation=\u00bbfade-in\u00bb animation_delay=\u00bb800&#8243; width=\u00bb1\/4&#8243;] Debemos nuestro \u00e9xito a que somos muy exigentes en cuanto a la calidad de los productos y la atenci\u00f3n. \u00abMade [&hellip;]<\/p>\n","protected":false},"author":1,"featured_media":0,"parent":0,"menu_order":9,"comment_status":"closed","ping_status":"closed","template":"","meta":[],"yoast_head":"<!-- This site is optimized with the Yoast SEO plugin v18.3 - https:\/\/yoast.com\/wordpress\/plugins\/seo\/ -->\n<title>Empresa | Hubert Haas<\/title>\n<meta name=\"robots\" content=\"index, follow, max-snippet:-1, max-image-preview:large, max-video-preview:-1\" \/>\n<link rel=\"canonical\" href=\"https:\/\/www.hubert-haas.de\/es\/ueber-die-firma-haas\/\" \/>\n<meta property=\"og:locale\" content=\"es_ES\" \/>\n<meta property=\"og:type\" content=\"article\" \/>\n<meta property=\"og:title\" content=\"Empresa | Hubert Haas\" \/>\n<meta property=\"og:description\" content=\"[blank_spacer height=\u00bb30px\u00bb width=\u00bb1\/1&#8243; el_position=\u00bbfirst last\u00bb] [spb_icon_box title=\u00bbMano a mano con el cliente\u00bb box_type=\u00bbstandard\u00bb image=\u00bbss-usergroup\u00bb color=\u00bbaccent\u00bb target=\u00bb_self\u00bb animation=\u00bbfade-in\u00bb animation_delay=\u00bb400&#8243; width=\u00bb1\/4&#8243; el_position=\u00bbfirst\u00bb] Valoramos mucho nuestra buena reputaci\u00f3n como socio fiable y competente. [\/spb_icon_box] [spb_icon_box title=\u00bbCalidad\u00bb box_type=\u00bbstandard\u00bb image=\u00bbfa-star-o\u00bb color=\u00bbaccent\u00bb target=\u00bb_self\u00bb animation=\u00bbfade-in\u00bb animation_delay=\u00bb800&#8243; width=\u00bb1\/4&#8243;] Debemos nuestro \u00e9xito a que somos muy exigentes en cuanto a la calidad de los productos y la atenci\u00f3n. \u00abMade [&hellip;]\" \/>\n<meta property=\"og:url\" content=\"https:\/\/www.hubert-haas.de\/es\/ueber-die-firma-haas\/\" \/>\n<meta property=\"og:site_name\" content=\"Hubert Haas\" \/>\n<meta property=\"article:modified_time\" content=\"2019-07-31T06:44:04+00:00\" \/>\n<meta property=\"og:image\" content=\"http:\/\/www.hubert-haas.de\/wp-content\/uploads\/2018\/01\/Firmengeb\u00e4ude.jpg\" \/>\n<meta name=\"twitter:card\" content=\"summary_large_image\" \/>\n<meta name=\"twitter:label1\" content=\"Tiempo de lectura\" \/>\n\t<meta name=\"twitter:data1\" content=\"6 minutos\" \/>\n<script type=\"application\/ld+json\" class=\"yoast-schema-graph\">{\"@context\":\"https:\/\/schema.org\",\"@graph\":[{\"@type\":\"Organization\",\"@id\":\"https:\/\/www.hubert-haas.de\/#organization\",\"name\":\"Hubert Haas\",\"url\":\"https:\/\/www.hubert-haas.de\/\",\"sameAs\":[],\"logo\":{\"@type\":\"ImageObject\",\"@id\":\"https:\/\/www.hubert-haas.de\/#logo\",\"inLanguage\":\"es\",\"url\":\"https:\/\/www.hubert-haas.de\/wp-content\/uploads\/2017\/06\/hubert-haas-neuler.png\",\"contentUrl\":\"https:\/\/www.hubert-haas.de\/wp-content\/uploads\/2017\/06\/hubert-haas-neuler.png\",\"width\":236,\"height\":80,\"caption\":\"Hubert Haas\"},\"image\":{\"@id\":\"https:\/\/www.hubert-haas.de\/#logo\"}},{\"@type\":\"WebSite\",\"@id\":\"https:\/\/www.hubert-haas.de\/#website\",\"url\":\"https:\/\/www.hubert-haas.de\/\",\"name\":\"Hubert Haas\",\"description\":\"\",\"publisher\":{\"@id\":\"https:\/\/www.hubert-haas.de\/#organization\"},\"potentialAction\":[{\"@type\":\"SearchAction\",\"target\":{\"@type\":\"EntryPoint\",\"urlTemplate\":\"https:\/\/www.hubert-haas.de\/?s={search_term_string}\"},\"query-input\":\"required name=search_term_string\"}],\"inLanguage\":\"es\"},{\"@type\":\"ImageObject\",\"@id\":\"https:\/\/www.hubert-haas.de\/es\/ueber-die-firma-haas\/#primaryimage\",\"inLanguage\":\"es\",\"url\":\"http:\/\/www.hubert-haas.de\/wp-content\/uploads\/2018\/01\/Firmengeb\u00e4ude.jpg\",\"contentUrl\":\"http:\/\/www.hubert-haas.de\/wp-content\/uploads\/2018\/01\/Firmengeb\u00e4ude.jpg\"},{\"@type\":\"WebPage\",\"@id\":\"https:\/\/www.hubert-haas.de\/es\/ueber-die-firma-haas\/#webpage\",\"url\":\"https:\/\/www.hubert-haas.de\/es\/ueber-die-firma-haas\/\",\"name\":\"Empresa | Hubert Haas\",\"isPartOf\":{\"@id\":\"https:\/\/www.hubert-haas.de\/#website\"},\"primaryImageOfPage\":{\"@id\":\"https:\/\/www.hubert-haas.de\/es\/ueber-die-firma-haas\/#primaryimage\"},\"datePublished\":\"2017-07-12T19:15:02+00:00\",\"dateModified\":\"2019-07-31T06:44:04+00:00\",\"breadcrumb\":{\"@id\":\"https:\/\/www.hubert-haas.de\/es\/ueber-die-firma-haas\/#breadcrumb\"},\"inLanguage\":\"es\",\"potentialAction\":[{\"@type\":\"ReadAction\",\"target\":[\"https:\/\/www.hubert-haas.de\/es\/ueber-die-firma-haas\/\"]}]},{\"@type\":\"BreadcrumbList\",\"@id\":\"https:\/\/www.hubert-haas.de\/es\/ueber-die-firma-haas\/#breadcrumb\",\"itemListElement\":[{\"@type\":\"ListItem\",\"position\":1,\"name\":\"Startseite\",\"item\":\"https:\/\/www.hubert-haas.de\/\"},{\"@type\":\"ListItem\",\"position\":2,\"name\":\"Empresa\"}]}]}<\/script>\n<!-- \/ Yoast SEO plugin. -->","yoast_head_json":{"title":"Empresa | Hubert Haas","robots":{"index":"index","follow":"follow","max-snippet":"max-snippet:-1","max-image-preview":"max-image-preview:large","max-video-preview":"max-video-preview:-1"},"canonical":"https:\/\/www.hubert-haas.de\/es\/ueber-die-firma-haas\/","og_locale":"es_ES","og_type":"article","og_title":"Empresa | Hubert Haas","og_description":"[blank_spacer height=\u00bb30px\u00bb width=\u00bb1\/1&#8243; el_position=\u00bbfirst last\u00bb] [spb_icon_box title=\u00bbMano a mano con el cliente\u00bb box_type=\u00bbstandard\u00bb image=\u00bbss-usergroup\u00bb color=\u00bbaccent\u00bb target=\u00bb_self\u00bb animation=\u00bbfade-in\u00bb animation_delay=\u00bb400&#8243; width=\u00bb1\/4&#8243; el_position=\u00bbfirst\u00bb] Valoramos mucho nuestra buena reputaci\u00f3n como socio fiable y competente. [\/spb_icon_box] [spb_icon_box title=\u00bbCalidad\u00bb box_type=\u00bbstandard\u00bb image=\u00bbfa-star-o\u00bb color=\u00bbaccent\u00bb target=\u00bb_self\u00bb animation=\u00bbfade-in\u00bb animation_delay=\u00bb800&#8243; width=\u00bb1\/4&#8243;] Debemos nuestro \u00e9xito a que somos muy exigentes en cuanto a la calidad de los productos y la atenci\u00f3n. \u00abMade [&hellip;]","og_url":"https:\/\/www.hubert-haas.de\/es\/ueber-die-firma-haas\/","og_site_name":"Hubert Haas","article_modified_time":"2019-07-31T06:44:04+00:00","og_image":[{"url":"http:\/\/www.hubert-haas.de\/wp-content\/uploads\/2018\/01\/Firmengeb\u00e4ude.jpg"}],"twitter_card":"summary_large_image","twitter_misc":{"Tiempo de lectura":"6 minutos"},"schema":{"@context":"https:\/\/schema.org","@graph":[{"@type":"Organization","@id":"https:\/\/www.hubert-haas.de\/#organization","name":"Hubert Haas","url":"https:\/\/www.hubert-haas.de\/","sameAs":[],"logo":{"@type":"ImageObject","@id":"https:\/\/www.hubert-haas.de\/#logo","inLanguage":"es","url":"https:\/\/www.hubert-haas.de\/wp-content\/uploads\/2017\/06\/hubert-haas-neuler.png","contentUrl":"https:\/\/www.hubert-haas.de\/wp-content\/uploads\/2017\/06\/hubert-haas-neuler.png","width":236,"height":80,"caption":"Hubert Haas"},"image":{"@id":"https:\/\/www.hubert-haas.de\/#logo"}},{"@type":"WebSite","@id":"https:\/\/www.hubert-haas.de\/#website","url":"https:\/\/www.hubert-haas.de\/","name":"Hubert Haas","description":"","publisher":{"@id":"https:\/\/www.hubert-haas.de\/#organization"},"potentialAction":[{"@type":"SearchAction","target":{"@type":"EntryPoint","urlTemplate":"https:\/\/www.hubert-haas.de\/?s={search_term_string}"},"query-input":"required name=search_term_string"}],"inLanguage":"es"},{"@type":"ImageObject","@id":"https:\/\/www.hubert-haas.de\/es\/ueber-die-firma-haas\/#primaryimage","inLanguage":"es","url":"http:\/\/www.hubert-haas.de\/wp-content\/uploads\/2018\/01\/Firmengeb\u00e4ude.jpg","contentUrl":"http:\/\/www.hubert-haas.de\/wp-content\/uploads\/2018\/01\/Firmengeb\u00e4ude.jpg"},{"@type":"WebPage","@id":"https:\/\/www.hubert-haas.de\/es\/ueber-die-firma-haas\/#webpage","url":"https:\/\/www.hubert-haas.de\/es\/ueber-die-firma-haas\/","name":"Empresa | Hubert Haas","isPartOf":{"@id":"https:\/\/www.hubert-haas.de\/#website"},"primaryImageOfPage":{"@id":"https:\/\/www.hubert-haas.de\/es\/ueber-die-firma-haas\/#primaryimage"},"datePublished":"2017-07-12T19:15:02+00:00","dateModified":"2019-07-31T06:44:04+00:00","breadcrumb":{"@id":"https:\/\/www.hubert-haas.de\/es\/ueber-die-firma-haas\/#breadcrumb"},"inLanguage":"es","potentialAction":[{"@type":"ReadAction","target":["https:\/\/www.hubert-haas.de\/es\/ueber-die-firma-haas\/"]}]},{"@type":"BreadcrumbList","@id":"https:\/\/www.hubert-haas.de\/es\/ueber-die-firma-haas\/#breadcrumb","itemListElement":[{"@type":"ListItem","position":1,"name":"Startseite","item":"https:\/\/www.hubert-haas.de\/"},{"@type":"ListItem","position":2,"name":"Empresa"}]}]}},"_links":{"self":[{"href":"https:\/\/www.hubert-haas.de\/es\/wp-json\/wp\/v2\/pages\/403"}],"collection":[{"href":"https:\/\/www.hubert-haas.de\/es\/wp-json\/wp\/v2\/pages"}],"about":[{"href":"https:\/\/www.hubert-haas.de\/es\/wp-json\/wp\/v2\/types\/page"}],"author":[{"embeddable":true,"href":"https:\/\/www.hubert-haas.de\/es\/wp-json\/wp\/v2\/users\/1"}],"replies":[{"embeddable":true,"href":"https:\/\/www.hubert-haas.de\/es\/wp-json\/wp\/v2\/comments?post=403"}],"version-history":[{"count":17,"href":"https:\/\/www.hubert-haas.de\/es\/wp-json\/wp\/v2\/pages\/403\/revisions"}],"predecessor-version":[{"id":1981,"href":"https:\/\/www.hubert-haas.de\/es\/wp-json\/wp\/v2\/pages\/403\/revisions\/1981"}],"wp:attachment":[{"href":"https:\/\/www.hubert-haas.de\/es\/wp-json\/wp\/v2\/media?parent=403"}],"curies":[{"name":"wp","href":"https:\/\/api.w.org\/{rel}","templated":true}]}}