{"id":249,"date":"2017-06-23T14:35:46","date_gmt":"2017-06-23T12:35:46","guid":{"rendered":"http:\/\/www.hubert-haas.de\/?page_id=249"},"modified":"2018-06-19T22:24:01","modified_gmt":"2018-06-19T20:24:01","slug":"zubehoer","status":"publish","type":"page","link":"https:\/\/www.hubert-haas.de\/es\/produkte\/zubehoer\/","title":{"rendered":"Accesorios"},"content":{"rendered":"<p>[spb_single_image image=\u00bb1475&#8243; image_size=\u00bbthumbnail\u00bb frame=\u00bbglowframe\u00bb intro_animation=\u00bbnone\u00bb full_width=\u00bbno\u00bb lightbox=\u00bbyes\u00bb link_target=\u00bb_self\u00bb caption=\u00bbBatidor de tapa\u00bb width=\u00bb1\/4&#8243; el_position=\u00bbfirst\u00bb] [spb_single_image image=\u00bb1473&#8243; image_size=\u00bbthumbnail\u00bb frame=\u00bbglowframe\u00bb intro_animation=\u00bbnone\u00bb full_width=\u00bbno\u00bb lightbox=\u00bbyes\u00bb link_target=\u00bb_self\u00bb caption=\u00bbBatidor de goma Haas\u00bb width=\u00bb1\/4&#8243;] [spb_single_image image=\u00bb1486&#8243; image_size=\u00bbthumbnail\u00bb frame=\u00bbglowframe\u00bb intro_animation=\u00bbnone\u00bb full_width=\u00bbno\u00bb lightbox=\u00bbyes\u00bb link_target=\u00bb_self\u00bb caption=\u00bbBatidor de goma Baumann\u00bb width=\u00bb1\/4&#8243;] [spb_single_image image=\u00bb1487&#8243; image_size=\u00bbthumbnail\u00bb frame=\u00bbglowframe\u00bb intro_animation=\u00bbnone\u00bb full_width=\u00bbno\u00bb lightbox=\u00bbyes\u00bb link_target=\u00bb_self\u00bb caption=\u00bbBatidor de goma Weis\u00bb width=\u00bb1\/4&#8243; el_position=\u00bblast\u00bb] [spb_single_image image=\u00bb1488&#8243; image_size=\u00bbthumbnail\u00bb frame=\u00bbglowframe\u00bb intro_animation=\u00bbnone\u00bb full_width=\u00bbno\u00bb lightbox=\u00bbyes\u00bb link_target=\u00bb_self\u00bb caption=\u00bbRothmann\u00bb width=\u00bb1\/4&#8243; el_position=\u00bbfirst\u00bb] [spb_single_image image=\u00bb1489&#8243; image_size=\u00bbthumbnail\u00bb frame=\u00bbglowframe\u00bb intro_animation=\u00bbnone\u00bb full_width=\u00bbno\u00bb lightbox=\u00bbyes\u00bb link_target=\u00bb_self\u00bb caption=\u00bbBatidor de goma 130&#215;235 mejor calidad\u00bb width=\u00bb1\/4&#8243;] [spb_single_image image=\u00bb1490&#8243; image_size=\u00bbthumbnail\u00bb frame=\u00bbglowframe\u00bb intro_animation=\u00bbnone\u00bb full_width=\u00bbno\u00bb lightbox=\u00bbyes\u00bb link_target=\u00bb_self\u00bb caption=\u00bbBatidor de goma Mini Weis\u00bb width=\u00bb1\/4&#8243;] [spb_single_image image=\u00bb1491&#8243; image_size=\u00bbthumbnail\u00bb frame=\u00bbglowframe\u00bb intro_animation=\u00bbnone\u00bb full_width=\u00bbno\u00bb lightbox=\u00bbyes\u00bb link_target=\u00bb_self\u00bb caption=\u00bbBatidor de goma 90x180x22 para m\u00e1quina Storer antigua\u00bb width=\u00bb1\/4&#8243; el_position=\u00bblast\u00bb] [spb_single_image image=\u00bb1492&#8243; image_size=\u00bbthumbnail\u00bb frame=\u00bbglowframe\u00bb intro_animation=\u00bbnone\u00bb full_width=\u00bbno\u00bb lightbox=\u00bbyes\u00bb link_target=\u00bb_self\u00bb caption=\u00bbBatidor de goma Modelo JWE 4&#215;9 002&#8243; width=\u00bb1\/4&#8243; el_position=\u00bbfirst\u00bb] [spb_single_image image=\u00bb1493&#8243; image_size=\u00bbthumbnail\u00bb frame=\u00bbglowframe\u00bb intro_animation=\u00bbnone\u00bb full_width=\u00bbno\u00bb lightbox=\u00bbyes\u00bb link_target=\u00bb_self\u00bb caption=\u00bbBatidor de goma Rothmann 208&#215;128&#8243; width=\u00bb1\/4&#8243;] [spb_single_image image=\u00bb1494&#8243; image_size=\u00bbthumbnail\u00bb frame=\u00bbglowframe\u00bb intro_animation=\u00bbnone\u00bb full_width=\u00bbno\u00bb lightbox=\u00bbyes\u00bb link_target=\u00bb_self\u00bb caption=\u00bbBatidor de goma modelo David Goliath 001&#8243; width=\u00bb1\/4&#8243;] [spb_single_image image=\u00bb1495&#8243; image_size=\u00bbthumbnail\u00bb frame=\u00bbglowframe\u00bb intro_animation=\u00bbnone\u00bb full_width=\u00bbno\u00bb lightbox=\u00bbyes\u00bb link_target=\u00bb_self\u00bb caption=\u00bbKK batidor de goma para cabeza de carnero 30mm\u00bb width=\u00bb1\/4&#8243; el_position=\u00bblast\u00bb]<\/p>","protected":false},"excerpt":{"rendered":"<p>[spb_single_image image=\u00bb1475&#8243; image_size=\u00bbthumbnail\u00bb frame=\u00bbglowframe\u00bb intro_animation=\u00bbnone\u00bb full_width=\u00bbno\u00bb lightbox=\u00bbyes\u00bb link_target=\u00bb_self\u00bb caption=\u00bbBatidor de tapa\u00bb width=\u00bb1\/4&#8243; el_position=\u00bbfirst\u00bb] [spb_single_image image=\u00bb1473&#8243; image_size=\u00bbthumbnail\u00bb frame=\u00bbglowframe\u00bb intro_animation=\u00bbnone\u00bb full_width=\u00bbno\u00bb lightbox=\u00bbyes\u00bb link_target=\u00bb_self\u00bb caption=\u00bbBatidor de goma Haas\u00bb width=\u00bb1\/4&#8243;] [spb_single_image image=\u00bb1486&#8243; image_size=\u00bbthumbnail\u00bb frame=\u00bbglowframe\u00bb intro_animation=\u00bbnone\u00bb full_width=\u00bbno\u00bb lightbox=\u00bbyes\u00bb link_target=\u00bb_self\u00bb caption=\u00bbBatidor de goma Baumann\u00bb width=\u00bb1\/4&#8243;] [spb_single_image image=\u00bb1487&#8243; image_size=\u00bbthumbnail\u00bb frame=\u00bbglowframe\u00bb intro_animation=\u00bbnone\u00bb full_width=\u00bbno\u00bb lightbox=\u00bbyes\u00bb link_target=\u00bb_self\u00bb caption=\u00bbBatidor de goma Weis\u00bb width=\u00bb1\/4&#8243; el_position=\u00bblast\u00bb] [spb_single_image image=\u00bb1488&#8243; image_size=\u00bbthumbnail\u00bb frame=\u00bbglowframe\u00bb intro_animation=\u00bbnone\u00bb full_width=\u00bbno\u00bb lightbox=\u00bbyes\u00bb [&hellip;]<\/p>\n","protected":false},"author":1,"featured_media":0,"parent":43,"menu_order":21,"comment_status":"closed","ping_status":"closed","template":"","meta":[],"yoast_head":"<!-- This site is optimized with the Yoast SEO plugin v18.3 - https:\/\/yoast.com\/wordpress\/plugins\/seo\/ -->\n<title>Zubeh\u00f6r Br\u00fch-, Schlacht- und Bet\u00e4ubungsanlagen<\/title>\n<meta name=\"robots\" content=\"index, follow, max-snippet:-1, max-image-preview:large, max-video-preview:-1\" \/>\n<link rel=\"canonical\" href=\"https:\/\/www.hubert-haas.de\/produkte\/zubehoer\/\" \/>\n<meta property=\"og:locale\" content=\"es_ES\" \/>\n<meta property=\"og:type\" content=\"article\" \/>\n<meta property=\"og:title\" content=\"Zubeh\u00f6r Br\u00fch-, Schlacht- und Bet\u00e4ubungsanlagen\" \/>\n<meta property=\"og:description\" content=\"[spb_single_image image=\u00bb1475&#8243; image_size=\u00bbthumbnail\u00bb frame=\u00bbglowframe\u00bb intro_animation=\u00bbnone\u00bb full_width=\u00bbno\u00bb lightbox=\u00bbyes\u00bb link_target=\u00bb_self\u00bb caption=\u00bbBatidor de tapa\u00bb width=\u00bb1\/4&#8243; el_position=\u00bbfirst\u00bb] [spb_single_image image=\u00bb1473&#8243; image_size=\u00bbthumbnail\u00bb frame=\u00bbglowframe\u00bb intro_animation=\u00bbnone\u00bb full_width=\u00bbno\u00bb lightbox=\u00bbyes\u00bb link_target=\u00bb_self\u00bb caption=\u00bbBatidor de goma Haas\u00bb width=\u00bb1\/4&#8243;] [spb_single_image image=\u00bb1486&#8243; image_size=\u00bbthumbnail\u00bb frame=\u00bbglowframe\u00bb intro_animation=\u00bbnone\u00bb full_width=\u00bbno\u00bb lightbox=\u00bbyes\u00bb link_target=\u00bb_self\u00bb caption=\u00bbBatidor de goma Baumann\u00bb width=\u00bb1\/4&#8243;] [spb_single_image image=\u00bb1487&#8243; image_size=\u00bbthumbnail\u00bb frame=\u00bbglowframe\u00bb intro_animation=\u00bbnone\u00bb full_width=\u00bbno\u00bb lightbox=\u00bbyes\u00bb link_target=\u00bb_self\u00bb caption=\u00bbBatidor de goma Weis\u00bb width=\u00bb1\/4&#8243; el_position=\u00bblast\u00bb] [spb_single_image image=\u00bb1488&#8243; image_size=\u00bbthumbnail\u00bb frame=\u00bbglowframe\u00bb intro_animation=\u00bbnone\u00bb full_width=\u00bbno\u00bb lightbox=\u00bbyes\u00bb [&hellip;]\" \/>\n<meta property=\"og:url\" content=\"https:\/\/www.hubert-haas.de\/produkte\/zubehoer\/\" \/>\n<meta property=\"og:site_name\" content=\"Hubert Haas\" \/>\n<meta property=\"article:modified_time\" content=\"2018-06-19T20:24:01+00:00\" \/>\n<meta name=\"twitter:card\" content=\"summary_large_image\" \/>\n<meta name=\"twitter:label1\" content=\"Tiempo de lectura\" \/>\n\t<meta name=\"twitter:data1\" content=\"7 minutos\" \/>\n<script type=\"application\/ld+json\" class=\"yoast-schema-graph\">{\"@context\":\"https:\/\/schema.org\",\"@graph\":[{\"@type\":\"Organization\",\"@id\":\"https:\/\/www.hubert-haas.de\/#organization\",\"name\":\"Hubert Haas\",\"url\":\"https:\/\/www.hubert-haas.de\/\",\"sameAs\":[],\"logo\":{\"@type\":\"ImageObject\",\"@id\":\"https:\/\/www.hubert-haas.de\/#logo\",\"inLanguage\":\"es\",\"url\":\"https:\/\/www.hubert-haas.de\/wp-content\/uploads\/2017\/06\/hubert-haas-neuler.png\",\"contentUrl\":\"https:\/\/www.hubert-haas.de\/wp-content\/uploads\/2017\/06\/hubert-haas-neuler.png\",\"width\":236,\"height\":80,\"caption\":\"Hubert Haas\"},\"image\":{\"@id\":\"https:\/\/www.hubert-haas.de\/#logo\"}},{\"@type\":\"WebSite\",\"@id\":\"https:\/\/www.hubert-haas.de\/#website\",\"url\":\"https:\/\/www.hubert-haas.de\/\",\"name\":\"Hubert Haas\",\"description\":\"\",\"publisher\":{\"@id\":\"https:\/\/www.hubert-haas.de\/#organization\"},\"potentialAction\":[{\"@type\":\"SearchAction\",\"target\":{\"@type\":\"EntryPoint\",\"urlTemplate\":\"https:\/\/www.hubert-haas.de\/?s={search_term_string}\"},\"query-input\":\"required name=search_term_string\"}],\"inLanguage\":\"es\"},{\"@type\":\"WebPage\",\"@id\":\"https:\/\/www.hubert-haas.de\/produkte\/zubehoer\/#webpage\",\"url\":\"https:\/\/www.hubert-haas.de\/produkte\/zubehoer\/\",\"name\":\"Zubeh\u00f6r Br\u00fch-, Schlacht- und Bet\u00e4ubungsanlagen\",\"isPartOf\":{\"@id\":\"https:\/\/www.hubert-haas.de\/#website\"},\"datePublished\":\"2017-06-23T12:35:46+00:00\",\"dateModified\":\"2018-06-19T20:24:01+00:00\",\"breadcrumb\":{\"@id\":\"https:\/\/www.hubert-haas.de\/produkte\/zubehoer\/#breadcrumb\"},\"inLanguage\":\"es\",\"potentialAction\":[{\"@type\":\"ReadAction\",\"target\":[\"https:\/\/www.hubert-haas.de\/produkte\/zubehoer\/\"]}]},{\"@type\":\"BreadcrumbList\",\"@id\":\"https:\/\/www.hubert-haas.de\/produkte\/zubehoer\/#breadcrumb\",\"itemListElement\":[{\"@type\":\"ListItem\",\"position\":1,\"name\":\"Startseite\",\"item\":\"https:\/\/www.hubert-haas.de\/\"},{\"@type\":\"ListItem\",\"position\":2,\"name\":\"Products\",\"item\":\"https:\/\/www.hubert-haas.de\/en\/produkte\/\"},{\"@type\":\"ListItem\",\"position\":3,\"name\":\"Zubeh\u00f6r\"}]}]}<\/script>\n<!-- \/ Yoast SEO plugin. -->","yoast_head_json":{"title":"Zubeh\u00f6r Br\u00fch-, Schlacht- und Bet\u00e4ubungsanlagen","robots":{"index":"index","follow":"follow","max-snippet":"max-snippet:-1","max-image-preview":"max-image-preview:large","max-video-preview":"max-video-preview:-1"},"canonical":"https:\/\/www.hubert-haas.de\/produkte\/zubehoer\/","og_locale":"es_ES","og_type":"article","og_title":"Zubeh\u00f6r Br\u00fch-, Schlacht- und Bet\u00e4ubungsanlagen","og_description":"[spb_single_image image=\u00bb1475&#8243; image_size=\u00bbthumbnail\u00bb frame=\u00bbglowframe\u00bb intro_animation=\u00bbnone\u00bb full_width=\u00bbno\u00bb lightbox=\u00bbyes\u00bb link_target=\u00bb_self\u00bb caption=\u00bbBatidor de tapa\u00bb width=\u00bb1\/4&#8243; el_position=\u00bbfirst\u00bb] [spb_single_image image=\u00bb1473&#8243; image_size=\u00bbthumbnail\u00bb frame=\u00bbglowframe\u00bb intro_animation=\u00bbnone\u00bb full_width=\u00bbno\u00bb lightbox=\u00bbyes\u00bb link_target=\u00bb_self\u00bb caption=\u00bbBatidor de goma Haas\u00bb width=\u00bb1\/4&#8243;] [spb_single_image image=\u00bb1486&#8243; image_size=\u00bbthumbnail\u00bb frame=\u00bbglowframe\u00bb intro_animation=\u00bbnone\u00bb full_width=\u00bbno\u00bb lightbox=\u00bbyes\u00bb link_target=\u00bb_self\u00bb caption=\u00bbBatidor de goma Baumann\u00bb width=\u00bb1\/4&#8243;] [spb_single_image image=\u00bb1487&#8243; image_size=\u00bbthumbnail\u00bb frame=\u00bbglowframe\u00bb intro_animation=\u00bbnone\u00bb full_width=\u00bbno\u00bb lightbox=\u00bbyes\u00bb link_target=\u00bb_self\u00bb caption=\u00bbBatidor de goma Weis\u00bb width=\u00bb1\/4&#8243; el_position=\u00bblast\u00bb] [spb_single_image image=\u00bb1488&#8243; image_size=\u00bbthumbnail\u00bb frame=\u00bbglowframe\u00bb intro_animation=\u00bbnone\u00bb full_width=\u00bbno\u00bb lightbox=\u00bbyes\u00bb [&hellip;]","og_url":"https:\/\/www.hubert-haas.de\/produkte\/zubehoer\/","og_site_name":"Hubert Haas","article_modified_time":"2018-06-19T20:24:01+00:00","twitter_card":"summary_large_image","twitter_misc":{"Tiempo de lectura":"7 minutos"},"schema":{"@context":"https:\/\/schema.org","@graph":[{"@type":"Organization","@id":"https:\/\/www.hubert-haas.de\/#organization","name":"Hubert Haas","url":"https:\/\/www.hubert-haas.de\/","sameAs":[],"logo":{"@type":"ImageObject","@id":"https:\/\/www.hubert-haas.de\/#logo","inLanguage":"es","url":"https:\/\/www.hubert-haas.de\/wp-content\/uploads\/2017\/06\/hubert-haas-neuler.png","contentUrl":"https:\/\/www.hubert-haas.de\/wp-content\/uploads\/2017\/06\/hubert-haas-neuler.png","width":236,"height":80,"caption":"Hubert Haas"},"image":{"@id":"https:\/\/www.hubert-haas.de\/#logo"}},{"@type":"WebSite","@id":"https:\/\/www.hubert-haas.de\/#website","url":"https:\/\/www.hubert-haas.de\/","name":"Hubert Haas","description":"","publisher":{"@id":"https:\/\/www.hubert-haas.de\/#organization"},"potentialAction":[{"@type":"SearchAction","target":{"@type":"EntryPoint","urlTemplate":"https:\/\/www.hubert-haas.de\/?s={search_term_string}"},"query-input":"required name=search_term_string"}],"inLanguage":"es"},{"@type":"WebPage","@id":"https:\/\/www.hubert-haas.de\/produkte\/zubehoer\/#webpage","url":"https:\/\/www.hubert-haas.de\/produkte\/zubehoer\/","name":"Zubeh\u00f6r Br\u00fch-, Schlacht- und Bet\u00e4ubungsanlagen","isPartOf":{"@id":"https:\/\/www.hubert-haas.de\/#website"},"datePublished":"2017-06-23T12:35:46+00:00","dateModified":"2018-06-19T20:24:01+00:00","breadcrumb":{"@id":"https:\/\/www.hubert-haas.de\/produkte\/zubehoer\/#breadcrumb"},"inLanguage":"es","potentialAction":[{"@type":"ReadAction","target":["https:\/\/www.hubert-haas.de\/produkte\/zubehoer\/"]}]},{"@type":"BreadcrumbList","@id":"https:\/\/www.hubert-haas.de\/produkte\/zubehoer\/#breadcrumb","itemListElement":[{"@type":"ListItem","position":1,"name":"Startseite","item":"https:\/\/www.hubert-haas.de\/"},{"@type":"ListItem","position":2,"name":"Products","item":"https:\/\/www.hubert-haas.de\/en\/produkte\/"},{"@type":"ListItem","position":3,"name":"Zubeh\u00f6r"}]}]}},"_links":{"self":[{"href":"https:\/\/www.hubert-haas.de\/es\/wp-json\/wp\/v2\/pages\/249"}],"collection":[{"href":"https:\/\/www.hubert-haas.de\/es\/wp-json\/wp\/v2\/pages"}],"about":[{"href":"https:\/\/www.hubert-haas.de\/es\/wp-json\/wp\/v2\/types\/page"}],"author":[{"embeddable":true,"href":"https:\/\/www.hubert-haas.de\/es\/wp-json\/wp\/v2\/users\/1"}],"replies":[{"embeddable":true,"href":"https:\/\/www.hubert-haas.de\/es\/wp-json\/wp\/v2\/comments?post=249"}],"version-history":[{"count":23,"href":"https:\/\/www.hubert-haas.de\/es\/wp-json\/wp\/v2\/pages\/249\/revisions"}],"predecessor-version":[{"id":1689,"href":"https:\/\/www.hubert-haas.de\/es\/wp-json\/wp\/v2\/pages\/249\/revisions\/1689"}],"up":[{"embeddable":true,"href":"https:\/\/www.hubert-haas.de\/es\/wp-json\/wp\/v2\/pages\/43"}],"wp:attachment":[{"href":"https:\/\/www.hubert-haas.de\/es\/wp-json\/wp\/v2\/media?parent=249"}],"curies":[{"name":"wp","href":"https:\/\/api.w.org\/{rel}","templated":true}]}}