{"id":247,"date":"2017-06-23T14:35:32","date_gmt":"2017-06-23T12:35:32","guid":{"rendered":"http:\/\/www.hubert-haas.de\/?page_id=247"},"modified":"2021-04-29T12:36:29","modified_gmt":"2021-04-29T10:36:29","slug":"pansen-reinigungsmaschine","status":"publish","type":"page","link":"https:\/\/www.hubert-haas.de\/es\/produkte\/pansen-reinigungsmaschine\/","title":{"rendered":"M\u00e1quina para la limpieza de r\u00famenes"},"content":{"rendered":"<p>[fullwidth_text alt_background=\u00bbnone\u00bb width=\u00bb1\/1&#8243; el_position=\u00bbfirst last\u00bb]\n<p><img loading=\"lazy\" class=\"wp-image-1260 alignright\" src=\"http:\/\/www.hubert-haas.de\/wp-content\/uploads\/2018\/01\/Pansenreinigungsmaschine.jpg\" alt=\"\" width=\"299\" height=\"504\" srcset=\"https:\/\/www.hubert-haas.de\/wp-content\/uploads\/2018\/01\/Pansenreinigungsmaschine.jpg 483w, https:\/\/www.hubert-haas.de\/wp-content\/uploads\/2018\/01\/Pansenreinigungsmaschine-178x300.jpg 178w\" sizes=\"(max-width: 299px) 100vw, 299px\" \/><\/p>\n<p>M\u00e1quina para el lavado, escaldado<br \/>\ny la limpieza de r\u00famenes, est\u00f3magos de cerdos, terneros y ovejas, tripas<br \/>\ny lenguas de cerdo previamente escaldadas.<\/p>\n<h3>Fases<\/h3>\n<ol>\n<li>Preescaldado del rumen a unos 70\u00b0C<\/li>\n<li>Extender la arruga a mano<\/li>\n<li>Con la m\u00e1quina en funcionamiento, introducir de 6 a 8 r\u00famenes sin grasa para su escaldado<br \/>\ny limpieza a una temperatura del agua de unos 62\u00b0C<\/li>\n<li>Pasados unos 4-6 minutos sacar los r\u00famenes escaldados que estar\u00e1n blandos y blancos, y enfriar en un ba\u00f1o de agua<\/li>\n<\/ol>\n<h3>Descargar PDF<\/h3>\n<p><a href=\"https:\/\/www.hubert-haas.de\/wp-content\/uploads\/2017\/10\/2018_Pansenreinigungsmaschine_ES.pdf\" target=\"_blank\" rel=\"noopener\">M\u00e1quina para la limpieza de r\u00famenes<\/a><\/p>\n[\/fullwidth_text] [spb_single_image image=\u00bb1264&#8243; image_size=\u00bbthumbnail\u00bb frame=\u00bbglowframe\u00bb intro_animation=\u00bbfade-in\u00bb full_width=\u00bbno\u00bb lightbox=\u00bbyes\u00bb link_target=\u00bb_self\u00bb width=\u00bb1\/4&#8243; el_position=\u00bbfirst\u00bb] [spb_single_image image=\u00bb1263&#8243; image_size=\u00bbthumbnail\u00bb frame=\u00bbglowframe\u00bb intro_animation=\u00bbfade-in\u00bb full_width=\u00bbno\u00bb lightbox=\u00bbyes\u00bb link_target=\u00bb_self\u00bb width=\u00bb1\/4&#8243; el_position=\u00bblast\u00bb] [fullwidth_text alt_background=\u00bbnone\u00bb width=\u00bb1\/1&#8243; el_position=\u00bbfirst last\u00bb]\n<h2>Datos t\u00e9cnicos<\/h2>\n<table class=\"sf-table striped_bordered\"><tbody> <tr> <th>Medidas<\/th> <th><\/th> <\/tr> <tr> <td>Potencia<\/td> <td>aprox. 15 r\u00famenes\/hora<\/td> <\/tr> <tr> <td>Duraci\u00f3n del proceso<\/td> <td>aprox. 4-5 minutos<\/td> <\/tr> <tr> <td>Consumo de agua<\/td> <td>aprox. 1,1 m3<\/td> <\/tr> <tr> <td>Dimensiones<\/td> <td>650 x 1000 mm<\/td> <\/tr> <tr> <td>Peso<\/td> <td>120 KG<\/td> <\/tr> <tr> <td>Tensi\u00f3n de trabajo<\/td> <td>400 V 3AC\/N<\/td> <\/tr> <tr> <td>Frecuencia<\/td> <td>50 <\/td> <\/tr> <tr> <td>Motor<\/td> <td>2,2 KW<\/td> <\/tr> <tr> <td>Presi\u00f3n de agua<\/td> <td>min. 6 bar<\/td> <\/tr> <tr> <td>Toma de agua<\/td> <td>\u00be\u201c Toma de agua fr\u00eda<\/td> <\/tr> <tr><\/tr> <\/tbody><\/table>\n[\/fullwidth_text]<\/p>","protected":false},"excerpt":{"rendered":"<p>[fullwidth_text alt_background=\u00bbnone\u00bb width=\u00bb1\/1&#8243; el_position=\u00bbfirst last\u00bb] M\u00e1quina para el lavado, escaldado y la limpieza de r\u00famenes, est\u00f3magos de cerdos, terneros y ovejas, tripas y lenguas de cerdo previamente escaldadas. Fases Preescaldado del rumen a unos 70\u00b0C Extender la arruga a mano Con la m\u00e1quina en funcionamiento, introducir de 6 a 8 r\u00famenes sin grasa para su escaldado y limpieza a una [&hellip;]<\/p>\n","protected":false},"author":1,"featured_media":0,"parent":43,"menu_order":15,"comment_status":"closed","ping_status":"closed","template":"","meta":[],"yoast_head":"<!-- This site is optimized with the Yoast SEO plugin v18.3 - https:\/\/yoast.com\/wordpress\/plugins\/seo\/ -->\n<title>Pansenreinigungsmaschine Br\u00fch-Wasch-und Reinigungsmaschine<\/title>\n<meta name=\"robots\" content=\"index, follow, max-snippet:-1, max-image-preview:large, max-video-preview:-1\" \/>\n<link rel=\"canonical\" href=\"https:\/\/www.hubert-haas.de\/produkte\/pansen-reinigungsmaschine\/\" \/>\n<meta property=\"og:locale\" content=\"es_ES\" \/>\n<meta property=\"og:type\" content=\"article\" \/>\n<meta property=\"og:title\" content=\"Pansenreinigungsmaschine Br\u00fch-Wasch-und Reinigungsmaschine\" \/>\n<meta property=\"og:description\" content=\"[fullwidth_text alt_background=\u00bbnone\u00bb width=\u00bb1\/1&#8243; el_position=\u00bbfirst last\u00bb] M\u00e1quina para el lavado, escaldado y la limpieza de r\u00famenes, est\u00f3magos de cerdos, terneros y ovejas, tripas y lenguas de cerdo previamente escaldadas. Fases Preescaldado del rumen a unos 70\u00b0C Extender la arruga a mano Con la m\u00e1quina en funcionamiento, introducir de 6 a 8 r\u00famenes sin grasa para su escaldado y limpieza a una [&hellip;]\" \/>\n<meta property=\"og:url\" content=\"https:\/\/www.hubert-haas.de\/produkte\/pansen-reinigungsmaschine\/\" \/>\n<meta property=\"og:site_name\" content=\"Hubert Haas\" \/>\n<meta property=\"article:modified_time\" content=\"2021-04-29T10:36:29+00:00\" \/>\n<meta property=\"og:image\" content=\"http:\/\/www.hubert-haas.de\/wp-content\/uploads\/2018\/01\/Pansenreinigungsmaschine.jpg\" \/>\n<meta name=\"twitter:card\" content=\"summary_large_image\" \/>\n<meta name=\"twitter:label1\" content=\"Tiempo de lectura\" \/>\n\t<meta name=\"twitter:data1\" content=\"7 minutos\" \/>\n<script type=\"application\/ld+json\" class=\"yoast-schema-graph\">{\"@context\":\"https:\/\/schema.org\",\"@graph\":[{\"@type\":\"Organization\",\"@id\":\"https:\/\/www.hubert-haas.de\/#organization\",\"name\":\"Hubert Haas\",\"url\":\"https:\/\/www.hubert-haas.de\/\",\"sameAs\":[],\"logo\":{\"@type\":\"ImageObject\",\"@id\":\"https:\/\/www.hubert-haas.de\/#logo\",\"inLanguage\":\"es\",\"url\":\"https:\/\/www.hubert-haas.de\/wp-content\/uploads\/2017\/06\/hubert-haas-neuler.png\",\"contentUrl\":\"https:\/\/www.hubert-haas.de\/wp-content\/uploads\/2017\/06\/hubert-haas-neuler.png\",\"width\":236,\"height\":80,\"caption\":\"Hubert Haas\"},\"image\":{\"@id\":\"https:\/\/www.hubert-haas.de\/#logo\"}},{\"@type\":\"WebSite\",\"@id\":\"https:\/\/www.hubert-haas.de\/#website\",\"url\":\"https:\/\/www.hubert-haas.de\/\",\"name\":\"Hubert Haas\",\"description\":\"\",\"publisher\":{\"@id\":\"https:\/\/www.hubert-haas.de\/#organization\"},\"potentialAction\":[{\"@type\":\"SearchAction\",\"target\":{\"@type\":\"EntryPoint\",\"urlTemplate\":\"https:\/\/www.hubert-haas.de\/?s={search_term_string}\"},\"query-input\":\"required name=search_term_string\"}],\"inLanguage\":\"es\"},{\"@type\":\"ImageObject\",\"@id\":\"https:\/\/www.hubert-haas.de\/produkte\/pansen-reinigungsmaschine\/#primaryimage\",\"inLanguage\":\"es\",\"url\":\"http:\/\/www.hubert-haas.de\/wp-content\/uploads\/2018\/01\/Pansenreinigungsmaschine.jpg\",\"contentUrl\":\"http:\/\/www.hubert-haas.de\/wp-content\/uploads\/2018\/01\/Pansenreinigungsmaschine.jpg\"},{\"@type\":\"WebPage\",\"@id\":\"https:\/\/www.hubert-haas.de\/produkte\/pansen-reinigungsmaschine\/#webpage\",\"url\":\"https:\/\/www.hubert-haas.de\/produkte\/pansen-reinigungsmaschine\/\",\"name\":\"Pansenreinigungsmaschine Br\u00fch-Wasch-und Reinigungsmaschine\",\"isPartOf\":{\"@id\":\"https:\/\/www.hubert-haas.de\/#website\"},\"primaryImageOfPage\":{\"@id\":\"https:\/\/www.hubert-haas.de\/produkte\/pansen-reinigungsmaschine\/#primaryimage\"},\"datePublished\":\"2017-06-23T12:35:32+00:00\",\"dateModified\":\"2021-04-29T10:36:29+00:00\",\"breadcrumb\":{\"@id\":\"https:\/\/www.hubert-haas.de\/produkte\/pansen-reinigungsmaschine\/#breadcrumb\"},\"inLanguage\":\"es\",\"potentialAction\":[{\"@type\":\"ReadAction\",\"target\":[\"https:\/\/www.hubert-haas.de\/produkte\/pansen-reinigungsmaschine\/\"]}]},{\"@type\":\"BreadcrumbList\",\"@id\":\"https:\/\/www.hubert-haas.de\/produkte\/pansen-reinigungsmaschine\/#breadcrumb\",\"itemListElement\":[{\"@type\":\"ListItem\",\"position\":1,\"name\":\"Startseite\",\"item\":\"https:\/\/www.hubert-haas.de\/\"},{\"@type\":\"ListItem\",\"position\":2,\"name\":\"Products\",\"item\":\"https:\/\/www.hubert-haas.de\/en\/produkte\/\"},{\"@type\":\"ListItem\",\"position\":3,\"name\":\"Pansenreinigungsmaschine\"}]}]}<\/script>\n<!-- \/ Yoast SEO plugin. -->","yoast_head_json":{"title":"Pansenreinigungsmaschine Br\u00fch-Wasch-und Reinigungsmaschine","robots":{"index":"index","follow":"follow","max-snippet":"max-snippet:-1","max-image-preview":"max-image-preview:large","max-video-preview":"max-video-preview:-1"},"canonical":"https:\/\/www.hubert-haas.de\/produkte\/pansen-reinigungsmaschine\/","og_locale":"es_ES","og_type":"article","og_title":"Pansenreinigungsmaschine Br\u00fch-Wasch-und Reinigungsmaschine","og_description":"[fullwidth_text alt_background=\u00bbnone\u00bb width=\u00bb1\/1&#8243; el_position=\u00bbfirst last\u00bb] M\u00e1quina para el lavado, escaldado y la limpieza de r\u00famenes, est\u00f3magos de cerdos, terneros y ovejas, tripas y lenguas de cerdo previamente escaldadas. Fases Preescaldado del rumen a unos 70\u00b0C Extender la arruga a mano Con la m\u00e1quina en funcionamiento, introducir de 6 a 8 r\u00famenes sin grasa para su escaldado y limpieza a una [&hellip;]","og_url":"https:\/\/www.hubert-haas.de\/produkte\/pansen-reinigungsmaschine\/","og_site_name":"Hubert Haas","article_modified_time":"2021-04-29T10:36:29+00:00","og_image":[{"url":"http:\/\/www.hubert-haas.de\/wp-content\/uploads\/2018\/01\/Pansenreinigungsmaschine.jpg"}],"twitter_card":"summary_large_image","twitter_misc":{"Tiempo de lectura":"7 minutos"},"schema":{"@context":"https:\/\/schema.org","@graph":[{"@type":"Organization","@id":"https:\/\/www.hubert-haas.de\/#organization","name":"Hubert Haas","url":"https:\/\/www.hubert-haas.de\/","sameAs":[],"logo":{"@type":"ImageObject","@id":"https:\/\/www.hubert-haas.de\/#logo","inLanguage":"es","url":"https:\/\/www.hubert-haas.de\/wp-content\/uploads\/2017\/06\/hubert-haas-neuler.png","contentUrl":"https:\/\/www.hubert-haas.de\/wp-content\/uploads\/2017\/06\/hubert-haas-neuler.png","width":236,"height":80,"caption":"Hubert Haas"},"image":{"@id":"https:\/\/www.hubert-haas.de\/#logo"}},{"@type":"WebSite","@id":"https:\/\/www.hubert-haas.de\/#website","url":"https:\/\/www.hubert-haas.de\/","name":"Hubert Haas","description":"","publisher":{"@id":"https:\/\/www.hubert-haas.de\/#organization"},"potentialAction":[{"@type":"SearchAction","target":{"@type":"EntryPoint","urlTemplate":"https:\/\/www.hubert-haas.de\/?s={search_term_string}"},"query-input":"required name=search_term_string"}],"inLanguage":"es"},{"@type":"ImageObject","@id":"https:\/\/www.hubert-haas.de\/produkte\/pansen-reinigungsmaschine\/#primaryimage","inLanguage":"es","url":"http:\/\/www.hubert-haas.de\/wp-content\/uploads\/2018\/01\/Pansenreinigungsmaschine.jpg","contentUrl":"http:\/\/www.hubert-haas.de\/wp-content\/uploads\/2018\/01\/Pansenreinigungsmaschine.jpg"},{"@type":"WebPage","@id":"https:\/\/www.hubert-haas.de\/produkte\/pansen-reinigungsmaschine\/#webpage","url":"https:\/\/www.hubert-haas.de\/produkte\/pansen-reinigungsmaschine\/","name":"Pansenreinigungsmaschine Br\u00fch-Wasch-und Reinigungsmaschine","isPartOf":{"@id":"https:\/\/www.hubert-haas.de\/#website"},"primaryImageOfPage":{"@id":"https:\/\/www.hubert-haas.de\/produkte\/pansen-reinigungsmaschine\/#primaryimage"},"datePublished":"2017-06-23T12:35:32+00:00","dateModified":"2021-04-29T10:36:29+00:00","breadcrumb":{"@id":"https:\/\/www.hubert-haas.de\/produkte\/pansen-reinigungsmaschine\/#breadcrumb"},"inLanguage":"es","potentialAction":[{"@type":"ReadAction","target":["https:\/\/www.hubert-haas.de\/produkte\/pansen-reinigungsmaschine\/"]}]},{"@type":"BreadcrumbList","@id":"https:\/\/www.hubert-haas.de\/produkte\/pansen-reinigungsmaschine\/#breadcrumb","itemListElement":[{"@type":"ListItem","position":1,"name":"Startseite","item":"https:\/\/www.hubert-haas.de\/"},{"@type":"ListItem","position":2,"name":"Products","item":"https:\/\/www.hubert-haas.de\/en\/produkte\/"},{"@type":"ListItem","position":3,"name":"Pansenreinigungsmaschine"}]}]}},"_links":{"self":[{"href":"https:\/\/www.hubert-haas.de\/es\/wp-json\/wp\/v2\/pages\/247"}],"collection":[{"href":"https:\/\/www.hubert-haas.de\/es\/wp-json\/wp\/v2\/pages"}],"about":[{"href":"https:\/\/www.hubert-haas.de\/es\/wp-json\/wp\/v2\/types\/page"}],"author":[{"embeddable":true,"href":"https:\/\/www.hubert-haas.de\/es\/wp-json\/wp\/v2\/users\/1"}],"replies":[{"embeddable":true,"href":"https:\/\/www.hubert-haas.de\/es\/wp-json\/wp\/v2\/comments?post=247"}],"version-history":[{"count":30,"href":"https:\/\/www.hubert-haas.de\/es\/wp-json\/wp\/v2\/pages\/247\/revisions"}],"predecessor-version":[{"id":2025,"href":"https:\/\/www.hubert-haas.de\/es\/wp-json\/wp\/v2\/pages\/247\/revisions\/2025"}],"up":[{"embeddable":true,"href":"https:\/\/www.hubert-haas.de\/es\/wp-json\/wp\/v2\/pages\/43"}],"wp:attachment":[{"href":"https:\/\/www.hubert-haas.de\/es\/wp-json\/wp\/v2\/media?parent=247"}],"curies":[{"name":"wp","href":"https:\/\/api.w.org\/{rel}","templated":true}]}}