{"id":245,"date":"2017-06-23T14:34:53","date_gmt":"2017-06-23T12:34:53","guid":{"rendered":"http:\/\/www.hubert-haas.de\/?page_id=245"},"modified":"2023-07-14T14:28:58","modified_gmt":"2023-07-14T12:28:58","slug":"enthaarungs-und-abflammmaschine-typ-golitah","status":"publish","type":"page","link":"https:\/\/www.hubert-haas.de\/es\/produkte\/enthaarungs-und-abflammmaschinen\/enthaarungs-und-abflammmaschine-typ-golitah\/","title":{"rendered":"M\u00e1quina de pelado y chamuscado Modelo Goliath"},"content":{"rendered":"<p>[fullwidth_text alt_background=\u00bbnone\u00bb width=\u00bb1\/1&#8243; el_position=\u00bbfirst last\u00bb]\n<p><img loading=\"lazy\" class=\"alignright wp-image-1147 \" src=\"http:\/\/www.hubert-haas.de\/wp-content\/uploads\/2018\/01\/Goliath.jpg\" alt=\"\" width=\"397\" height=\"390\" srcset=\"https:\/\/www.hubert-haas.de\/wp-content\/uploads\/2018\/01\/Goliath.jpg 490w, https:\/\/www.hubert-haas.de\/wp-content\/uploads\/2018\/01\/Goliath-300x294.jpg 300w\" sizes=\"(max-width: 397px) 100vw, 397px\" \/>La m\u00e1quina de pelado del modelo Goliath est\u00e1 prevista para pelar a los cerdos y puercos pudiendo procesar de 50 a 120 cerdos por hora.\u00a0 Dispone de una c\u00e1mara con rodillo rascador fuerte y est\u00e1 prevista adem\u00e1s para pelar puercos y jabal\u00eds de hasta 400 kg de peso.<\/p>\n<ul>\n<li>Capacidad para sacrificar unos 50 &#8211; 120 cerdos\/hora<\/li>\n<li>Cerdos hasta unos 400 kg<\/li>\n<li>Cuerpo de la m\u00e1quina con galvanizado en caliente<\/li>\n<li>Armario de distribuci\u00f3n incorporado<\/li>\n<li>Rodillo equipado con batidores especiales de goma con rascador<\/li>\n<li>Tiempo de pelado y carga de la m\u00e1quina<\/li>\n<li>ajustable<\/li>\n<li>Bastidor de la m\u00e1quina con galvanizado en caliente,<\/li>\n<li>puertas y armario central de acero inoxidable<\/li>\n<\/ul>\n<h3>Puente de chamuscado<\/h3>\n<ul>\n<li>Para depilar sin dejar restos<\/li>\n<li>Puente de chamuscado en acero inoxidable montado sobre el Goliath<\/li>\n<li>Control central en el armario de mandos<\/li>\n<li>Se puede elegir entre gas propano o gas natural<\/li>\n<li>Funciona con aire comprimido<\/li>\n<li>9 &#8211; 12 quemadores de acero inoxidable (dependiendo del ancho de paso)<\/li>\n<li>Certificaci\u00f3n T\u00dcV<\/li>\n<\/ul>\n<h3>Cuba de escaldado modelo Turn-O-Matic<\/h3>\n<p>En combinaci\u00f3n con la m\u00e1quina de pelado y de chamuscado modelo Goliath<\/p>\n<ul>\n<li>Capacidad para 2,5 hasta 10 cerdos \/ sumergidos<\/li>\n<li>Calefacci\u00f3n: el\u00e9ctrica 40-50 kW o a elegir con vapor mediante mezcla directa a trav\u00e9s de una tobera especial o mediante intercambiador de calor<\/li>\n<li>Regulaci\u00f3n autom\u00e1tica de la temperatura de escaldado<\/li>\n<li>Temperatura de escaldado entre 59 &#8211; 62 \u00b0C<\/li>\n<li>Bomba de circulaci\u00f3n<\/li>\n<\/ul>\n<h3>Download\/Video<\/h3>\n<p><a href=\"http:\/\/www.hubert-haas.de\/wp-content\/uploads\/2017\/10\/Enthaarungsmaschinen_DE.pdf\" target=\"_blank\" rel=\"noopener\">PDF M\u00e1quina de pelado y chamuscado<\/a><br \/>\n<a href=\"https:\/\/www.youtube.com\/watch?v=AZrofGPCFkI\" target=\"_blank\" rel=\"noopener\">Youtube Video<\/a><\/p>\n[\/fullwidth_text] [spb_single_image image=\u00bb1148&#8243; image_size=\u00bbthumbnail\u00bb frame=\u00bbglowframe\u00bb intro_animation=\u00bbfade-in\u00bb full_width=\u00bbno\u00bb lightbox=\u00bbyes\u00bb link_target=\u00bb_self\u00bb caption=\u00bbCuba de escaldado modelo Turn-O-Matic\u00bb width=\u00bb1\/4&#8243; el_position=\u00bbfirst\u00bb] [spb_single_image image=\u00bb1149&#8243; image_size=\u00bbthumbnail\u00bb frame=\u00bbglowframe\u00bb intro_animation=\u00bbfade-in\u00bb full_width=\u00bbno\u00bb lightbox=\u00bbyes\u00bb link_target=\u00bb_self\u00bb caption=\u00bb \u00bb width=\u00bb1\/4&#8243;] [spb_single_image image=\u00bb1150&#8243; image_size=\u00bbthumbnail\u00bb frame=\u00bbglowframe\u00bb intro_animation=\u00bbfade-in\u00bb full_width=\u00bbno\u00bb lightbox=\u00bbyes\u00bb link_target=\u00bb_self\u00bb caption=\u00bbBatidores de goma especiales con rascador para pelar mejor\u00bb width=\u00bb1\/4&#8243; el_position=\u00bblast\u00bb] [fullwidth_text alt_background=\u00bbnone\u00bb width=\u00bb1\/1&#8243; el_position=\u00bbfirst last\u00bb]\n<h2>Datos t\u00e9cnicos<\/h2>\n<table class=\"sf-table striped_bordered\">\n<tbody>\n<tr>\n<th>Modelo<\/th>\n<th>180<\/th>\n<th>200<\/th>\n<th>220<\/th>\n<th>250<\/th>\n<th>280<\/th>\n<\/tr>\n<tr>\n<td>Peso por animal en kg<\/td>\n<td>250<\/td>\n<td>270<\/td>\n<td>350<\/td>\n<td>380<\/td>\n<td>400<\/td>\n<\/tr>\n<tr>\n<td>Capacidad<\/td>\n<td>bis 80<\/td>\n<td>80<\/td>\n<td>80<\/td>\n<td>120<\/td>\n<td>160<\/td>\n<\/tr>\n<tr>\n<td>Anchura de trabajo<\/td>\n<td>1800<\/td>\n<td>2000<\/td>\n<td>2200<\/td>\n<td>2500<\/td>\n<td>2800<\/td>\n<\/tr>\n<tr>\n<td>Anchura total<\/td>\n<td>2350<\/td>\n<td>2650<\/td>\n<td>2950<\/td>\n<td>3250<\/td>\n<td>3550<\/td>\n<\/tr>\n<tr>\n<td>Largo<\/td>\n<td>1450<\/td>\n<td>1450<\/td>\n<td>1500<\/td>\n<td>1500<\/td>\n<td>1500<\/td>\n<\/tr>\n<tr>\n<td>Alto<\/td>\n<td>2150<\/td>\n<td>2250<\/td>\n<td>2250<\/td>\n<td>2250<\/td>\n<td>2250<\/td>\n<\/tr>\n<tr>\n<td>Peso en kg<\/td>\n<td>1800<\/td>\n<td>2100<\/td>\n<td>2600<\/td>\n<td>3000<\/td>\n<td>3400<\/td>\n<\/tr>\n<tr>\n<td>Conexi\u00f3n el\u00e9ctrica kW<\/td>\n<td>7,5<\/td>\n<td>7,5<\/td>\n<td>7,5<\/td>\n<td>11<\/td>\n<td>15<\/td>\n<\/tr>\n<tr>\n<td>Toma de agua \u00ab<\/td>\n<td>1 \u201c<\/td>\n<td>1 \u201c<\/td>\n<td>1 \u201c<\/td>\n<td>1 \u201c<\/td>\n<td>1 \u201c<\/td>\n<\/tr>\n<tr>\n<td>Aire comprimido 6 bar<\/td>\n<td>1\/4 \u201c<\/td>\n<td>1\/4 \u201c<\/td>\n<td>1\/4 \u201c<\/td>\n<td>1\/4 \u201c<\/td>\n<td>1\/4 \u201c<\/td>\n<\/tr>\n<tr>\n<td>Tensi\u00f3n de trabajo<\/td>\n<td colspan=\"5\"><center>3\u00d7380 -400V AC<\/center><\/td>\n<\/tr>\n<\/tbody>\n<\/table>\n[\/fullwidth_text]<\/p>","protected":false},"excerpt":{"rendered":"<p>[fullwidth_text alt_background=\u00bbnone\u00bb width=\u00bb1\/1&#8243; el_position=\u00bbfirst last\u00bb] La m\u00e1quina de pelado del modelo Goliath est\u00e1 prevista para pelar a los cerdos y puercos pudiendo procesar de 50 a 120 cerdos por hora.\u00a0 Dispone de una c\u00e1mara con rodillo rascador fuerte y est\u00e1 prevista adem\u00e1s para pelar puercos y jabal\u00eds de hasta 400 kg de peso. Capacidad para sacrificar unos 50 &#8211; 120 [&hellip;]<\/p>\n","protected":false},"author":1,"featured_media":713,"parent":1184,"menu_order":18,"comment_status":"closed","ping_status":"closed","template":"template-fw.php","meta":[],"yoast_head":"<!-- This site is optimized with the Yoast SEO plugin v18.3 - https:\/\/yoast.com\/wordpress\/plugins\/seo\/ -->\n<title>M\u00e1quina de pelado y chamuscado Modelo Goliath | Hubert Haas<\/title>\n<meta name=\"robots\" content=\"index, follow, max-snippet:-1, max-image-preview:large, max-video-preview:-1\" \/>\n<link rel=\"canonical\" href=\"https:\/\/www.hubert-haas.de\/produkte\/enthaarungs-und-abflammmaschinen\/enthaarungs-und-abflammmaschine-typ-golitah\/\" \/>\n<meta property=\"og:locale\" content=\"es_ES\" \/>\n<meta property=\"og:type\" content=\"article\" \/>\n<meta property=\"og:title\" content=\"M\u00e1quina de pelado y chamuscado Modelo Goliath | Hubert Haas\" \/>\n<meta property=\"og:description\" content=\"[fullwidth_text alt_background=\u00bbnone\u00bb width=\u00bb1\/1&#8243; el_position=\u00bbfirst last\u00bb] La m\u00e1quina de pelado del modelo Goliath est\u00e1 prevista para pelar a los cerdos y puercos pudiendo procesar de 50 a 120 cerdos por hora.\u00a0 Dispone de una c\u00e1mara con rodillo rascador fuerte y est\u00e1 prevista adem\u00e1s para pelar puercos y jabal\u00eds de hasta 400 kg de peso. Capacidad para sacrificar unos 50 &#8211; 120 [&hellip;]\" \/>\n<meta property=\"og:url\" content=\"https:\/\/www.hubert-haas.de\/produkte\/enthaarungs-und-abflammmaschinen\/enthaarungs-und-abflammmaschine-typ-golitah\/\" \/>\n<meta property=\"og:site_name\" content=\"Hubert Haas\" \/>\n<meta property=\"article:modified_time\" content=\"2023-07-14T12:28:58+00:00\" \/>\n<meta property=\"og:image\" content=\"https:\/\/www.hubert-haas.de\/wp-content\/uploads\/2017\/06\/Goliath_4.jpg\" \/>\n\t<meta property=\"og:image:width\" content=\"658\" \/>\n\t<meta property=\"og:image:height\" content=\"726\" \/>\n\t<meta property=\"og:image:type\" content=\"image\/jpeg\" \/>\n<meta name=\"twitter:card\" content=\"summary_large_image\" \/>\n<meta name=\"twitter:label1\" content=\"Tiempo de lectura\" \/>\n\t<meta name=\"twitter:data1\" content=\"7 minutos\" \/>\n<script type=\"application\/ld+json\" class=\"yoast-schema-graph\">{\"@context\":\"https:\/\/schema.org\",\"@graph\":[{\"@type\":\"Organization\",\"@id\":\"https:\/\/www.hubert-haas.de\/#organization\",\"name\":\"Hubert Haas\",\"url\":\"https:\/\/www.hubert-haas.de\/\",\"sameAs\":[],\"logo\":{\"@type\":\"ImageObject\",\"@id\":\"https:\/\/www.hubert-haas.de\/#logo\",\"inLanguage\":\"es\",\"url\":\"https:\/\/www.hubert-haas.de\/wp-content\/uploads\/2017\/06\/hubert-haas-neuler.png\",\"contentUrl\":\"https:\/\/www.hubert-haas.de\/wp-content\/uploads\/2017\/06\/hubert-haas-neuler.png\",\"width\":236,\"height\":80,\"caption\":\"Hubert Haas\"},\"image\":{\"@id\":\"https:\/\/www.hubert-haas.de\/#logo\"}},{\"@type\":\"WebSite\",\"@id\":\"https:\/\/www.hubert-haas.de\/#website\",\"url\":\"https:\/\/www.hubert-haas.de\/\",\"name\":\"Hubert Haas\",\"description\":\"\",\"publisher\":{\"@id\":\"https:\/\/www.hubert-haas.de\/#organization\"},\"potentialAction\":[{\"@type\":\"SearchAction\",\"target\":{\"@type\":\"EntryPoint\",\"urlTemplate\":\"https:\/\/www.hubert-haas.de\/?s={search_term_string}\"},\"query-input\":\"required name=search_term_string\"}],\"inLanguage\":\"es\"},{\"@type\":\"ImageObject\",\"@id\":\"https:\/\/www.hubert-haas.de\/produkte\/enthaarungs-und-abflammmaschinen\/enthaarungs-und-abflammmaschine-typ-golitah\/#primaryimage\",\"inLanguage\":\"es\",\"url\":\"https:\/\/www.hubert-haas.de\/wp-content\/uploads\/2017\/06\/Goliath_4.jpg\",\"contentUrl\":\"https:\/\/www.hubert-haas.de\/wp-content\/uploads\/2017\/06\/Goliath_4.jpg\",\"width\":658,\"height\":726},{\"@type\":\"WebPage\",\"@id\":\"https:\/\/www.hubert-haas.de\/produkte\/enthaarungs-und-abflammmaschinen\/enthaarungs-und-abflammmaschine-typ-golitah\/#webpage\",\"url\":\"https:\/\/www.hubert-haas.de\/produkte\/enthaarungs-und-abflammmaschinen\/enthaarungs-und-abflammmaschine-typ-golitah\/\",\"name\":\"M\u00e1quina de pelado y chamuscado Modelo Goliath | Hubert Haas\",\"isPartOf\":{\"@id\":\"https:\/\/www.hubert-haas.de\/#website\"},\"primaryImageOfPage\":{\"@id\":\"https:\/\/www.hubert-haas.de\/produkte\/enthaarungs-und-abflammmaschinen\/enthaarungs-und-abflammmaschine-typ-golitah\/#primaryimage\"},\"datePublished\":\"2017-06-23T12:34:53+00:00\",\"dateModified\":\"2023-07-14T12:28:58+00:00\",\"breadcrumb\":{\"@id\":\"https:\/\/www.hubert-haas.de\/produkte\/enthaarungs-und-abflammmaschinen\/enthaarungs-und-abflammmaschine-typ-golitah\/#breadcrumb\"},\"inLanguage\":\"es\",\"potentialAction\":[{\"@type\":\"ReadAction\",\"target\":[\"https:\/\/www.hubert-haas.de\/produkte\/enthaarungs-und-abflammmaschinen\/enthaarungs-und-abflammmaschine-typ-golitah\/\"]}]},{\"@type\":\"BreadcrumbList\",\"@id\":\"https:\/\/www.hubert-haas.de\/produkte\/enthaarungs-und-abflammmaschinen\/enthaarungs-und-abflammmaschine-typ-golitah\/#breadcrumb\",\"itemListElement\":[{\"@type\":\"ListItem\",\"position\":1,\"name\":\"Startseite\",\"item\":\"https:\/\/www.hubert-haas.de\/\"},{\"@type\":\"ListItem\",\"position\":2,\"name\":\"Products\",\"item\":\"https:\/\/www.hubert-haas.de\/en\/produkte\/\"},{\"@type\":\"ListItem\",\"position\":3,\"name\":\"Enthaarungs- und Abflammmaschinen Schweine &#038; Sauen\",\"item\":\"https:\/\/www.hubert-haas.de\/produkte\/enthaarungs-und-abflammmaschinen\/\"},{\"@type\":\"ListItem\",\"position\":4,\"name\":\"Enthaarungs- und Abflammmaschine Typ Goliath\"}]}]}<\/script>\n<!-- \/ Yoast SEO plugin. -->","yoast_head_json":{"title":"M\u00e1quina de pelado y chamuscado Modelo Goliath | Hubert Haas","robots":{"index":"index","follow":"follow","max-snippet":"max-snippet:-1","max-image-preview":"max-image-preview:large","max-video-preview":"max-video-preview:-1"},"canonical":"https:\/\/www.hubert-haas.de\/produkte\/enthaarungs-und-abflammmaschinen\/enthaarungs-und-abflammmaschine-typ-golitah\/","og_locale":"es_ES","og_type":"article","og_title":"M\u00e1quina de pelado y chamuscado Modelo Goliath | Hubert Haas","og_description":"[fullwidth_text alt_background=\u00bbnone\u00bb width=\u00bb1\/1&#8243; el_position=\u00bbfirst last\u00bb] La m\u00e1quina de pelado del modelo Goliath est\u00e1 prevista para pelar a los cerdos y puercos pudiendo procesar de 50 a 120 cerdos por hora.\u00a0 Dispone de una c\u00e1mara con rodillo rascador fuerte y est\u00e1 prevista adem\u00e1s para pelar puercos y jabal\u00eds de hasta 400 kg de peso. Capacidad para sacrificar unos 50 &#8211; 120 [&hellip;]","og_url":"https:\/\/www.hubert-haas.de\/produkte\/enthaarungs-und-abflammmaschinen\/enthaarungs-und-abflammmaschine-typ-golitah\/","og_site_name":"Hubert Haas","article_modified_time":"2023-07-14T12:28:58+00:00","og_image":[{"width":658,"height":726,"url":"https:\/\/www.hubert-haas.de\/wp-content\/uploads\/2017\/06\/Goliath_4.jpg","type":"image\/jpeg"}],"twitter_card":"summary_large_image","twitter_misc":{"Tiempo de lectura":"7 minutos"},"schema":{"@context":"https:\/\/schema.org","@graph":[{"@type":"Organization","@id":"https:\/\/www.hubert-haas.de\/#organization","name":"Hubert Haas","url":"https:\/\/www.hubert-haas.de\/","sameAs":[],"logo":{"@type":"ImageObject","@id":"https:\/\/www.hubert-haas.de\/#logo","inLanguage":"es","url":"https:\/\/www.hubert-haas.de\/wp-content\/uploads\/2017\/06\/hubert-haas-neuler.png","contentUrl":"https:\/\/www.hubert-haas.de\/wp-content\/uploads\/2017\/06\/hubert-haas-neuler.png","width":236,"height":80,"caption":"Hubert Haas"},"image":{"@id":"https:\/\/www.hubert-haas.de\/#logo"}},{"@type":"WebSite","@id":"https:\/\/www.hubert-haas.de\/#website","url":"https:\/\/www.hubert-haas.de\/","name":"Hubert Haas","description":"","publisher":{"@id":"https:\/\/www.hubert-haas.de\/#organization"},"potentialAction":[{"@type":"SearchAction","target":{"@type":"EntryPoint","urlTemplate":"https:\/\/www.hubert-haas.de\/?s={search_term_string}"},"query-input":"required name=search_term_string"}],"inLanguage":"es"},{"@type":"ImageObject","@id":"https:\/\/www.hubert-haas.de\/produkte\/enthaarungs-und-abflammmaschinen\/enthaarungs-und-abflammmaschine-typ-golitah\/#primaryimage","inLanguage":"es","url":"https:\/\/www.hubert-haas.de\/wp-content\/uploads\/2017\/06\/Goliath_4.jpg","contentUrl":"https:\/\/www.hubert-haas.de\/wp-content\/uploads\/2017\/06\/Goliath_4.jpg","width":658,"height":726},{"@type":"WebPage","@id":"https:\/\/www.hubert-haas.de\/produkte\/enthaarungs-und-abflammmaschinen\/enthaarungs-und-abflammmaschine-typ-golitah\/#webpage","url":"https:\/\/www.hubert-haas.de\/produkte\/enthaarungs-und-abflammmaschinen\/enthaarungs-und-abflammmaschine-typ-golitah\/","name":"M\u00e1quina de pelado y chamuscado Modelo Goliath | Hubert Haas","isPartOf":{"@id":"https:\/\/www.hubert-haas.de\/#website"},"primaryImageOfPage":{"@id":"https:\/\/www.hubert-haas.de\/produkte\/enthaarungs-und-abflammmaschinen\/enthaarungs-und-abflammmaschine-typ-golitah\/#primaryimage"},"datePublished":"2017-06-23T12:34:53+00:00","dateModified":"2023-07-14T12:28:58+00:00","breadcrumb":{"@id":"https:\/\/www.hubert-haas.de\/produkte\/enthaarungs-und-abflammmaschinen\/enthaarungs-und-abflammmaschine-typ-golitah\/#breadcrumb"},"inLanguage":"es","potentialAction":[{"@type":"ReadAction","target":["https:\/\/www.hubert-haas.de\/produkte\/enthaarungs-und-abflammmaschinen\/enthaarungs-und-abflammmaschine-typ-golitah\/"]}]},{"@type":"BreadcrumbList","@id":"https:\/\/www.hubert-haas.de\/produkte\/enthaarungs-und-abflammmaschinen\/enthaarungs-und-abflammmaschine-typ-golitah\/#breadcrumb","itemListElement":[{"@type":"ListItem","position":1,"name":"Startseite","item":"https:\/\/www.hubert-haas.de\/"},{"@type":"ListItem","position":2,"name":"Products","item":"https:\/\/www.hubert-haas.de\/en\/produkte\/"},{"@type":"ListItem","position":3,"name":"Enthaarungs- und Abflammmaschinen Schweine &#038; Sauen","item":"https:\/\/www.hubert-haas.de\/produkte\/enthaarungs-und-abflammmaschinen\/"},{"@type":"ListItem","position":4,"name":"Enthaarungs- und Abflammmaschine Typ Goliath"}]}]}},"_links":{"self":[{"href":"https:\/\/www.hubert-haas.de\/es\/wp-json\/wp\/v2\/pages\/245"}],"collection":[{"href":"https:\/\/www.hubert-haas.de\/es\/wp-json\/wp\/v2\/pages"}],"about":[{"href":"https:\/\/www.hubert-haas.de\/es\/wp-json\/wp\/v2\/types\/page"}],"author":[{"embeddable":true,"href":"https:\/\/www.hubert-haas.de\/es\/wp-json\/wp\/v2\/users\/1"}],"replies":[{"embeddable":true,"href":"https:\/\/www.hubert-haas.de\/es\/wp-json\/wp\/v2\/comments?post=245"}],"version-history":[{"count":42,"href":"https:\/\/www.hubert-haas.de\/es\/wp-json\/wp\/v2\/pages\/245\/revisions"}],"predecessor-version":[{"id":2150,"href":"https:\/\/www.hubert-haas.de\/es\/wp-json\/wp\/v2\/pages\/245\/revisions\/2150"}],"up":[{"embeddable":true,"href":"https:\/\/www.hubert-haas.de\/es\/wp-json\/wp\/v2\/pages\/1184"}],"wp:featuredmedia":[{"embeddable":true,"href":"https:\/\/www.hubert-haas.de\/es\/wp-json\/wp\/v2\/media\/713"}],"wp:attachment":[{"href":"https:\/\/www.hubert-haas.de\/es\/wp-json\/wp\/v2\/media?parent=245"}],"curies":[{"name":"wp","href":"https:\/\/api.w.org\/{rel}","templated":true}]}}