{"id":241,"date":"2017-06-23T14:33:06","date_gmt":"2017-06-23T12:33:06","guid":{"rendered":"http:\/\/www.hubert-haas.de\/?page_id=241"},"modified":"2019-03-12T15:25:11","modified_gmt":"2019-03-12T14:25:11","slug":"vorstellmaschine","status":"publish","type":"page","link":"https:\/\/www.hubert-haas.de\/es\/produkte\/vorstellmaschine\/","title":{"rendered":"M\u00e1quinas de pelado &#8211; M\u00e1quina antepuesta"},"content":{"rendered":"<p>[spb_text_block pb_margin_bottom=\u00bbno\u00bb pb_border_bottom=\u00bbno\u00bb width=\u00bb1\/1&#8243; el_position=\u00bbfirst last\u00bb]\n<p><a href=\"http:\/\/www.hubert-haas.de\/wp-content\/uploads\/2018\/01\/Vorstellmaschine.jpg\" target=\"_blank\" rel=\"noopener\"><img loading=\"lazy\" class=\"wp-image-1136 alignright\" src=\"http:\/\/www.hubert-haas.de\/wp-content\/uploads\/2018\/01\/Vorstellmaschine.jpg\" alt=\"\" width=\"506\" height=\"346\" srcset=\"https:\/\/www.hubert-haas.de\/wp-content\/uploads\/2018\/01\/Vorstellmaschine.jpg 704w, https:\/\/www.hubert-haas.de\/wp-content\/uploads\/2018\/01\/Vorstellmaschine-300x205.jpg 300w, https:\/\/www.hubert-haas.de\/wp-content\/uploads\/2018\/01\/Vorstellmaschine-220x150.jpg 220w\" sizes=\"(max-width: 506px) 100vw, 506px\" \/><\/a><\/p>\n<p>La m\u00e1quina antepuesta se utiliza combinada junto con la m\u00e1quina de escaldado y pelado. Con esta combinaci\u00f3n se procesan dos cerdos al mismo tiempo, esto permite que el rendimiento por hora sea de 25 a 30 cerdos.<\/p>\n<h3>Proceso de pelado con una m\u00e1quina antepuesta adicional<\/h3>\n<ul>\n<li>Con la m\u00e1quina de escaldado y pelado combinada, en 2 minutos a una temperatura de escaldado elevada de 67\u00b0C se escalda y depila el cerdo.<\/li>\n<li>El cerdo se inserta autom\u00e1ticamente en la m\u00e1quina antepuesta y all\u00ed se le vuelve a rascar, es decir, se le sigue pelando y limpiando. Al mismo tiempo, se introduce al siguiente cerdo en la m\u00e1quina de escaldado y pelado combinado con lo que se procesan siempre dos cerdos.<\/li>\n<li>Despu\u00e9s del pelado, el cerdo se transporta sobre la rejilla y se puede seguir procesando.<\/li>\n<\/ul>\n<h3>Download\/Video<\/h3>\n<p><a href=\"http:\/\/www.hubert-haas.de\/wp-content\/uploads\/2017\/10\/Vorstellmaschine-DE.pdf\" target=\"_blank\" rel=\"noopener\">PDF Brosch\u00fcre Vorstellmaschine<\/a><br \/>\n<a href=\"https:\/\/www.youtube.com\/watch?v=Y1AhYQ0y8X8\" target=\"_blank\" rel=\"noopener\">Youtube Video<\/a><\/p>\n[\/spb_text_block] [spb_single_image image=\u00bb1139&#8243; image_size=\u00bbthumbnail\u00bb frame=\u00bbglowframe\u00bb intro_animation=\u00bbfade-in\u00bb full_width=\u00bbno\u00bb lightbox=\u00bbyes\u00bb link_target=\u00bb_blank\u00bb caption=\u00bbCon 4 ruedas para su desplazamiento\u00bb width=\u00bb1\/4&#8243; el_position=\u00bbfirst\u00bb] [spb_single_image image=\u00bb1140&#8243; image_size=\u00bbthumbnail\u00bb frame=\u00bbglowframe\u00bb intro_animation=\u00bbfade-in\u00bb full_width=\u00bbno\u00bb lightbox=\u00bbyes\u00bb link_target=\u00bb_self\u00bb caption=\u00bbBatidores de goma especiales con rascador para pelar mejor\u00bb width=\u00bb1\/4&#8243; el_position=\u00bblast\u00bb] [fullwidth_text alt_background=\u00bbnone\u00bb width=\u00bb1\/1&#8243; el_position=\u00bbfirst last\u00bb]\n<h2>Datos t\u00e9cnicos<\/h2>\n<table class=\"sf-table striped_bordered\"><tbody> <tr> <th>Medidas<\/th> <th><\/th> <\/tr> <tr> <td>Longitud interior<\/td> <td>2.000 mm<\/td> <\/tr> <tr> <td>Exterior<\/td> <td>2.200 x 1.000 mm<\/td> <\/tr> <tr> <td>Potencia motriz<\/td> <td>5,5 kW<\/td> <\/tr> <tr> <td>Potencia<\/td> <td>25 &#8211; 30 cerdos\/hora<\/td> <\/tr> <tr> <td>Tiempo de pelado<\/td> <td>aprox. 2 minutos<\/td> <\/tr> <tr><\/tr><\/tbody><\/table>\n[\/fullwidth_text]<\/p>","protected":false},"excerpt":{"rendered":"<p>[spb_text_block pb_margin_bottom=\u00bbno\u00bb pb_border_bottom=\u00bbno\u00bb width=\u00bb1\/1&#8243; el_position=\u00bbfirst last\u00bb] La m\u00e1quina antepuesta se utiliza combinada junto con la m\u00e1quina de escaldado y pelado. Con esta combinaci\u00f3n se procesan dos cerdos al mismo tiempo, esto permite que el rendimiento por hora sea de 25 a 30 cerdos. Proceso de pelado con una m\u00e1quina antepuesta adicional Con la m\u00e1quina de escaldado y pelado combinada, en [&hellip;]<\/p>\n","protected":false},"author":1,"featured_media":0,"parent":43,"menu_order":19,"comment_status":"closed","ping_status":"closed","template":"","meta":[],"yoast_head":"<!-- This site is optimized with the Yoast SEO plugin v18.3 - https:\/\/yoast.com\/wordpress\/plugins\/seo\/ -->\n<title>Enthaarungsmaschine \u2013 Vorstellmaschine f\u00fcr Schweine<\/title>\n<meta name=\"robots\" content=\"index, follow, max-snippet:-1, max-image-preview:large, max-video-preview:-1\" \/>\n<link rel=\"canonical\" href=\"https:\/\/www.hubert-haas.de\/produkte\/vorstellmaschine\/\" \/>\n<meta property=\"og:locale\" content=\"es_ES\" \/>\n<meta property=\"og:type\" content=\"article\" \/>\n<meta property=\"og:title\" content=\"Enthaarungsmaschine \u2013 Vorstellmaschine f\u00fcr Schweine\" \/>\n<meta property=\"og:description\" content=\"[spb_text_block pb_margin_bottom=\u00bbno\u00bb pb_border_bottom=\u00bbno\u00bb width=\u00bb1\/1&#8243; el_position=\u00bbfirst last\u00bb] La m\u00e1quina antepuesta se utiliza combinada junto con la m\u00e1quina de escaldado y pelado. Con esta combinaci\u00f3n se procesan dos cerdos al mismo tiempo, esto permite que el rendimiento por hora sea de 25 a 30 cerdos. Proceso de pelado con una m\u00e1quina antepuesta adicional Con la m\u00e1quina de escaldado y pelado combinada, en [&hellip;]\" \/>\n<meta property=\"og:url\" content=\"https:\/\/www.hubert-haas.de\/produkte\/vorstellmaschine\/\" \/>\n<meta property=\"og:site_name\" content=\"Hubert Haas\" \/>\n<meta property=\"article:modified_time\" content=\"2019-03-12T14:25:11+00:00\" \/>\n<meta property=\"og:image\" content=\"https:\/\/www.hubert-haas.de\/wp-content\/uploads\/2017\/06\/vorstellmaschine_01-300x225.jpg\" \/>\n<meta name=\"twitter:card\" content=\"summary_large_image\" \/>\n<meta name=\"twitter:label1\" content=\"Tiempo de lectura\" \/>\n\t<meta name=\"twitter:data1\" content=\"7 minutos\" \/>\n<script type=\"application\/ld+json\" class=\"yoast-schema-graph\">{\"@context\":\"https:\/\/schema.org\",\"@graph\":[{\"@type\":\"Organization\",\"@id\":\"https:\/\/www.hubert-haas.de\/#organization\",\"name\":\"Hubert Haas\",\"url\":\"https:\/\/www.hubert-haas.de\/\",\"sameAs\":[],\"logo\":{\"@type\":\"ImageObject\",\"@id\":\"https:\/\/www.hubert-haas.de\/#logo\",\"inLanguage\":\"es\",\"url\":\"https:\/\/www.hubert-haas.de\/wp-content\/uploads\/2017\/06\/hubert-haas-neuler.png\",\"contentUrl\":\"https:\/\/www.hubert-haas.de\/wp-content\/uploads\/2017\/06\/hubert-haas-neuler.png\",\"width\":236,\"height\":80,\"caption\":\"Hubert Haas\"},\"image\":{\"@id\":\"https:\/\/www.hubert-haas.de\/#logo\"}},{\"@type\":\"WebSite\",\"@id\":\"https:\/\/www.hubert-haas.de\/#website\",\"url\":\"https:\/\/www.hubert-haas.de\/\",\"name\":\"Hubert Haas\",\"description\":\"\",\"publisher\":{\"@id\":\"https:\/\/www.hubert-haas.de\/#organization\"},\"potentialAction\":[{\"@type\":\"SearchAction\",\"target\":{\"@type\":\"EntryPoint\",\"urlTemplate\":\"https:\/\/www.hubert-haas.de\/?s={search_term_string}\"},\"query-input\":\"required name=search_term_string\"}],\"inLanguage\":\"es\"},{\"@type\":\"ImageObject\",\"@id\":\"https:\/\/www.hubert-haas.de\/produkte\/vorstellmaschine\/#primaryimage\",\"inLanguage\":\"es\",\"url\":\"http:\/\/www.hubert-haas.de\/wp-content\/uploads\/2018\/01\/Vorstellmaschine.jpg\",\"contentUrl\":\"http:\/\/www.hubert-haas.de\/wp-content\/uploads\/2018\/01\/Vorstellmaschine.jpg\"},{\"@type\":\"WebPage\",\"@id\":\"https:\/\/www.hubert-haas.de\/produkte\/vorstellmaschine\/#webpage\",\"url\":\"https:\/\/www.hubert-haas.de\/produkte\/vorstellmaschine\/\",\"name\":\"Enthaarungsmaschine \u2013 Vorstellmaschine f\u00fcr Schweine\",\"isPartOf\":{\"@id\":\"https:\/\/www.hubert-haas.de\/#website\"},\"primaryImageOfPage\":{\"@id\":\"https:\/\/www.hubert-haas.de\/produkte\/vorstellmaschine\/#primaryimage\"},\"datePublished\":\"2017-06-23T12:33:06+00:00\",\"dateModified\":\"2019-03-12T14:25:11+00:00\",\"breadcrumb\":{\"@id\":\"https:\/\/www.hubert-haas.de\/produkte\/vorstellmaschine\/#breadcrumb\"},\"inLanguage\":\"es\",\"potentialAction\":[{\"@type\":\"ReadAction\",\"target\":[\"https:\/\/www.hubert-haas.de\/produkte\/vorstellmaschine\/\"]}]},{\"@type\":\"BreadcrumbList\",\"@id\":\"https:\/\/www.hubert-haas.de\/produkte\/vorstellmaschine\/#breadcrumb\",\"itemListElement\":[{\"@type\":\"ListItem\",\"position\":1,\"name\":\"Startseite\",\"item\":\"https:\/\/www.hubert-haas.de\/\"},{\"@type\":\"ListItem\",\"position\":2,\"name\":\"Products\",\"item\":\"https:\/\/www.hubert-haas.de\/en\/produkte\/\"},{\"@type\":\"ListItem\",\"position\":3,\"name\":\"Enthaarungsmaschine &#8211; Vorstellmaschine f\u00fcr Schweine\"}]}]}<\/script>\n<!-- \/ Yoast SEO plugin. -->","yoast_head_json":{"title":"Enthaarungsmaschine \u2013 Vorstellmaschine f\u00fcr Schweine","robots":{"index":"index","follow":"follow","max-snippet":"max-snippet:-1","max-image-preview":"max-image-preview:large","max-video-preview":"max-video-preview:-1"},"canonical":"https:\/\/www.hubert-haas.de\/produkte\/vorstellmaschine\/","og_locale":"es_ES","og_type":"article","og_title":"Enthaarungsmaschine \u2013 Vorstellmaschine f\u00fcr Schweine","og_description":"[spb_text_block pb_margin_bottom=\u00bbno\u00bb pb_border_bottom=\u00bbno\u00bb width=\u00bb1\/1&#8243; el_position=\u00bbfirst last\u00bb] La m\u00e1quina antepuesta se utiliza combinada junto con la m\u00e1quina de escaldado y pelado. Con esta combinaci\u00f3n se procesan dos cerdos al mismo tiempo, esto permite que el rendimiento por hora sea de 25 a 30 cerdos. Proceso de pelado con una m\u00e1quina antepuesta adicional Con la m\u00e1quina de escaldado y pelado combinada, en [&hellip;]","og_url":"https:\/\/www.hubert-haas.de\/produkte\/vorstellmaschine\/","og_site_name":"Hubert Haas","article_modified_time":"2019-03-12T14:25:11+00:00","og_image":[{"url":"https:\/\/www.hubert-haas.de\/wp-content\/uploads\/2017\/06\/vorstellmaschine_01-300x225.jpg"}],"twitter_card":"summary_large_image","twitter_misc":{"Tiempo de lectura":"7 minutos"},"schema":{"@context":"https:\/\/schema.org","@graph":[{"@type":"Organization","@id":"https:\/\/www.hubert-haas.de\/#organization","name":"Hubert Haas","url":"https:\/\/www.hubert-haas.de\/","sameAs":[],"logo":{"@type":"ImageObject","@id":"https:\/\/www.hubert-haas.de\/#logo","inLanguage":"es","url":"https:\/\/www.hubert-haas.de\/wp-content\/uploads\/2017\/06\/hubert-haas-neuler.png","contentUrl":"https:\/\/www.hubert-haas.de\/wp-content\/uploads\/2017\/06\/hubert-haas-neuler.png","width":236,"height":80,"caption":"Hubert Haas"},"image":{"@id":"https:\/\/www.hubert-haas.de\/#logo"}},{"@type":"WebSite","@id":"https:\/\/www.hubert-haas.de\/#website","url":"https:\/\/www.hubert-haas.de\/","name":"Hubert Haas","description":"","publisher":{"@id":"https:\/\/www.hubert-haas.de\/#organization"},"potentialAction":[{"@type":"SearchAction","target":{"@type":"EntryPoint","urlTemplate":"https:\/\/www.hubert-haas.de\/?s={search_term_string}"},"query-input":"required name=search_term_string"}],"inLanguage":"es"},{"@type":"ImageObject","@id":"https:\/\/www.hubert-haas.de\/produkte\/vorstellmaschine\/#primaryimage","inLanguage":"es","url":"http:\/\/www.hubert-haas.de\/wp-content\/uploads\/2018\/01\/Vorstellmaschine.jpg","contentUrl":"http:\/\/www.hubert-haas.de\/wp-content\/uploads\/2018\/01\/Vorstellmaschine.jpg"},{"@type":"WebPage","@id":"https:\/\/www.hubert-haas.de\/produkte\/vorstellmaschine\/#webpage","url":"https:\/\/www.hubert-haas.de\/produkte\/vorstellmaschine\/","name":"Enthaarungsmaschine \u2013 Vorstellmaschine f\u00fcr Schweine","isPartOf":{"@id":"https:\/\/www.hubert-haas.de\/#website"},"primaryImageOfPage":{"@id":"https:\/\/www.hubert-haas.de\/produkte\/vorstellmaschine\/#primaryimage"},"datePublished":"2017-06-23T12:33:06+00:00","dateModified":"2019-03-12T14:25:11+00:00","breadcrumb":{"@id":"https:\/\/www.hubert-haas.de\/produkte\/vorstellmaschine\/#breadcrumb"},"inLanguage":"es","potentialAction":[{"@type":"ReadAction","target":["https:\/\/www.hubert-haas.de\/produkte\/vorstellmaschine\/"]}]},{"@type":"BreadcrumbList","@id":"https:\/\/www.hubert-haas.de\/produkte\/vorstellmaschine\/#breadcrumb","itemListElement":[{"@type":"ListItem","position":1,"name":"Startseite","item":"https:\/\/www.hubert-haas.de\/"},{"@type":"ListItem","position":2,"name":"Products","item":"https:\/\/www.hubert-haas.de\/en\/produkte\/"},{"@type":"ListItem","position":3,"name":"Enthaarungsmaschine &#8211; Vorstellmaschine f\u00fcr Schweine"}]}]}},"_links":{"self":[{"href":"https:\/\/www.hubert-haas.de\/es\/wp-json\/wp\/v2\/pages\/241"}],"collection":[{"href":"https:\/\/www.hubert-haas.de\/es\/wp-json\/wp\/v2\/pages"}],"about":[{"href":"https:\/\/www.hubert-haas.de\/es\/wp-json\/wp\/v2\/types\/page"}],"author":[{"embeddable":true,"href":"https:\/\/www.hubert-haas.de\/es\/wp-json\/wp\/v2\/users\/1"}],"replies":[{"embeddable":true,"href":"https:\/\/www.hubert-haas.de\/es\/wp-json\/wp\/v2\/comments?post=241"}],"version-history":[{"count":32,"href":"https:\/\/www.hubert-haas.de\/es\/wp-json\/wp\/v2\/pages\/241\/revisions"}],"predecessor-version":[{"id":1905,"href":"https:\/\/www.hubert-haas.de\/es\/wp-json\/wp\/v2\/pages\/241\/revisions\/1905"}],"up":[{"embeddable":true,"href":"https:\/\/www.hubert-haas.de\/es\/wp-json\/wp\/v2\/pages\/43"}],"wp:attachment":[{"href":"https:\/\/www.hubert-haas.de\/es\/wp-json\/wp\/v2\/media?parent=241"}],"curies":[{"name":"wp","href":"https:\/\/api.w.org\/{rel}","templated":true}]}}