{"id":239,"date":"2017-06-23T14:32:27","date_gmt":"2017-06-23T12:32:27","guid":{"rendered":"http:\/\/www.hubert-haas.de\/?page_id=239"},"modified":"2019-05-31T07:52:06","modified_gmt":"2019-05-31T05:52:06","slug":"david","status":"publish","type":"page","link":"https:\/\/www.hubert-haas.de\/es\/produkte\/enthaarungs-und-abflammmaschinen\/david\/","title":{"rendered":"M\u00e1quina de pelado y chamuscado Modelo David"},"content":{"rendered":"<p>[fullwidth_text alt_background=\u00bbnone\u00bb width=\u00bb1\/1&#8243; el_position=\u00bbfirst last\u00bb]\n<p><img loading=\"lazy\" class=\"wp-image-1145 alignright\" src=\"http:\/\/www.hubert-haas.de\/wp-content\/uploads\/2018\/01\/David.jpg\" alt=\"\" width=\"453\" height=\"310\" srcset=\"https:\/\/www.hubert-haas.de\/wp-content\/uploads\/2018\/01\/David.jpg 704w, https:\/\/www.hubert-haas.de\/wp-content\/uploads\/2018\/01\/David-300x205.jpg 300w, https:\/\/www.hubert-haas.de\/wp-content\/uploads\/2018\/01\/David-220x150.jpg 220w\" sizes=\"(max-width: 453px) 100vw, 453px\" \/><\/p>\n<h3>Equipamiento<\/h3>\n<ul>\n<li>Capacidad para sacrificar unos 40-50 cerdos\/hora<\/li>\n<li>Cerdos hasta unos 270 kg<\/li>\n<li>Cuerpo de la m\u00e1quina con galvanizado en caliente o en acero inoxidable<\/li>\n<li>Armario de distribuci\u00f3n incorporado<\/li>\n<li>Rodillo con 36 batidores especiales<\/li>\n<li>Tiempo de pelado y carga de la m\u00e1quina ajustable<\/li>\n<\/ul>\n<h3>Puente de chamuscado<\/h3>\n<ul>\n<li>Para depilar sin dejar restos<\/li>\n<li>Puente de chamuscado en acero inoxidable montado sobre el DAVID<\/li>\n<li>Control central en\u00a0el armario de mandos<\/li>\n<li>Se puede elegir entre gas propano o gas natural<\/li>\n<li>Funciona con aire comprimido<\/li>\n<li>incl. 8 quemadores de acero inoxidable<\/li>\n<li>Certificaci\u00f3n T\u00dcV<\/li>\n<\/ul>\n<h3>Cuba de escaldado (modelo Turn-O-Matic)<\/h3>\n<ul>\n<li>Cuba en galvanizado en caliente o en acero inoxidable<\/li>\n<li>Capacidad para 2,5 o 3 cerdos \/ sumergidos<\/li>\n<li>Calefacci\u00f3n: el\u00e9ctrica 40-50 kW o a elegir con vapor mediante mezcla directa a trav\u00e9s de una tobera especial o mediante intercambiador de calor<\/li>\n<li>Regulaci\u00f3n autom\u00e1tica de la temperatura de escaldado<\/li>\n<li>Temperatura de escaldado: aprox. 62\u00b0C<\/li>\n<li>Bomba de circulaci\u00f3n para mejorar el escaldado<\/li>\n<\/ul>\n<h3>Download\/Video<\/h3>\n<p><a href=\"http:\/\/www.hubert-haas.de\/wp-content\/uploads\/2017\/10\/Enthaarungsmaschinen_DE.pdf\" target=\"_blank\" rel=\"noopener\">PDF M\u00e1quina de pelado y chamuscado<\/a><br \/>\n<a href=\"https:\/\/www.youtube.com\/watch?v=g6BAjkb5SbQ\" target=\"_blank\" rel=\"noopener\">Youtube Video<\/a><\/p>\n[\/fullwidth_text] [fullwidth_text alt_background=\u00bbnone\u00bb width=\u00bb1\/1&#8243; el_position=\u00bbfirst last\u00bb]\n<h2>Datos t\u00e9cnicos<\/h2>\n<table class=\"sf-table striped_bordered\"><tbody> <tr> <th>Medidas<\/th> <th><\/th> <\/tr> <tr> <td>Dimensiones<\/td> <td>2.500 x 1.200 x 2.500 mm (L x B x H)<\/td> <\/tr> <tr> <td>Peso<\/td> <td>aprox. 1.200 kg<\/td> <\/tr> <tr> <td>Motor de accionamiento<\/td> <td>5,5 kW<\/td> <\/tr> <tr> <td>Tensi\u00f3n de trabajo<\/td> <td>3 x 380 \u2013 400 V AC<\/td> <\/tr> <tr> <td>Toma de agua<\/td> <td>1\u201c<\/td> <\/tr> <tr> <td>Aire<\/td> <td>aprox. 6 bar<\/td> <\/tr> <\/tbody><\/table>\n<h2>Datos t\u00e9cnicos cuba de escaldado<\/h2>\n<table class=\"sf-table striped_bordered\"><tbody> <tr> <th>Medidas<\/th> <th><\/th> <\/tr> <tr> <td>Dimensiones<\/td> <td>2.500 x 1.800 x 2.000 mm (L x B x H)<\/td> <\/tr> <tr> <td>Peso<\/td> <td>aprox. 1.400 kg<\/td> <\/tr> <tr> <td>Motor de accionamiento<\/td> <td>1,1 kW<\/td> <\/tr> <tr> <td>Tensi\u00f3n de trabajo<\/td> <td>3 x 380 \u2013 400 V AC<\/td> <\/tr> <tr> <td>Bomba de circulaci\u00f3n<\/td> <td>1,1 kW<\/td> <\/tr> <tr> <td>Entrada de agua<\/td> <td>1 \u00bd\u201c<\/td> <\/tr> <tr> <td>Cantidad de agua<\/td> <td>aprox. 2.000 l<\/td> <\/tr> <\/tbody><\/table>\n[\/fullwidth_text]<\/p>","protected":false},"excerpt":{"rendered":"<p>[fullwidth_text alt_background=\u00bbnone\u00bb width=\u00bb1\/1&#8243; el_position=\u00bbfirst last\u00bb] Equipamiento Capacidad para sacrificar unos 40-50 cerdos\/hora Cerdos hasta unos 270 kg Cuerpo de la m\u00e1quina con galvanizado en caliente o en acero inoxidable Armario de distribuci\u00f3n incorporado Rodillo con 36 batidores especiales Tiempo de pelado y carga de la m\u00e1quina ajustable Puente de chamuscado Para depilar sin dejar restos Puente de chamuscado en acero [&hellip;]<\/p>\n","protected":false},"author":1,"featured_media":0,"parent":1184,"menu_order":11,"comment_status":"closed","ping_status":"closed","template":"","meta":[],"yoast_head":"<!-- This site is optimized with the Yoast SEO plugin v18.3 - https:\/\/yoast.com\/wordpress\/plugins\/seo\/ -->\n<title>Enthaarungs- und Abflammmaschine feuerverzinkt mit Flammbr\u00fccke<\/title>\n<meta name=\"robots\" content=\"index, follow, max-snippet:-1, max-image-preview:large, max-video-preview:-1\" \/>\n<link rel=\"canonical\" href=\"https:\/\/www.hubert-haas.de\/produkte\/enthaarungs-und-abflammmaschinen\/david\/\" \/>\n<meta property=\"og:locale\" content=\"es_ES\" \/>\n<meta property=\"og:type\" content=\"article\" \/>\n<meta property=\"og:title\" content=\"Enthaarungs- und Abflammmaschine feuerverzinkt mit Flammbr\u00fccke\" \/>\n<meta property=\"og:description\" content=\"[fullwidth_text alt_background=\u00bbnone\u00bb width=\u00bb1\/1&#8243; el_position=\u00bbfirst last\u00bb] Equipamiento Capacidad para sacrificar unos 40-50 cerdos\/hora Cerdos hasta unos 270 kg Cuerpo de la m\u00e1quina con galvanizado en caliente o en acero inoxidable Armario de distribuci\u00f3n incorporado Rodillo con 36 batidores especiales Tiempo de pelado y carga de la m\u00e1quina ajustable Puente de chamuscado Para depilar sin dejar restos Puente de chamuscado en acero [&hellip;]\" \/>\n<meta property=\"og:url\" content=\"https:\/\/www.hubert-haas.de\/produkte\/enthaarungs-und-abflammmaschinen\/david\/\" \/>\n<meta property=\"og:site_name\" content=\"Hubert Haas\" \/>\n<meta property=\"article:modified_time\" content=\"2019-05-31T05:52:06+00:00\" \/>\n<meta property=\"og:image\" content=\"http:\/\/www.hubert-haas.de\/wp-content\/uploads\/2018\/01\/David.jpg\" \/>\n<meta name=\"twitter:card\" content=\"summary_large_image\" \/>\n<meta name=\"twitter:label1\" content=\"Tiempo de lectura\" \/>\n\t<meta name=\"twitter:data1\" content=\"7 minutos\" \/>\n<script type=\"application\/ld+json\" class=\"yoast-schema-graph\">{\"@context\":\"https:\/\/schema.org\",\"@graph\":[{\"@type\":\"Organization\",\"@id\":\"https:\/\/www.hubert-haas.de\/#organization\",\"name\":\"Hubert Haas\",\"url\":\"https:\/\/www.hubert-haas.de\/\",\"sameAs\":[],\"logo\":{\"@type\":\"ImageObject\",\"@id\":\"https:\/\/www.hubert-haas.de\/#logo\",\"inLanguage\":\"es\",\"url\":\"https:\/\/www.hubert-haas.de\/wp-content\/uploads\/2017\/06\/hubert-haas-neuler.png\",\"contentUrl\":\"https:\/\/www.hubert-haas.de\/wp-content\/uploads\/2017\/06\/hubert-haas-neuler.png\",\"width\":236,\"height\":80,\"caption\":\"Hubert Haas\"},\"image\":{\"@id\":\"https:\/\/www.hubert-haas.de\/#logo\"}},{\"@type\":\"WebSite\",\"@id\":\"https:\/\/www.hubert-haas.de\/#website\",\"url\":\"https:\/\/www.hubert-haas.de\/\",\"name\":\"Hubert Haas\",\"description\":\"\",\"publisher\":{\"@id\":\"https:\/\/www.hubert-haas.de\/#organization\"},\"potentialAction\":[{\"@type\":\"SearchAction\",\"target\":{\"@type\":\"EntryPoint\",\"urlTemplate\":\"https:\/\/www.hubert-haas.de\/?s={search_term_string}\"},\"query-input\":\"required name=search_term_string\"}],\"inLanguage\":\"es\"},{\"@type\":\"ImageObject\",\"@id\":\"https:\/\/www.hubert-haas.de\/produkte\/enthaarungs-und-abflammmaschinen\/david\/#primaryimage\",\"inLanguage\":\"es\",\"url\":\"http:\/\/www.hubert-haas.de\/wp-content\/uploads\/2018\/01\/David.jpg\",\"contentUrl\":\"http:\/\/www.hubert-haas.de\/wp-content\/uploads\/2018\/01\/David.jpg\"},{\"@type\":\"WebPage\",\"@id\":\"https:\/\/www.hubert-haas.de\/produkte\/enthaarungs-und-abflammmaschinen\/david\/#webpage\",\"url\":\"https:\/\/www.hubert-haas.de\/produkte\/enthaarungs-und-abflammmaschinen\/david\/\",\"name\":\"Enthaarungs- und Abflammmaschine feuerverzinkt mit Flammbr\u00fccke\",\"isPartOf\":{\"@id\":\"https:\/\/www.hubert-haas.de\/#website\"},\"primaryImageOfPage\":{\"@id\":\"https:\/\/www.hubert-haas.de\/produkte\/enthaarungs-und-abflammmaschinen\/david\/#primaryimage\"},\"datePublished\":\"2017-06-23T12:32:27+00:00\",\"dateModified\":\"2019-05-31T05:52:06+00:00\",\"breadcrumb\":{\"@id\":\"https:\/\/www.hubert-haas.de\/produkte\/enthaarungs-und-abflammmaschinen\/david\/#breadcrumb\"},\"inLanguage\":\"es\",\"potentialAction\":[{\"@type\":\"ReadAction\",\"target\":[\"https:\/\/www.hubert-haas.de\/produkte\/enthaarungs-und-abflammmaschinen\/david\/\"]}]},{\"@type\":\"BreadcrumbList\",\"@id\":\"https:\/\/www.hubert-haas.de\/produkte\/enthaarungs-und-abflammmaschinen\/david\/#breadcrumb\",\"itemListElement\":[{\"@type\":\"ListItem\",\"position\":1,\"name\":\"Startseite\",\"item\":\"https:\/\/www.hubert-haas.de\/\"},{\"@type\":\"ListItem\",\"position\":2,\"name\":\"Products\",\"item\":\"https:\/\/www.hubert-haas.de\/en\/produkte\/\"},{\"@type\":\"ListItem\",\"position\":3,\"name\":\"Enthaarungs- und Abflammmaschinen Schweine &#038; Sauen\",\"item\":\"https:\/\/www.hubert-haas.de\/produkte\/enthaarungs-und-abflammmaschinen\/\"},{\"@type\":\"ListItem\",\"position\":4,\"name\":\"Enthaarungs- und Abflammmaschine Typ David\"}]}]}<\/script>\n<!-- \/ Yoast SEO plugin. -->","yoast_head_json":{"title":"Enthaarungs- und Abflammmaschine feuerverzinkt mit Flammbr\u00fccke","robots":{"index":"index","follow":"follow","max-snippet":"max-snippet:-1","max-image-preview":"max-image-preview:large","max-video-preview":"max-video-preview:-1"},"canonical":"https:\/\/www.hubert-haas.de\/produkte\/enthaarungs-und-abflammmaschinen\/david\/","og_locale":"es_ES","og_type":"article","og_title":"Enthaarungs- und Abflammmaschine feuerverzinkt mit Flammbr\u00fccke","og_description":"[fullwidth_text alt_background=\u00bbnone\u00bb width=\u00bb1\/1&#8243; el_position=\u00bbfirst last\u00bb] Equipamiento Capacidad para sacrificar unos 40-50 cerdos\/hora Cerdos hasta unos 270 kg Cuerpo de la m\u00e1quina con galvanizado en caliente o en acero inoxidable Armario de distribuci\u00f3n incorporado Rodillo con 36 batidores especiales Tiempo de pelado y carga de la m\u00e1quina ajustable Puente de chamuscado Para depilar sin dejar restos Puente de chamuscado en acero [&hellip;]","og_url":"https:\/\/www.hubert-haas.de\/produkte\/enthaarungs-und-abflammmaschinen\/david\/","og_site_name":"Hubert Haas","article_modified_time":"2019-05-31T05:52:06+00:00","og_image":[{"url":"http:\/\/www.hubert-haas.de\/wp-content\/uploads\/2018\/01\/David.jpg"}],"twitter_card":"summary_large_image","twitter_misc":{"Tiempo de lectura":"7 minutos"},"schema":{"@context":"https:\/\/schema.org","@graph":[{"@type":"Organization","@id":"https:\/\/www.hubert-haas.de\/#organization","name":"Hubert Haas","url":"https:\/\/www.hubert-haas.de\/","sameAs":[],"logo":{"@type":"ImageObject","@id":"https:\/\/www.hubert-haas.de\/#logo","inLanguage":"es","url":"https:\/\/www.hubert-haas.de\/wp-content\/uploads\/2017\/06\/hubert-haas-neuler.png","contentUrl":"https:\/\/www.hubert-haas.de\/wp-content\/uploads\/2017\/06\/hubert-haas-neuler.png","width":236,"height":80,"caption":"Hubert Haas"},"image":{"@id":"https:\/\/www.hubert-haas.de\/#logo"}},{"@type":"WebSite","@id":"https:\/\/www.hubert-haas.de\/#website","url":"https:\/\/www.hubert-haas.de\/","name":"Hubert Haas","description":"","publisher":{"@id":"https:\/\/www.hubert-haas.de\/#organization"},"potentialAction":[{"@type":"SearchAction","target":{"@type":"EntryPoint","urlTemplate":"https:\/\/www.hubert-haas.de\/?s={search_term_string}"},"query-input":"required name=search_term_string"}],"inLanguage":"es"},{"@type":"ImageObject","@id":"https:\/\/www.hubert-haas.de\/produkte\/enthaarungs-und-abflammmaschinen\/david\/#primaryimage","inLanguage":"es","url":"http:\/\/www.hubert-haas.de\/wp-content\/uploads\/2018\/01\/David.jpg","contentUrl":"http:\/\/www.hubert-haas.de\/wp-content\/uploads\/2018\/01\/David.jpg"},{"@type":"WebPage","@id":"https:\/\/www.hubert-haas.de\/produkte\/enthaarungs-und-abflammmaschinen\/david\/#webpage","url":"https:\/\/www.hubert-haas.de\/produkte\/enthaarungs-und-abflammmaschinen\/david\/","name":"Enthaarungs- und Abflammmaschine feuerverzinkt mit Flammbr\u00fccke","isPartOf":{"@id":"https:\/\/www.hubert-haas.de\/#website"},"primaryImageOfPage":{"@id":"https:\/\/www.hubert-haas.de\/produkte\/enthaarungs-und-abflammmaschinen\/david\/#primaryimage"},"datePublished":"2017-06-23T12:32:27+00:00","dateModified":"2019-05-31T05:52:06+00:00","breadcrumb":{"@id":"https:\/\/www.hubert-haas.de\/produkte\/enthaarungs-und-abflammmaschinen\/david\/#breadcrumb"},"inLanguage":"es","potentialAction":[{"@type":"ReadAction","target":["https:\/\/www.hubert-haas.de\/produkte\/enthaarungs-und-abflammmaschinen\/david\/"]}]},{"@type":"BreadcrumbList","@id":"https:\/\/www.hubert-haas.de\/produkte\/enthaarungs-und-abflammmaschinen\/david\/#breadcrumb","itemListElement":[{"@type":"ListItem","position":1,"name":"Startseite","item":"https:\/\/www.hubert-haas.de\/"},{"@type":"ListItem","position":2,"name":"Products","item":"https:\/\/www.hubert-haas.de\/en\/produkte\/"},{"@type":"ListItem","position":3,"name":"Enthaarungs- und Abflammmaschinen Schweine &#038; Sauen","item":"https:\/\/www.hubert-haas.de\/produkte\/enthaarungs-und-abflammmaschinen\/"},{"@type":"ListItem","position":4,"name":"Enthaarungs- und Abflammmaschine Typ David"}]}]}},"_links":{"self":[{"href":"https:\/\/www.hubert-haas.de\/es\/wp-json\/wp\/v2\/pages\/239"}],"collection":[{"href":"https:\/\/www.hubert-haas.de\/es\/wp-json\/wp\/v2\/pages"}],"about":[{"href":"https:\/\/www.hubert-haas.de\/es\/wp-json\/wp\/v2\/types\/page"}],"author":[{"embeddable":true,"href":"https:\/\/www.hubert-haas.de\/es\/wp-json\/wp\/v2\/users\/1"}],"replies":[{"embeddable":true,"href":"https:\/\/www.hubert-haas.de\/es\/wp-json\/wp\/v2\/comments?post=239"}],"version-history":[{"count":61,"href":"https:\/\/www.hubert-haas.de\/es\/wp-json\/wp\/v2\/pages\/239\/revisions"}],"predecessor-version":[{"id":1659,"href":"https:\/\/www.hubert-haas.de\/es\/wp-json\/wp\/v2\/pages\/239\/revisions\/1659"}],"up":[{"embeddable":true,"href":"https:\/\/www.hubert-haas.de\/es\/wp-json\/wp\/v2\/pages\/1184"}],"wp:attachment":[{"href":"https:\/\/www.hubert-haas.de\/es\/wp-json\/wp\/v2\/media?parent=239"}],"curies":[{"name":"wp","href":"https:\/\/api.w.org\/{rel}","templated":true}]}}