{"id":237,"date":"2017-06-23T14:30:57","date_gmt":"2017-06-23T12:30:57","guid":{"rendered":"http:\/\/www.hubert-haas.de\/?page_id=237"},"modified":"2022-03-16T09:10:59","modified_gmt":"2022-03-16T08:10:59","slug":"betaeubungsgeraete","status":"publish","type":"page","link":"https:\/\/www.hubert-haas.de\/es\/produkte\/betaeubungsgeraete\/","title":{"rendered":"Aparatos de aturdimiento"},"content":{"rendered":"<p>[fullwidth_text alt_background=\u00bbnone\u00bb width=\u00bb1\/2&#8243; el_position=\u00bbfirst\u00bb]\n<p><img loading=\"lazy\" class=\"alignleft wp-image-1212 \" src=\"\/wp-content\/uploads\/2018\/01\/TBG-200.jpg\" alt=\"\" width=\"319\" height=\"339\" srcset=\"https:\/\/www.hubert-haas.de\/wp-content\/uploads\/2018\/01\/TBG-200.jpg 470w, https:\/\/www.hubert-haas.de\/wp-content\/uploads\/2018\/01\/TBG-200-283x300.jpg 283w\" sizes=\"(max-width: 319px) 100vw, 319px\" \/><\/p>\n[\/fullwidth_text] [fullwidth_text alt_background=\u00bbnone\u00bb width=\u00bb1\/2&#8243; el_position=\u00bblast\u00bb]\n<h2>Aparato de aturdimiento TBG 200<\/h2>\n<p>El aparato de aturdimiento seg\u00fan la ley de protecci\u00f3n de animales TBG 200 cumple con las disposiciones del Reglamento CE 1099\/2009 de 24 de septiembre de 2009 y con el reglamento de aplicaci\u00f3n nacional del reglamento de protecci\u00f3n de los animales en el momento de la matanza de 01.01.2013, as\u00ed como con las disposiciones actuales de la asociaci\u00f3n alemana para la electrotecnia, la electr\u00f3nica y la tecnolog\u00eda de la informaci\u00f3n (VDE). El TBG 200 es sin\u00f3nimo de calidad fabricada en Alemania \u00abMade in Germany\u00bb y destaca por su manejo sencillo y seguro. Los componentes de alta calidad y la tecnolog\u00eda innovadora aportan una larga vida \u00fatil y una gran calidad c\u00e1rnica. El aparato tambi\u00e9n se puede utilizar para sacrificios de urgencia en casos de epidemias.<\/p>\n<h3>Aturdimiento conforme a la protecci\u00f3n de animales<\/h3>\n<ul>\n<li>\u00e1pida subida de corriente en 1 segundo a 2,0 A<\/li>\n<li>Se\u00f1al \u00f3ptica o ac\u00fastica que indica si no se ha alcanzado el tiempo m\u00ednimo de aturdimiento<\/li>\n<li>Se\u00f1al \u00f3ptica o ac\u00fastica que indica que se ha alcanzado el tiempo m\u00ednimo de aturdimiento<\/li>\n<li>Se\u00f1al \u00f3ptica y ac\u00fastica de intensidad de corriente m\u00ednima de 1,3\u00a0A (en cerdos) o 1,0 A (en carneros), si dentro del primer segundo no se ha alcanzado o si es inferior durante el tiempo de aturdimiento.<\/li>\n<li>Indicadores de tensi\u00f3n e intensidad de corriente (voltios\/amperios)<\/li>\n<li>Indicador de cantidades<\/li>\n<li>Permite el aturdimiento de coraz\u00f3n y cerebro<\/li>\n<li>3 programas de aturdimiento seg\u00fan la especie de animal, el tama\u00f1o y modo de operaci\u00f3n<\/li>\n<\/ul>\n<p style=\"text-align: right;\"><a class=\"sf-button standard accent standard \" href=\"\/es\/produkte\/betaeubungsgeraete\/betaeubungsgeraet-tbg-200\/\" target=\"_self\"><span class=\"text\">m\u00e1s informaci\u00f3n<\/span><\/a>\n[\/fullwidth_text] [divider type=\u00bbthin\u00bb text=\u00bbGo to top\u00bb full_width=\u00bbno\u00bb width=\u00bb1\/1&#8243; el_position=\u00bbfirst last\u00bb] [fullwidth_text alt_background=\u00bbnone\u00bb width=\u00bb1\/2&#8243; el_position=\u00bbfirst\u00bb]\n<p><img loading=\"lazy\" class=\"alignleft wp-image-1251 \" src=\"\/wp-content\/uploads\/2018\/01\/TBG-100.jpg\" alt=\"\" width=\"345\" height=\"366\" srcset=\"https:\/\/www.hubert-haas.de\/wp-content\/uploads\/2018\/01\/TBG-100.jpg 470w, https:\/\/www.hubert-haas.de\/wp-content\/uploads\/2018\/01\/TBG-100-283x300.jpg 283w\" sizes=\"(max-width: 345px) 100vw, 345px\" \/><\/p>\n[\/fullwidth_text] [fullwidth_text alt_background=\u00bbnone\u00bb width=\u00bb1\/2&#8243; el_position=\u00bblast\u00bb]\n<h2>Aparato de aturdimiento TBG 100<\/h2>\n<p>Alternativa a la TBG 200 cuando no se requiere documentaci\u00f3n o valoraciones.<\/p>\n<h3>Aturdimiento conforme a la protecci\u00f3n de animales<\/h3>\n<ul>\n<li>R\u00e1pida subida de corriente en 1 segundo a 2,0 A<\/li>\n<li>Se\u00f1al \u00f3ptica o ac\u00fastica que indica si no se ha alcanzado el tiempo m\u00ednimo de aturdimiento<\/li>\n<li>Se\u00f1al \u00f3ptica o ac\u00fastica que indica que se ha alcanzado el tiempo m\u00ednimo de aturdimiento<\/li>\n<li>Se\u00f1al \u00f3ptica y ac\u00fastica de intensidad de corriente m\u00ednima de 1,3\u00a0A (en cerdos) o 1,0 A (en carneros) si dentro del primer segundo no se ha alcanzado o si es inferior durante el tiempo de aturdimiento.<\/li>\n<li>Indicadores de tensi\u00f3n e intensidad de corriente (voltios\/amperios)<\/li>\n<li>Permite el aturdimiento de coraz\u00f3n y cerebro<\/li>\n<li>3 programas de aturdimiento seg\u00fan la especie de animal, el tama\u00f1o y modo de operaci\u00f3n<\/li>\n<\/ul>\n<p style=\"text-align: right;\"><a class=\"sf-button standard accent standard \" href=\"\/es\/produkte\/betaeubungsgeraete\/betaeubungsgeraet-tbg-100\/\" target=\"_self\"><span class=\"text\">m\u00e1s informaci\u00f3n<\/span><\/a>\n[\/fullwidth_text] [divider type=\u00bbthin\u00bb text=\u00bbGo to top\u00bb full_width=\u00bbno\u00bb width=\u00bb1\/1&#8243; el_position=\u00bbfirst last\u00bb] [fullwidth_text alt_background=\u00bbnone\u00bb width=\u00bb1\/2&#8243; el_position=\u00bbfirst\u00bb]\n<p><img loading=\"lazy\" class=\"alignleft wp-image-1220 \" src=\"\/wp-content\/uploads\/2018\/01\/TBG-96N.jpg\" alt=\"\" width=\"351\" height=\"373\" srcset=\"https:\/\/www.hubert-haas.de\/wp-content\/uploads\/2018\/01\/TBG-96N.jpg 470w, https:\/\/www.hubert-haas.de\/wp-content\/uploads\/2018\/01\/TBG-96N-283x300.jpg 283w\" sizes=\"(max-width: 351px) 100vw, 351px\" \/><\/p>\n[\/fullwidth_text] [fullwidth_text alt_background=\u00bbnone\u00bb width=\u00bb1\/2&#8243; el_position=\u00bblast\u00bb]\n<h2>Aparato de aturdimiento TBG 96<\/h2>\n<ul>\n<li>R\u00e1pida subida de corriente en 1 segundo<\/li>\n<li>Potente transformador<\/li>\n<li>Se\u00f1al \u00f3ptica o ac\u00fastica que indica que se ha alcanzado el tiempo m\u00ednimo de aturdimiento<\/li>\n<li>L\u00e1mpara testigo de que no se ha alcanzado la intensidad de corriente m\u00ednima de 1,3\u00a0A<\/li>\n<li>Indicadores de tensi\u00f3n e intensidad de corriente (voltios\/amperios)<\/li>\n<li>Pinzas de aturdimiento de acero inoxidable con cable helicoidal, empu\u00f1aduras especialeselectrodos de cobre con p\u00faa intermedia para un contacto seguro<\/li>\n<li>Soporte mural en acero inoxidable para transformador y pinzas<\/li>\n<\/ul>\n<p style=\"text-align: right;\"><a class=\"sf-button standard accent standard \" href=\"\/es\/produkte\/betaeubungsgeraete\/betaeubungsgeraet-tbg-96\/\" target=\"_self\"><span class=\"text\">m\u00e1s informaci\u00f3n<\/span><\/a>\n[\/fullwidth_text] [divider type=\u00bbthin\u00bb text=\u00bbGo to top\u00bb full_width=\u00bbno\u00bb width=\u00bb1\/1&#8243; el_position=\u00bbfirst last\u00bb] [fullwidth_text alt_background=\u00bbnone\u00bb width=\u00bb1\/2&#8243; el_position=\u00bbfirst\u00bb]\n<p><img loading=\"lazy\" class=\"alignleft wp-image-1220 \" src=\"\/wp-content\/uploads\/2018\/01\/TBG-96N.jpg\" alt=\"\" width=\"351\" height=\"373\" srcset=\"https:\/\/www.hubert-haas.de\/wp-content\/uploads\/2018\/01\/TBG-96N.jpg 470w, https:\/\/www.hubert-haas.de\/wp-content\/uploads\/2018\/01\/TBG-96N-283x300.jpg 283w\" sizes=\"(max-width: 351px) 100vw, 351px\" \/><\/p>\n[\/fullwidth_text] [fullwidth_text alt_background=\u00bbnone\u00bb width=\u00bb1\/2&#8243; el_position=\u00bblast\u00bb]\n<h2>Aparato de aturdimiento TBG 96\/N Sacrificio de urgencia<\/h2>\n<p>El aparato de aturdimiento m\u00f3vil conforme a la ley de protecci\u00f3n de animales TBG 96\/N para casos de epidemias \/ sacrificio de urgencia\u00b4.<\/p>\n<p>Los ganaderos solo pueden sacrificar los cerdos en su actividad ganadera cuando se dan sacrificios de urgencia, siempre que sea evidente que no existe otra posibilidad, o para aliviar graves dolores o el sufrimiento a los animales provocados por una lesi\u00f3n o enfermedad.<\/p>\n<p>Por este motivo hemos fabricado el TBG 96N conforme a las actuales disposiciones de la VDE y la hoja de instrucciones n\u00ba 84 \u00abSacrificio de grupos de animales en caso de epidemia\u00bb de la asociaci\u00f3n veterinaria para la protecci\u00f3n animal (Vereinigungen f\u00fcr Tierschutz e.V.).<\/p>\n<p style=\"text-align: right;\"><a class=\"sf-button standard accent standard \" href=\"\/es\/produkte\/betaeubungsgeraete\/nottoetung\/\" target=\"_self\"><span class=\"text\">m\u00e1s informaci\u00f3n<\/span><\/a>\n[\/fullwidth_text]<\/p>","protected":false},"excerpt":{"rendered":"<p>[fullwidth_text alt_background=\u00bbnone\u00bb width=\u00bb1\/2&#8243; el_position=\u00bbfirst\u00bb] [\/fullwidth_text] [fullwidth_text alt_background=\u00bbnone\u00bb width=\u00bb1\/2&#8243; el_position=\u00bblast\u00bb] Aparato de aturdimiento TBG 200 El aparato de aturdimiento seg\u00fan la ley de protecci\u00f3n de animales TBG 200 cumple con las disposiciones del Reglamento CE 1099\/2009 de 24 de septiembre de 2009 y con el reglamento de aplicaci\u00f3n nacional del reglamento de protecci\u00f3n de los animales en el momento de la [&hellip;]<\/p>\n","protected":false},"author":1,"featured_media":0,"parent":43,"menu_order":21,"comment_status":"closed","ping_status":"closed","template":"","meta":[],"yoast_head":"<!-- This site is optimized with the Yoast SEO plugin v18.3 - https:\/\/yoast.com\/wordpress\/plugins\/seo\/ -->\n<title>Aparatos de aturdimiento | Hubert Haas<\/title>\n<meta name=\"robots\" content=\"index, follow, max-snippet:-1, max-image-preview:large, max-video-preview:-1\" \/>\n<link rel=\"canonical\" href=\"https:\/\/www.hubert-haas.de\/produkte\/betaeubungsgeraete\/\" \/>\n<meta property=\"og:locale\" content=\"es_ES\" \/>\n<meta property=\"og:type\" content=\"article\" \/>\n<meta property=\"og:title\" content=\"Aparatos de aturdimiento | Hubert Haas\" \/>\n<meta property=\"og:description\" content=\"[fullwidth_text alt_background=\u00bbnone\u00bb width=\u00bb1\/2&#8243; el_position=\u00bbfirst\u00bb] [\/fullwidth_text] [fullwidth_text alt_background=\u00bbnone\u00bb width=\u00bb1\/2&#8243; el_position=\u00bblast\u00bb] Aparato de aturdimiento TBG 200 El aparato de aturdimiento seg\u00fan la ley de protecci\u00f3n de animales TBG 200 cumple con las disposiciones del Reglamento CE 1099\/2009 de 24 de septiembre de 2009 y con el reglamento de aplicaci\u00f3n nacional del reglamento de protecci\u00f3n de los animales en el momento de la [&hellip;]\" \/>\n<meta property=\"og:url\" content=\"https:\/\/www.hubert-haas.de\/produkte\/betaeubungsgeraete\/\" \/>\n<meta property=\"og:site_name\" content=\"Hubert Haas\" \/>\n<meta property=\"article:modified_time\" content=\"2022-03-16T08:10:59+00:00\" \/>\n<meta property=\"og:image\" content=\"https:\/\/www.hubert-haas.de\/wp-content\/uploads\/2022\/03\/TBG-300-1-257x300.jpg\" \/>\n<meta name=\"twitter:card\" content=\"summary_large_image\" \/>\n<meta name=\"twitter:label1\" content=\"Tiempo de lectura\" \/>\n\t<meta name=\"twitter:data1\" content=\"6 minutos\" \/>\n<script type=\"application\/ld+json\" class=\"yoast-schema-graph\">{\"@context\":\"https:\/\/schema.org\",\"@graph\":[{\"@type\":\"Organization\",\"@id\":\"https:\/\/www.hubert-haas.de\/#organization\",\"name\":\"Hubert Haas\",\"url\":\"https:\/\/www.hubert-haas.de\/\",\"sameAs\":[],\"logo\":{\"@type\":\"ImageObject\",\"@id\":\"https:\/\/www.hubert-haas.de\/#logo\",\"inLanguage\":\"es\",\"url\":\"https:\/\/www.hubert-haas.de\/wp-content\/uploads\/2017\/06\/hubert-haas-neuler.png\",\"contentUrl\":\"https:\/\/www.hubert-haas.de\/wp-content\/uploads\/2017\/06\/hubert-haas-neuler.png\",\"width\":236,\"height\":80,\"caption\":\"Hubert Haas\"},\"image\":{\"@id\":\"https:\/\/www.hubert-haas.de\/#logo\"}},{\"@type\":\"WebSite\",\"@id\":\"https:\/\/www.hubert-haas.de\/#website\",\"url\":\"https:\/\/www.hubert-haas.de\/\",\"name\":\"Hubert Haas\",\"description\":\"\",\"publisher\":{\"@id\":\"https:\/\/www.hubert-haas.de\/#organization\"},\"potentialAction\":[{\"@type\":\"SearchAction\",\"target\":{\"@type\":\"EntryPoint\",\"urlTemplate\":\"https:\/\/www.hubert-haas.de\/?s={search_term_string}\"},\"query-input\":\"required name=search_term_string\"}],\"inLanguage\":\"es\"},{\"@type\":\"ImageObject\",\"@id\":\"https:\/\/www.hubert-haas.de\/produkte\/betaeubungsgeraete\/#primaryimage\",\"inLanguage\":\"es\",\"url\":\"https:\/\/www.hubert-haas.de\/wp-content\/uploads\/2022\/03\/TBG-300-1.jpg\",\"contentUrl\":\"https:\/\/www.hubert-haas.de\/wp-content\/uploads\/2022\/03\/TBG-300-1.jpg\",\"width\":1000,\"height\":1169},{\"@type\":\"WebPage\",\"@id\":\"https:\/\/www.hubert-haas.de\/produkte\/betaeubungsgeraete\/#webpage\",\"url\":\"https:\/\/www.hubert-haas.de\/produkte\/betaeubungsgeraete\/\",\"name\":\"Aparatos de aturdimiento | Hubert Haas\",\"isPartOf\":{\"@id\":\"https:\/\/www.hubert-haas.de\/#website\"},\"primaryImageOfPage\":{\"@id\":\"https:\/\/www.hubert-haas.de\/produkte\/betaeubungsgeraete\/#primaryimage\"},\"datePublished\":\"2017-06-23T12:30:57+00:00\",\"dateModified\":\"2022-03-16T08:10:59+00:00\",\"breadcrumb\":{\"@id\":\"https:\/\/www.hubert-haas.de\/produkte\/betaeubungsgeraete\/#breadcrumb\"},\"inLanguage\":\"es\",\"potentialAction\":[{\"@type\":\"ReadAction\",\"target\":[\"https:\/\/www.hubert-haas.de\/produkte\/betaeubungsgeraete\/\"]}]},{\"@type\":\"BreadcrumbList\",\"@id\":\"https:\/\/www.hubert-haas.de\/produkte\/betaeubungsgeraete\/#breadcrumb\",\"itemListElement\":[{\"@type\":\"ListItem\",\"position\":1,\"name\":\"Startseite\",\"item\":\"https:\/\/www.hubert-haas.de\/\"},{\"@type\":\"ListItem\",\"position\":2,\"name\":\"Products\",\"item\":\"https:\/\/www.hubert-haas.de\/en\/produkte\/\"},{\"@type\":\"ListItem\",\"position\":3,\"name\":\"Bet\u00e4ubungsger\u00e4te\"}]}]}<\/script>\n<!-- \/ Yoast SEO plugin. -->","yoast_head_json":{"title":"Aparatos de aturdimiento | Hubert Haas","robots":{"index":"index","follow":"follow","max-snippet":"max-snippet:-1","max-image-preview":"max-image-preview:large","max-video-preview":"max-video-preview:-1"},"canonical":"https:\/\/www.hubert-haas.de\/produkte\/betaeubungsgeraete\/","og_locale":"es_ES","og_type":"article","og_title":"Aparatos de aturdimiento | Hubert Haas","og_description":"[fullwidth_text alt_background=\u00bbnone\u00bb width=\u00bb1\/2&#8243; el_position=\u00bbfirst\u00bb] [\/fullwidth_text] [fullwidth_text alt_background=\u00bbnone\u00bb width=\u00bb1\/2&#8243; el_position=\u00bblast\u00bb] Aparato de aturdimiento TBG 200 El aparato de aturdimiento seg\u00fan la ley de protecci\u00f3n de animales TBG 200 cumple con las disposiciones del Reglamento CE 1099\/2009 de 24 de septiembre de 2009 y con el reglamento de aplicaci\u00f3n nacional del reglamento de protecci\u00f3n de los animales en el momento de la [&hellip;]","og_url":"https:\/\/www.hubert-haas.de\/produkte\/betaeubungsgeraete\/","og_site_name":"Hubert Haas","article_modified_time":"2022-03-16T08:10:59+00:00","og_image":[{"url":"https:\/\/www.hubert-haas.de\/wp-content\/uploads\/2022\/03\/TBG-300-1-257x300.jpg"}],"twitter_card":"summary_large_image","twitter_misc":{"Tiempo de lectura":"6 minutos"},"schema":{"@context":"https:\/\/schema.org","@graph":[{"@type":"Organization","@id":"https:\/\/www.hubert-haas.de\/#organization","name":"Hubert Haas","url":"https:\/\/www.hubert-haas.de\/","sameAs":[],"logo":{"@type":"ImageObject","@id":"https:\/\/www.hubert-haas.de\/#logo","inLanguage":"es","url":"https:\/\/www.hubert-haas.de\/wp-content\/uploads\/2017\/06\/hubert-haas-neuler.png","contentUrl":"https:\/\/www.hubert-haas.de\/wp-content\/uploads\/2017\/06\/hubert-haas-neuler.png","width":236,"height":80,"caption":"Hubert Haas"},"image":{"@id":"https:\/\/www.hubert-haas.de\/#logo"}},{"@type":"WebSite","@id":"https:\/\/www.hubert-haas.de\/#website","url":"https:\/\/www.hubert-haas.de\/","name":"Hubert Haas","description":"","publisher":{"@id":"https:\/\/www.hubert-haas.de\/#organization"},"potentialAction":[{"@type":"SearchAction","target":{"@type":"EntryPoint","urlTemplate":"https:\/\/www.hubert-haas.de\/?s={search_term_string}"},"query-input":"required name=search_term_string"}],"inLanguage":"es"},{"@type":"ImageObject","@id":"https:\/\/www.hubert-haas.de\/produkte\/betaeubungsgeraete\/#primaryimage","inLanguage":"es","url":"https:\/\/www.hubert-haas.de\/wp-content\/uploads\/2022\/03\/TBG-300-1.jpg","contentUrl":"https:\/\/www.hubert-haas.de\/wp-content\/uploads\/2022\/03\/TBG-300-1.jpg","width":1000,"height":1169},{"@type":"WebPage","@id":"https:\/\/www.hubert-haas.de\/produkte\/betaeubungsgeraete\/#webpage","url":"https:\/\/www.hubert-haas.de\/produkte\/betaeubungsgeraete\/","name":"Aparatos de aturdimiento | Hubert Haas","isPartOf":{"@id":"https:\/\/www.hubert-haas.de\/#website"},"primaryImageOfPage":{"@id":"https:\/\/www.hubert-haas.de\/produkte\/betaeubungsgeraete\/#primaryimage"},"datePublished":"2017-06-23T12:30:57+00:00","dateModified":"2022-03-16T08:10:59+00:00","breadcrumb":{"@id":"https:\/\/www.hubert-haas.de\/produkte\/betaeubungsgeraete\/#breadcrumb"},"inLanguage":"es","potentialAction":[{"@type":"ReadAction","target":["https:\/\/www.hubert-haas.de\/produkte\/betaeubungsgeraete\/"]}]},{"@type":"BreadcrumbList","@id":"https:\/\/www.hubert-haas.de\/produkte\/betaeubungsgeraete\/#breadcrumb","itemListElement":[{"@type":"ListItem","position":1,"name":"Startseite","item":"https:\/\/www.hubert-haas.de\/"},{"@type":"ListItem","position":2,"name":"Products","item":"https:\/\/www.hubert-haas.de\/en\/produkte\/"},{"@type":"ListItem","position":3,"name":"Bet\u00e4ubungsger\u00e4te"}]}]}},"_links":{"self":[{"href":"https:\/\/www.hubert-haas.de\/es\/wp-json\/wp\/v2\/pages\/237"}],"collection":[{"href":"https:\/\/www.hubert-haas.de\/es\/wp-json\/wp\/v2\/pages"}],"about":[{"href":"https:\/\/www.hubert-haas.de\/es\/wp-json\/wp\/v2\/types\/page"}],"author":[{"embeddable":true,"href":"https:\/\/www.hubert-haas.de\/es\/wp-json\/wp\/v2\/users\/1"}],"replies":[{"embeddable":true,"href":"https:\/\/www.hubert-haas.de\/es\/wp-json\/wp\/v2\/comments?post=237"}],"version-history":[{"count":78,"href":"https:\/\/www.hubert-haas.de\/es\/wp-json\/wp\/v2\/pages\/237\/revisions"}],"predecessor-version":[{"id":2114,"href":"https:\/\/www.hubert-haas.de\/es\/wp-json\/wp\/v2\/pages\/237\/revisions\/2114"}],"up":[{"embeddable":true,"href":"https:\/\/www.hubert-haas.de\/es\/wp-json\/wp\/v2\/pages\/43"}],"wp:attachment":[{"href":"https:\/\/www.hubert-haas.de\/es\/wp-json\/wp\/v2\/media?parent=237"}],"curies":[{"name":"wp","href":"https:\/\/api.w.org\/{rel}","templated":true}]}}