{"id":1737,"date":"2018-05-08T17:00:14","date_gmt":"2018-05-08T15:00:14","guid":{"rendered":"https:\/\/www.hubert-haas.de\/?page_id=1737"},"modified":"2018-05-18T16:29:47","modified_gmt":"2018-05-18T14:29:47","slug":"datenschutz","status":"publish","type":"page","link":"https:\/\/www.hubert-haas.de\/es\/datenschutz\/","title":{"rendered":"Datenschutz"},"content":{"rendered":"<p><strong>Declaraci\u00f3n de protecci\u00f3n de datos<\/strong><\/p>\n<p>Para nosotros, la protecci\u00f3n y seguridad de los datos de car\u00e1cter personal son de m\u00e1xima prioridad. Por ello cumplimos estrictamente con las disposiciones de la Ley alemana en materia de protecci\u00f3n de datos (BDSG). A continuaci\u00f3n, le informamos sobre qu\u00e9 tipo de datos recopilamos y el objetivo con el que los recabamos:<\/p>\n<ol>\n<li>Transmisi\u00f3n de datos \/ Protocolizaci\u00f3n de datos<br \/>\nAl visitar esta p\u00e1gina, el servidor web registra de manera autom\u00e1tica archivos Log que no pueden asignarse a ninguna persona en concreto. Se trata de datos que contienen informaci\u00f3n sobre p.ej., el tipo de navegador y la versi\u00f3n; el sistema operativo utilizado; la URL Referrer (la p\u00e1gina visitada anteriormente); la direcci\u00f3n IP del ordenador desde el que accede; la fecha y la hora de la solicitud del servidor y la solicitud de datos del cliente (nombre del archivo y URL). Estos datos solo se recaban con fines estad\u00edsticos. No se transfieren a terceros con fines comerciales o no comerciales.<\/li>\n<li>Uso de datos de car\u00e1cter personal<br \/>\nLos datos de car\u00e1cter personal solo se recopilan o procesan cuando los comunica de manera voluntaria, p.ej., cuando realiza una consulta. En cualquier momento podr\u00e1 revocar por escrito, p.ej., por correo electr\u00f3nico o fax, y con efecto inmediato la autorizaci\u00f3n otorgada con anterioridad para el almacenamiento de sus datos de car\u00e1cter personal, siempre que no existan razones que lo exijan relacionadas con la tramitaci\u00f3n de un negocio. Sus datos no se transfieren a terceros a no ser que la transferencia sea exigida por disposiciones legales.<\/li>\n<li>Informaci\u00f3n, cambio y cancelaci\u00f3n de sus datos<br \/>\nConforme a la legislaci\u00f3n vigente, en cualquier momento, puede solicitar por escrito informaci\u00f3n sobre si tenemos almacenados datos de car\u00e1cter personal suyos y de qu\u00e9 tipo. Recibir\u00e1 contestaci\u00f3n inmediata.<\/li>\n<li>Seguridad de sus datos<br \/>\nPara los datos de car\u00e1cter personal que nos ha facilitado tomamos todas las medidas t\u00e9cnicas y organizativas para protegerlos frente al acceso no autorizado de terceros. Para el env\u00edo de datos o informaci\u00f3n muy sensible recomendamos utilizar el correo ordinario, ya que no se puede garantizar una seguridad completa de los datos al enviarlos por correo electr\u00f3nico.<\/li>\n<li>Indicaciones sobre Google Analytics<br \/>\nEsta p\u00e1gina web utiliza Google Analytics, un servicio de an\u00e1lisis web de Google Inc. (\u00abGoogle\u00bb). Google Analytics utiliza las denominadas \u00abcookies\u00bb, es decir, archivos de texto que se almacenan en su ordenador y que permiten analizar el uso que ha hecho de la p\u00e1gina web. La informaci\u00f3n generada por la cookie sobre el uso que ha hecho de la p\u00e1gina web (incluida su direcci\u00f3n IP) se transfiere a un servidor Google en los EE.UU. donde se almacena. Google utilizar\u00e1 esta informaci\u00f3n para hacer una valoraci\u00f3n del uso de la p\u00e1gina web, para elaborar informes sobre las actividades de la p\u00e1gina web para los operadores de la p\u00e1gina web y para prestar otros servicios relacionados con el uso de la p\u00e1gina web y el uso de Internet. Google tambi\u00e9n transferir\u00e1, en caso necesario, esta informaci\u00f3n a terceros, si as\u00ed se exige legalmente o si hay terceros que procesan dichos datos por encargo de Google. Google no asociar\u00e1, en ning\u00fan caso, su direcci\u00f3n IP con otros datos de Google. Configurando el software de su navegador puede evitar que se instalen las cookies, sin embargo, queremos indicarle que en tal caso puede que no pueda hacer un uso completo de todas las funciones de esta p\u00e1gina web. Al utilizar esta p\u00e1gina web declara su consentimiento a que Google procese los datos que ha recopilado sobre usted como se ha descrito anteriormente y con el fin arriba mencionado.<\/li>\n<li>Cookies<br \/>\nEn algunas de nuestras p\u00e1ginas utilizamos las denominadas \u00abCookies de sesi\u00f3n\u00bb para facilitarle el uso de nuestras p\u00e1ginas web. Se trata de peque\u00f1os archivos de texto que solo se almacenan en su disco duro el tiempo que visita nuestra p\u00e1gina web y que, independientemente de la configuraci\u00f3n de su programa de navegaci\u00f3n, se borran al cerrar el navegador. Estas cookies no acceden a ninguna informaci\u00f3n que tenga guardada en su disco duro ni perjudican su PC o sus archivos. La mayor\u00eda de navegadores est\u00e1 configurada de tal manera que aceptan las cookies autom\u00e1ticamente. Sin embargo, puede desactivar el almacenamiento de las cookies o configurar su navegador de tal manera que le advierta de las cookies.<\/li>\n<li>Cambios en estas disposiciones de protecci\u00f3n de datos<br \/>\nCada cierto tiempo actualizaremos estas disposiciones para la protecci\u00f3n de sus datos de car\u00e1cter personal. Deber\u00eda consultar estas disposiciones ocasionalmente para obtener informaci\u00f3n sobre c\u00f3mo protegemos sus datos y sobre c\u00f3mo mejoramos continuamente el contenido de nuestra p\u00e1gina web. Si realizamos cambios sustanciales en la recopilaci\u00f3n, el uso o la transferencia de los datos de car\u00e1cter personal que nos facilita, le avisaremos colocando una indicaci\u00f3n clara y bien visible en la p\u00e1gina web. Con el uso de la p\u00e1gina web declara su consentimiento a las condiciones de estas directrices relativas a la protecci\u00f3n de los datos de car\u00e1cter personal.<\/li>\n<li>En nuestra p\u00e1gina de Internet utilizamos el servicio de an\u00e1lisis web Matomo. Matomo es un software de c\u00f3digo abierto que hace una valoraci\u00f3n de los accesos de los visitantes de la p\u00e1gina web. Los archivos de texto, cookies, permiten realizar este an\u00e1lisis. Las cookies recopilan informaci\u00f3n relacionada con el uso que ha hecho de nuestra p\u00e1gina de Internet. Se almacenan en un servidor de Matomo en Alemania. Antes, su direcci\u00f3n IP se anonimiza. Tiene la posibilidad de evitar que las cookies de Matomo se almacenen en su ordenador. Para ello deber\u00e1 modificar la configuraci\u00f3n de su navegador de Internet. Esto puede implicar que no pueda hacer un uso completo de nuestra p\u00e1gina de Internet.<\/li>\n<\/ol>\n<p>Si tiene alguna pregunta relacionada con estas disposiciones de protecci\u00f3n de datos, p\u00f3ngase en contacto con nosotros a trav\u00e9s de la p\u00e1gina de contacto.<\/p>","protected":false},"excerpt":{"rendered":"<p>Declaraci\u00f3n de protecci\u00f3n de datos Para nosotros, la protecci\u00f3n y seguridad de los datos de car\u00e1cter personal son de m\u00e1xima prioridad. Por ello cumplimos estrictamente con las disposiciones de la Ley alemana en materia de protecci\u00f3n de datos (BDSG). A continuaci\u00f3n, le informamos sobre qu\u00e9 tipo de datos recopilamos y el objetivo con el que los recabamos: Transmisi\u00f3n de datos [&hellip;]<\/p>\n","protected":false},"author":1,"featured_media":0,"parent":0,"menu_order":11,"comment_status":"closed","ping_status":"closed","template":"","meta":[],"yoast_head":"<!-- This site is optimized with the Yoast SEO plugin v18.3 - https:\/\/yoast.com\/wordpress\/plugins\/seo\/ -->\n<title>Datenschutz | Hubert Haas<\/title>\n<meta name=\"robots\" content=\"index, follow, max-snippet:-1, max-image-preview:large, max-video-preview:-1\" \/>\n<link rel=\"canonical\" href=\"https:\/\/www.hubert-haas.de\/datenschutz\/\" \/>\n<meta property=\"og:locale\" content=\"es_ES\" \/>\n<meta property=\"og:type\" content=\"article\" \/>\n<meta property=\"og:title\" content=\"Datenschutz | Hubert Haas\" \/>\n<meta property=\"og:description\" content=\"Declaraci\u00f3n de protecci\u00f3n de datos Para nosotros, la protecci\u00f3n y seguridad de los datos de car\u00e1cter personal son de m\u00e1xima prioridad. Por ello cumplimos estrictamente con las disposiciones de la Ley alemana en materia de protecci\u00f3n de datos (BDSG). A continuaci\u00f3n, le informamos sobre qu\u00e9 tipo de datos recopilamos y el objetivo con el que los recabamos: Transmisi\u00f3n de datos [&hellip;]\" \/>\n<meta property=\"og:url\" content=\"https:\/\/www.hubert-haas.de\/datenschutz\/\" \/>\n<meta property=\"og:site_name\" content=\"Hubert Haas\" \/>\n<meta property=\"article:modified_time\" content=\"2018-05-18T14:29:47+00:00\" \/>\n<meta name=\"twitter:card\" content=\"summary_large_image\" \/>\n<meta name=\"twitter:label1\" content=\"Tiempo de lectura\" \/>\n\t<meta name=\"twitter:data1\" content=\"18 minutos\" \/>\n<script type=\"application\/ld+json\" class=\"yoast-schema-graph\">{\"@context\":\"https:\/\/schema.org\",\"@graph\":[{\"@type\":\"Organization\",\"@id\":\"https:\/\/www.hubert-haas.de\/#organization\",\"name\":\"Hubert Haas\",\"url\":\"https:\/\/www.hubert-haas.de\/\",\"sameAs\":[],\"logo\":{\"@type\":\"ImageObject\",\"@id\":\"https:\/\/www.hubert-haas.de\/#logo\",\"inLanguage\":\"es\",\"url\":\"https:\/\/www.hubert-haas.de\/wp-content\/uploads\/2017\/06\/hubert-haas-neuler.png\",\"contentUrl\":\"https:\/\/www.hubert-haas.de\/wp-content\/uploads\/2017\/06\/hubert-haas-neuler.png\",\"width\":236,\"height\":80,\"caption\":\"Hubert Haas\"},\"image\":{\"@id\":\"https:\/\/www.hubert-haas.de\/#logo\"}},{\"@type\":\"WebSite\",\"@id\":\"https:\/\/www.hubert-haas.de\/#website\",\"url\":\"https:\/\/www.hubert-haas.de\/\",\"name\":\"Hubert Haas\",\"description\":\"\",\"publisher\":{\"@id\":\"https:\/\/www.hubert-haas.de\/#organization\"},\"potentialAction\":[{\"@type\":\"SearchAction\",\"target\":{\"@type\":\"EntryPoint\",\"urlTemplate\":\"https:\/\/www.hubert-haas.de\/?s={search_term_string}\"},\"query-input\":\"required name=search_term_string\"}],\"inLanguage\":\"es\"},{\"@type\":\"WebPage\",\"@id\":\"https:\/\/www.hubert-haas.de\/datenschutz\/#webpage\",\"url\":\"https:\/\/www.hubert-haas.de\/datenschutz\/\",\"name\":\"Datenschutz | Hubert Haas\",\"isPartOf\":{\"@id\":\"https:\/\/www.hubert-haas.de\/#website\"},\"datePublished\":\"2018-05-08T15:00:14+00:00\",\"dateModified\":\"2018-05-18T14:29:47+00:00\",\"breadcrumb\":{\"@id\":\"https:\/\/www.hubert-haas.de\/datenschutz\/#breadcrumb\"},\"inLanguage\":\"es\",\"potentialAction\":[{\"@type\":\"ReadAction\",\"target\":[\"https:\/\/www.hubert-haas.de\/datenschutz\/\"]}]},{\"@type\":\"BreadcrumbList\",\"@id\":\"https:\/\/www.hubert-haas.de\/datenschutz\/#breadcrumb\",\"itemListElement\":[{\"@type\":\"ListItem\",\"position\":1,\"name\":\"Startseite\",\"item\":\"https:\/\/www.hubert-haas.de\/\"},{\"@type\":\"ListItem\",\"position\":2,\"name\":\"Datenschutz\"}]}]}<\/script>\n<!-- \/ Yoast SEO plugin. -->","yoast_head_json":{"title":"Datenschutz | Hubert Haas","robots":{"index":"index","follow":"follow","max-snippet":"max-snippet:-1","max-image-preview":"max-image-preview:large","max-video-preview":"max-video-preview:-1"},"canonical":"https:\/\/www.hubert-haas.de\/datenschutz\/","og_locale":"es_ES","og_type":"article","og_title":"Datenschutz | Hubert Haas","og_description":"Declaraci\u00f3n de protecci\u00f3n de datos Para nosotros, la protecci\u00f3n y seguridad de los datos de car\u00e1cter personal son de m\u00e1xima prioridad. Por ello cumplimos estrictamente con las disposiciones de la Ley alemana en materia de protecci\u00f3n de datos (BDSG). A continuaci\u00f3n, le informamos sobre qu\u00e9 tipo de datos recopilamos y el objetivo con el que los recabamos: Transmisi\u00f3n de datos [&hellip;]","og_url":"https:\/\/www.hubert-haas.de\/datenschutz\/","og_site_name":"Hubert Haas","article_modified_time":"2018-05-18T14:29:47+00:00","twitter_card":"summary_large_image","twitter_misc":{"Tiempo de lectura":"18 minutos"},"schema":{"@context":"https:\/\/schema.org","@graph":[{"@type":"Organization","@id":"https:\/\/www.hubert-haas.de\/#organization","name":"Hubert Haas","url":"https:\/\/www.hubert-haas.de\/","sameAs":[],"logo":{"@type":"ImageObject","@id":"https:\/\/www.hubert-haas.de\/#logo","inLanguage":"es","url":"https:\/\/www.hubert-haas.de\/wp-content\/uploads\/2017\/06\/hubert-haas-neuler.png","contentUrl":"https:\/\/www.hubert-haas.de\/wp-content\/uploads\/2017\/06\/hubert-haas-neuler.png","width":236,"height":80,"caption":"Hubert Haas"},"image":{"@id":"https:\/\/www.hubert-haas.de\/#logo"}},{"@type":"WebSite","@id":"https:\/\/www.hubert-haas.de\/#website","url":"https:\/\/www.hubert-haas.de\/","name":"Hubert Haas","description":"","publisher":{"@id":"https:\/\/www.hubert-haas.de\/#organization"},"potentialAction":[{"@type":"SearchAction","target":{"@type":"EntryPoint","urlTemplate":"https:\/\/www.hubert-haas.de\/?s={search_term_string}"},"query-input":"required name=search_term_string"}],"inLanguage":"es"},{"@type":"WebPage","@id":"https:\/\/www.hubert-haas.de\/datenschutz\/#webpage","url":"https:\/\/www.hubert-haas.de\/datenschutz\/","name":"Datenschutz | Hubert Haas","isPartOf":{"@id":"https:\/\/www.hubert-haas.de\/#website"},"datePublished":"2018-05-08T15:00:14+00:00","dateModified":"2018-05-18T14:29:47+00:00","breadcrumb":{"@id":"https:\/\/www.hubert-haas.de\/datenschutz\/#breadcrumb"},"inLanguage":"es","potentialAction":[{"@type":"ReadAction","target":["https:\/\/www.hubert-haas.de\/datenschutz\/"]}]},{"@type":"BreadcrumbList","@id":"https:\/\/www.hubert-haas.de\/datenschutz\/#breadcrumb","itemListElement":[{"@type":"ListItem","position":1,"name":"Startseite","item":"https:\/\/www.hubert-haas.de\/"},{"@type":"ListItem","position":2,"name":"Datenschutz"}]}]}},"_links":{"self":[{"href":"https:\/\/www.hubert-haas.de\/es\/wp-json\/wp\/v2\/pages\/1737"}],"collection":[{"href":"https:\/\/www.hubert-haas.de\/es\/wp-json\/wp\/v2\/pages"}],"about":[{"href":"https:\/\/www.hubert-haas.de\/es\/wp-json\/wp\/v2\/types\/page"}],"author":[{"embeddable":true,"href":"https:\/\/www.hubert-haas.de\/es\/wp-json\/wp\/v2\/users\/1"}],"replies":[{"embeddable":true,"href":"https:\/\/www.hubert-haas.de\/es\/wp-json\/wp\/v2\/comments?post=1737"}],"version-history":[{"count":3,"href":"https:\/\/www.hubert-haas.de\/es\/wp-json\/wp\/v2\/pages\/1737\/revisions"}],"predecessor-version":[{"id":1835,"href":"https:\/\/www.hubert-haas.de\/es\/wp-json\/wp\/v2\/pages\/1737\/revisions\/1835"}],"wp:attachment":[{"href":"https:\/\/www.hubert-haas.de\/es\/wp-json\/wp\/v2\/media?parent=1737"}],"curies":[{"name":"wp","href":"https:\/\/api.w.org\/{rel}","templated":true}]}}