{"id":1697,"date":"2018-04-11T11:45:15","date_gmt":"2018-04-11T09:45:15","guid":{"rendered":"http:\/\/www.hubert-haas.de\/?page_id=1697"},"modified":"2024-06-01T16:27:47","modified_gmt":"2024-06-01T14:27:47","slug":"betaeubungsgeraet-tbg-200-n-nottoetung","status":"publish","type":"page","link":"https:\/\/www.hubert-haas.de\/es\/produkte\/betaeubungsgeraete\/betaeubungsgeraet-tbg-200-n-nottoetung\/","title":{"rendered":"Aparato de aturdimiento TBG 200\/N Sacrificio de urgencia"},"content":{"rendered":"<p>[fullwidth_text alt_background=\u00bbnone\u00bb width=\u00bb1\/1&#8243; el_position=\u00bbfirst last\u00bb]\n<h3>El aparato de aturdimiento m\u00f3vil conforme a la ley de protecci\u00f3n de animales TBG 96\/N para casos de epidemias \/ sacrificio de urgencia<\/h3>\n<p><img loading=\"lazy\" class=\"wp-image-1220 alignright\" src=\"http:\/\/www.hubert-haas.de\/wp-content\/uploads\/2018\/01\/TBG-96N.jpg\" alt=\"\" width=\"345\" height=\"367\" srcset=\"https:\/\/www.hubert-haas.de\/wp-content\/uploads\/2018\/01\/TBG-96N.jpg 470w, https:\/\/www.hubert-haas.de\/wp-content\/uploads\/2018\/01\/TBG-96N-283x300.jpg 283w\" sizes=\"(max-width: 345px) 100vw, 345px\" \/><\/p>\n<p>El aparato de aturdimiento conforme a las normas de protecci\u00f3n de animales TBG 200\/N de la marca Hubert Haas se ha fabricado especialmente para el sacrificio de urgencia de cerdos y cochinillos de conformidad con la hoja de instrucciones n.\u00ba 84 \u00abSacrificio de grupos de animales grandes en caso de epidemia\u00bb de la asociaci\u00f3n veterinaria para la protecci\u00f3n animal (Tier\u00e4rztliche Vereinigung f\u00fcr Tierschutz e.V.).<\/p>\n<h3>Equipamiento TBG 200\/N<\/h3>\n<ul>\n<li>Indicador de voltios\/amperios<\/li>\n<li>Transformador especial 2,3 A<\/li>\n<li>Se\u00f1al ac\u00fastica y \u00f3ptica de tiempo de aturdimiento m\u00ednimo (10 segundos) alcanzado<\/li>\n<li>Conmutador selector con 3 programas para diferentes intensidades de corriente:\n<ul>\n<li>1 = 2,3 A \/ 1,3 A Control de la corriente<\/li>\n<li>2 = 2,0 A \/ 1,3 A Control de la corriente<\/li>\n<li>3 = 1,0 A \/ 150 V para cochinillos<\/li>\n<\/ul>\n<\/li>\n<li>Pinzas de aturdimiento de acero inoxidable con cable helicoidal, empu\u00f1aduras especiales y electrodos de cobre con p\u00faa intermedia para un contacto seguro<\/li>\n<li>R\u00e1pida subida de corriente en 1 segundo a m\u00e1x. 2,3 A<\/li>\n<li>Soporte mural en acero inoxidable para transformador y pinzas<\/li>\n<li>Frecuencia 50 Hz para contacto seguro<\/li>\n<\/ul>\n<p>&nbsp;<\/p>\n[\/fullwidth_text] [fullwidth_text alt_background=\u00bbnone\u00bb width=\u00bb1\/1&#8243; el_position=\u00bbfirst last\u00bb]\n<h2>Datos t\u00e9cnicos<\/h2>\n<table class=\"sf-table striped_bordered\"><tbody> <tr> <th>Medidas<\/th> <th><\/th> <\/tr> <tr> <td>Dimensiones<\/td> <td>400 x 225 x 300 mm<\/td> <\/tr> <tr> <td>Peso<\/td> <td>aprox. 21 kg con placa para fijaci\u00f3n mural<\/td> <\/tr> <tr> <td>Clase de protecci\u00f3n<\/td> <td>I <\/td> <\/tr> <tr> <td>Modo de protecci\u00f3n IP<\/td> <td>65<\/td> <\/tr> <tr> <td>Conexi\u00f3n a red<\/td> <td>230 V 50 HZ<\/td> <\/tr> <tr> <td>Capacidad de sacrificar<\/td> <td>aprox. 120 cerdos\/hora<\/td> <\/tr> <tr> <td>Intensidad de corriente<\/td> <td>2,0 A<\/td> <\/tr> <tr> <td>Tensi\u00f3n<\/td> <td>250 V &#8211; 300 V<\/td> <\/tr> <\/tbody><\/table>\n[\/fullwidth_text]<\/p>","protected":false},"excerpt":{"rendered":"<p>[fullwidth_text alt_background=\u00bbnone\u00bb width=\u00bb1\/1&#8243; el_position=\u00bbfirst last\u00bb] El aparato de aturdimiento m\u00f3vil conforme a la ley de protecci\u00f3n de animales TBG 96\/N para casos de epidemias \/ sacrificio de urgencia El aparato de aturdimiento conforme a las normas de protecci\u00f3n de animales TBG 200\/N de la marca Hubert Haas se ha fabricado especialmente para el sacrificio de urgencia de cerdos y cochinillos [&hellip;]<\/p>\n","protected":false},"author":1,"featured_media":0,"parent":237,"menu_order":23,"comment_status":"closed","ping_status":"closed","template":"","meta":[],"yoast_head":"<!-- This site is optimized with the Yoast SEO plugin v18.3 - https:\/\/yoast.com\/wordpress\/plugins\/seo\/ -->\n<title>Mobiles Tierschutzbet\u00e4ubungsger\u00e4t f\u00fcr den Seuchenfall \/ Nott\u00f6tung von Sauen, Schweinen und Ferkel<\/title>\n<meta name=\"robots\" content=\"index, follow, max-snippet:-1, max-image-preview:large, max-video-preview:-1\" \/>\n<link rel=\"canonical\" href=\"https:\/\/www.hubert-haas.de\/produkte\/betaeubungsgeraete\/betaeubungsgeraet-tbg-200-n-nottoetung\/\" \/>\n<meta property=\"og:locale\" content=\"es_ES\" \/>\n<meta property=\"og:type\" content=\"article\" \/>\n<meta property=\"og:title\" content=\"[:de]Mobiles Tierschutzbet\u00e4ubungsger\u00e4t f\u00fcr den Seuchenfall \/ Nott\u00f6tung von Sauen, Schweinen und Ferkel[:]\" \/>\n<meta property=\"og:description\" content=\"[fullwidth_text alt_background=\u00bbnone\u00bb width=\u00bb1\/1&#8243; el_position=\u00bbfirst last\u00bb] El aparato de aturdimiento m\u00f3vil conforme a la ley de protecci\u00f3n de animales TBG 96\/N para casos de epidemias \/ sacrificio de urgencia El aparato de aturdimiento conforme a las normas de protecci\u00f3n de animales TBG 200\/N de la marca Hubert Haas se ha fabricado especialmente para el sacrificio de urgencia de cerdos y cochinillos [&hellip;]\" \/>\n<meta property=\"og:url\" content=\"https:\/\/www.hubert-haas.de\/produkte\/betaeubungsgeraete\/betaeubungsgeraet-tbg-200-n-nottoetung\/\" \/>\n<meta property=\"og:site_name\" content=\"Hubert Haas\" \/>\n<meta property=\"article:modified_time\" content=\"2024-06-01T14:27:47+00:00\" \/>\n<meta property=\"og:image\" content=\"http:\/\/www.hubert-haas.de\/wp-content\/uploads\/2018\/01\/TBG-200.jpg\" \/>\n<meta name=\"twitter:card\" content=\"summary_large_image\" \/>\n<meta name=\"twitter:label1\" content=\"Tiempo de lectura\" \/>\n\t<meta name=\"twitter:data1\" content=\"2 minutos\" \/>\n<script type=\"application\/ld+json\" class=\"yoast-schema-graph\">{\"@context\":\"https:\/\/schema.org\",\"@graph\":[{\"@type\":\"Organization\",\"@id\":\"https:\/\/www.hubert-haas.de\/#organization\",\"name\":\"Hubert Haas\",\"url\":\"https:\/\/www.hubert-haas.de\/\",\"sameAs\":[],\"logo\":{\"@type\":\"ImageObject\",\"@id\":\"https:\/\/www.hubert-haas.de\/#logo\",\"inLanguage\":\"es\",\"url\":\"https:\/\/www.hubert-haas.de\/wp-content\/uploads\/2017\/06\/hubert-haas-neuler.png\",\"contentUrl\":\"https:\/\/www.hubert-haas.de\/wp-content\/uploads\/2017\/06\/hubert-haas-neuler.png\",\"width\":236,\"height\":80,\"caption\":\"Hubert Haas\"},\"image\":{\"@id\":\"https:\/\/www.hubert-haas.de\/#logo\"}},{\"@type\":\"WebSite\",\"@id\":\"https:\/\/www.hubert-haas.de\/#website\",\"url\":\"https:\/\/www.hubert-haas.de\/\",\"name\":\"Hubert Haas\",\"description\":\"\",\"publisher\":{\"@id\":\"https:\/\/www.hubert-haas.de\/#organization\"},\"potentialAction\":[{\"@type\":\"SearchAction\",\"target\":{\"@type\":\"EntryPoint\",\"urlTemplate\":\"https:\/\/www.hubert-haas.de\/?s={search_term_string}\"},\"query-input\":\"required name=search_term_string\"}],\"inLanguage\":\"es\"},{\"@type\":\"ImageObject\",\"@id\":\"https:\/\/www.hubert-haas.de\/produkte\/betaeubungsgeraete\/betaeubungsgeraet-tbg-200-n-nottoetung\/#primaryimage\",\"inLanguage\":\"es\",\"url\":\"http:\/\/www.hubert-haas.de\/wp-content\/uploads\/2018\/01\/TBG-200.jpg\",\"contentUrl\":\"http:\/\/www.hubert-haas.de\/wp-content\/uploads\/2018\/01\/TBG-200.jpg\"},{\"@type\":\"WebPage\",\"@id\":\"https:\/\/www.hubert-haas.de\/produkte\/betaeubungsgeraete\/betaeubungsgeraet-tbg-200-n-nottoetung\/#webpage\",\"url\":\"https:\/\/www.hubert-haas.de\/produkte\/betaeubungsgeraete\/betaeubungsgeraet-tbg-200-n-nottoetung\/\",\"name\":\"[:de]Mobiles Tierschutzbet\u00e4ubungsger\u00e4t f\u00fcr den Seuchenfall \/ Nott\u00f6tung von Sauen, Schweinen und Ferkel[:]\",\"isPartOf\":{\"@id\":\"https:\/\/www.hubert-haas.de\/#website\"},\"primaryImageOfPage\":{\"@id\":\"https:\/\/www.hubert-haas.de\/produkte\/betaeubungsgeraete\/betaeubungsgeraet-tbg-200-n-nottoetung\/#primaryimage\"},\"datePublished\":\"2018-04-11T09:45:15+00:00\",\"dateModified\":\"2024-06-01T14:27:47+00:00\",\"breadcrumb\":{\"@id\":\"https:\/\/www.hubert-haas.de\/produkte\/betaeubungsgeraete\/betaeubungsgeraet-tbg-200-n-nottoetung\/#breadcrumb\"},\"inLanguage\":\"es\",\"potentialAction\":[{\"@type\":\"ReadAction\",\"target\":[\"https:\/\/www.hubert-haas.de\/produkte\/betaeubungsgeraete\/betaeubungsgeraet-tbg-200-n-nottoetung\/\"]}]},{\"@type\":\"BreadcrumbList\",\"@id\":\"https:\/\/www.hubert-haas.de\/produkte\/betaeubungsgeraete\/betaeubungsgeraet-tbg-200-n-nottoetung\/#breadcrumb\",\"itemListElement\":[{\"@type\":\"ListItem\",\"position\":1,\"name\":\"Startseite\",\"item\":\"https:\/\/www.hubert-haas.de\/\"},{\"@type\":\"ListItem\",\"position\":2,\"name\":\"Products\",\"item\":\"https:\/\/www.hubert-haas.de\/en\/produkte\/\"},{\"@type\":\"ListItem\",\"position\":3,\"name\":\"Bet\u00e4ubungsger\u00e4te\",\"item\":\"https:\/\/www.hubert-haas.de\/produkte\/betaeubungsgeraete\/\"},{\"@type\":\"ListItem\",\"position\":4,\"name\":\"Bet\u00e4ubungsger\u00e4t TBG 200\/N Nott\u00f6tung\"}]}]}<\/script>\n<!-- \/ Yoast SEO plugin. -->","yoast_head_json":{"title":"Mobiles Tierschutzbet\u00e4ubungsger\u00e4t f\u00fcr den Seuchenfall \/ Nott\u00f6tung von Sauen, Schweinen und Ferkel","robots":{"index":"index","follow":"follow","max-snippet":"max-snippet:-1","max-image-preview":"max-image-preview:large","max-video-preview":"max-video-preview:-1"},"canonical":"https:\/\/www.hubert-haas.de\/produkte\/betaeubungsgeraete\/betaeubungsgeraet-tbg-200-n-nottoetung\/","og_locale":"es_ES","og_type":"article","og_title":"[:de]Mobiles Tierschutzbet\u00e4ubungsger\u00e4t f\u00fcr den Seuchenfall \/ Nott\u00f6tung von Sauen, Schweinen und Ferkel[:]","og_description":"[fullwidth_text alt_background=\u00bbnone\u00bb width=\u00bb1\/1&#8243; el_position=\u00bbfirst last\u00bb] El aparato de aturdimiento m\u00f3vil conforme a la ley de protecci\u00f3n de animales TBG 96\/N para casos de epidemias \/ sacrificio de urgencia El aparato de aturdimiento conforme a las normas de protecci\u00f3n de animales TBG 200\/N de la marca Hubert Haas se ha fabricado especialmente para el sacrificio de urgencia de cerdos y cochinillos [&hellip;]","og_url":"https:\/\/www.hubert-haas.de\/produkte\/betaeubungsgeraete\/betaeubungsgeraet-tbg-200-n-nottoetung\/","og_site_name":"Hubert Haas","article_modified_time":"2024-06-01T14:27:47+00:00","og_image":[{"url":"http:\/\/www.hubert-haas.de\/wp-content\/uploads\/2018\/01\/TBG-200.jpg"}],"twitter_card":"summary_large_image","twitter_misc":{"Tiempo de lectura":"2 minutos"},"schema":{"@context":"https:\/\/schema.org","@graph":[{"@type":"Organization","@id":"https:\/\/www.hubert-haas.de\/#organization","name":"Hubert Haas","url":"https:\/\/www.hubert-haas.de\/","sameAs":[],"logo":{"@type":"ImageObject","@id":"https:\/\/www.hubert-haas.de\/#logo","inLanguage":"es","url":"https:\/\/www.hubert-haas.de\/wp-content\/uploads\/2017\/06\/hubert-haas-neuler.png","contentUrl":"https:\/\/www.hubert-haas.de\/wp-content\/uploads\/2017\/06\/hubert-haas-neuler.png","width":236,"height":80,"caption":"Hubert Haas"},"image":{"@id":"https:\/\/www.hubert-haas.de\/#logo"}},{"@type":"WebSite","@id":"https:\/\/www.hubert-haas.de\/#website","url":"https:\/\/www.hubert-haas.de\/","name":"Hubert Haas","description":"","publisher":{"@id":"https:\/\/www.hubert-haas.de\/#organization"},"potentialAction":[{"@type":"SearchAction","target":{"@type":"EntryPoint","urlTemplate":"https:\/\/www.hubert-haas.de\/?s={search_term_string}"},"query-input":"required name=search_term_string"}],"inLanguage":"es"},{"@type":"ImageObject","@id":"https:\/\/www.hubert-haas.de\/produkte\/betaeubungsgeraete\/betaeubungsgeraet-tbg-200-n-nottoetung\/#primaryimage","inLanguage":"es","url":"http:\/\/www.hubert-haas.de\/wp-content\/uploads\/2018\/01\/TBG-200.jpg","contentUrl":"http:\/\/www.hubert-haas.de\/wp-content\/uploads\/2018\/01\/TBG-200.jpg"},{"@type":"WebPage","@id":"https:\/\/www.hubert-haas.de\/produkte\/betaeubungsgeraete\/betaeubungsgeraet-tbg-200-n-nottoetung\/#webpage","url":"https:\/\/www.hubert-haas.de\/produkte\/betaeubungsgeraete\/betaeubungsgeraet-tbg-200-n-nottoetung\/","name":"[:de]Mobiles Tierschutzbet\u00e4ubungsger\u00e4t f\u00fcr den Seuchenfall \/ Nott\u00f6tung von Sauen, Schweinen und Ferkel[:]","isPartOf":{"@id":"https:\/\/www.hubert-haas.de\/#website"},"primaryImageOfPage":{"@id":"https:\/\/www.hubert-haas.de\/produkte\/betaeubungsgeraete\/betaeubungsgeraet-tbg-200-n-nottoetung\/#primaryimage"},"datePublished":"2018-04-11T09:45:15+00:00","dateModified":"2024-06-01T14:27:47+00:00","breadcrumb":{"@id":"https:\/\/www.hubert-haas.de\/produkte\/betaeubungsgeraete\/betaeubungsgeraet-tbg-200-n-nottoetung\/#breadcrumb"},"inLanguage":"es","potentialAction":[{"@type":"ReadAction","target":["https:\/\/www.hubert-haas.de\/produkte\/betaeubungsgeraete\/betaeubungsgeraet-tbg-200-n-nottoetung\/"]}]},{"@type":"BreadcrumbList","@id":"https:\/\/www.hubert-haas.de\/produkte\/betaeubungsgeraete\/betaeubungsgeraet-tbg-200-n-nottoetung\/#breadcrumb","itemListElement":[{"@type":"ListItem","position":1,"name":"Startseite","item":"https:\/\/www.hubert-haas.de\/"},{"@type":"ListItem","position":2,"name":"Products","item":"https:\/\/www.hubert-haas.de\/en\/produkte\/"},{"@type":"ListItem","position":3,"name":"Bet\u00e4ubungsger\u00e4te","item":"https:\/\/www.hubert-haas.de\/produkte\/betaeubungsgeraete\/"},{"@type":"ListItem","position":4,"name":"Bet\u00e4ubungsger\u00e4t TBG 200\/N Nott\u00f6tung"}]}]}},"_links":{"self":[{"href":"https:\/\/www.hubert-haas.de\/es\/wp-json\/wp\/v2\/pages\/1697"}],"collection":[{"href":"https:\/\/www.hubert-haas.de\/es\/wp-json\/wp\/v2\/pages"}],"about":[{"href":"https:\/\/www.hubert-haas.de\/es\/wp-json\/wp\/v2\/types\/page"}],"author":[{"embeddable":true,"href":"https:\/\/www.hubert-haas.de\/es\/wp-json\/wp\/v2\/users\/1"}],"replies":[{"embeddable":true,"href":"https:\/\/www.hubert-haas.de\/es\/wp-json\/wp\/v2\/comments?post=1697"}],"version-history":[{"count":16,"href":"https:\/\/www.hubert-haas.de\/es\/wp-json\/wp\/v2\/pages\/1697\/revisions"}],"predecessor-version":[{"id":2162,"href":"https:\/\/www.hubert-haas.de\/es\/wp-json\/wp\/v2\/pages\/1697\/revisions\/2162"}],"up":[{"embeddable":true,"href":"https:\/\/www.hubert-haas.de\/es\/wp-json\/wp\/v2\/pages\/237"}],"wp:attachment":[{"href":"https:\/\/www.hubert-haas.de\/es\/wp-json\/wp\/v2\/media?parent=1697"}],"curies":[{"name":"wp","href":"https:\/\/api.w.org\/{rel}","templated":true}]}}