{"id":1361,"date":"2018-02-07T21:45:03","date_gmt":"2018-02-07T20:45:03","guid":{"rendered":"http:\/\/www.hubert-haas.de\/impressum\/"},"modified":"2018-04-18T09:49:29","modified_gmt":"2018-04-18T07:49:29","slug":"impressum","status":"publish","type":"page","link":"https:\/\/www.hubert-haas.de\/es\/impressum\/","title":{"rendered":"Impressum"},"content":{"rendered":"<p><strong>Responsable de este sitio web<\/strong><\/p>\n<p>Datos conforme al art. 5 de la ley alemana de medios de telecomunicaci\u00f3n (TMG):<br \/>\nHubert Haas &#8211; Fleischereimaschinen &#8211; e.K. \u00b7 Benzstra\u00dfe 8 \u00b7 73491 Neuler (Germany)<\/p>\n<p><strong>Representante:<\/strong><br \/>\nDietmar Haas<\/p>\n<p><strong>Contacto:<\/strong><br \/>\nTelefon: +49 (7961) 969097-0<br \/>\nTelefax: +49 (7961) 969097-20<br \/>\nE-Mail: info@hubert-haas.de<\/p>\n<p><strong>Inscripci\u00f3n en el registro:<\/strong><br \/>\nInscripci\u00f3n en el registro mercantil<br \/>\nTribunal de registro: tribunal de primera instancia de Ulm<br \/>\nN\u00famero de registro: HRA 723229<\/p>\n<p><strong>N\u00famero de identificaci\u00f3n a efectos del IVA:<\/strong><br \/>\nN\u00famero de identificaci\u00f3n a efectos del IVA en virtud del art. 27 a de la ley alemana sobre el IVA: DE 286032644<br \/>\nExenci\u00f3n de responsabilidad<\/p>\n<p><strong>Responsabilidad por los contenidos<\/strong><br \/>\nLos contenidos de nuestras p\u00e1ginas se han elaborado con m\u00e1ximo cuidado. No obstante, no podemos asumir ninguna responsabilidad por la exactitud, integridad y actualidad de los contenidos. Como proveedor de servicios, somos responsables de nuestros propios contenidos en estas p\u00e1ginas seg\u00fan la legislaci\u00f3n general en virtud del art. 7, apdo. 1 de la ley alemana de medios de telecomunicaci\u00f3n (TMG). No obstante, en virtud de los arts. 8 a 10 de la TMG, como proveedor de servicios, no estamos obligados a supervisar la informaci\u00f3n ajena transmitida o almacenada ni investigar las circunstancias que indiquen una actividad ilegal. Lo anterior no afecta a las obligaciones de eliminar o bloquear el uso de informaci\u00f3n conforme a la legislaci\u00f3n general. En este sentido, solo se asume una responsabilidad a partir del momento en que se tenga conocimiento de una infracci\u00f3n concreta de la ley. En cuanto tengamos conocimiento de una infracci\u00f3n as\u00ed, eliminaremos los contenidos correspondientes de inmediato.<\/p>\n<p><strong>Responsabilidad por enlaces<\/strong><br \/>\nNuestro sitio web contiene enlaces a sitios web externos propiedad de terceros cuyos contenidos no podemos controlar. Por tanto, tampoco asumimos ninguna responsabilidad por estos contenidos ajenos. La responsabilidad de los contenidos incluidos en los sitios web a los que dirigen los enlaces recae siempre en su correspondiente proveedor u operador. En el momento de crear el hiperv\u00ednculo, se comprob\u00f3 que dichos sitios web no contuviesen posibles infracciones. En ese momento, no se detect\u00f3 ning\u00fan contenido ilegal. No obstante, no se puede esperar un control permanente de los contenidos de los sitios web a los que dirigen los enlaces sin indicios concretos de que se haya producido una infracci\u00f3n. En cuanto tengamos conocimiento de que se ha producido una infracci\u00f3n, eliminaremos los enlaces correspondientes de inmediato.<\/p>\n<p><strong>Derechos de propiedad intelectual<\/strong><br \/>\nLos contenidos y obras de estas p\u00e1ginas creados por los operadores del sitio web est\u00e1n sometidos a la legislaci\u00f3n alemana de propiedad intelectual. No est\u00e1 permitida la reproducci\u00f3n, modificaci\u00f3n, divulgaci\u00f3n ni ning\u00fan tipo de utilizaci\u00f3n fuera de los l\u00edmites del derecho de propiedad intelectual sin la autorizaci\u00f3n por escrito del correspondiente autor o creador. Las descargas y copias de este sitio web est\u00e1n autorizadas solo para un uso privado y no comercial. Respecto a los contenidos de este sitio web no creados por el operador, se observar\u00e1n los derechos de propiedad intelectual de terceros. Los contenidos pertenecientes a terceros se se\u00f1alar\u00e1n de forma correspondiente. Si, no obstante, detecta una infracci\u00f3n de los derechos de autor, le rogamos que nos lo notifique. En cuanto tengamos conocimiento de que se ha producido una infracci\u00f3n, eliminaremos dichos contenidos de inmediato.<\/p>","protected":false},"excerpt":{"rendered":"<p>Responsable de este sitio web Datos conforme al art. 5 de la ley alemana de medios de telecomunicaci\u00f3n (TMG): Hubert Haas &#8211; Fleischereimaschinen &#8211; e.K. \u00b7 Benzstra\u00dfe 8 \u00b7 73491 Neuler (Germany) Representante: Dietmar Haas Contacto: Telefon: +49 (7961) 969097-0 Telefax: +49 (7961) 969097-20 E-Mail: info@hubert-haas.de Inscripci\u00f3n en el registro: Inscripci\u00f3n en el registro mercantil Tribunal de registro: tribunal de [&hellip;]<\/p>\n","protected":false},"author":1,"featured_media":0,"parent":0,"menu_order":10,"comment_status":"closed","ping_status":"closed","template":"","meta":[],"yoast_head":"<!-- This site is optimized with the Yoast SEO plugin v18.3 - https:\/\/yoast.com\/wordpress\/plugins\/seo\/ -->\n<title>Impressum | Hubert Haas<\/title>\n<meta name=\"robots\" content=\"index, follow, max-snippet:-1, max-image-preview:large, max-video-preview:-1\" \/>\n<link rel=\"canonical\" href=\"https:\/\/www.hubert-haas.de\/impressum\/\" \/>\n<meta property=\"og:locale\" content=\"es_ES\" \/>\n<meta property=\"og:type\" content=\"article\" \/>\n<meta property=\"og:title\" content=\"Impressum | Hubert Haas\" \/>\n<meta property=\"og:description\" content=\"Responsable de este sitio web Datos conforme al art. 5 de la ley alemana de medios de telecomunicaci\u00f3n (TMG): Hubert Haas &#8211; Fleischereimaschinen &#8211; e.K. \u00b7 Benzstra\u00dfe 8 \u00b7 73491 Neuler (Germany) Representante: Dietmar Haas Contacto: Telefon: +49 (7961) 969097-0 Telefax: +49 (7961) 969097-20 E-Mail: info@hubert-haas.de Inscripci\u00f3n en el registro: Inscripci\u00f3n en el registro mercantil Tribunal de registro: tribunal de [&hellip;]\" \/>\n<meta property=\"og:url\" content=\"https:\/\/www.hubert-haas.de\/impressum\/\" \/>\n<meta property=\"og:site_name\" content=\"Hubert Haas\" \/>\n<meta property=\"article:modified_time\" content=\"2018-04-18T07:49:29+00:00\" \/>\n<meta name=\"twitter:card\" content=\"summary_large_image\" \/>\n<meta name=\"twitter:label1\" content=\"Tiempo de lectura\" \/>\n\t<meta name=\"twitter:data1\" content=\"9 minutos\" \/>\n<script type=\"application\/ld+json\" class=\"yoast-schema-graph\">{\"@context\":\"https:\/\/schema.org\",\"@graph\":[{\"@type\":\"Organization\",\"@id\":\"https:\/\/www.hubert-haas.de\/#organization\",\"name\":\"Hubert Haas\",\"url\":\"https:\/\/www.hubert-haas.de\/\",\"sameAs\":[],\"logo\":{\"@type\":\"ImageObject\",\"@id\":\"https:\/\/www.hubert-haas.de\/#logo\",\"inLanguage\":\"es\",\"url\":\"https:\/\/www.hubert-haas.de\/wp-content\/uploads\/2017\/06\/hubert-haas-neuler.png\",\"contentUrl\":\"https:\/\/www.hubert-haas.de\/wp-content\/uploads\/2017\/06\/hubert-haas-neuler.png\",\"width\":236,\"height\":80,\"caption\":\"Hubert Haas\"},\"image\":{\"@id\":\"https:\/\/www.hubert-haas.de\/#logo\"}},{\"@type\":\"WebSite\",\"@id\":\"https:\/\/www.hubert-haas.de\/#website\",\"url\":\"https:\/\/www.hubert-haas.de\/\",\"name\":\"Hubert Haas\",\"description\":\"\",\"publisher\":{\"@id\":\"https:\/\/www.hubert-haas.de\/#organization\"},\"potentialAction\":[{\"@type\":\"SearchAction\",\"target\":{\"@type\":\"EntryPoint\",\"urlTemplate\":\"https:\/\/www.hubert-haas.de\/?s={search_term_string}\"},\"query-input\":\"required name=search_term_string\"}],\"inLanguage\":\"es\"},{\"@type\":\"WebPage\",\"@id\":\"https:\/\/www.hubert-haas.de\/impressum\/#webpage\",\"url\":\"https:\/\/www.hubert-haas.de\/impressum\/\",\"name\":\"Impressum | Hubert Haas\",\"isPartOf\":{\"@id\":\"https:\/\/www.hubert-haas.de\/#website\"},\"datePublished\":\"2018-02-07T20:45:03+00:00\",\"dateModified\":\"2018-04-18T07:49:29+00:00\",\"breadcrumb\":{\"@id\":\"https:\/\/www.hubert-haas.de\/impressum\/#breadcrumb\"},\"inLanguage\":\"es\",\"potentialAction\":[{\"@type\":\"ReadAction\",\"target\":[\"https:\/\/www.hubert-haas.de\/impressum\/\"]}]},{\"@type\":\"BreadcrumbList\",\"@id\":\"https:\/\/www.hubert-haas.de\/impressum\/#breadcrumb\",\"itemListElement\":[{\"@type\":\"ListItem\",\"position\":1,\"name\":\"Startseite\",\"item\":\"https:\/\/www.hubert-haas.de\/\"},{\"@type\":\"ListItem\",\"position\":2,\"name\":\"Impressum\"}]}]}<\/script>\n<!-- \/ Yoast SEO plugin. -->","yoast_head_json":{"title":"Impressum | Hubert Haas","robots":{"index":"index","follow":"follow","max-snippet":"max-snippet:-1","max-image-preview":"max-image-preview:large","max-video-preview":"max-video-preview:-1"},"canonical":"https:\/\/www.hubert-haas.de\/impressum\/","og_locale":"es_ES","og_type":"article","og_title":"Impressum | Hubert Haas","og_description":"Responsable de este sitio web Datos conforme al art. 5 de la ley alemana de medios de telecomunicaci\u00f3n (TMG): Hubert Haas &#8211; Fleischereimaschinen &#8211; e.K. \u00b7 Benzstra\u00dfe 8 \u00b7 73491 Neuler (Germany) Representante: Dietmar Haas Contacto: Telefon: +49 (7961) 969097-0 Telefax: +49 (7961) 969097-20 E-Mail: info@hubert-haas.de Inscripci\u00f3n en el registro: Inscripci\u00f3n en el registro mercantil Tribunal de registro: tribunal de [&hellip;]","og_url":"https:\/\/www.hubert-haas.de\/impressum\/","og_site_name":"Hubert Haas","article_modified_time":"2018-04-18T07:49:29+00:00","twitter_card":"summary_large_image","twitter_misc":{"Tiempo de lectura":"9 minutos"},"schema":{"@context":"https:\/\/schema.org","@graph":[{"@type":"Organization","@id":"https:\/\/www.hubert-haas.de\/#organization","name":"Hubert Haas","url":"https:\/\/www.hubert-haas.de\/","sameAs":[],"logo":{"@type":"ImageObject","@id":"https:\/\/www.hubert-haas.de\/#logo","inLanguage":"es","url":"https:\/\/www.hubert-haas.de\/wp-content\/uploads\/2017\/06\/hubert-haas-neuler.png","contentUrl":"https:\/\/www.hubert-haas.de\/wp-content\/uploads\/2017\/06\/hubert-haas-neuler.png","width":236,"height":80,"caption":"Hubert Haas"},"image":{"@id":"https:\/\/www.hubert-haas.de\/#logo"}},{"@type":"WebSite","@id":"https:\/\/www.hubert-haas.de\/#website","url":"https:\/\/www.hubert-haas.de\/","name":"Hubert Haas","description":"","publisher":{"@id":"https:\/\/www.hubert-haas.de\/#organization"},"potentialAction":[{"@type":"SearchAction","target":{"@type":"EntryPoint","urlTemplate":"https:\/\/www.hubert-haas.de\/?s={search_term_string}"},"query-input":"required name=search_term_string"}],"inLanguage":"es"},{"@type":"WebPage","@id":"https:\/\/www.hubert-haas.de\/impressum\/#webpage","url":"https:\/\/www.hubert-haas.de\/impressum\/","name":"Impressum | Hubert Haas","isPartOf":{"@id":"https:\/\/www.hubert-haas.de\/#website"},"datePublished":"2018-02-07T20:45:03+00:00","dateModified":"2018-04-18T07:49:29+00:00","breadcrumb":{"@id":"https:\/\/www.hubert-haas.de\/impressum\/#breadcrumb"},"inLanguage":"es","potentialAction":[{"@type":"ReadAction","target":["https:\/\/www.hubert-haas.de\/impressum\/"]}]},{"@type":"BreadcrumbList","@id":"https:\/\/www.hubert-haas.de\/impressum\/#breadcrumb","itemListElement":[{"@type":"ListItem","position":1,"name":"Startseite","item":"https:\/\/www.hubert-haas.de\/"},{"@type":"ListItem","position":2,"name":"Impressum"}]}]}},"_links":{"self":[{"href":"https:\/\/www.hubert-haas.de\/es\/wp-json\/wp\/v2\/pages\/1361"}],"collection":[{"href":"https:\/\/www.hubert-haas.de\/es\/wp-json\/wp\/v2\/pages"}],"about":[{"href":"https:\/\/www.hubert-haas.de\/es\/wp-json\/wp\/v2\/types\/page"}],"author":[{"embeddable":true,"href":"https:\/\/www.hubert-haas.de\/es\/wp-json\/wp\/v2\/users\/1"}],"replies":[{"embeddable":true,"href":"https:\/\/www.hubert-haas.de\/es\/wp-json\/wp\/v2\/comments?post=1361"}],"version-history":[{"count":6,"href":"https:\/\/www.hubert-haas.de\/es\/wp-json\/wp\/v2\/pages\/1361\/revisions"}],"predecessor-version":[{"id":1720,"href":"https:\/\/www.hubert-haas.de\/es\/wp-json\/wp\/v2\/pages\/1361\/revisions\/1720"}],"wp:attachment":[{"href":"https:\/\/www.hubert-haas.de\/es\/wp-json\/wp\/v2\/media?parent=1361"}],"curies":[{"name":"wp","href":"https:\/\/api.w.org\/{rel}","templated":true}]}}