{"id":1255,"date":"2018-01-30T13:41:23","date_gmt":"2018-01-30T12:41:23","guid":{"rendered":"http:\/\/www.hubert-haas.de\/?page_id=1255"},"modified":"2022-05-04T19:02:52","modified_gmt":"2022-05-04T17:02:52","slug":"dokumentationsgeraet","status":"publish","type":"page","link":"https:\/\/www.hubert-haas.de\/es\/produkte\/dokumentationsgeraet\/","title":{"rendered":"Aparato de documentaci\u00f3n DOKU 2019"},"content":{"rendered":"<p>[blank_spacer height=\u00bb30px\u00bb width=\u00bb1\/1&#8243; el_position=\u00bbfirst last\u00bb] [fullwidth_text alt_background=\u00bbnone\u00bb width=\u00bb1\/1&#8243; el_position=\u00bbfirst last\u00bb]\n<p><img loading=\"lazy\" class=\"alignright wp-image-1881 size-full\" src=\"https:\/\/www.hubert-haas.de\/wp-content\/uploads\/2019\/03\/DOKU-2019.jpg\" alt=\"\" width=\"332\" height=\"494\" srcset=\"https:\/\/www.hubert-haas.de\/wp-content\/uploads\/2019\/03\/DOKU-2019.jpg 332w, https:\/\/www.hubert-haas.de\/wp-content\/uploads\/2019\/03\/DOKU-2019-202x300.jpg 202w\" sizes=\"(max-width: 332px) 100vw, 332px\" \/>El aparato de documentaci\u00f3n de Haas est\u00e1 previsto para registrar los par\u00e1metros de aturdimiento de acuerdo a las disposiciones del Reglamento CE 1099\/2009 de 24 de septiembre de 2009 relativo a la protecci\u00f3n de los animales en el momento de la matanza, as\u00ed como al reglamento nacional de aplicaci\u00f3n de 01.01.2013.<\/p>\n<h3>Equipamiento DOKU<\/h3>\n<ul>\n<li>Aparato para el registro de datos para supervisar par\u00e1metros de aturdimiento importantes para la protecci\u00f3n animal; intensidad de corriente (A); tensi\u00f3n (V); frecuencia (Hz) y tiempo m\u00ednimo de aturdimiento (s)<\/li>\n<li>Indicador de cantidades<\/li>\n<li>Indicadores de tensi\u00f3n e intensidad de corriente (voltios\/amperios)<\/li>\n<li>Se\u00f1al \u00f3ptica o ac\u00fastica que indica si no se ha alcanzado el tiempo m\u00ednimo de aturdimiento<\/li>\n<li>Se\u00f1al \u00f3ptica y ac\u00fastica de intensidad de corriente m\u00ednima de 1,3\u00a0A (en cerdos) o 1,0 A (en carneros) si dentro del primer segundo no se ha alcanzado si es inferior durante el tiempo de aturdimiento<\/li>\n<li>Indicado para cerdos, carneros y cabras<\/li>\n<li>Compatible con todos los aparatos de aturdimiento de animales<\/li>\n<\/ul>\n<h3>Equipamiento<\/h3>\n<ul>\n<li>A elegir entre carcasa de material sint\u00e9tico o en acero inoxidable<\/li>\n<li>Soporte mural en acero inoxidable<\/li>\n<\/ul>\n<h3>Software para valoraci\u00f3n de datos<\/h3>\n<ul>\n<li>Los par\u00e1metros de aturdimiento se eval\u00faan mediante estad\u00edsticas diarias o mensuales con fecha, hora y los diferentes errores<\/li>\n<li>Representaci\u00f3n gr\u00e1fica o en escala de valores para cada animal<\/li>\n<\/ul>\n<h3>Descargar PDF<\/h3>\n<p><a href=\"https:\/\/www.hubert-haas.de\/wp-content\/uploads\/2017\/10\/2018_04_DOKU_ES.pdf\" target=\"_blank\" rel=\"noopener\">Aparato de documentaci\u00f3n DOKU<\/a><\/p>\n[\/fullwidth_text] [fullwidth_text alt_background=\u00bbnone\u00bb width=\u00bb1\/1&#8243; el_position=\u00bbfirst last\u00bb]\n<h2>Datos t\u00e9cnicos<\/h2>\n<table class=\"sf-table striped_bordered\"><tbody> <tr> <th>Medidas<\/th> <th><\/th> <\/tr> <tr> <td>Peso<\/td> <td>7 Kg<\/td> <\/tr> <tr> <td>Dimensiones<\/td> <td>250 x 350 x 170mm<\/td> <\/tr> <tr> <td>Tensi\u00f3n de entrada<\/td> <td>230 V<\/td> <\/tr> <tr> <td>Volumen de suministro<\/td> <td>Haas DOKU, Haas Doku-Software, Memoria USB<\/td> <\/tr> <\/tbody><\/table>\n[\/fullwidth_text]<\/p>","protected":false},"excerpt":{"rendered":"<p>[blank_spacer height=\u00bb30px\u00bb width=\u00bb1\/1&#8243; el_position=\u00bbfirst last\u00bb] [fullwidth_text alt_background=\u00bbnone\u00bb width=\u00bb1\/1&#8243; el_position=\u00bbfirst last\u00bb] El aparato de documentaci\u00f3n de Haas est\u00e1 previsto para registrar los par\u00e1metros de aturdimiento de acuerdo a las disposiciones del Reglamento CE 1099\/2009 de 24 de septiembre de 2009 relativo a la protecci\u00f3n de los animales en el momento de la matanza, as\u00ed como al reglamento nacional de aplicaci\u00f3n de [&hellip;]<\/p>\n","protected":false},"author":1,"featured_media":0,"parent":43,"menu_order":18,"comment_status":"closed","ping_status":"closed","template":"","meta":[],"yoast_head":"<!-- This site is optimized with the Yoast SEO plugin v18.3 - https:\/\/yoast.com\/wordpress\/plugins\/seo\/ -->\n<title>Dokumentationsger\u00e4t zur Aufzeichnung tierschutzrelevanter Bet\u00e4ubungsparameter<\/title>\n<meta name=\"robots\" content=\"index, follow, max-snippet:-1, max-image-preview:large, max-video-preview:-1\" \/>\n<link rel=\"canonical\" href=\"https:\/\/www.hubert-haas.de\/produkte\/dokumentationsgeraet\/\" \/>\n<meta property=\"og:locale\" content=\"es_ES\" \/>\n<meta property=\"og:type\" content=\"article\" \/>\n<meta property=\"og:title\" content=\"[:de]Dokumentationsger\u00e4t zur Aufzeichnung tierschutzrelevanter Bet\u00e4ubungsparameter[:]\" \/>\n<meta property=\"og:description\" content=\"[blank_spacer height=\u00bb30px\u00bb width=\u00bb1\/1&#8243; el_position=\u00bbfirst last\u00bb] [fullwidth_text alt_background=\u00bbnone\u00bb width=\u00bb1\/1&#8243; el_position=\u00bbfirst last\u00bb] El aparato de documentaci\u00f3n de Haas est\u00e1 previsto para registrar los par\u00e1metros de aturdimiento de acuerdo a las disposiciones del Reglamento CE 1099\/2009 de 24 de septiembre de 2009 relativo a la protecci\u00f3n de los animales en el momento de la matanza, as\u00ed como al reglamento nacional de aplicaci\u00f3n de [&hellip;]\" \/>\n<meta property=\"og:url\" content=\"https:\/\/www.hubert-haas.de\/produkte\/dokumentationsgeraet\/\" \/>\n<meta property=\"og:site_name\" content=\"Hubert Haas\" \/>\n<meta property=\"article:modified_time\" content=\"2022-05-04T17:02:52+00:00\" \/>\n<meta property=\"og:image\" content=\"https:\/\/www.hubert-haas.de\/wp-content\/uploads\/2019\/03\/DOKU-2019.jpg\" \/>\n<meta name=\"twitter:card\" content=\"summary_large_image\" \/>\n<meta name=\"twitter:label1\" content=\"Tiempo de lectura\" \/>\n\t<meta name=\"twitter:data1\" content=\"2 minutos\" \/>\n<script type=\"application\/ld+json\" class=\"yoast-schema-graph\">{\"@context\":\"https:\/\/schema.org\",\"@graph\":[{\"@type\":\"Organization\",\"@id\":\"https:\/\/www.hubert-haas.de\/#organization\",\"name\":\"Hubert Haas\",\"url\":\"https:\/\/www.hubert-haas.de\/\",\"sameAs\":[],\"logo\":{\"@type\":\"ImageObject\",\"@id\":\"https:\/\/www.hubert-haas.de\/#logo\",\"inLanguage\":\"es\",\"url\":\"https:\/\/www.hubert-haas.de\/wp-content\/uploads\/2017\/06\/hubert-haas-neuler.png\",\"contentUrl\":\"https:\/\/www.hubert-haas.de\/wp-content\/uploads\/2017\/06\/hubert-haas-neuler.png\",\"width\":236,\"height\":80,\"caption\":\"Hubert Haas\"},\"image\":{\"@id\":\"https:\/\/www.hubert-haas.de\/#logo\"}},{\"@type\":\"WebSite\",\"@id\":\"https:\/\/www.hubert-haas.de\/#website\",\"url\":\"https:\/\/www.hubert-haas.de\/\",\"name\":\"Hubert Haas\",\"description\":\"\",\"publisher\":{\"@id\":\"https:\/\/www.hubert-haas.de\/#organization\"},\"potentialAction\":[{\"@type\":\"SearchAction\",\"target\":{\"@type\":\"EntryPoint\",\"urlTemplate\":\"https:\/\/www.hubert-haas.de\/?s={search_term_string}\"},\"query-input\":\"required name=search_term_string\"}],\"inLanguage\":\"es\"},{\"@type\":\"ImageObject\",\"@id\":\"https:\/\/www.hubert-haas.de\/produkte\/dokumentationsgeraet\/#primaryimage\",\"inLanguage\":\"es\",\"url\":\"https:\/\/www.hubert-haas.de\/wp-content\/uploads\/2019\/03\/DOKU-2019.jpg\",\"contentUrl\":\"https:\/\/www.hubert-haas.de\/wp-content\/uploads\/2019\/03\/DOKU-2019.jpg\",\"width\":332,\"height\":494},{\"@type\":\"WebPage\",\"@id\":\"https:\/\/www.hubert-haas.de\/produkte\/dokumentationsgeraet\/#webpage\",\"url\":\"https:\/\/www.hubert-haas.de\/produkte\/dokumentationsgeraet\/\",\"name\":\"[:de]Dokumentationsger\u00e4t zur Aufzeichnung tierschutzrelevanter Bet\u00e4ubungsparameter[:]\",\"isPartOf\":{\"@id\":\"https:\/\/www.hubert-haas.de\/#website\"},\"primaryImageOfPage\":{\"@id\":\"https:\/\/www.hubert-haas.de\/produkte\/dokumentationsgeraet\/#primaryimage\"},\"datePublished\":\"2018-01-30T12:41:23+00:00\",\"dateModified\":\"2022-05-04T17:02:52+00:00\",\"breadcrumb\":{\"@id\":\"https:\/\/www.hubert-haas.de\/produkte\/dokumentationsgeraet\/#breadcrumb\"},\"inLanguage\":\"es\",\"potentialAction\":[{\"@type\":\"ReadAction\",\"target\":[\"https:\/\/www.hubert-haas.de\/produkte\/dokumentationsgeraet\/\"]}]},{\"@type\":\"BreadcrumbList\",\"@id\":\"https:\/\/www.hubert-haas.de\/produkte\/dokumentationsgeraet\/#breadcrumb\",\"itemListElement\":[{\"@type\":\"ListItem\",\"position\":1,\"name\":\"Startseite\",\"item\":\"https:\/\/www.hubert-haas.de\/\"},{\"@type\":\"ListItem\",\"position\":2,\"name\":\"Products\",\"item\":\"https:\/\/www.hubert-haas.de\/en\/produkte\/\"},{\"@type\":\"ListItem\",\"position\":3,\"name\":\"Dokumentationsger\u00e4t DOKU 2019\"}]}]}<\/script>\n<!-- \/ Yoast SEO plugin. -->","yoast_head_json":{"title":"Dokumentationsger\u00e4t zur Aufzeichnung tierschutzrelevanter Bet\u00e4ubungsparameter","robots":{"index":"index","follow":"follow","max-snippet":"max-snippet:-1","max-image-preview":"max-image-preview:large","max-video-preview":"max-video-preview:-1"},"canonical":"https:\/\/www.hubert-haas.de\/produkte\/dokumentationsgeraet\/","og_locale":"es_ES","og_type":"article","og_title":"[:de]Dokumentationsger\u00e4t zur Aufzeichnung tierschutzrelevanter Bet\u00e4ubungsparameter[:]","og_description":"[blank_spacer height=\u00bb30px\u00bb width=\u00bb1\/1&#8243; el_position=\u00bbfirst last\u00bb] [fullwidth_text alt_background=\u00bbnone\u00bb width=\u00bb1\/1&#8243; el_position=\u00bbfirst last\u00bb] El aparato de documentaci\u00f3n de Haas est\u00e1 previsto para registrar los par\u00e1metros de aturdimiento de acuerdo a las disposiciones del Reglamento CE 1099\/2009 de 24 de septiembre de 2009 relativo a la protecci\u00f3n de los animales en el momento de la matanza, as\u00ed como al reglamento nacional de aplicaci\u00f3n de [&hellip;]","og_url":"https:\/\/www.hubert-haas.de\/produkte\/dokumentationsgeraet\/","og_site_name":"Hubert Haas","article_modified_time":"2022-05-04T17:02:52+00:00","og_image":[{"url":"https:\/\/www.hubert-haas.de\/wp-content\/uploads\/2019\/03\/DOKU-2019.jpg"}],"twitter_card":"summary_large_image","twitter_misc":{"Tiempo de lectura":"2 minutos"},"schema":{"@context":"https:\/\/schema.org","@graph":[{"@type":"Organization","@id":"https:\/\/www.hubert-haas.de\/#organization","name":"Hubert Haas","url":"https:\/\/www.hubert-haas.de\/","sameAs":[],"logo":{"@type":"ImageObject","@id":"https:\/\/www.hubert-haas.de\/#logo","inLanguage":"es","url":"https:\/\/www.hubert-haas.de\/wp-content\/uploads\/2017\/06\/hubert-haas-neuler.png","contentUrl":"https:\/\/www.hubert-haas.de\/wp-content\/uploads\/2017\/06\/hubert-haas-neuler.png","width":236,"height":80,"caption":"Hubert Haas"},"image":{"@id":"https:\/\/www.hubert-haas.de\/#logo"}},{"@type":"WebSite","@id":"https:\/\/www.hubert-haas.de\/#website","url":"https:\/\/www.hubert-haas.de\/","name":"Hubert Haas","description":"","publisher":{"@id":"https:\/\/www.hubert-haas.de\/#organization"},"potentialAction":[{"@type":"SearchAction","target":{"@type":"EntryPoint","urlTemplate":"https:\/\/www.hubert-haas.de\/?s={search_term_string}"},"query-input":"required name=search_term_string"}],"inLanguage":"es"},{"@type":"ImageObject","@id":"https:\/\/www.hubert-haas.de\/produkte\/dokumentationsgeraet\/#primaryimage","inLanguage":"es","url":"https:\/\/www.hubert-haas.de\/wp-content\/uploads\/2019\/03\/DOKU-2019.jpg","contentUrl":"https:\/\/www.hubert-haas.de\/wp-content\/uploads\/2019\/03\/DOKU-2019.jpg","width":332,"height":494},{"@type":"WebPage","@id":"https:\/\/www.hubert-haas.de\/produkte\/dokumentationsgeraet\/#webpage","url":"https:\/\/www.hubert-haas.de\/produkte\/dokumentationsgeraet\/","name":"[:de]Dokumentationsger\u00e4t zur Aufzeichnung tierschutzrelevanter Bet\u00e4ubungsparameter[:]","isPartOf":{"@id":"https:\/\/www.hubert-haas.de\/#website"},"primaryImageOfPage":{"@id":"https:\/\/www.hubert-haas.de\/produkte\/dokumentationsgeraet\/#primaryimage"},"datePublished":"2018-01-30T12:41:23+00:00","dateModified":"2022-05-04T17:02:52+00:00","breadcrumb":{"@id":"https:\/\/www.hubert-haas.de\/produkte\/dokumentationsgeraet\/#breadcrumb"},"inLanguage":"es","potentialAction":[{"@type":"ReadAction","target":["https:\/\/www.hubert-haas.de\/produkte\/dokumentationsgeraet\/"]}]},{"@type":"BreadcrumbList","@id":"https:\/\/www.hubert-haas.de\/produkte\/dokumentationsgeraet\/#breadcrumb","itemListElement":[{"@type":"ListItem","position":1,"name":"Startseite","item":"https:\/\/www.hubert-haas.de\/"},{"@type":"ListItem","position":2,"name":"Products","item":"https:\/\/www.hubert-haas.de\/en\/produkte\/"},{"@type":"ListItem","position":3,"name":"Dokumentationsger\u00e4t DOKU 2019"}]}]}},"_links":{"self":[{"href":"https:\/\/www.hubert-haas.de\/es\/wp-json\/wp\/v2\/pages\/1255"}],"collection":[{"href":"https:\/\/www.hubert-haas.de\/es\/wp-json\/wp\/v2\/pages"}],"about":[{"href":"https:\/\/www.hubert-haas.de\/es\/wp-json\/wp\/v2\/types\/page"}],"author":[{"embeddable":true,"href":"https:\/\/www.hubert-haas.de\/es\/wp-json\/wp\/v2\/users\/1"}],"replies":[{"embeddable":true,"href":"https:\/\/www.hubert-haas.de\/es\/wp-json\/wp\/v2\/comments?post=1255"}],"version-history":[{"count":27,"href":"https:\/\/www.hubert-haas.de\/es\/wp-json\/wp\/v2\/pages\/1255\/revisions"}],"predecessor-version":[{"id":2132,"href":"https:\/\/www.hubert-haas.de\/es\/wp-json\/wp\/v2\/pages\/1255\/revisions\/2132"}],"up":[{"embeddable":true,"href":"https:\/\/www.hubert-haas.de\/es\/wp-json\/wp\/v2\/pages\/43"}],"wp:attachment":[{"href":"https:\/\/www.hubert-haas.de\/es\/wp-json\/wp\/v2\/media?parent=1255"}],"curies":[{"name":"wp","href":"https:\/\/api.w.org\/{rel}","templated":true}]}}