{"id":1192,"date":"2018-01-30T11:33:51","date_gmt":"2018-01-30T10:33:51","guid":{"rendered":"http:\/\/www.hubert-haas.de\/?page_id=1192"},"modified":"2024-06-01T16:03:42","modified_gmt":"2024-06-01T14:03:42","slug":"betaeubungsgeraet-tbg-100","status":"publish","type":"page","link":"https:\/\/www.hubert-haas.de\/es\/produkte\/betaeubungsgeraete\/betaeubungsgeraet-tbg-100\/","title":{"rendered":"Aparato de aturdimiento TBG 100"},"content":{"rendered":"<p>[blank_spacer height=\u00bb30px\u00bb width=\u00bb1\/1&#8243; el_position=\u00bbfirst last\u00bb] [fullwidth_text alt_background=\u00bbnone\u00bb width=\u00bb1\/1&#8243; el_position=\u00bbfirst last\u00bb]\n<p><img loading=\"lazy\" class=\"wp-image-1251 alignright\" src=\"http:\/\/www.hubert-haas.de\/wp-content\/uploads\/2018\/01\/TBG-100.jpg\" alt=\"\" width=\"372\" height=\"395\" srcset=\"https:\/\/www.hubert-haas.de\/wp-content\/uploads\/2018\/01\/TBG-100.jpg 470w, https:\/\/www.hubert-haas.de\/wp-content\/uploads\/2018\/01\/TBG-100-283x300.jpg 283w\" sizes=\"(max-width: 372px) 100vw, 372px\" \/>Alternativa a la TBG 200 cuando no se requiere documentaci\u00f3n o valoraciones.<\/p>\n<h3>Aturdimiento conforme a la protecci\u00f3n de animales<\/h3>\n<ul>\n<li>R\u00e1pida subida de corriente en 1 segundo a 2,0 A<\/li>\n<li>Se\u00f1al \u00f3ptica o ac\u00fastica que indica si no se ha alcanzado el tiempo m\u00ednimo de aturdimiento<\/li>\n<li>Se\u00f1al \u00f3ptica o ac\u00fastica que indica que se ha alcanzado el tiempo m\u00ednimo de aturdimiento<\/li>\n<li>Se\u00f1al \u00f3ptica y ac\u00fastica de intensidad de corriente m\u00ednima de 1,3\u00a0A (en cerdos) o 1,0 A (en carneros) si dentro del primer segundo no se ha alcanzado o si es inferior durante el tiempo de aturdimiento.<\/li>\n<li>Indicadores de tensi\u00f3n e intensidad de corriente (voltios\/amperios)<\/li>\n<li>Permite el aturdimiento de coraz\u00f3n y cerebro<\/li>\n<li>3 programas de aturdimiento seg\u00fan la especie de animal, el tama\u00f1o y modo de operaci\u00f3n<\/li>\n<\/ul>\n<h3>Equipamiento<\/h3>\n<ul>\n<li>A elegir entre carcasa de material sint\u00e9tico o en acero inoxidable<\/li>\n<li>Alta frecuencia electr\u00f3nica con par\u00e1metros de aturdimiento optimizados para una excelente calidad c\u00e1rnica<\/li>\n<li>Potente transformador de 2,0 A<\/li>\n<li>Soporte mural en acero inoxidable para transformador y pinzas<\/li>\n<li>Pinzas de aturdimiento de acero inoxidable con cable helicoidal, empu\u00f1aduras especiales y electrodos de cobre con p\u00faa intermedia para un contacto seguro<\/li>\n<\/ul>\n<h3>Download\/Video<\/h3>\n<p><a href=\"https:\/\/www.hubert-haas.de\/wp-content\/uploads\/2017\/10\/2018_04_Bet\u00e4ubungsger\u00e4te_ES-1.pdf\" target=\"_blank\" rel=\"noopener\">PDF Aparato de aturdimiento<\/a><br \/>\n<a href=\"https:\/\/www.youtube.com\/watch?v=x-g8gKu3nSs\" target=\"_blank\" rel=\"noopener\">Youtube Video<\/a><\/p>\n[\/fullwidth_text]<\/p>","protected":false},"excerpt":{"rendered":"<p>[blank_spacer height=\u00bb30px\u00bb width=\u00bb1\/1&#8243; el_position=\u00bbfirst last\u00bb] [fullwidth_text alt_background=\u00bbnone\u00bb width=\u00bb1\/1&#8243; el_position=\u00bbfirst last\u00bb] Alternativa a la TBG 200 cuando no se requiere documentaci\u00f3n o valoraciones. Aturdimiento conforme a la protecci\u00f3n de animales R\u00e1pida subida de corriente en 1 segundo a 2,0 A Se\u00f1al \u00f3ptica o ac\u00fastica que indica si no se ha alcanzado el tiempo m\u00ednimo de aturdimiento Se\u00f1al \u00f3ptica o ac\u00fastica que [&hellip;]<\/p>\n","protected":false},"author":1,"featured_media":0,"parent":237,"menu_order":26,"comment_status":"closed","ping_status":"closed","template":"","meta":[],"yoast_head":"<!-- This site is optimized with the Yoast SEO plugin v18.3 - https:\/\/yoast.com\/wordpress\/plugins\/seo\/ -->\n<title>Tierschutzbet\u00e4ubungsger\u00e4t nach Tierschutzschlachtverordnung ohne Dokumentation<\/title>\n<meta name=\"robots\" content=\"index, follow, max-snippet:-1, max-image-preview:large, max-video-preview:-1\" \/>\n<link rel=\"canonical\" href=\"https:\/\/www.hubert-haas.de\/produkte\/betaeubungsgeraete\/betaeubungsgeraet-tbg-100\/\" \/>\n<meta property=\"og:locale\" content=\"es_ES\" \/>\n<meta property=\"og:type\" content=\"article\" \/>\n<meta property=\"og:title\" content=\"[:de]Tierschutzbet\u00e4ubungsger\u00e4t nach Tierschutzschlachtverordnung ohne Dokumentation[:]\" \/>\n<meta property=\"og:description\" content=\"[blank_spacer height=\u00bb30px\u00bb width=\u00bb1\/1&#8243; el_position=\u00bbfirst last\u00bb] [fullwidth_text alt_background=\u00bbnone\u00bb width=\u00bb1\/1&#8243; el_position=\u00bbfirst last\u00bb] Alternativa a la TBG 200 cuando no se requiere documentaci\u00f3n o valoraciones. Aturdimiento conforme a la protecci\u00f3n de animales R\u00e1pida subida de corriente en 1 segundo a 2,0 A Se\u00f1al \u00f3ptica o ac\u00fastica que indica si no se ha alcanzado el tiempo m\u00ednimo de aturdimiento Se\u00f1al \u00f3ptica o ac\u00fastica que [&hellip;]\" \/>\n<meta property=\"og:url\" content=\"https:\/\/www.hubert-haas.de\/produkte\/betaeubungsgeraete\/betaeubungsgeraet-tbg-100\/\" \/>\n<meta property=\"og:site_name\" content=\"Hubert Haas\" \/>\n<meta property=\"article:modified_time\" content=\"2024-06-01T14:03:42+00:00\" \/>\n<meta property=\"og:image\" content=\"http:\/\/www.hubert-haas.de\/wp-content\/uploads\/2018\/01\/TBG-100.jpg\" \/>\n<meta name=\"twitter:card\" content=\"summary_large_image\" \/>\n<meta name=\"twitter:label1\" content=\"Tiempo de lectura\" \/>\n\t<meta name=\"twitter:data1\" content=\"2 minutos\" \/>\n<script type=\"application\/ld+json\" class=\"yoast-schema-graph\">{\"@context\":\"https:\/\/schema.org\",\"@graph\":[{\"@type\":\"Organization\",\"@id\":\"https:\/\/www.hubert-haas.de\/#organization\",\"name\":\"Hubert Haas\",\"url\":\"https:\/\/www.hubert-haas.de\/\",\"sameAs\":[],\"logo\":{\"@type\":\"ImageObject\",\"@id\":\"https:\/\/www.hubert-haas.de\/#logo\",\"inLanguage\":\"es\",\"url\":\"https:\/\/www.hubert-haas.de\/wp-content\/uploads\/2017\/06\/hubert-haas-neuler.png\",\"contentUrl\":\"https:\/\/www.hubert-haas.de\/wp-content\/uploads\/2017\/06\/hubert-haas-neuler.png\",\"width\":236,\"height\":80,\"caption\":\"Hubert Haas\"},\"image\":{\"@id\":\"https:\/\/www.hubert-haas.de\/#logo\"}},{\"@type\":\"WebSite\",\"@id\":\"https:\/\/www.hubert-haas.de\/#website\",\"url\":\"https:\/\/www.hubert-haas.de\/\",\"name\":\"Hubert Haas\",\"description\":\"\",\"publisher\":{\"@id\":\"https:\/\/www.hubert-haas.de\/#organization\"},\"potentialAction\":[{\"@type\":\"SearchAction\",\"target\":{\"@type\":\"EntryPoint\",\"urlTemplate\":\"https:\/\/www.hubert-haas.de\/?s={search_term_string}\"},\"query-input\":\"required name=search_term_string\"}],\"inLanguage\":\"es\"},{\"@type\":\"ImageObject\",\"@id\":\"https:\/\/www.hubert-haas.de\/produkte\/betaeubungsgeraete\/betaeubungsgeraet-tbg-100\/#primaryimage\",\"inLanguage\":\"es\",\"url\":\"http:\/\/www.hubert-haas.de\/wp-content\/uploads\/2018\/01\/TBG-100.jpg\",\"contentUrl\":\"http:\/\/www.hubert-haas.de\/wp-content\/uploads\/2018\/01\/TBG-100.jpg\"},{\"@type\":\"WebPage\",\"@id\":\"https:\/\/www.hubert-haas.de\/produkte\/betaeubungsgeraete\/betaeubungsgeraet-tbg-100\/#webpage\",\"url\":\"https:\/\/www.hubert-haas.de\/produkte\/betaeubungsgeraete\/betaeubungsgeraet-tbg-100\/\",\"name\":\"[:de]Tierschutzbet\u00e4ubungsger\u00e4t nach Tierschutzschlachtverordnung ohne Dokumentation[:]\",\"isPartOf\":{\"@id\":\"https:\/\/www.hubert-haas.de\/#website\"},\"primaryImageOfPage\":{\"@id\":\"https:\/\/www.hubert-haas.de\/produkte\/betaeubungsgeraete\/betaeubungsgeraet-tbg-100\/#primaryimage\"},\"datePublished\":\"2018-01-30T10:33:51+00:00\",\"dateModified\":\"2024-06-01T14:03:42+00:00\",\"breadcrumb\":{\"@id\":\"https:\/\/www.hubert-haas.de\/produkte\/betaeubungsgeraete\/betaeubungsgeraet-tbg-100\/#breadcrumb\"},\"inLanguage\":\"es\",\"potentialAction\":[{\"@type\":\"ReadAction\",\"target\":[\"https:\/\/www.hubert-haas.de\/produkte\/betaeubungsgeraete\/betaeubungsgeraet-tbg-100\/\"]}]},{\"@type\":\"BreadcrumbList\",\"@id\":\"https:\/\/www.hubert-haas.de\/produkte\/betaeubungsgeraete\/betaeubungsgeraet-tbg-100\/#breadcrumb\",\"itemListElement\":[{\"@type\":\"ListItem\",\"position\":1,\"name\":\"Startseite\",\"item\":\"https:\/\/www.hubert-haas.de\/\"},{\"@type\":\"ListItem\",\"position\":2,\"name\":\"Products\",\"item\":\"https:\/\/www.hubert-haas.de\/en\/produkte\/\"},{\"@type\":\"ListItem\",\"position\":3,\"name\":\"Bet\u00e4ubungsger\u00e4te\",\"item\":\"https:\/\/www.hubert-haas.de\/produkte\/betaeubungsgeraete\/\"},{\"@type\":\"ListItem\",\"position\":4,\"name\":\"Bet\u00e4ubungsger\u00e4t TBG 100\"}]}]}<\/script>\n<!-- \/ Yoast SEO plugin. -->","yoast_head_json":{"title":"Tierschutzbet\u00e4ubungsger\u00e4t nach Tierschutzschlachtverordnung ohne Dokumentation","robots":{"index":"index","follow":"follow","max-snippet":"max-snippet:-1","max-image-preview":"max-image-preview:large","max-video-preview":"max-video-preview:-1"},"canonical":"https:\/\/www.hubert-haas.de\/produkte\/betaeubungsgeraete\/betaeubungsgeraet-tbg-100\/","og_locale":"es_ES","og_type":"article","og_title":"[:de]Tierschutzbet\u00e4ubungsger\u00e4t nach Tierschutzschlachtverordnung ohne Dokumentation[:]","og_description":"[blank_spacer height=\u00bb30px\u00bb width=\u00bb1\/1&#8243; el_position=\u00bbfirst last\u00bb] [fullwidth_text alt_background=\u00bbnone\u00bb width=\u00bb1\/1&#8243; el_position=\u00bbfirst last\u00bb] Alternativa a la TBG 200 cuando no se requiere documentaci\u00f3n o valoraciones. Aturdimiento conforme a la protecci\u00f3n de animales R\u00e1pida subida de corriente en 1 segundo a 2,0 A Se\u00f1al \u00f3ptica o ac\u00fastica que indica si no se ha alcanzado el tiempo m\u00ednimo de aturdimiento Se\u00f1al \u00f3ptica o ac\u00fastica que [&hellip;]","og_url":"https:\/\/www.hubert-haas.de\/produkte\/betaeubungsgeraete\/betaeubungsgeraet-tbg-100\/","og_site_name":"Hubert Haas","article_modified_time":"2024-06-01T14:03:42+00:00","og_image":[{"url":"http:\/\/www.hubert-haas.de\/wp-content\/uploads\/2018\/01\/TBG-100.jpg"}],"twitter_card":"summary_large_image","twitter_misc":{"Tiempo de lectura":"2 minutos"},"schema":{"@context":"https:\/\/schema.org","@graph":[{"@type":"Organization","@id":"https:\/\/www.hubert-haas.de\/#organization","name":"Hubert Haas","url":"https:\/\/www.hubert-haas.de\/","sameAs":[],"logo":{"@type":"ImageObject","@id":"https:\/\/www.hubert-haas.de\/#logo","inLanguage":"es","url":"https:\/\/www.hubert-haas.de\/wp-content\/uploads\/2017\/06\/hubert-haas-neuler.png","contentUrl":"https:\/\/www.hubert-haas.de\/wp-content\/uploads\/2017\/06\/hubert-haas-neuler.png","width":236,"height":80,"caption":"Hubert Haas"},"image":{"@id":"https:\/\/www.hubert-haas.de\/#logo"}},{"@type":"WebSite","@id":"https:\/\/www.hubert-haas.de\/#website","url":"https:\/\/www.hubert-haas.de\/","name":"Hubert Haas","description":"","publisher":{"@id":"https:\/\/www.hubert-haas.de\/#organization"},"potentialAction":[{"@type":"SearchAction","target":{"@type":"EntryPoint","urlTemplate":"https:\/\/www.hubert-haas.de\/?s={search_term_string}"},"query-input":"required name=search_term_string"}],"inLanguage":"es"},{"@type":"ImageObject","@id":"https:\/\/www.hubert-haas.de\/produkte\/betaeubungsgeraete\/betaeubungsgeraet-tbg-100\/#primaryimage","inLanguage":"es","url":"http:\/\/www.hubert-haas.de\/wp-content\/uploads\/2018\/01\/TBG-100.jpg","contentUrl":"http:\/\/www.hubert-haas.de\/wp-content\/uploads\/2018\/01\/TBG-100.jpg"},{"@type":"WebPage","@id":"https:\/\/www.hubert-haas.de\/produkte\/betaeubungsgeraete\/betaeubungsgeraet-tbg-100\/#webpage","url":"https:\/\/www.hubert-haas.de\/produkte\/betaeubungsgeraete\/betaeubungsgeraet-tbg-100\/","name":"[:de]Tierschutzbet\u00e4ubungsger\u00e4t nach Tierschutzschlachtverordnung ohne Dokumentation[:]","isPartOf":{"@id":"https:\/\/www.hubert-haas.de\/#website"},"primaryImageOfPage":{"@id":"https:\/\/www.hubert-haas.de\/produkte\/betaeubungsgeraete\/betaeubungsgeraet-tbg-100\/#primaryimage"},"datePublished":"2018-01-30T10:33:51+00:00","dateModified":"2024-06-01T14:03:42+00:00","breadcrumb":{"@id":"https:\/\/www.hubert-haas.de\/produkte\/betaeubungsgeraete\/betaeubungsgeraet-tbg-100\/#breadcrumb"},"inLanguage":"es","potentialAction":[{"@type":"ReadAction","target":["https:\/\/www.hubert-haas.de\/produkte\/betaeubungsgeraete\/betaeubungsgeraet-tbg-100\/"]}]},{"@type":"BreadcrumbList","@id":"https:\/\/www.hubert-haas.de\/produkte\/betaeubungsgeraete\/betaeubungsgeraet-tbg-100\/#breadcrumb","itemListElement":[{"@type":"ListItem","position":1,"name":"Startseite","item":"https:\/\/www.hubert-haas.de\/"},{"@type":"ListItem","position":2,"name":"Products","item":"https:\/\/www.hubert-haas.de\/en\/produkte\/"},{"@type":"ListItem","position":3,"name":"Bet\u00e4ubungsger\u00e4te","item":"https:\/\/www.hubert-haas.de\/produkte\/betaeubungsgeraete\/"},{"@type":"ListItem","position":4,"name":"Bet\u00e4ubungsger\u00e4t TBG 100"}]}]}},"_links":{"self":[{"href":"https:\/\/www.hubert-haas.de\/es\/wp-json\/wp\/v2\/pages\/1192"}],"collection":[{"href":"https:\/\/www.hubert-haas.de\/es\/wp-json\/wp\/v2\/pages"}],"about":[{"href":"https:\/\/www.hubert-haas.de\/es\/wp-json\/wp\/v2\/types\/page"}],"author":[{"embeddable":true,"href":"https:\/\/www.hubert-haas.de\/es\/wp-json\/wp\/v2\/users\/1"}],"replies":[{"embeddable":true,"href":"https:\/\/www.hubert-haas.de\/es\/wp-json\/wp\/v2\/comments?post=1192"}],"version-history":[{"count":25,"href":"https:\/\/www.hubert-haas.de\/es\/wp-json\/wp\/v2\/pages\/1192\/revisions"}],"predecessor-version":[{"id":2156,"href":"https:\/\/www.hubert-haas.de\/es\/wp-json\/wp\/v2\/pages\/1192\/revisions\/2156"}],"up":[{"embeddable":true,"href":"https:\/\/www.hubert-haas.de\/es\/wp-json\/wp\/v2\/pages\/237"}],"wp:attachment":[{"href":"https:\/\/www.hubert-haas.de\/es\/wp-json\/wp\/v2\/media?parent=1192"}],"curies":[{"name":"wp","href":"https:\/\/api.w.org\/{rel}","templated":true}]}}