{"id":1697,"date":"2018-04-11T11:45:15","date_gmt":"2018-04-11T09:45:15","guid":{"rendered":"http:\/\/www.hubert-haas.de\/?page_id=1697"},"modified":"2024-06-01T16:27:47","modified_gmt":"2024-06-01T14:27:47","slug":"betaeubungsgeraet-tbg-200-n-nottoetung","status":"publish","type":"page","link":"https:\/\/www.hubert-haas.de\/en\/produkte\/betaeubungsgeraete\/betaeubungsgeraet-tbg-200-n-nottoetung\/","title":{"rendered":"Stunning device TBG 200\/N emergency killing"},"content":{"rendered":"<p>[fullwidth_text alt_background=&#8221;none&#8221; width=&#8221;1\/1&#8243; el_position=&#8221;first last&#8221;]\n<h3>TBG 200\/N, the mobile animal stunning device for epidemic akilling<\/h3>\n<p><img loading=\"lazy\" class=\"wp-image-1220 alignright\" src=\"http:\/\/www.hubert-haas.de\/wp-content\/uploads\/2018\/01\/TBG-96N.jpg\" alt=\"\" width=\"345\" height=\"367\" srcset=\"https:\/\/www.hubert-haas.de\/wp-content\/uploads\/2018\/01\/TBG-96N.jpg 470w, https:\/\/www.hubert-haas.de\/wp-content\/uploads\/2018\/01\/TBG-96N-283x300.jpg 283w\" sizes=\"(max-width: 345px) 100vw, 345px\" \/><\/p>\n<p>The TBG 200\/N animal stunning device by Hubert Haas was developed specifically for the emergency killing of sows, pigs and piglets and was designed in accordance with leaflet No. 84 &#8220;Killing larger groups of animals in the event of an epidemic outbreak&#8221; by the Veterinary Association for Animal Welfare (tier\u00e4rztliche Vereinigung f\u00fcr Tierschutz e.V.).<\/p>\n<h3>TBG 200\/N equipment<\/h3>\n<ul>\n<li>Integrated displays with voltage, current and frequency (V\/A\/Hz)<\/li>\n<li>Visual and audible signal for minimum stunning time not reached<\/li>\n<li>Visual and audible signal for minimum current 1.3 A (for pigs) or\u00a01.0A (for sheep) not reached within the 1st second and\/or not\u00a0maintained throughout stunning time<\/li>\n<li>Visual and audible signal of minimum stunning time reached<\/li>\n<li>Special transformer 2.3 A<\/li>\n<li>Selector switch with 3 programmes for different currents:<br \/>\n1 = 2.3 A \/ 1.3 A current monitoring<br \/>\n2 = 2.0 A \/ 1.3 A current monitoring<br \/>\n3 = 1.0 A \/ 150 V for piglets<\/li>\n<li>Stainless steel stunning tongs with coiled cable, special handles\u00a0and copper electrodes with centre spike for secure contact<\/li>\n<li>Stainless steel wall mount for transformer and tongs<\/li>\n<li>Rapid current increase in the 1st second to 2.3 A max<\/li>\n<li>Stainless steel wall mount for transformer and tongs<\/li>\n<li>Integrated data recorder for monitoring parameters relevant to\u00a0animal welfare: current strength (A), voltage (V), frequency (Hz) and minimum\u00a0 stunning time (sec.)<\/li>\n<li>The stunning parameters are analysed in the form of daily or\u00a0monthly statistics showing date, time and various faults<\/li>\n<li>Individual animal data displayed as a graph, scale or table leaf<\/li>\n<li>USB stick for data logging\/transfer<\/li>\n<\/ul>\n<h3>Download<\/h3>\n<p><a href=\"https:\/\/www.hubert-haas.de\/wp-content\/uploads\/2017\/10\/Stunning-Devices-complete-2019.pdf\" target=\"_blank\" rel=\"noopener\">PDF\u00a0for stunning devices<\/a><\/p>\n[\/fullwidth_text] [fullwidth_text alt_background=&#8221;none&#8221; width=&#8221;1\/1&#8243; el_position=&#8221;first last&#8221;]\n<h2>Technical specifications<\/h2>\n<table class=\"sf-table striped_bordered\"><tbody> <tr> <th>Dimensions<\/th> <th><\/th> <\/tr> <tr> <td>Dimensions<\/td> <td>400 x 225 x 300 mm<\/td> <\/tr> <tr> <td>Weight<\/td> <td>approx. 21 KG with wall mounting plate<\/td> <\/tr> <tr> <td>Protection class<\/td> <td>I <\/td> <\/tr> <tr> <td>IP protection class<\/td> <td>65<\/td> <\/tr> <tr> <td>Mains connection<\/td> <td>230 V 50 HZ<\/td> <\/tr> <tr> <td>Slaughtering capacity<\/td> <td>approx. 120 pigs\/hour<\/td> <\/tr> <tr> <td>Current strength<\/td> <td>2,3 A<\/td> <\/tr> <tr> <td>Voltage<\/td> <td>250 V &#8211; 380 V<\/td> <\/tr> <\/tbody><\/table>\n[\/fullwidth_text]<\/p>","protected":false},"excerpt":{"rendered":"<p>[fullwidth_text alt_background=&#8221;none&#8221; width=&#8221;1\/1&#8243; el_position=&#8221;first last&#8221;] TBG 200\/N, the mobile animal stunning device for epidemic akilling The TBG 200\/N animal stunning device by Hubert Haas was developed specifically for the emergency killing of sows, pigs and piglets and was designed in accordance with leaflet No. 84 &#8220;Killing larger groups of animals in the event of an epidemic outbreak&#8221; by the Veterinary [&hellip;]<\/p>\n","protected":false},"author":1,"featured_media":0,"parent":237,"menu_order":23,"comment_status":"closed","ping_status":"closed","template":"","meta":[],"yoast_head":"<!-- This site is optimized with the Yoast SEO plugin v18.3 - https:\/\/yoast.com\/wordpress\/plugins\/seo\/ -->\n<title>Mobiles Tierschutzbet\u00e4ubungsger\u00e4t f\u00fcr den Seuchenfall \/ Nott\u00f6tung von Sauen, Schweinen und Ferkel<\/title>\n<meta name=\"robots\" content=\"index, follow, max-snippet:-1, max-image-preview:large, max-video-preview:-1\" \/>\n<link rel=\"canonical\" href=\"https:\/\/www.hubert-haas.de\/produkte\/betaeubungsgeraete\/betaeubungsgeraet-tbg-200-n-nottoetung\/\" \/>\n<meta property=\"og:locale\" content=\"en_US\" \/>\n<meta property=\"og:type\" content=\"article\" \/>\n<meta property=\"og:title\" content=\"[:de]Mobiles Tierschutzbet\u00e4ubungsger\u00e4t f\u00fcr den Seuchenfall \/ Nott\u00f6tung von Sauen, Schweinen und Ferkel[:]\" \/>\n<meta property=\"og:description\" content=\"[fullwidth_text alt_background=&#8221;none&#8221; width=&#8221;1\/1&#8243; el_position=&#8221;first last&#8221;] TBG 200\/N, the mobile animal stunning device for epidemic akilling The TBG 200\/N animal stunning device by Hubert Haas was developed specifically for the emergency killing of sows, pigs and piglets and was designed in accordance with leaflet No. 84 &#8220;Killing larger groups of animals in the event of an epidemic outbreak&#8221; by the Veterinary [&hellip;]\" \/>\n<meta property=\"og:url\" content=\"https:\/\/www.hubert-haas.de\/produkte\/betaeubungsgeraete\/betaeubungsgeraet-tbg-200-n-nottoetung\/\" \/>\n<meta property=\"og:site_name\" content=\"Hubert Haas\" \/>\n<meta property=\"article:modified_time\" content=\"2024-06-01T14:27:47+00:00\" \/>\n<meta property=\"og:image\" content=\"http:\/\/www.hubert-haas.de\/wp-content\/uploads\/2018\/01\/TBG-200.jpg\" \/>\n<meta name=\"twitter:card\" content=\"summary_large_image\" \/>\n<meta name=\"twitter:label1\" content=\"Est. reading time\" \/>\n\t<meta name=\"twitter:data1\" content=\"2 minutes\" \/>\n<script type=\"application\/ld+json\" class=\"yoast-schema-graph\">{\"@context\":\"https:\/\/schema.org\",\"@graph\":[{\"@type\":\"Organization\",\"@id\":\"https:\/\/www.hubert-haas.de\/#organization\",\"name\":\"Hubert Haas\",\"url\":\"https:\/\/www.hubert-haas.de\/\",\"sameAs\":[],\"logo\":{\"@type\":\"ImageObject\",\"@id\":\"https:\/\/www.hubert-haas.de\/#logo\",\"inLanguage\":\"en-US\",\"url\":\"https:\/\/www.hubert-haas.de\/wp-content\/uploads\/2017\/06\/hubert-haas-neuler.png\",\"contentUrl\":\"https:\/\/www.hubert-haas.de\/wp-content\/uploads\/2017\/06\/hubert-haas-neuler.png\",\"width\":236,\"height\":80,\"caption\":\"Hubert Haas\"},\"image\":{\"@id\":\"https:\/\/www.hubert-haas.de\/#logo\"}},{\"@type\":\"WebSite\",\"@id\":\"https:\/\/www.hubert-haas.de\/#website\",\"url\":\"https:\/\/www.hubert-haas.de\/\",\"name\":\"Hubert Haas\",\"description\":\"\",\"publisher\":{\"@id\":\"https:\/\/www.hubert-haas.de\/#organization\"},\"potentialAction\":[{\"@type\":\"SearchAction\",\"target\":{\"@type\":\"EntryPoint\",\"urlTemplate\":\"https:\/\/www.hubert-haas.de\/?s={search_term_string}\"},\"query-input\":\"required name=search_term_string\"}],\"inLanguage\":\"en-US\"},{\"@type\":\"ImageObject\",\"@id\":\"https:\/\/www.hubert-haas.de\/produkte\/betaeubungsgeraete\/betaeubungsgeraet-tbg-200-n-nottoetung\/#primaryimage\",\"inLanguage\":\"en-US\",\"url\":\"http:\/\/www.hubert-haas.de\/wp-content\/uploads\/2018\/01\/TBG-200.jpg\",\"contentUrl\":\"http:\/\/www.hubert-haas.de\/wp-content\/uploads\/2018\/01\/TBG-200.jpg\"},{\"@type\":\"WebPage\",\"@id\":\"https:\/\/www.hubert-haas.de\/produkte\/betaeubungsgeraete\/betaeubungsgeraet-tbg-200-n-nottoetung\/#webpage\",\"url\":\"https:\/\/www.hubert-haas.de\/produkte\/betaeubungsgeraete\/betaeubungsgeraet-tbg-200-n-nottoetung\/\",\"name\":\"[:de]Mobiles Tierschutzbet\u00e4ubungsger\u00e4t f\u00fcr den Seuchenfall \/ Nott\u00f6tung von Sauen, Schweinen und Ferkel[:]\",\"isPartOf\":{\"@id\":\"https:\/\/www.hubert-haas.de\/#website\"},\"primaryImageOfPage\":{\"@id\":\"https:\/\/www.hubert-haas.de\/produkte\/betaeubungsgeraete\/betaeubungsgeraet-tbg-200-n-nottoetung\/#primaryimage\"},\"datePublished\":\"2018-04-11T09:45:15+00:00\",\"dateModified\":\"2024-06-01T14:27:47+00:00\",\"breadcrumb\":{\"@id\":\"https:\/\/www.hubert-haas.de\/produkte\/betaeubungsgeraete\/betaeubungsgeraet-tbg-200-n-nottoetung\/#breadcrumb\"},\"inLanguage\":\"en-US\",\"potentialAction\":[{\"@type\":\"ReadAction\",\"target\":[\"https:\/\/www.hubert-haas.de\/produkte\/betaeubungsgeraete\/betaeubungsgeraet-tbg-200-n-nottoetung\/\"]}]},{\"@type\":\"BreadcrumbList\",\"@id\":\"https:\/\/www.hubert-haas.de\/produkte\/betaeubungsgeraete\/betaeubungsgeraet-tbg-200-n-nottoetung\/#breadcrumb\",\"itemListElement\":[{\"@type\":\"ListItem\",\"position\":1,\"name\":\"Startseite\",\"item\":\"https:\/\/www.hubert-haas.de\/\"},{\"@type\":\"ListItem\",\"position\":2,\"name\":\"Products\",\"item\":\"https:\/\/www.hubert-haas.de\/en\/produkte\/\"},{\"@type\":\"ListItem\",\"position\":3,\"name\":\"Bet\u00e4ubungsger\u00e4te\",\"item\":\"https:\/\/www.hubert-haas.de\/produkte\/betaeubungsgeraete\/\"},{\"@type\":\"ListItem\",\"position\":4,\"name\":\"Bet\u00e4ubungsger\u00e4t TBG 200\/N Nott\u00f6tung\"}]}]}<\/script>\n<!-- \/ Yoast SEO plugin. -->","yoast_head_json":{"title":"Mobiles Tierschutzbet\u00e4ubungsger\u00e4t f\u00fcr den Seuchenfall \/ Nott\u00f6tung von Sauen, Schweinen und Ferkel","robots":{"index":"index","follow":"follow","max-snippet":"max-snippet:-1","max-image-preview":"max-image-preview:large","max-video-preview":"max-video-preview:-1"},"canonical":"https:\/\/www.hubert-haas.de\/produkte\/betaeubungsgeraete\/betaeubungsgeraet-tbg-200-n-nottoetung\/","og_locale":"en_US","og_type":"article","og_title":"[:de]Mobiles Tierschutzbet\u00e4ubungsger\u00e4t f\u00fcr den Seuchenfall \/ Nott\u00f6tung von Sauen, Schweinen und Ferkel[:]","og_description":"[fullwidth_text alt_background=&#8221;none&#8221; width=&#8221;1\/1&#8243; el_position=&#8221;first last&#8221;] TBG 200\/N, the mobile animal stunning device for epidemic akilling The TBG 200\/N animal stunning device by Hubert Haas was developed specifically for the emergency killing of sows, pigs and piglets and was designed in accordance with leaflet No. 84 &#8220;Killing larger groups of animals in the event of an epidemic outbreak&#8221; by the Veterinary [&hellip;]","og_url":"https:\/\/www.hubert-haas.de\/produkte\/betaeubungsgeraete\/betaeubungsgeraet-tbg-200-n-nottoetung\/","og_site_name":"Hubert Haas","article_modified_time":"2024-06-01T14:27:47+00:00","og_image":[{"url":"http:\/\/www.hubert-haas.de\/wp-content\/uploads\/2018\/01\/TBG-200.jpg"}],"twitter_card":"summary_large_image","twitter_misc":{"Est. reading time":"2 minutes"},"schema":{"@context":"https:\/\/schema.org","@graph":[{"@type":"Organization","@id":"https:\/\/www.hubert-haas.de\/#organization","name":"Hubert Haas","url":"https:\/\/www.hubert-haas.de\/","sameAs":[],"logo":{"@type":"ImageObject","@id":"https:\/\/www.hubert-haas.de\/#logo","inLanguage":"en-US","url":"https:\/\/www.hubert-haas.de\/wp-content\/uploads\/2017\/06\/hubert-haas-neuler.png","contentUrl":"https:\/\/www.hubert-haas.de\/wp-content\/uploads\/2017\/06\/hubert-haas-neuler.png","width":236,"height":80,"caption":"Hubert Haas"},"image":{"@id":"https:\/\/www.hubert-haas.de\/#logo"}},{"@type":"WebSite","@id":"https:\/\/www.hubert-haas.de\/#website","url":"https:\/\/www.hubert-haas.de\/","name":"Hubert Haas","description":"","publisher":{"@id":"https:\/\/www.hubert-haas.de\/#organization"},"potentialAction":[{"@type":"SearchAction","target":{"@type":"EntryPoint","urlTemplate":"https:\/\/www.hubert-haas.de\/?s={search_term_string}"},"query-input":"required name=search_term_string"}],"inLanguage":"en-US"},{"@type":"ImageObject","@id":"https:\/\/www.hubert-haas.de\/produkte\/betaeubungsgeraete\/betaeubungsgeraet-tbg-200-n-nottoetung\/#primaryimage","inLanguage":"en-US","url":"http:\/\/www.hubert-haas.de\/wp-content\/uploads\/2018\/01\/TBG-200.jpg","contentUrl":"http:\/\/www.hubert-haas.de\/wp-content\/uploads\/2018\/01\/TBG-200.jpg"},{"@type":"WebPage","@id":"https:\/\/www.hubert-haas.de\/produkte\/betaeubungsgeraete\/betaeubungsgeraet-tbg-200-n-nottoetung\/#webpage","url":"https:\/\/www.hubert-haas.de\/produkte\/betaeubungsgeraete\/betaeubungsgeraet-tbg-200-n-nottoetung\/","name":"[:de]Mobiles Tierschutzbet\u00e4ubungsger\u00e4t f\u00fcr den Seuchenfall \/ Nott\u00f6tung von Sauen, Schweinen und Ferkel[:]","isPartOf":{"@id":"https:\/\/www.hubert-haas.de\/#website"},"primaryImageOfPage":{"@id":"https:\/\/www.hubert-haas.de\/produkte\/betaeubungsgeraete\/betaeubungsgeraet-tbg-200-n-nottoetung\/#primaryimage"},"datePublished":"2018-04-11T09:45:15+00:00","dateModified":"2024-06-01T14:27:47+00:00","breadcrumb":{"@id":"https:\/\/www.hubert-haas.de\/produkte\/betaeubungsgeraete\/betaeubungsgeraet-tbg-200-n-nottoetung\/#breadcrumb"},"inLanguage":"en-US","potentialAction":[{"@type":"ReadAction","target":["https:\/\/www.hubert-haas.de\/produkte\/betaeubungsgeraete\/betaeubungsgeraet-tbg-200-n-nottoetung\/"]}]},{"@type":"BreadcrumbList","@id":"https:\/\/www.hubert-haas.de\/produkte\/betaeubungsgeraete\/betaeubungsgeraet-tbg-200-n-nottoetung\/#breadcrumb","itemListElement":[{"@type":"ListItem","position":1,"name":"Startseite","item":"https:\/\/www.hubert-haas.de\/"},{"@type":"ListItem","position":2,"name":"Products","item":"https:\/\/www.hubert-haas.de\/en\/produkte\/"},{"@type":"ListItem","position":3,"name":"Bet\u00e4ubungsger\u00e4te","item":"https:\/\/www.hubert-haas.de\/produkte\/betaeubungsgeraete\/"},{"@type":"ListItem","position":4,"name":"Bet\u00e4ubungsger\u00e4t TBG 200\/N Nott\u00f6tung"}]}]}},"_links":{"self":[{"href":"https:\/\/www.hubert-haas.de\/en\/wp-json\/wp\/v2\/pages\/1697"}],"collection":[{"href":"https:\/\/www.hubert-haas.de\/en\/wp-json\/wp\/v2\/pages"}],"about":[{"href":"https:\/\/www.hubert-haas.de\/en\/wp-json\/wp\/v2\/types\/page"}],"author":[{"embeddable":true,"href":"https:\/\/www.hubert-haas.de\/en\/wp-json\/wp\/v2\/users\/1"}],"replies":[{"embeddable":true,"href":"https:\/\/www.hubert-haas.de\/en\/wp-json\/wp\/v2\/comments?post=1697"}],"version-history":[{"count":16,"href":"https:\/\/www.hubert-haas.de\/en\/wp-json\/wp\/v2\/pages\/1697\/revisions"}],"predecessor-version":[{"id":2162,"href":"https:\/\/www.hubert-haas.de\/en\/wp-json\/wp\/v2\/pages\/1697\/revisions\/2162"}],"up":[{"embeddable":true,"href":"https:\/\/www.hubert-haas.de\/en\/wp-json\/wp\/v2\/pages\/237"}],"wp:attachment":[{"href":"https:\/\/www.hubert-haas.de\/en\/wp-json\/wp\/v2\/media?parent=1697"}],"curies":[{"name":"wp","href":"https:\/\/api.w.org\/{rel}","templated":true}]}}